{"id":82,"date":"2022-02-23T11:53:05","date_gmt":"2022-02-23T16:53:05","guid":{"rendered":"http:\/\/pppc.vsmdev.ca\/?page_id=82"},"modified":"2024-06-14T17:22:03","modified_gmt":"2024-06-14T21:22:03","slug":"quebec-chapter","status":"publish","type":"page","link":"https:\/\/pppc.vsmdev.ca\/fr\/chapters\/quebec-chapter\/","title":{"rendered":"Qu\u00e9bec"},"content":{"rendered":"<h2 class=\"wp-block-heading\">Profitez d\u2019extraordinaires possibilit\u00e9s dans votre carri\u00e8re en vous joignant au chapitre du Qu\u00e9bec des PPPC.<\/h2>\n\n\n\n<p>Faites partie d'une communaut\u00e9 de professionnels aux vues similaires en rejoignant le chapitre du Qu\u00e9bec des Professionnels en produits promotionnels du Canada. Les membres travaillent de concert pour promouvoir et faire progresser collectivement leurs int\u00e9r\u00eats \u00e9conomiques et sociaux. \u00c9tablissez des relations avec des professionnels de l'industrie et d'autres membres des PPPC en prenant part \u00e0 l\u2019une des nombreuses activit\u00e9s de r\u00e9seautage organis\u00e9es par le chapitre du Qu\u00e9bec.&nbsp;<\/p>\n\n\n\n<p><strong>Joignez-vous \u00e0 l'industrie que vous aimez avec une \u00e9quipe qui vous soutient.<\/strong><\/p>\n\n\n\n<hr class=\"wp-block-separator has-css-opacity\"\/>\n\n\n\n<h2 class=\"wp-block-heading\">Membres du conseil<\/h2>\n\n\n\n<div class=\"wp-block-columns is-layout-flex wp-container-core-columns-is-layout-9d6595d7 wp-block-columns-is-layout-flex\">\n<div class=\"wp-block-column is-layout-flow wp-block-column-is-layout-flow\">\n<p><em>PR\u00c9SIDENT<\/em><\/p>\n\n\n\n<p><strong>MELANIE BERLINGUETTE<br><\/strong>SPECTOR &amp; CO<br>Saint-Laurent, QC<\/p>\n\n\n\n<p><em>V.-P.\/SECR\u00c9TAIRE<\/em><\/p>\n\n\n\n<p><strong>CAROLINE N\u00c9RON<br><\/strong>BUSREL<br>St. L\u00e9onard (Qu\u00e9bec)<\/p>\n<\/div>\n\n\n\n<div class=\"wp-block-column is-layout-flow wp-block-column-is-layout-flow\">\n<p><em>ADMINISTRATEURS<\/em><\/p>\n\n\n\n<p><strong>KEVIN REIBER<br><\/strong>AGENCE NORDIQ<br>Laval (Qu\u00e9bec)<\/p>\n\n\n\n<p><strong>MELISSA MARTIN<br><\/strong>ARTECH PRO<br>St-Hyacinthe, QC<\/p>\n\n\n\n<p><strong>EVA PERLMAN<br><\/strong>MARTINI-VISPAK INC<br>Saint-Laurent, QC<\/p>\n\n\n\n<p><strong>FATIMA SLEIMAN<br><\/strong>LERNER PROMOTIONS<br>Saint-Laurent, QC<\/p>\n<\/div>\n<\/div>\n\n\n\n<p><\/p>","protected":false},"excerpt":{"rendered":"<p>Take advantage of amazing opportunities in your career when you join the PPPC Quebec chapter. Be a part of a community of like-minded professionals when you join the Quebec Promotional Product Professionals of Canada chapter. Members work as a team to promote and collectively advance their economic and social interests. Foster relationships with industry professionals <\/p>","protected":false},"author":1,"featured_media":3484,"parent":27,"menu_order":3,"comment_status":"closed","ping_status":"closed","template":"","meta":{"_acf_changed":false,"advgb_blocks_editor_width":"","advgb_blocks_columns_visual_guide":"","episode_type":"","audio_file":"","cover_image":"","cover_image_id":"","duration":"","filesize":"","date_recorded":"","explicit":"","block":"","filesize_raw":"","footnotes":""},"class_list":["post-82","page","type-page","status-publish","has-post-thumbnail","hentry"],"acf":[],"yoast_head":"<!-- This site is optimized with the Yoast SEO plugin v23.5 - https:\/\/yoast.com\/wordpress\/plugins\/seo\/ -->\n<title>Promotional Product Professionals of Canada - Quebec Chapter<\/title>\n<meta name=\"description\" content=\"Take advantage of amazing opportunities in your career when you join the PPPC Quebec chapter. Be a part of a community of like-minded professionals when you join the Quebec Promotional Product Professionals of Canada chapter.\" \/>\n<meta name=\"robots\" content=\"index, follow, max-snippet:-1, max-image-preview:large, max-video-preview:-1\" \/>\n<link rel=\"canonical\" href=\"https:\/\/pppc.vsmdev.ca\/fr\/chapters\/quebec-chapter\/\" \/>\n<meta property=\"og:locale\" content=\"fr_CA\" \/>\n<meta property=\"og:type\" content=\"article\" \/>\n<meta property=\"og:title\" content=\"Promotional Product Professionals of Canada - Quebec Chapter\" \/>\n<meta property=\"og:description\" content=\"Take advantage of amazing opportunities in your career when you join the PPPC Quebec chapter. Be a part of a community of like-minded professionals when you join the Quebec Promotional Product Professionals of Canada chapter.\" \/>\n<meta property=\"og:url\" content=\"https:\/\/pppc.vsmdev.ca\/fr\/chapters\/quebec-chapter\/\" \/>\n<meta property=\"og:site_name\" content=\"Promotional Product Professionals of Canada Inc\" \/>\n<meta property=\"article:modified_time\" content=\"2024-06-14T21:22:03+00:00\" \/>\n<meta property=\"og:image\" content=\"https:\/\/pppc.vsmdev.ca\/wp-content\/uploads\/2022\/03\/Quebec.jpg\" \/>\n\t<meta property=\"og:image:width\" content=\"1920\" \/>\n\t<meta property=\"og:image:height\" content=\"1080\" \/>\n\t<meta property=\"og:image:type\" content=\"image\/jpeg\" \/>\n<meta name=\"twitter:card\" content=\"summary_large_image\" \/>\n<meta name=\"twitter:label1\" content=\"Estimation du temps de lecture\" \/>\n\t<meta name=\"twitter:data1\" content=\"1 minute\" \/>\n<script type=\"application\/ld+json\" class=\"yoast-schema-graph\">{\"@context\":\"https:\/\/schema.org\",\"@graph\":[{\"@type\":\"WebPage\",\"@id\":\"https:\/\/pppc.vsmdev.ca\/chapters\/quebec-chapter\/\",\"url\":\"https:\/\/pppc.vsmdev.ca\/chapters\/quebec-chapter\/\",\"name\":\"Promotional Product Professionals of Canada - Quebec Chapter\",\"isPartOf\":{\"@id\":\"https:\/\/pppc.vsmdev.ca\/#website\"},\"primaryImageOfPage\":{\"@id\":\"https:\/\/pppc.vsmdev.ca\/chapters\/quebec-chapter\/#primaryimage\"},\"image\":{\"@id\":\"https:\/\/pppc.vsmdev.ca\/chapters\/quebec-chapter\/#primaryimage\"},\"thumbnailUrl\":\"https:\/\/pppc.vsmdev.ca\/wp-content\/uploads\/2022\/03\/Quebec.jpg\",\"datePublished\":\"2022-02-23T16:53:05+00:00\",\"dateModified\":\"2024-06-14T21:22:03+00:00\",\"description\":\"Take advantage of amazing opportunities in your career when you join the PPPC Quebec chapter. Be a part of a community of like-minded professionals when you join the Quebec Promotional Product Professionals of Canada chapter.\",\"breadcrumb\":{\"@id\":\"https:\/\/pppc.vsmdev.ca\/chapters\/quebec-chapter\/#breadcrumb\"},\"inLanguage\":\"fr-CA\",\"potentialAction\":[{\"@type\":\"ReadAction\",\"target\":[\"https:\/\/pppc.vsmdev.ca\/chapters\/quebec-chapter\/\"]}]},{\"@type\":\"ImageObject\",\"inLanguage\":\"fr-CA\",\"@id\":\"https:\/\/pppc.vsmdev.ca\/chapters\/quebec-chapter\/#primaryimage\",\"url\":\"https:\/\/pppc.vsmdev.ca\/wp-content\/uploads\/2022\/03\/Quebec.jpg\",\"contentUrl\":\"https:\/\/pppc.vsmdev.ca\/wp-content\/uploads\/2022\/03\/Quebec.jpg\",\"width\":1920,\"height\":1080},{\"@type\":\"BreadcrumbList\",\"@id\":\"https:\/\/pppc.vsmdev.ca\/chapters\/quebec-chapter\/#breadcrumb\",\"itemListElement\":[{\"@type\":\"ListItem\",\"position\":1,\"name\":\"Home\",\"item\":\"https:\/\/pppc.vsmdev.ca\/\"},{\"@type\":\"ListItem\",\"position\":2,\"name\":\"Chapters\",\"item\":\"http:\/\/pppc.vsmdev.ca\/chapters\/\"},{\"@type\":\"ListItem\",\"position\":3,\"name\":\"Quebec\"}]},{\"@type\":\"WebSite\",\"@id\":\"https:\/\/pppc.vsmdev.ca\/#website\",\"url\":\"https:\/\/pppc.vsmdev.ca\/\",\"name\":\"Promotional Product Professionals of Canada Inc\",\"description\":\"\",\"potentialAction\":[{\"@type\":\"SearchAction\",\"target\":{\"@type\":\"EntryPoint\",\"urlTemplate\":\"https:\/\/pppc.vsmdev.ca\/?s={search_term_string}\"},\"query-input\":{\"@type\":\"PropertyValueSpecification\",\"valueRequired\":true,\"valueName\":\"search_term_string\"}}],\"inLanguage\":\"fr-CA\"}]}<\/script>\n<!-- \/ Yoast SEO plugin. -->","yoast_head_json":{"title":"Promotional Product Professionals of Canada - Quebec Chapter","description":"Take advantage of amazing opportunities in your career when you join the PPPC Quebec chapter. Be a part of a community of like-minded professionals when you join the Quebec Promotional Product Professionals of Canada chapter.","robots":{"index":"index","follow":"follow","max-snippet":"max-snippet:-1","max-image-preview":"max-image-preview:large","max-video-preview":"max-video-preview:-1"},"canonical":"https:\/\/pppc.vsmdev.ca\/fr\/chapters\/quebec-chapter\/","og_locale":"fr_CA","og_type":"article","og_title":"Promotional Product Professionals of Canada - Quebec Chapter","og_description":"Take advantage of amazing opportunities in your career when you join the PPPC Quebec chapter. Be a part of a community of like-minded professionals when you join the Quebec Promotional Product Professionals of Canada chapter.","og_url":"https:\/\/pppc.vsmdev.ca\/fr\/chapters\/quebec-chapter\/","og_site_name":"Promotional Product Professionals of Canada Inc","article_modified_time":"2024-06-14T21:22:03+00:00","og_image":[{"width":1920,"height":1080,"url":"https:\/\/pppc.vsmdev.ca\/wp-content\/uploads\/2022\/03\/Quebec.jpg","type":"image\/jpeg"}],"twitter_card":"summary_large_image","twitter_misc":{"Estimation du temps de lecture":"1 minute"},"schema":{"@context":"https:\/\/schema.org","@graph":[{"@type":"WebPage","@id":"https:\/\/pppc.vsmdev.ca\/chapters\/quebec-chapter\/","url":"https:\/\/pppc.vsmdev.ca\/chapters\/quebec-chapter\/","name":"Promotional Product Professionals of Canada - Quebec Chapter","isPartOf":{"@id":"https:\/\/pppc.vsmdev.ca\/#website"},"primaryImageOfPage":{"@id":"https:\/\/pppc.vsmdev.ca\/chapters\/quebec-chapter\/#primaryimage"},"image":{"@id":"https:\/\/pppc.vsmdev.ca\/chapters\/quebec-chapter\/#primaryimage"},"thumbnailUrl":"https:\/\/pppc.vsmdev.ca\/wp-content\/uploads\/2022\/03\/Quebec.jpg","datePublished":"2022-02-23T16:53:05+00:00","dateModified":"2024-06-14T21:22:03+00:00","description":"Take advantage of amazing opportunities in your career when you join the PPPC Quebec chapter. Be a part of a community of like-minded professionals when you join the Quebec Promotional Product Professionals of Canada chapter.","breadcrumb":{"@id":"https:\/\/pppc.vsmdev.ca\/chapters\/quebec-chapter\/#breadcrumb"},"inLanguage":"fr-CA","potentialAction":[{"@type":"ReadAction","target":["https:\/\/pppc.vsmdev.ca\/chapters\/quebec-chapter\/"]}]},{"@type":"ImageObject","inLanguage":"fr-CA","@id":"https:\/\/pppc.vsmdev.ca\/chapters\/quebec-chapter\/#primaryimage","url":"https:\/\/pppc.vsmdev.ca\/wp-content\/uploads\/2022\/03\/Quebec.jpg","contentUrl":"https:\/\/pppc.vsmdev.ca\/wp-content\/uploads\/2022\/03\/Quebec.jpg","width":1920,"height":1080},{"@type":"BreadcrumbList","@id":"https:\/\/pppc.vsmdev.ca\/chapters\/quebec-chapter\/#breadcrumb","itemListElement":[{"@type":"ListItem","position":1,"name":"Home","item":"https:\/\/pppc.vsmdev.ca\/"},{"@type":"ListItem","position":2,"name":"Chapters","item":"http:\/\/pppc.vsmdev.ca\/chapters\/"},{"@type":"ListItem","position":3,"name":"Quebec"}]},{"@type":"WebSite","@id":"https:\/\/pppc.vsmdev.ca\/#website","url":"https:\/\/pppc.vsmdev.ca\/","name":"Promotional Product Professionals of Canada Inc","description":"","potentialAction":[{"@type":"SearchAction","target":{"@type":"EntryPoint","urlTemplate":"https:\/\/pppc.vsmdev.ca\/?s={search_term_string}"},"query-input":{"@type":"PropertyValueSpecification","valueRequired":true,"valueName":"search_term_string"}}],"inLanguage":"fr-CA"}]}},"coauthors":[],"author_meta":{"author_link":"https:\/\/pppc.vsmdev.ca\/fr\/author\/vsmadmin\/","display_name":"vsmadmin"},"relative_dates":{"created":"Posted 4 ann\u00e9es ago","modified":"Updated 2 ann\u00e9es ago"},"absolute_dates":{"created":"Posted on 23 f\u00e9vrier 2022","modified":"Updated on 14 juin 2024"},"absolute_dates_time":{"created":"Posted on 23 f\u00e9vrier 2022 11:53 am","modified":"Updated on 14 juin 2024 5:22 pm"},"featured_img_caption":"","featured_img":"https:\/\/pppc.vsmdev.ca\/wp-content\/uploads\/2022\/03\/Quebec.jpg","series_order":"","_links":{"self":[{"href":"https:\/\/pppc.vsmdev.ca\/fr\/wp-json\/wp\/v2\/pages\/82","targetHints":{"allow":["GET"]}}],"collection":[{"href":"https:\/\/pppc.vsmdev.ca\/fr\/wp-json\/wp\/v2\/pages"}],"about":[{"href":"https:\/\/pppc.vsmdev.ca\/fr\/wp-json\/wp\/v2\/types\/page"}],"author":[{"embeddable":true,"href":"https:\/\/pppc.vsmdev.ca\/fr\/wp-json\/wp\/v2\/users\/1"}],"replies":[{"embeddable":true,"href":"https:\/\/pppc.vsmdev.ca\/fr\/wp-json\/wp\/v2\/comments?post=82"}],"version-history":[{"count":7,"href":"https:\/\/pppc.vsmdev.ca\/fr\/wp-json\/wp\/v2\/pages\/82\/revisions"}],"predecessor-version":[{"id":7984,"href":"https:\/\/pppc.vsmdev.ca\/fr\/wp-json\/wp\/v2\/pages\/82\/revisions\/7984"}],"up":[{"embeddable":true,"href":"https:\/\/pppc.vsmdev.ca\/fr\/wp-json\/wp\/v2\/pages\/27"}],"wp:featuredmedia":[{"embeddable":true,"href":"https:\/\/pppc.vsmdev.ca\/fr\/wp-json\/wp\/v2\/media\/3484"}],"wp:attachment":[{"href":"https:\/\/pppc.vsmdev.ca\/fr\/wp-json\/wp\/v2\/media?parent=82"}],"curies":[{"name":"wp","href":"https:\/\/api.w.org\/{rel}","templated":true}]}}