{"id":74,"date":"2022-02-23T11:44:11","date_gmt":"2022-02-23T16:44:11","guid":{"rendered":"http:\/\/pppc.vsmdev.ca\/?page_id=74"},"modified":"2024-06-14T17:23:59","modified_gmt":"2024-06-14T21:23:59","slug":"manitoba-chapter","status":"publish","type":"page","link":"https:\/\/pppc.vsmdev.ca\/fr\/chapters\/manitoba-chapter\/","title":{"rendered":"Manitoba"},"content":{"rendered":"<h2 class=\"wp-block-heading\">Joignez-vous \u00e0 la communaut\u00e9 d\u2019intervenants inspir\u00e9s et dynamiques des PPPC avec notre chapitre du Manitoba.<\/h2>\n\n\n\n<p>The Manitoba PPPC chapter keeps your economic and social interests top of mind. Work alongside a charismatic team of Manitobans who will promote and foster your career. This chapter keeps work fun by organizing networking and social events year-round to connect PPPC members and build strong relationships within the industry.&nbsp;<\/p>\n\n\n\n<p><strong>\u00c9largissez votre r\u00e9seau en devenant membre.<\/strong><\/p>\n\n\n\n<hr class=\"wp-block-separator has-css-opacity\"\/>\n\n\n\n<h2 class=\"wp-block-heading\">Membres du conseil<\/h2>\n\n\n\n<div class=\"wp-block-columns is-layout-flex wp-container-core-columns-is-layout-9d6595d7 wp-block-columns-is-layout-flex\">\n<div class=\"wp-block-column is-layout-flow wp-block-column-is-layout-flow\">\n<p><em>PR\u00c9SIDENT SORTANT<\/em><\/p>\n\n\n\n<p><strong>JENNIFER TARNOPOLSKI<br><\/strong>OUTSTANDING BRANDING<br>Winnipeg (Manitoba)<\/p>\n\n\n\n<p><em>PR\u00c9SIDENT<\/em><\/p>\n\n\n\n<p><strong>JAMES WILSON<br><\/strong>GENUMARK<br>Winnipeg (Manitoba)<\/p>\n\n\n\n<p><em>VICE-PR\u00c9SIDENTE<\/em><\/p>\n\n\n\n<p><strong>CARLA ROGERS<br><\/strong>SHIPPAM &amp; ASSOCIATES<br>Winnipeg (Manitoba)<\/p>\n<\/div>\n\n\n\n<div class=\"wp-block-column is-layout-flow wp-block-column-is-layout-flow\">\n<p><em>ADMINISTRATEURS<\/em><\/p>\n\n\n\n<p><strong>RYAN GILMOUR<br><\/strong>ALPHABRODER<br>Winnipeg (Manitoba)<\/p>\n\n\n\n<p><strong>PATTI FRASER<\/strong><br>Novelty Printers<br>Winnipeg (Manitoba)<\/p>\n\n\n\n<p><strong>JOHN ARNOTT<\/strong><br>Arnott Agencies<br>Winnipeg (Manitoba)<\/p>\n\n\n\n<p><strong>JONATHAN WILSON<br><\/strong>GENUMARK<br>Winnipeg (Manitoba)<\/p>\n\n\n\n<p><strong>CAMERON CRAIG<br><\/strong>OUTSTANDING BRANDING<br>Winnipeg (Manitoba)<\/p>\n<\/div>\n<\/div>\n\n\n\n<p><\/p>","protected":false},"excerpt":{"rendered":"<p>Join the PPPC community of inspired and dynamic individuals with our Manitoba branch. The Manitoba PPPC chapter keeps your economic and social interests top of mind. Work alongside a charismatic team of Manitobans who will promote and foster your career. This chapter keeps work fun by organizing networking and social events year-round to connect PPPC <\/p>","protected":false},"author":1,"featured_media":3482,"parent":27,"menu_order":1,"comment_status":"closed","ping_status":"closed","template":"","meta":{"_acf_changed":false,"advgb_blocks_editor_width":"","advgb_blocks_columns_visual_guide":"","episode_type":"","audio_file":"","cover_image":"","cover_image_id":"","duration":"","filesize":"","date_recorded":"","explicit":"","block":"","filesize_raw":"","footnotes":""},"class_list":["post-74","page","type-page","status-publish","has-post-thumbnail","hentry"],"acf":[],"yoast_head":"<!-- This site is optimized with the Yoast SEO plugin v23.5 - https:\/\/yoast.com\/wordpress\/plugins\/seo\/ -->\n<title>Promotional Product Professionals of Canada - Manitoba Chapter<\/title>\n<meta name=\"description\" content=\"Join the PPPC community of inspired and dynamic individuals with our Manitoba branch. This chapter keeps work fun by organizing networking and social events year-round to connect PPPC members and build strong relationships within the industry.\" \/>\n<meta name=\"robots\" content=\"index, follow, max-snippet:-1, max-image-preview:large, max-video-preview:-1\" \/>\n<link rel=\"canonical\" href=\"https:\/\/pppc.vsmdev.ca\/fr\/chapters\/manitoba-chapter\/\" \/>\n<meta property=\"og:locale\" content=\"fr_CA\" \/>\n<meta property=\"og:type\" content=\"article\" \/>\n<meta property=\"og:title\" content=\"Promotional Product Professionals of Canada - Manitoba Chapter\" \/>\n<meta property=\"og:description\" content=\"Join the PPPC community of inspired and dynamic individuals with our Manitoba branch. This chapter keeps work fun by organizing networking and social events year-round to connect PPPC members and build strong relationships within the industry.\" \/>\n<meta property=\"og:url\" content=\"https:\/\/pppc.vsmdev.ca\/fr\/chapters\/manitoba-chapter\/\" \/>\n<meta property=\"og:site_name\" content=\"Promotional Product Professionals of Canada Inc\" \/>\n<meta property=\"article:modified_time\" content=\"2024-06-14T21:23:59+00:00\" \/>\n<meta property=\"og:image\" content=\"http:\/\/pppc.vsmdev.ca\/wp-content\/uploads\/2022\/03\/Manitoba.jpg\" \/>\n\t<meta property=\"og:image:width\" content=\"1920\" \/>\n\t<meta property=\"og:image:height\" content=\"1080\" \/>\n\t<meta property=\"og:image:type\" content=\"image\/jpeg\" \/>\n<meta name=\"twitter:card\" content=\"summary_large_image\" \/>\n<meta name=\"twitter:label1\" content=\"Estimation du temps de lecture\" \/>\n\t<meta name=\"twitter:data1\" content=\"1 minute\" \/>\n<script type=\"application\/ld+json\" class=\"yoast-schema-graph\">{\"@context\":\"https:\/\/schema.org\",\"@graph\":[{\"@type\":\"WebPage\",\"@id\":\"http:\/\/pppc.vsmdev.ca\/chapters\/manitoba-chapter\/\",\"url\":\"http:\/\/pppc.vsmdev.ca\/chapters\/manitoba-chapter\/\",\"name\":\"Promotional Product Professionals of Canada - Manitoba Chapter\",\"isPartOf\":{\"@id\":\"https:\/\/pppc.vsmdev.ca\/#website\"},\"primaryImageOfPage\":{\"@id\":\"http:\/\/pppc.vsmdev.ca\/chapters\/manitoba-chapter\/#primaryimage\"},\"image\":{\"@id\":\"http:\/\/pppc.vsmdev.ca\/chapters\/manitoba-chapter\/#primaryimage\"},\"thumbnailUrl\":\"https:\/\/pppc.vsmdev.ca\/wp-content\/uploads\/2022\/03\/Manitoba.jpg\",\"datePublished\":\"2022-02-23T16:44:11+00:00\",\"dateModified\":\"2024-06-14T21:23:59+00:00\",\"description\":\"Join the PPPC community of inspired and dynamic individuals with our Manitoba branch. This chapter keeps work fun by organizing networking and social events year-round to connect PPPC members and build strong relationships within the industry.\",\"breadcrumb\":{\"@id\":\"http:\/\/pppc.vsmdev.ca\/chapters\/manitoba-chapter\/#breadcrumb\"},\"inLanguage\":\"fr-CA\",\"potentialAction\":[{\"@type\":\"ReadAction\",\"target\":[\"http:\/\/pppc.vsmdev.ca\/chapters\/manitoba-chapter\/\"]}]},{\"@type\":\"ImageObject\",\"inLanguage\":\"fr-CA\",\"@id\":\"http:\/\/pppc.vsmdev.ca\/chapters\/manitoba-chapter\/#primaryimage\",\"url\":\"https:\/\/pppc.vsmdev.ca\/wp-content\/uploads\/2022\/03\/Manitoba.jpg\",\"contentUrl\":\"https:\/\/pppc.vsmdev.ca\/wp-content\/uploads\/2022\/03\/Manitoba.jpg\",\"width\":1920,\"height\":1080},{\"@type\":\"BreadcrumbList\",\"@id\":\"http:\/\/pppc.vsmdev.ca\/chapters\/manitoba-chapter\/#breadcrumb\",\"itemListElement\":[{\"@type\":\"ListItem\",\"position\":1,\"name\":\"Home\",\"item\":\"https:\/\/pppc.vsmdev.ca\/\"},{\"@type\":\"ListItem\",\"position\":2,\"name\":\"Chapters\",\"item\":\"http:\/\/pppc.vsmdev.ca\/chapters\/\"},{\"@type\":\"ListItem\",\"position\":3,\"name\":\"Manitoba\"}]},{\"@type\":\"WebSite\",\"@id\":\"https:\/\/pppc.vsmdev.ca\/#website\",\"url\":\"https:\/\/pppc.vsmdev.ca\/\",\"name\":\"Promotional Product Professionals of Canada Inc\",\"description\":\"\",\"potentialAction\":[{\"@type\":\"SearchAction\",\"target\":{\"@type\":\"EntryPoint\",\"urlTemplate\":\"https:\/\/pppc.vsmdev.ca\/?s={search_term_string}\"},\"query-input\":{\"@type\":\"PropertyValueSpecification\",\"valueRequired\":true,\"valueName\":\"search_term_string\"}}],\"inLanguage\":\"fr-CA\"}]}<\/script>\n<!-- \/ Yoast SEO plugin. -->","yoast_head_json":{"title":"Promotional Product Professionals of Canada - Manitoba Chapter","description":"Join the PPPC community of inspired and dynamic individuals with our Manitoba branch. This chapter keeps work fun by organizing networking and social events year-round to connect PPPC members and build strong relationships within the industry.","robots":{"index":"index","follow":"follow","max-snippet":"max-snippet:-1","max-image-preview":"max-image-preview:large","max-video-preview":"max-video-preview:-1"},"canonical":"https:\/\/pppc.vsmdev.ca\/fr\/chapters\/manitoba-chapter\/","og_locale":"fr_CA","og_type":"article","og_title":"Promotional Product Professionals of Canada - Manitoba Chapter","og_description":"Join the PPPC community of inspired and dynamic individuals with our Manitoba branch. This chapter keeps work fun by organizing networking and social events year-round to connect PPPC members and build strong relationships within the industry.","og_url":"https:\/\/pppc.vsmdev.ca\/fr\/chapters\/manitoba-chapter\/","og_site_name":"Promotional Product Professionals of Canada Inc","article_modified_time":"2024-06-14T21:23:59+00:00","og_image":[{"width":1920,"height":1080,"url":"http:\/\/pppc.vsmdev.ca\/wp-content\/uploads\/2022\/03\/Manitoba.jpg","type":"image\/jpeg"}],"twitter_card":"summary_large_image","twitter_misc":{"Estimation du temps de lecture":"1 minute"},"schema":{"@context":"https:\/\/schema.org","@graph":[{"@type":"WebPage","@id":"http:\/\/pppc.vsmdev.ca\/chapters\/manitoba-chapter\/","url":"http:\/\/pppc.vsmdev.ca\/chapters\/manitoba-chapter\/","name":"Promotional Product Professionals of Canada - Manitoba Chapter","isPartOf":{"@id":"https:\/\/pppc.vsmdev.ca\/#website"},"primaryImageOfPage":{"@id":"http:\/\/pppc.vsmdev.ca\/chapters\/manitoba-chapter\/#primaryimage"},"image":{"@id":"http:\/\/pppc.vsmdev.ca\/chapters\/manitoba-chapter\/#primaryimage"},"thumbnailUrl":"https:\/\/pppc.vsmdev.ca\/wp-content\/uploads\/2022\/03\/Manitoba.jpg","datePublished":"2022-02-23T16:44:11+00:00","dateModified":"2024-06-14T21:23:59+00:00","description":"Join the PPPC community of inspired and dynamic individuals with our Manitoba branch. This chapter keeps work fun by organizing networking and social events year-round to connect PPPC members and build strong relationships within the industry.","breadcrumb":{"@id":"http:\/\/pppc.vsmdev.ca\/chapters\/manitoba-chapter\/#breadcrumb"},"inLanguage":"fr-CA","potentialAction":[{"@type":"ReadAction","target":["http:\/\/pppc.vsmdev.ca\/chapters\/manitoba-chapter\/"]}]},{"@type":"ImageObject","inLanguage":"fr-CA","@id":"http:\/\/pppc.vsmdev.ca\/chapters\/manitoba-chapter\/#primaryimage","url":"https:\/\/pppc.vsmdev.ca\/wp-content\/uploads\/2022\/03\/Manitoba.jpg","contentUrl":"https:\/\/pppc.vsmdev.ca\/wp-content\/uploads\/2022\/03\/Manitoba.jpg","width":1920,"height":1080},{"@type":"BreadcrumbList","@id":"http:\/\/pppc.vsmdev.ca\/chapters\/manitoba-chapter\/#breadcrumb","itemListElement":[{"@type":"ListItem","position":1,"name":"Home","item":"https:\/\/pppc.vsmdev.ca\/"},{"@type":"ListItem","position":2,"name":"Chapters","item":"http:\/\/pppc.vsmdev.ca\/chapters\/"},{"@type":"ListItem","position":3,"name":"Manitoba"}]},{"@type":"WebSite","@id":"https:\/\/pppc.vsmdev.ca\/#website","url":"https:\/\/pppc.vsmdev.ca\/","name":"Promotional Product Professionals of Canada Inc","description":"","potentialAction":[{"@type":"SearchAction","target":{"@type":"EntryPoint","urlTemplate":"https:\/\/pppc.vsmdev.ca\/?s={search_term_string}"},"query-input":{"@type":"PropertyValueSpecification","valueRequired":true,"valueName":"search_term_string"}}],"inLanguage":"fr-CA"}]}},"coauthors":[],"author_meta":{"author_link":"https:\/\/pppc.vsmdev.ca\/fr\/author\/vsmadmin\/","display_name":"vsmadmin"},"relative_dates":{"created":"Posted 4 ann\u00e9es ago","modified":"Updated 2 ann\u00e9es ago"},"absolute_dates":{"created":"Posted on 23 f\u00e9vrier 2022","modified":"Updated on 14 juin 2024"},"absolute_dates_time":{"created":"Posted on 23 f\u00e9vrier 2022 11:44 am","modified":"Updated on 14 juin 2024 5:23 pm"},"featured_img_caption":"","featured_img":"https:\/\/pppc.vsmdev.ca\/wp-content\/uploads\/2022\/03\/Manitoba.jpg","series_order":"","_links":{"self":[{"href":"https:\/\/pppc.vsmdev.ca\/fr\/wp-json\/wp\/v2\/pages\/74","targetHints":{"allow":["GET"]}}],"collection":[{"href":"https:\/\/pppc.vsmdev.ca\/fr\/wp-json\/wp\/v2\/pages"}],"about":[{"href":"https:\/\/pppc.vsmdev.ca\/fr\/wp-json\/wp\/v2\/types\/page"}],"author":[{"embeddable":true,"href":"https:\/\/pppc.vsmdev.ca\/fr\/wp-json\/wp\/v2\/users\/1"}],"replies":[{"embeddable":true,"href":"https:\/\/pppc.vsmdev.ca\/fr\/wp-json\/wp\/v2\/comments?post=74"}],"version-history":[{"count":9,"href":"https:\/\/pppc.vsmdev.ca\/fr\/wp-json\/wp\/v2\/pages\/74\/revisions"}],"predecessor-version":[{"id":7986,"href":"https:\/\/pppc.vsmdev.ca\/fr\/wp-json\/wp\/v2\/pages\/74\/revisions\/7986"}],"up":[{"embeddable":true,"href":"https:\/\/pppc.vsmdev.ca\/fr\/wp-json\/wp\/v2\/pages\/27"}],"wp:featuredmedia":[{"embeddable":true,"href":"https:\/\/pppc.vsmdev.ca\/fr\/wp-json\/wp\/v2\/media\/3482"}],"wp:attachment":[{"href":"https:\/\/pppc.vsmdev.ca\/fr\/wp-json\/wp\/v2\/media?parent=74"}],"curies":[{"name":"wp","href":"https:\/\/api.w.org\/{rel}","templated":true}]}}