{"id":6564,"date":"2023-08-22T17:14:28","date_gmt":"2023-08-22T21:14:28","guid":{"rendered":"https:\/\/pppc.ca\/?page_id=6564"},"modified":"2024-09-16T18:24:09","modified_gmt":"2024-09-16T22:24:09","slug":"inductees","status":"publish","type":"page","link":"https:\/\/pppc.vsmdev.ca\/fr\/awards\/hall-of-fame\/inductees\/","title":{"rendered":"PPPC Hall of Fame Inductees"},"content":{"rendered":"<figure class=\"wp-block-table\"><table><tbody><tr><td>1981<\/td><td>1st Inductee<\/td><td>Roger Gagnon<strong><em>*<\/em><\/strong><\/td><\/tr><tr><td>1982<\/td><td>2nd Inductee<\/td><td>Ken Heslop, CAS<strong><em>*<\/em><\/strong><\/td><\/tr><tr><td>1983<\/td><td>3rd Inductee<\/td><td>Simon Gendron<strong><em>*<\/em><\/strong><\/td><\/tr><tr><td>1984<\/td><td>4th Inductee<\/td><td>Lester L. Fox<\/td><\/tr><tr><td>1985<\/td><td>5th Inductee<\/td><td>L.W. Roy Pollard<strong><em>*<\/em><\/strong><\/td><\/tr><tr><td>1986<\/td><td><em>(None Elected)<\/em><\/td><td><\/td><\/tr><tr><td>1987<\/td><td>6th Inductee<\/td><td>John Perkins<strong><em>*<\/em><\/strong><\/td><\/tr><tr><td>1988<\/td><td>7th Inductee<\/td><td>Jean Auty<strong><em>*<\/em><\/strong><\/td><\/tr><tr><td>1989<\/td><td>8th Inductee<\/td><td>Ron Frechette<strong><em>*<\/em><\/strong><\/td><\/tr><tr><td>1990<\/td><td>9th Inductee<\/td><td>Ralph Loder<strong><em>*<\/em><\/strong><\/td><\/tr><tr><td>1991<\/td><td>10th Inductee<\/td><td>Brad Milne<\/td><\/tr><tr><td>1992<\/td><td>11th Inductee<\/td><td>Ian S. Ward<\/td><\/tr><tr><td>1993<\/td><td>12th Inductee<\/td><td>Ernie Brennan<\/td><\/tr><tr><td>1994<\/td><td>13th Inductee<\/td><td>Raymond Brodeur<\/td><\/tr><tr><td>1995<\/td><td>14th Inductee<\/td><td>Dan Daniels<\/td><\/tr><tr><td>1996<\/td><td>15th Inductee<\/td><td>H. Ted Olson, MAS<strong><em>*<\/em><\/strong><\/td><\/tr><tr><td>1997<\/td><td>16th Inductee<\/td><td>Roch Desjardins<em>*<\/em><\/td><\/tr><tr><td>1998<\/td><td>17th Inductee<\/td><td>Fred Oesen<strong>*<\/strong><\/td><\/tr><tr><td>1999<\/td><td>18th Inductee<\/td><td>Raoul Payot<strong><em>*<\/em><\/strong><\/td><\/tr><tr><td>2000<\/td><td>19th Inductee<\/td><td>Dick Cogan<\/td><\/tr><tr><td>2001<\/td><td>20th Inductee<\/td><td>F\u00e9lix Bolduc<\/td><\/tr><tr><td>2002<\/td><td>21st Inductee<\/td><td>Tony Ronci<\/td><\/tr><tr><td>2003<\/td><td><em>(None elected)<\/em><\/td><td><\/td><\/tr><tr><td>2004<\/td><td>22nd Inductee<\/td><td>Susan Heslop, CAS<\/td><\/tr><tr><td>2004<\/td><td>23rd Inductee<\/td><td>Lucien Levesque<strong><em>*<\/em><\/strong><\/td><\/tr><tr><td>2005<\/td><td><em>(None elected)<\/em><\/td><td><\/td><\/tr><tr><td>2006<\/td><td>24th Inductee<\/td><td>Peter Kmech Sr.<strong><em>*<\/em><\/strong><\/td><\/tr><tr><td>2007<\/td><td>25th Inductee<\/td><td>Serge Dumesnil<strong><em>*<\/em><\/strong><\/td><\/tr><tr><td>2008<\/td><td><em>(None elected)<\/em><\/td><td><\/td><\/tr><tr><td>2009<\/td><td>26th Inductee<\/td><td>C\u00e9line Pilote<\/td><\/tr><tr><td>2010<\/td><td>27th Inductee<\/td><td>Jae M. Rang<\/td><\/tr><tr><td>2011<\/td><td>28th Inductee<\/td><td>Stan Gallen<\/td><\/tr><tr><td>2011<\/td><td>29th Inductee<\/td><td>Brian Shippam<\/td><\/tr><tr><td>2012<\/td><td><em>(None Elected)<\/em><\/td><td><\/td><\/tr><tr><td>2013<\/td><td>30th Inductee<\/td><td>Steve Levschuk<\/td><\/tr><tr><td>2014<\/td><td>31st Inductee<\/td><td>Merle Linde<\/td><\/tr><tr><td>2015<\/td><td>32nd Inductee<\/td><td>Mark Wingrove<\/td><\/tr><tr><td>2016<\/td><td>33rd Inductee<\/td><td>Carol de Ville<\/td><\/tr><tr><td>2017<\/td><td>34th Inductee<\/td><td>David Plummer<strong><em>*<\/em><\/strong><\/td><\/tr><tr><td>2018<\/td><td><em>(None Elected)<\/em><\/td><td><\/td><\/tr><tr><td>2019<\/td><td><em>(None Elected)<\/em><\/td><td><\/td><\/tr><tr><td>2020<\/td><td>35th Inductee<\/td><td>Kurt Reckziegel &nbsp;<\/td><\/tr><tr><td>2022<\/td><td>36th Inductee<\/td><td>Rosalind (Ros) Fraser Plummer<em><strong>*<\/strong><\/em><\/td><\/tr><tr><td>2023<\/td><td>37<sup>th <\/sup>Inductee\u00a0\u00a0<\/td><td>Merrick Falkenstein<\/td><\/tr><tr><td><strong>2024<\/strong><\/td><td><strong>David Lewenberg<\/strong><\/td><td><strong>38th Inductee<\/strong><\/td><\/tr><\/tbody><\/table><\/figure>\n\n\n\n<p><strong><em>*Denotes Member Deceased<\/em><\/strong><\/p>","protected":false},"excerpt":{"rendered":"<p>1981 1st Inductee Roger Gagnon* 1982 2nd Inductee Ken Heslop, CAS* 1983 3rd Inductee Simon Gendron* 1984 4th Inductee Lester L. Fox 1985 5th Inductee L.W. Roy Pollard* 1986 (None Elected) 1987 6th Inductee John Perkins* 1988 7th Inductee Jean Auty* 1989 8th Inductee Ron Frechette* 1990 9th Inductee Ralph Loder* 1991 10th Inductee Brad <\/p>","protected":false},"author":9,"featured_media":0,"parent":110,"menu_order":0,"comment_status":"closed","ping_status":"closed","template":"","meta":{"_acf_changed":false,"advgb_blocks_editor_width":"","advgb_blocks_columns_visual_guide":"","episode_type":"","audio_file":"","cover_image":"","cover_image_id":"","duration":"","filesize":"","date_recorded":"","explicit":"","block":"","filesize_raw":"","footnotes":""},"class_list":["post-6564","page","type-page","status-publish","hentry"],"acf":[],"yoast_head":"<!-- This site is optimized with the Yoast SEO plugin v23.5 - https:\/\/yoast.com\/wordpress\/plugins\/seo\/ -->\n<title>PPPC Hall of Fame Inductees - Promotional Product Professionals of Canada Inc<\/title>\n<meta name=\"robots\" content=\"index, follow, max-snippet:-1, max-image-preview:large, max-video-preview:-1\" \/>\n<link rel=\"canonical\" href=\"http:\/\/pppc.vsmdev.ca\/fr\/awards\/hall-of-fame\/inductees\/\" \/>\n<meta property=\"og:locale\" content=\"fr_CA\" \/>\n<meta property=\"og:type\" content=\"article\" \/>\n<meta property=\"og:title\" content=\"PPPC Hall of Fame Inductees - Promotional Product Professionals of Canada Inc\" \/>\n<meta property=\"og:description\" content=\"1981 1st Inductee Roger Gagnon* 1982 2nd Inductee Ken Heslop, CAS* 1983 3rd Inductee Simon Gendron* 1984 4th Inductee Lester L. Fox 1985 5th Inductee L.W. Roy Pollard* 1986 (None Elected) 1987 6th Inductee John Perkins* 1988 7th Inductee Jean Auty* 1989 8th Inductee Ron Frechette* 1990 9th Inductee Ralph Loder* 1991 10th Inductee Brad\" \/>\n<meta property=\"og:url\" content=\"http:\/\/pppc.vsmdev.ca\/fr\/awards\/hall-of-fame\/inductees\/\" \/>\n<meta property=\"og:site_name\" content=\"Promotional Product Professionals of Canada Inc\" \/>\n<meta property=\"article:modified_time\" content=\"2024-09-16T22:24:09+00:00\" \/>\n<meta name=\"twitter:card\" content=\"summary_large_image\" \/>\n<meta name=\"twitter:label1\" content=\"Estimation du temps de lecture\" \/>\n\t<meta name=\"twitter:data1\" content=\"2 minutes\" \/>\n<script type=\"application\/ld+json\" class=\"yoast-schema-graph\">{\"@context\":\"https:\/\/schema.org\",\"@graph\":[{\"@type\":\"WebPage\",\"@id\":\"http:\/\/pppc.vsmdev.ca\/fr\/awards\/hall-of-fame\/inductees\/\",\"url\":\"http:\/\/pppc.vsmdev.ca\/fr\/awards\/hall-of-fame\/inductees\/\",\"name\":\"PPPC Hall of Fame Inductees - Promotional Product Professionals of Canada Inc\",\"isPartOf\":{\"@id\":\"https:\/\/pppc.vsmdev.ca\/#website\"},\"datePublished\":\"2023-08-22T21:14:28+00:00\",\"dateModified\":\"2024-09-16T22:24:09+00:00\",\"breadcrumb\":{\"@id\":\"http:\/\/pppc.vsmdev.ca\/fr\/awards\/hall-of-fame\/inductees\/#breadcrumb\"},\"inLanguage\":\"fr-CA\",\"potentialAction\":[{\"@type\":\"ReadAction\",\"target\":[\"http:\/\/pppc.vsmdev.ca\/fr\/awards\/hall-of-fame\/inductees\/\"]}]},{\"@type\":\"BreadcrumbList\",\"@id\":\"http:\/\/pppc.vsmdev.ca\/fr\/awards\/hall-of-fame\/inductees\/#breadcrumb\",\"itemListElement\":[{\"@type\":\"ListItem\",\"position\":1,\"name\":\"Home\",\"item\":\"https:\/\/pppc.vsmdev.ca\/\"},{\"@type\":\"ListItem\",\"position\":2,\"name\":\"Awards\",\"item\":\"https:\/\/pppc.vsmdev.ca\/awards\/\"},{\"@type\":\"ListItem\",\"position\":3,\"name\":\"Hall of Fame\",\"item\":\"http:\/\/pppc.vsmdev.ca\/awards\/hall-of-fame\/\"},{\"@type\":\"ListItem\",\"position\":4,\"name\":\"PPPC Hall of Fame Inductees\"}]},{\"@type\":\"WebSite\",\"@id\":\"https:\/\/pppc.vsmdev.ca\/#website\",\"url\":\"https:\/\/pppc.vsmdev.ca\/\",\"name\":\"Promotional Product Professionals of Canada Inc\",\"description\":\"\",\"potentialAction\":[{\"@type\":\"SearchAction\",\"target\":{\"@type\":\"EntryPoint\",\"urlTemplate\":\"https:\/\/pppc.vsmdev.ca\/?s={search_term_string}\"},\"query-input\":{\"@type\":\"PropertyValueSpecification\",\"valueRequired\":true,\"valueName\":\"search_term_string\"}}],\"inLanguage\":\"fr-CA\"}]}<\/script>\n<!-- \/ Yoast SEO plugin. -->","yoast_head_json":{"title":"PPPC Hall of Fame Inductees - Promotional Product Professionals of Canada Inc","robots":{"index":"index","follow":"follow","max-snippet":"max-snippet:-1","max-image-preview":"max-image-preview:large","max-video-preview":"max-video-preview:-1"},"canonical":"http:\/\/pppc.vsmdev.ca\/fr\/awards\/hall-of-fame\/inductees\/","og_locale":"fr_CA","og_type":"article","og_title":"PPPC Hall of Fame Inductees - Promotional Product Professionals of Canada Inc","og_description":"1981 1st Inductee Roger Gagnon* 1982 2nd Inductee Ken Heslop, CAS* 1983 3rd Inductee Simon Gendron* 1984 4th Inductee Lester L. Fox 1985 5th Inductee L.W. Roy Pollard* 1986 (None Elected) 1987 6th Inductee John Perkins* 1988 7th Inductee Jean Auty* 1989 8th Inductee Ron Frechette* 1990 9th Inductee Ralph Loder* 1991 10th Inductee Brad","og_url":"http:\/\/pppc.vsmdev.ca\/fr\/awards\/hall-of-fame\/inductees\/","og_site_name":"Promotional Product Professionals of Canada Inc","article_modified_time":"2024-09-16T22:24:09+00:00","twitter_card":"summary_large_image","twitter_misc":{"Estimation du temps de lecture":"2 minutes"},"schema":{"@context":"https:\/\/schema.org","@graph":[{"@type":"WebPage","@id":"http:\/\/pppc.vsmdev.ca\/fr\/awards\/hall-of-fame\/inductees\/","url":"http:\/\/pppc.vsmdev.ca\/fr\/awards\/hall-of-fame\/inductees\/","name":"PPPC Hall of Fame Inductees - Promotional Product Professionals of Canada Inc","isPartOf":{"@id":"https:\/\/pppc.vsmdev.ca\/#website"},"datePublished":"2023-08-22T21:14:28+00:00","dateModified":"2024-09-16T22:24:09+00:00","breadcrumb":{"@id":"http:\/\/pppc.vsmdev.ca\/fr\/awards\/hall-of-fame\/inductees\/#breadcrumb"},"inLanguage":"fr-CA","potentialAction":[{"@type":"ReadAction","target":["http:\/\/pppc.vsmdev.ca\/fr\/awards\/hall-of-fame\/inductees\/"]}]},{"@type":"BreadcrumbList","@id":"http:\/\/pppc.vsmdev.ca\/fr\/awards\/hall-of-fame\/inductees\/#breadcrumb","itemListElement":[{"@type":"ListItem","position":1,"name":"Home","item":"https:\/\/pppc.vsmdev.ca\/"},{"@type":"ListItem","position":2,"name":"Awards","item":"https:\/\/pppc.vsmdev.ca\/awards\/"},{"@type":"ListItem","position":3,"name":"Hall of Fame","item":"http:\/\/pppc.vsmdev.ca\/awards\/hall-of-fame\/"},{"@type":"ListItem","position":4,"name":"PPPC Hall of Fame Inductees"}]},{"@type":"WebSite","@id":"https:\/\/pppc.vsmdev.ca\/#website","url":"https:\/\/pppc.vsmdev.ca\/","name":"Promotional Product Professionals of Canada Inc","description":"","potentialAction":[{"@type":"SearchAction","target":{"@type":"EntryPoint","urlTemplate":"https:\/\/pppc.vsmdev.ca\/?s={search_term_string}"},"query-input":{"@type":"PropertyValueSpecification","valueRequired":true,"valueName":"search_term_string"}}],"inLanguage":"fr-CA"}]}},"coauthors":[],"author_meta":{"author_link":"https:\/\/pppc.vsmdev.ca\/fr\/author\/wptangerine\/","display_name":"wptangerine"},"relative_dates":{"created":"Posted 3 ann\u00e9es ago","modified":"Updated 2 ann\u00e9es ago"},"absolute_dates":{"created":"Posted on 22 ao\u00fbt 2023","modified":"Updated on 16 septembre 2024"},"absolute_dates_time":{"created":"Posted on 22 ao\u00fbt 2023 5:14 pm","modified":"Updated on 16 septembre 2024 6:24 pm"},"featured_img_caption":"","featured_img":false,"series_order":"","_links":{"self":[{"href":"https:\/\/pppc.vsmdev.ca\/fr\/wp-json\/wp\/v2\/pages\/6564","targetHints":{"allow":["GET"]}}],"collection":[{"href":"https:\/\/pppc.vsmdev.ca\/fr\/wp-json\/wp\/v2\/pages"}],"about":[{"href":"https:\/\/pppc.vsmdev.ca\/fr\/wp-json\/wp\/v2\/types\/page"}],"author":[{"embeddable":true,"href":"https:\/\/pppc.vsmdev.ca\/fr\/wp-json\/wp\/v2\/users\/9"}],"replies":[{"embeddable":true,"href":"https:\/\/pppc.vsmdev.ca\/fr\/wp-json\/wp\/v2\/comments?post=6564"}],"version-history":[{"count":10,"href":"https:\/\/pppc.vsmdev.ca\/fr\/wp-json\/wp\/v2\/pages\/6564\/revisions"}],"predecessor-version":[{"id":8426,"href":"https:\/\/pppc.vsmdev.ca\/fr\/wp-json\/wp\/v2\/pages\/6564\/revisions\/8426"}],"up":[{"embeddable":true,"href":"https:\/\/pppc.vsmdev.ca\/fr\/wp-json\/wp\/v2\/pages\/110"}],"wp:attachment":[{"href":"https:\/\/pppc.vsmdev.ca\/fr\/wp-json\/wp\/v2\/media?parent=6564"}],"curies":[{"name":"wp","href":"https:\/\/api.w.org\/{rel}","templated":true}]}}