{"id":25,"date":"2022-02-22T14:38:01","date_gmt":"2022-02-22T19:38:01","guid":{"rendered":"http:\/\/pppc.viewsource.ca\/?page_id=25"},"modified":"2025-11-12T12:27:09","modified_gmt":"2025-11-12T17:27:09","slug":"events","status":"publish","type":"page","link":"https:\/\/pppc.vsmdev.ca\/fr\/events\/","title":{"rendered":"\u00c9v\u00e9nements"},"content":{"rendered":"","protected":false},"excerpt":{"rendered":"","protected":false},"author":1,"featured_media":0,"parent":0,"menu_order":4,"comment_status":"closed","ping_status":"closed","template":"","meta":{"_acf_changed":false,"advgb_blocks_editor_width":"","advgb_blocks_columns_visual_guide":"","episode_type":"","audio_file":"","cover_image":"","cover_image_id":"","duration":"","filesize":"","date_recorded":"","explicit":"","block":"","filesize_raw":"","footnotes":""},"class_list":["post-25","page","type-page","status-publish","hentry"],"acf":[],"yoast_head":"<!-- This site is optimized with the Yoast SEO plugin v23.5 - https:\/\/yoast.com\/wordpress\/plugins\/seo\/ -->\n<title>Events by Promotional Product Professionals of Canada<\/title>\n<meta name=\"description\" content=\"PPPC is a not-for-profit association facilitating business and knowledge growth for the Canadian promotional Products community and to be the premier choice of advertising in Canada.\" \/>\n<meta name=\"robots\" content=\"index, follow, max-snippet:-1, max-image-preview:large, max-video-preview:-1\" \/>\n<link rel=\"canonical\" href=\"https:\/\/pppc.vsmdev.ca\/fr\/events\/\" \/>\n<meta property=\"og:locale\" content=\"fr_CA\" \/>\n<meta property=\"og:type\" content=\"article\" \/>\n<meta property=\"og:title\" content=\"Events by Promotional Product Professionals of Canada\" \/>\n<meta property=\"og:description\" content=\"PPPC is a not-for-profit association facilitating business and knowledge growth for the Canadian promotional Products community and to be the premier choice of advertising in Canada.\" \/>\n<meta property=\"og:url\" content=\"https:\/\/pppc.vsmdev.ca\/fr\/events\/\" \/>\n<meta property=\"og:site_name\" content=\"Promotional Product Professionals of Canada Inc\" \/>\n<meta property=\"article:modified_time\" content=\"2025-11-12T17:27:09+00:00\" \/>\n<meta name=\"twitter:card\" content=\"summary_large_image\" \/>\n<script type=\"application\/ld+json\" class=\"yoast-schema-graph\">{\"@context\":\"https:\/\/schema.org\",\"@graph\":[{\"@type\":\"WebPage\",\"@id\":\"https:\/\/pppc.vsmdev.ca\/events\/\",\"url\":\"https:\/\/pppc.vsmdev.ca\/events\/\",\"name\":\"Events by Promotional Product Professionals of Canada\",\"isPartOf\":{\"@id\":\"https:\/\/pppc.vsmdev.ca\/#website\"},\"datePublished\":\"2022-02-22T19:38:01+00:00\",\"dateModified\":\"2025-11-12T17:27:09+00:00\",\"description\":\"PPPC is a not-for-profit association facilitating business and knowledge growth for the Canadian promotional Products community and to be the premier choice of advertising in Canada.\",\"breadcrumb\":{\"@id\":\"https:\/\/pppc.vsmdev.ca\/events\/#breadcrumb\"},\"inLanguage\":\"fr-CA\",\"potentialAction\":[{\"@type\":\"ReadAction\",\"target\":[\"https:\/\/pppc.vsmdev.ca\/events\/\"]}]},{\"@type\":\"BreadcrumbList\",\"@id\":\"https:\/\/pppc.vsmdev.ca\/events\/#breadcrumb\",\"itemListElement\":[{\"@type\":\"ListItem\",\"position\":1,\"name\":\"Home\",\"item\":\"https:\/\/pppc.vsmdev.ca\/\"},{\"@type\":\"ListItem\",\"position\":2,\"name\":\"Events\"}]},{\"@type\":\"WebSite\",\"@id\":\"https:\/\/pppc.vsmdev.ca\/#website\",\"url\":\"https:\/\/pppc.vsmdev.ca\/\",\"name\":\"Promotional Product Professionals of Canada Inc\",\"description\":\"\",\"potentialAction\":[{\"@type\":\"SearchAction\",\"target\":{\"@type\":\"EntryPoint\",\"urlTemplate\":\"https:\/\/pppc.vsmdev.ca\/?s={search_term_string}\"},\"query-input\":{\"@type\":\"PropertyValueSpecification\",\"valueRequired\":true,\"valueName\":\"search_term_string\"}}],\"inLanguage\":\"fr-CA\"}]}<\/script>\n<!-- \/ Yoast SEO plugin. -->","yoast_head_json":{"title":"Events by Promotional Product Professionals of Canada","description":"PPPC is a not-for-profit association facilitating business and knowledge growth for the Canadian promotional Products community and to be the premier choice of advertising in Canada.","robots":{"index":"index","follow":"follow","max-snippet":"max-snippet:-1","max-image-preview":"max-image-preview:large","max-video-preview":"max-video-preview:-1"},"canonical":"https:\/\/pppc.vsmdev.ca\/fr\/events\/","og_locale":"fr_CA","og_type":"article","og_title":"Events by Promotional Product Professionals of Canada","og_description":"PPPC is a not-for-profit association facilitating business and knowledge growth for the Canadian promotional Products community and to be the premier choice of advertising in Canada.","og_url":"https:\/\/pppc.vsmdev.ca\/fr\/events\/","og_site_name":"Promotional Product Professionals of Canada Inc","article_modified_time":"2025-11-12T17:27:09+00:00","twitter_card":"summary_large_image","schema":{"@context":"https:\/\/schema.org","@graph":[{"@type":"WebPage","@id":"https:\/\/pppc.vsmdev.ca\/events\/","url":"https:\/\/pppc.vsmdev.ca\/events\/","name":"Events by Promotional Product Professionals of Canada","isPartOf":{"@id":"https:\/\/pppc.vsmdev.ca\/#website"},"datePublished":"2022-02-22T19:38:01+00:00","dateModified":"2025-11-12T17:27:09+00:00","description":"PPPC is a not-for-profit association facilitating business and knowledge growth for the Canadian promotional Products community and to be the premier choice of advertising in Canada.","breadcrumb":{"@id":"https:\/\/pppc.vsmdev.ca\/events\/#breadcrumb"},"inLanguage":"fr-CA","potentialAction":[{"@type":"ReadAction","target":["https:\/\/pppc.vsmdev.ca\/events\/"]}]},{"@type":"BreadcrumbList","@id":"https:\/\/pppc.vsmdev.ca\/events\/#breadcrumb","itemListElement":[{"@type":"ListItem","position":1,"name":"Home","item":"https:\/\/pppc.vsmdev.ca\/"},{"@type":"ListItem","position":2,"name":"Events"}]},{"@type":"WebSite","@id":"https:\/\/pppc.vsmdev.ca\/#website","url":"https:\/\/pppc.vsmdev.ca\/","name":"Promotional Product Professionals of Canada Inc","description":"","potentialAction":[{"@type":"SearchAction","target":{"@type":"EntryPoint","urlTemplate":"https:\/\/pppc.vsmdev.ca\/?s={search_term_string}"},"query-input":{"@type":"PropertyValueSpecification","valueRequired":true,"valueName":"search_term_string"}}],"inLanguage":"fr-CA"}]}},"coauthors":[],"author_meta":{"author_link":"https:\/\/pppc.vsmdev.ca\/fr\/author\/vsmadmin\/","display_name":"vsmadmin"},"relative_dates":{"created":"Posted 4 ann\u00e9es ago","modified":"Updated 5 mois ago"},"absolute_dates":{"created":"Posted on 22 f\u00e9vrier 2022","modified":"Updated on 12 novembre 2025"},"absolute_dates_time":{"created":"Posted on 22 f\u00e9vrier 2022 2:38 pm","modified":"Updated on 12 novembre 2025 12:27 pm"},"featured_img_caption":"","featured_img":false,"series_order":"","_links":{"self":[{"href":"https:\/\/pppc.vsmdev.ca\/fr\/wp-json\/wp\/v2\/pages\/25","targetHints":{"allow":["GET"]}}],"collection":[{"href":"https:\/\/pppc.vsmdev.ca\/fr\/wp-json\/wp\/v2\/pages"}],"about":[{"href":"https:\/\/pppc.vsmdev.ca\/fr\/wp-json\/wp\/v2\/types\/page"}],"author":[{"embeddable":true,"href":"https:\/\/pppc.vsmdev.ca\/fr\/wp-json\/wp\/v2\/users\/1"}],"replies":[{"embeddable":true,"href":"https:\/\/pppc.vsmdev.ca\/fr\/wp-json\/wp\/v2\/comments?post=25"}],"version-history":[{"count":10,"href":"https:\/\/pppc.vsmdev.ca\/fr\/wp-json\/wp\/v2\/pages\/25\/revisions"}],"predecessor-version":[{"id":7756,"href":"https:\/\/pppc.vsmdev.ca\/fr\/wp-json\/wp\/v2\/pages\/25\/revisions\/7756"}],"wp:attachment":[{"href":"https:\/\/pppc.vsmdev.ca\/fr\/wp-json\/wp\/v2\/media?parent=25"}],"curies":[{"name":"wp","href":"https:\/\/api.w.org\/{rel}","templated":true}]}}