{"id":19,"date":"2022-02-22T13:11:39","date_gmt":"2022-02-22T18:11:39","guid":{"rendered":"http:\/\/pppc.viewsource.ca\/?page_id=19"},"modified":"2024-04-11T15:48:44","modified_gmt":"2024-04-11T19:48:44","slug":"supplier","status":"publish","type":"page","link":"https:\/\/pppc.vsmdev.ca\/fr\/become-a-member\/supplier\/","title":{"rendered":"Fournisseur"},"content":{"rendered":"<h2 class=\"wp-block-heading\">Restez en contact avec l'industrie en tant que membre fournisseur des PPPC.<\/h2>\n\n\n\n<div class=\"wp-block-group impact-block\"><div class=\"wp-block-group__inner-container is-layout-flow wp-block-group-is-layout-flow\">\n<p>En tant que membre fournisseur des PPPC, vous pouvez rencontrer vos clients et prendre connaissance de ce que font vos concurrents lorsque vous participez \u00e0 l'un de nos salons annuels comme l\u2019exposition nationale itin\u00e9rante TOPS+ et le congr\u00e8s national (NATCON) des PPPC. Pr\u00e9sentez vos produits \u00e0 plus de 6\u00a0050 distributeurs motiv\u00e9s, \u00e0 la faveur des autres expositions commerciales et \u00e9v\u00e9nements des PPPC.&nbsp;<\/p>\n\n\n\n<p>Mettez \u00e0 jour et v\u00e9rifiez ais\u00e9ment les renseignements sur votre entreprise et vos produits, g\u00e9rez votre portefeuille publicitaire, recherchez des informations sur les distributeurs, et concevez des prospectus et des catalogues personnalis\u00e9s gr\u00e2ce \u00e0 l'adh\u00e9sion \u00e0 SAGE Advantage, comprise dans votre adh\u00e9sion aux PPPC.&nbsp;<\/p>\n\n\n\n<p><strong>D\u00e9veloppez vos relations et entrez en contact avec de futurs clients gr\u00e2ce \u00e0 une adh\u00e9sion comme membre fournisseur des PPPC.<\/strong><\/p>\n<\/div><\/div>\n\n\n\n<hr class=\"wp-block-separator has-css-opacity\"\/>\n\n\n\n<h3 class=\"wp-block-heading\">Crit\u00e8res d'adh\u00e9sion<\/h3>\n\n\n\n<ol class=\"wp-block-list\">\n<li>\u00catre propri\u00e9taire ou dirigeant d\u2019une entreprise en Am\u00e9rique du Nord principalement engag\u00e9e (ou qui comprend une compagnie affili\u00e9e, une division ou un service s\u2019y consacrant) dans la fabrication, l\u2019importation, la transformation, l\u2019impression ou autre traitement d\u2019objets ou programmes publicitaires touchant des stocks int\u00e9rieurs ou des mati\u00e8res premi\u00e8res, et dans la vente de ces articles ou programmes \u00e0 des distributeurs ou des revendeurs de produits promotionnels. <em>UNE COPIE DU CERTIFICAT D\u2019ENREGISTREMENT DOIT \u00caTRE JOINTE \u00c0 LA DEMANDE<\/em><\/li>\n\n\n\n<li>\u00catre parrain\u00e9 par un repr\u00e9sentant d\u2019au moins trois (3) membres des PPPC. Les formulaires de parrainage ou cinq (5) copies de commandes pass\u00e9es \u00e0 des distributeurs ou revendeurs de produits promotionnels (excluant les \u00e9chantillons), datant de douze (12) mois ou moins, doivent accompagner la demande d\u2019adh\u00e9sion. Les fournisseurs \u00e9tablis \u00e0 l\u2019\u00e9tranger doivent \u00e9galement soumettre une r\u00e9f\u00e9rence t\u00e9moignant de leur bonne r\u00e9putation, en provenance d\u2019une association de produits promotionnels sans but lucratif dont ils sont actuellement membres.<\/li>\n\n\n\n<li>Fournir une r\u00e9f\u00e9rence bancaire indiquant le nom et l\u2019adresse de sa banque et le num\u00e9ro de son compte d\u2019affaires. Le demandeur doit avoir des ant\u00e9c\u00e9dents en mati\u00e8re de cr\u00e9dit acceptables \u00e0 l\u2019\u00e9gard des douze (12) derniers mois, sans proc\u00e9dure de faillite au cours des vingt-quatre (24) derniers mois.<\/li>\n\n\n\n<li>Disposer, au moment de sa demande, d\u2019un catalogue appropri\u00e9 illustrant ses produits et services dans un format g\u00e9n\u00e9ralement reconnu par l\u2019industrie et, \u00e0 l\u2019exception des fournisseurs \u00e9tablis \u00e0 l\u2019\u00e9tranger, \u00e9num\u00e9rant les prix de vente sugg\u00e9r\u00e9s en fonds canadiens. <em>Ces catalogues doivent \u00eatre transmis aux PPPC une fois l\u2019an, lors de leur publication.<\/em><\/li>\n<\/ol>\n\n\n\n<h3 class=\"wp-block-heading\">Traitement des demandes d'adh\u00e9sion<\/h3>\n\n\n\n<p>Le traitement d\u2019une demande d\u2019adh\u00e9sion ne peut commencer qu\u2019une fois que tous les \u00e9l\u00e9ments requis ont \u00e9t\u00e9 soumis. La demande doit comporter un formulaire de demande d\u00fbment rempli, trois (3) formulaires de parrainage remplis par des membres en r\u00e8gle des PPPC ou cinq (5) copies de factures \u00e0 des clients sans lien de d\u00e9pendance, une copie du permis d\u2019exploitation\/certificat d\u2019enregistrement ou de l\u2019acte constitutif de l\u2019entreprise, et le paiement complet des frais de cotisation et d\u2019inscription.<\/p>\n\n\n\n<h3 class=\"wp-block-heading\">Acceptation de la demande<\/h3>\n\n\n\n<p>Lorsque tous les \u00e9l\u00e9ments n\u00e9cessaires sont fournis, que les ant\u00e9c\u00e9dents de cr\u00e9dit du demandeur sont satisfaisants et que la demande est approuv\u00e9e par le comit\u00e9 des adh\u00e9sions du conseil d\u2019administration, la demande est automatiquement accept\u00e9e. Veuillez noter que les nouvelles adh\u00e9sions sont soumises \u00e0 une p\u00e9riode probatoire d\u2019une dur\u00e9e d\u2019un (1) an.<\/p>\n\n\n\n<h3 class=\"wp-block-heading\">Frais d'adh\u00e9sion<\/h3>\n\n\n\n<p><strong>Supplier members pay an annual flat rate of $1545*<\/strong><\/p>\n\n\n\n<p><em>*Taxes en sus *Frais sujets \u00e0 changement<\/em><\/p>\n\n\n\n<h3 class=\"wp-block-heading\">Refus\/Annulation<\/h3>\n\n\n\n<p>Si une demande est refus\u00e9e par le pr\u00e9sident ou par les membres du comit\u00e9 des adh\u00e9sions, le demandeur peut faire appel aupr\u00e8s du conseil d\u2019administration des PPPC. Lorsqu\u2019une demande est annul\u00e9e ou refus\u00e9e, le montant de la cotisation re\u00e7ue avec la demande est rembours\u00e9 au demandeur.<\/p>","protected":false},"excerpt":{"rendered":"<p>Stay connected to the industry as a PPPC supplier member. As a PPPC supplier member, you can meet your customers and view your competitors when exhibiting at one of our annual shows like TOPS+ or NATCON. Showcase your products to over 6050 motivated distributors at other PPPC trade shows and events.&nbsp; Easily update and verify <\/p>","protected":false},"author":1,"featured_media":0,"parent":12,"menu_order":2,"comment_status":"closed","ping_status":"closed","template":"","meta":{"_acf_changed":false,"advgb_blocks_editor_width":"","advgb_blocks_columns_visual_guide":"","episode_type":"","audio_file":"","cover_image":"","cover_image_id":"","duration":"","filesize":"","date_recorded":"","explicit":"","block":"","filesize_raw":"","footnotes":""},"class_list":["post-19","page","type-page","status-publish","hentry"],"acf":[],"yoast_head":"<!-- This site is optimized with the Yoast SEO plugin v23.5 - https:\/\/yoast.com\/wordpress\/plugins\/seo\/ -->\n<title>Become a Supplier Member with Promotional Product Professionals of Canada<\/title>\n<meta name=\"description\" content=\"As a PPPC supplier member, you can meet your customers and view your competitors when exhibiting at one of our annual shows like TOPS+ or NATCON. Showcase your products to over 6050 motivated distributors at other PPPC trade shows and events.\" \/>\n<meta name=\"robots\" content=\"index, follow, max-snippet:-1, max-image-preview:large, max-video-preview:-1\" \/>\n<link rel=\"canonical\" href=\"https:\/\/pppc.vsmdev.ca\/fr\/become-a-member\/supplier\/\" \/>\n<meta property=\"og:locale\" content=\"fr_CA\" \/>\n<meta property=\"og:type\" content=\"article\" \/>\n<meta property=\"og:title\" content=\"Become a Supplier Member with Promotional Product Professionals of Canada\" \/>\n<meta property=\"og:description\" content=\"As a PPPC supplier member, you can meet your customers and view your competitors when exhibiting at one of our annual shows like TOPS+ or NATCON. Showcase your products to over 6050 motivated distributors at other PPPC trade shows and events.\" \/>\n<meta property=\"og:url\" content=\"https:\/\/pppc.vsmdev.ca\/fr\/become-a-member\/supplier\/\" \/>\n<meta property=\"og:site_name\" content=\"Promotional Product Professionals of Canada Inc\" \/>\n<meta property=\"article:modified_time\" content=\"2024-04-11T19:48:44+00:00\" \/>\n<meta name=\"twitter:card\" content=\"summary_large_image\" \/>\n<meta name=\"twitter:label1\" content=\"Estimation du temps de lecture\" \/>\n\t<meta name=\"twitter:data1\" content=\"3 minutes\" \/>\n<script type=\"application\/ld+json\" class=\"yoast-schema-graph\">{\"@context\":\"https:\/\/schema.org\",\"@graph\":[{\"@type\":\"WebPage\",\"@id\":\"https:\/\/pppc.vsmdev.ca\/fr\/become-a-member\/supplier\/\",\"url\":\"https:\/\/pppc.vsmdev.ca\/fr\/become-a-member\/supplier\/\",\"name\":\"Become a Supplier Member with Promotional Product Professionals of Canada\",\"isPartOf\":{\"@id\":\"https:\/\/pppc.vsmdev.ca\/#website\"},\"datePublished\":\"2022-02-22T18:11:39+00:00\",\"dateModified\":\"2024-04-11T19:48:44+00:00\",\"description\":\"As a PPPC supplier member, you can meet your customers and view your competitors when exhibiting at one of our annual shows like TOPS+ or NATCON. Showcase your products to over 6050 motivated distributors at other PPPC trade shows and events.\",\"breadcrumb\":{\"@id\":\"https:\/\/pppc.vsmdev.ca\/fr\/become-a-member\/supplier\/#breadcrumb\"},\"inLanguage\":\"fr-CA\",\"potentialAction\":[{\"@type\":\"ReadAction\",\"target\":[\"https:\/\/pppc.vsmdev.ca\/fr\/become-a-member\/supplier\/\"]}]},{\"@type\":\"BreadcrumbList\",\"@id\":\"https:\/\/pppc.vsmdev.ca\/fr\/become-a-member\/supplier\/#breadcrumb\",\"itemListElement\":[{\"@type\":\"ListItem\",\"position\":1,\"name\":\"Home\",\"item\":\"https:\/\/pppc.vsmdev.ca\/\"},{\"@type\":\"ListItem\",\"position\":2,\"name\":\"Become a Member\",\"item\":\"https:\/\/pppc.vsmdev.ca\/fr\/become-a-member\/\"},{\"@type\":\"ListItem\",\"position\":3,\"name\":\"Supplier\"}]},{\"@type\":\"WebSite\",\"@id\":\"https:\/\/pppc.vsmdev.ca\/#website\",\"url\":\"https:\/\/pppc.vsmdev.ca\/\",\"name\":\"Promotional Product Professionals of Canada Inc\",\"description\":\"\",\"potentialAction\":[{\"@type\":\"SearchAction\",\"target\":{\"@type\":\"EntryPoint\",\"urlTemplate\":\"https:\/\/pppc.vsmdev.ca\/?s={search_term_string}\"},\"query-input\":{\"@type\":\"PropertyValueSpecification\",\"valueRequired\":true,\"valueName\":\"search_term_string\"}}],\"inLanguage\":\"fr-CA\"}]}<\/script>\n<!-- \/ Yoast SEO plugin. -->","yoast_head_json":{"title":"Become a Supplier Member with Promotional Product Professionals of Canada","description":"As a PPPC supplier member, you can meet your customers and view your competitors when exhibiting at one of our annual shows like TOPS+ or NATCON. Showcase your products to over 6050 motivated distributors at other PPPC trade shows and events.","robots":{"index":"index","follow":"follow","max-snippet":"max-snippet:-1","max-image-preview":"max-image-preview:large","max-video-preview":"max-video-preview:-1"},"canonical":"https:\/\/pppc.vsmdev.ca\/fr\/become-a-member\/supplier\/","og_locale":"fr_CA","og_type":"article","og_title":"Become a Supplier Member with Promotional Product Professionals of Canada","og_description":"As a PPPC supplier member, you can meet your customers and view your competitors when exhibiting at one of our annual shows like TOPS+ or NATCON. Showcase your products to over 6050 motivated distributors at other PPPC trade shows and events.","og_url":"https:\/\/pppc.vsmdev.ca\/fr\/become-a-member\/supplier\/","og_site_name":"Promotional Product Professionals of Canada Inc","article_modified_time":"2024-04-11T19:48:44+00:00","twitter_card":"summary_large_image","twitter_misc":{"Estimation du temps de lecture":"3 minutes"},"schema":{"@context":"https:\/\/schema.org","@graph":[{"@type":"WebPage","@id":"https:\/\/pppc.vsmdev.ca\/fr\/become-a-member\/supplier\/","url":"https:\/\/pppc.vsmdev.ca\/fr\/become-a-member\/supplier\/","name":"Become a Supplier Member with Promotional Product Professionals of Canada","isPartOf":{"@id":"https:\/\/pppc.vsmdev.ca\/#website"},"datePublished":"2022-02-22T18:11:39+00:00","dateModified":"2024-04-11T19:48:44+00:00","description":"As a PPPC supplier member, you can meet your customers and view your competitors when exhibiting at one of our annual shows like TOPS+ or NATCON. Showcase your products to over 6050 motivated distributors at other PPPC trade shows and events.","breadcrumb":{"@id":"https:\/\/pppc.vsmdev.ca\/fr\/become-a-member\/supplier\/#breadcrumb"},"inLanguage":"fr-CA","potentialAction":[{"@type":"ReadAction","target":["https:\/\/pppc.vsmdev.ca\/fr\/become-a-member\/supplier\/"]}]},{"@type":"BreadcrumbList","@id":"https:\/\/pppc.vsmdev.ca\/fr\/become-a-member\/supplier\/#breadcrumb","itemListElement":[{"@type":"ListItem","position":1,"name":"Home","item":"https:\/\/pppc.vsmdev.ca\/"},{"@type":"ListItem","position":2,"name":"Become a Member","item":"https:\/\/pppc.vsmdev.ca\/fr\/become-a-member\/"},{"@type":"ListItem","position":3,"name":"Supplier"}]},{"@type":"WebSite","@id":"https:\/\/pppc.vsmdev.ca\/#website","url":"https:\/\/pppc.vsmdev.ca\/","name":"Promotional Product Professionals of Canada Inc","description":"","potentialAction":[{"@type":"SearchAction","target":{"@type":"EntryPoint","urlTemplate":"https:\/\/pppc.vsmdev.ca\/?s={search_term_string}"},"query-input":{"@type":"PropertyValueSpecification","valueRequired":true,"valueName":"search_term_string"}}],"inLanguage":"fr-CA"}]}},"coauthors":[],"author_meta":{"author_link":"https:\/\/pppc.vsmdev.ca\/fr\/author\/vsmadmin\/","display_name":"vsmadmin"},"relative_dates":{"created":"Posted 4 ann\u00e9es ago","modified":"Updated 2 ann\u00e9es ago"},"absolute_dates":{"created":"Posted on 22 f\u00e9vrier 2022","modified":"Updated on 11 avril 2024"},"absolute_dates_time":{"created":"Posted on 22 f\u00e9vrier 2022 1:11 pm","modified":"Updated on 11 avril 2024 3:48 pm"},"featured_img_caption":"","featured_img":false,"series_order":"","_links":{"self":[{"href":"https:\/\/pppc.vsmdev.ca\/fr\/wp-json\/wp\/v2\/pages\/19","targetHints":{"allow":["GET"]}}],"collection":[{"href":"https:\/\/pppc.vsmdev.ca\/fr\/wp-json\/wp\/v2\/pages"}],"about":[{"href":"https:\/\/pppc.vsmdev.ca\/fr\/wp-json\/wp\/v2\/types\/page"}],"author":[{"embeddable":true,"href":"https:\/\/pppc.vsmdev.ca\/fr\/wp-json\/wp\/v2\/users\/1"}],"replies":[{"embeddable":true,"href":"https:\/\/pppc.vsmdev.ca\/fr\/wp-json\/wp\/v2\/comments?post=19"}],"version-history":[{"count":10,"href":"https:\/\/pppc.vsmdev.ca\/fr\/wp-json\/wp\/v2\/pages\/19\/revisions"}],"predecessor-version":[{"id":7565,"href":"https:\/\/pppc.vsmdev.ca\/fr\/wp-json\/wp\/v2\/pages\/19\/revisions\/7565"}],"up":[{"embeddable":true,"href":"https:\/\/pppc.vsmdev.ca\/fr\/wp-json\/wp\/v2\/pages\/12"}],"wp:attachment":[{"href":"https:\/\/pppc.vsmdev.ca\/fr\/wp-json\/wp\/v2\/media?parent=19"}],"curies":[{"name":"wp","href":"https:\/\/api.w.org\/{rel}","templated":true}]}}