{"id":121,"date":"2022-02-23T16:05:39","date_gmt":"2022-02-23T21:05:39","guid":{"rendered":"http:\/\/pppc.vsmdev.ca\/?page_id=121"},"modified":"2024-08-23T18:39:03","modified_gmt":"2024-08-23T22:39:03","slug":"member-voted","status":"publish","type":"page","link":"https:\/\/pppc.vsmdev.ca\/fr\/awards\/member-voted\/","title":{"rendered":"Prix vot\u00e9s par les membres"},"content":{"rendered":"<div class=\"wp-block-buttons disable is-layout-flex wp-block-buttons-is-layout-flex\">\n<div class=\"wp-block-button\"><a class=\"wp-block-button__link wp-element-button\" href=\"https:\/\/www.surveymonkey.com\/r\/JG523PN\" target=\"_blank\" rel=\"noreferrer noopener\">Suppliers &amp; MLRs: Vote Here<\/a><\/div>\n\n\n\n<div class=\"wp-block-button\"><a class=\"wp-block-button__link wp-element-button\" href=\"https:\/\/www.surveymonkey.com\/r\/K8DR9R7\" target=\"_blank\" rel=\"noreferrer noopener\">Distributors: Vote Here<\/a><\/div>\n<\/div>\n\n\n\n<h2 class=\"wp-block-heading\" id=\"top-suppliers-distributors-and-mlrs-e388a6dc-e5a7-4dd2-9225-82d14f01ff60\">Top Suppliers, Distributors, and MLRs<\/h2>\n\n\n\n<p><strong>The 2024 Member-Voted Awards are Now Closed!<\/strong><\/p>\n\n\n\n<p class=\"disable\">Voting Deadline: July 14, 2023.<\/p>\n\n\n\n<h3 class=\"wp-block-heading\" id=\"professionals-awards-d5749efb-245c-4e1e-83ef-3449d6bcf0ce\">Prix professionnels<\/h3>\n\n\n\n<p>The Member-Voted \u201cof the Year\u201d Awards for Distributors, Suppliers, MLRs, Supplier Sales Representatives and Customer Representative are voted upon by PPPC members. Each voting PPPC member may cast 1-2 votes for each of the Member-Voted categories to help us identify this year\u2019s winners. Suppliers vote for Distributors and Distributors vote for Suppliers.<\/p>\n\n\n\n<h3 class=\"wp-block-heading\" id=\"distributor-vote-in-the-following-categories-5b41d5ae-a86d-41f5-9500-565eef5bfeb9\">Les distributeurs votent dans les cat\u00e9gories suivantes<\/h3>\n\n\n\n<p>Finalists who receive the most votes in these categories are presented with the PPPC Award trophies:<\/p>\n\n\n\n<h4 class=\"wp-block-heading\" id=\"1-supplier-of-the-year-9c29435f-2d29-4f10-aef3-1e2ef0f7987f\">1. Fournisseur de l'ann\u00e9e<\/h4>\n\n\n\n<p>A PPPC Supplier company that meets the following criteria: Excellent customer service, industry impact, product quality, imprint quality, catalogue quality, creative response, willingness to help (flexibility), delivery time, and pro-active sales and service.<\/p>\n\n\n\n<p>PPPC Supplier companies are separated into small, medium, and large sizes. Suppliers were categorized as small (revenue of up to $5 million), medium ($5-$12 million), and large ($12 million and up).&nbsp;<strong>Based on annual Canadian revenue only.<\/strong><\/p>\n\n\n\n<h4 class=\"wp-block-heading\" id=\"2-supplier-customer-service-representative-of-the-year-bb631269-b2dc-4f27-a71a-53bdcd1e984e\">2. Repr\u00e9sentant du service \u00e0 la client\u00e8le fournisseur de l\u2019ann\u00e9e<\/h4>\n\n\n\n<p>A PPPC Supplier individual that embodies the following characteristics: Caring attitude, quick response time, willingness to help (flexibility) and pro-active service.<\/p>\n\n\n\n<h4 class=\"wp-block-heading\" id=\"3-supplier-sales-representative-of-the-year-a47debda-627f-4181-bf10-6f0a8c35c9bb\">3. Supplier Sales Representative of the Year<\/h4>\n\n\n\n<p>Une personne, membre fournisseur des PPPC, qui incarne les qualit\u00e9s suivantes\u00a0: Attitude bienveillante, temps de r\u00e9ponse rapide, volont\u00e9 d\u2019aider (souplesse) et service proactif.<\/p>\n\n\n\n<h4 class=\"wp-block-heading\" id=\"4-multiline-agency-of-the-year-737d996c-7270-4b8f-9236-0fc59768d9c6\">4. Agence multi gammes de l\u2019ann\u00e9e<\/h4>\n\n\n\n<p>Un repr\u00e9sentant de fournisseur multi gammes membre des PPPC qui satisfait aux crit\u00e8res suivants\u00a0: Volont\u00e9 d\u2019\u00e9duquer et de motiver, r\u00e9solution cr\u00e9ative de probl\u00e8mes, connaissance des produits, assistance marketing, qualit\u00e9 de la pr\u00e9sentation et temps de r\u00e9ponse.<\/p>\n\n\n\n<p>PPPC Multi-Line Agencies are separated into East, Central, and West zones.<\/p>\n\n\n\n<hr class=\"wp-block-separator has-css-opacity\"\/>\n\n\n\n<h3 class=\"wp-block-heading\" id=\"suppliers-vote-in-the-following-categories-02bc75da-441a-461e-a469-206fb9c6fc00\">Les fournisseurs votent dans les cat\u00e9gories suivantes<\/h3>\n\n\n\n<h4 class=\"wp-block-heading\" id=\"1-distributor-of-the-year-78e801a9-39c1-45e9-b482-efd144a8e359\">1. Distributeur de l'ann\u00e9e<\/h4>\n\n\n\n<p>There are seven (7) Distributor of the Year awards distributed to deserving members each year. Divided by region (West, Central &amp; East) and size (Small, Medium &amp; Large enterprise), the Distributor of the Year recipients are voted upon based on the following criteria:<\/p>\n\n\n\n<ul class=\"wp-block-list\">\n<li>Professionnalisme<\/li>\n\n\n\n<li>Impact on Industry<\/li>\n\n\n\n<li>Cr\u00e9ativit\u00e9<\/li>\n\n\n\n<li>Vente proactive<\/li>\n\n\n\n<li>Loyaut\u00e9<\/li>\n\n\n\n<li>Gestion efficace des affaires<\/li>\n\n\n\n<li>Clart\u00e9 des bons de commande<\/li>\n\n\n\n<li>Volont\u00e9 de collaborer avec les fournisseurs<\/li>\n<\/ul>\n\n\n\n<p>The Distributor companies that receive the highest number of votes in each region are awarded a PPPC Distributor of the Year Award.<\/p>\n\n\n\n<h4 class=\"wp-block-heading\" id=\"2-national-distributor-of-the-year-5b5aa211-f7fe-439d-8bfd-da2a66378d1d\">2. Distributeur national de l'ann\u00e9e<\/h4>\n\n\n\n<p>In addition to the Distributor of the Year category, Suppliers can vote for the PPPC National Distributor of the Year. The National Distributor of the year embodies all of the same qualities as above, however, they have a larger, national presence in the industry. This coveted award is sought after by many PPPC Distributor members!<\/p>\n\n\n\n<p><\/p>\n\n\n\n<hr class=\"wp-block-separator has-alpha-channel-opacity\"\/>\n\n\n\n<p><\/p>","protected":false},"excerpt":{"rendered":"<p>Top Suppliers, Distributors, and MLRs The 2024 Member-Voted Awards are Now Closed! Voting Deadline: July 14, 2023. Professionals Awards The Member-Voted \u201cof the Year\u201d Awards for Distributors, Suppliers, MLRs, Supplier Sales Representatives and Customer Representative are voted upon by PPPC members. Each voting PPPC member may cast 1-2 votes for each of the Member-Voted categories <\/p>","protected":false},"author":1,"featured_media":0,"parent":29,"menu_order":4,"comment_status":"closed","ping_status":"closed","template":"","meta":{"_acf_changed":false,"advgb_blocks_editor_width":"","advgb_blocks_columns_visual_guide":"","episode_type":"","audio_file":"","cover_image":"","cover_image_id":"","duration":"","filesize":"","date_recorded":"","explicit":"","block":"","filesize_raw":"","footnotes":""},"class_list":["post-121","page","type-page","status-publish","hentry"],"acf":[],"yoast_head":"<!-- This site is optimized with the Yoast SEO plugin v23.5 - https:\/\/yoast.com\/wordpress\/plugins\/seo\/ -->\n<title>Member Voted - Promotional Product Professionals of Canada Inc<\/title>\n<meta name=\"description\" content=\"The awards for Distributor of the Year, Supplier of the Year, Supplier Customer Service Representative of the Year, Supplier Sales Representative of the Year, Multi-Line Agency of the Year, Best Website and Best Catalogue are voted upon by members of the PPPC.\" \/>\n<meta name=\"robots\" content=\"index, follow, max-snippet:-1, max-image-preview:large, max-video-preview:-1\" \/>\n<link rel=\"canonical\" href=\"https:\/\/pppc.vsmdev.ca\/fr\/awards\/member-voted\/\" \/>\n<meta property=\"og:locale\" content=\"fr_CA\" \/>\n<meta property=\"og:type\" content=\"article\" \/>\n<meta property=\"og:title\" content=\"Member Voted - Promotional Product Professionals of Canada Inc\" \/>\n<meta property=\"og:description\" content=\"The awards for Distributor of the Year, Supplier of the Year, Supplier Customer Service Representative of the Year, Supplier Sales Representative of the Year, Multi-Line Agency of the Year, Best Website and Best Catalogue are voted upon by members of the PPPC.\" \/>\n<meta property=\"og:url\" content=\"https:\/\/pppc.vsmdev.ca\/fr\/awards\/member-voted\/\" \/>\n<meta property=\"og:site_name\" content=\"Promotional Product Professionals of Canada Inc\" \/>\n<meta property=\"article:modified_time\" content=\"2024-08-23T22:39:03+00:00\" \/>\n<meta name=\"twitter:card\" content=\"summary_large_image\" \/>\n<meta name=\"twitter:label1\" content=\"Estimation du temps de lecture\" \/>\n\t<meta name=\"twitter:data1\" content=\"2 minutes\" \/>\n<script type=\"application\/ld+json\" class=\"yoast-schema-graph\">{\"@context\":\"https:\/\/schema.org\",\"@graph\":[{\"@type\":\"WebPage\",\"@id\":\"http:\/\/pppc.vsmdev.ca\/awards\/member-voted\/\",\"url\":\"http:\/\/pppc.vsmdev.ca\/awards\/member-voted\/\",\"name\":\"Member Voted - Promotional Product Professionals of Canada Inc\",\"isPartOf\":{\"@id\":\"https:\/\/pppc.vsmdev.ca\/#website\"},\"datePublished\":\"2022-02-23T21:05:39+00:00\",\"dateModified\":\"2024-08-23T22:39:03+00:00\",\"description\":\"The awards for Distributor of the Year, Supplier of the Year, Supplier Customer Service Representative of the Year, Supplier Sales Representative of the Year, Multi-Line Agency of the Year, Best Website and Best Catalogue are voted upon by members of the PPPC.\",\"breadcrumb\":{\"@id\":\"http:\/\/pppc.vsmdev.ca\/awards\/member-voted\/#breadcrumb\"},\"inLanguage\":\"fr-CA\",\"potentialAction\":[{\"@type\":\"ReadAction\",\"target\":[\"http:\/\/pppc.vsmdev.ca\/awards\/member-voted\/\"]}]},{\"@type\":\"BreadcrumbList\",\"@id\":\"http:\/\/pppc.vsmdev.ca\/awards\/member-voted\/#breadcrumb\",\"itemListElement\":[{\"@type\":\"ListItem\",\"position\":1,\"name\":\"Home\",\"item\":\"https:\/\/pppc.vsmdev.ca\/\"},{\"@type\":\"ListItem\",\"position\":2,\"name\":\"Awards\",\"item\":\"https:\/\/pppc.vsmdev.ca\/awards\/\"},{\"@type\":\"ListItem\",\"position\":3,\"name\":\"Member Voted\"}]},{\"@type\":\"WebSite\",\"@id\":\"https:\/\/pppc.vsmdev.ca\/#website\",\"url\":\"https:\/\/pppc.vsmdev.ca\/\",\"name\":\"Promotional Product Professionals of Canada Inc\",\"description\":\"\",\"potentialAction\":[{\"@type\":\"SearchAction\",\"target\":{\"@type\":\"EntryPoint\",\"urlTemplate\":\"https:\/\/pppc.vsmdev.ca\/?s={search_term_string}\"},\"query-input\":{\"@type\":\"PropertyValueSpecification\",\"valueRequired\":true,\"valueName\":\"search_term_string\"}}],\"inLanguage\":\"fr-CA\"}]}<\/script>\n<!-- \/ Yoast SEO plugin. -->","yoast_head_json":{"title":"Member Voted - Promotional Product Professionals of Canada Inc","description":"The awards for Distributor of the Year, Supplier of the Year, Supplier Customer Service Representative of the Year, Supplier Sales Representative of the Year, Multi-Line Agency of the Year, Best Website and Best Catalogue are voted upon by members of the PPPC.","robots":{"index":"index","follow":"follow","max-snippet":"max-snippet:-1","max-image-preview":"max-image-preview:large","max-video-preview":"max-video-preview:-1"},"canonical":"https:\/\/pppc.vsmdev.ca\/fr\/awards\/member-voted\/","og_locale":"fr_CA","og_type":"article","og_title":"Member Voted - Promotional Product Professionals of Canada Inc","og_description":"The awards for Distributor of the Year, Supplier of the Year, Supplier Customer Service Representative of the Year, Supplier Sales Representative of the Year, Multi-Line Agency of the Year, Best Website and Best Catalogue are voted upon by members of the PPPC.","og_url":"https:\/\/pppc.vsmdev.ca\/fr\/awards\/member-voted\/","og_site_name":"Promotional Product Professionals of Canada Inc","article_modified_time":"2024-08-23T22:39:03+00:00","twitter_card":"summary_large_image","twitter_misc":{"Estimation du temps de lecture":"2 minutes"},"schema":{"@context":"https:\/\/schema.org","@graph":[{"@type":"WebPage","@id":"http:\/\/pppc.vsmdev.ca\/awards\/member-voted\/","url":"http:\/\/pppc.vsmdev.ca\/awards\/member-voted\/","name":"Member Voted - Promotional Product Professionals of Canada Inc","isPartOf":{"@id":"https:\/\/pppc.vsmdev.ca\/#website"},"datePublished":"2022-02-23T21:05:39+00:00","dateModified":"2024-08-23T22:39:03+00:00","description":"The awards for Distributor of the Year, Supplier of the Year, Supplier Customer Service Representative of the Year, Supplier Sales Representative of the Year, Multi-Line Agency of the Year, Best Website and Best Catalogue are voted upon by members of the PPPC.","breadcrumb":{"@id":"http:\/\/pppc.vsmdev.ca\/awards\/member-voted\/#breadcrumb"},"inLanguage":"fr-CA","potentialAction":[{"@type":"ReadAction","target":["http:\/\/pppc.vsmdev.ca\/awards\/member-voted\/"]}]},{"@type":"BreadcrumbList","@id":"http:\/\/pppc.vsmdev.ca\/awards\/member-voted\/#breadcrumb","itemListElement":[{"@type":"ListItem","position":1,"name":"Home","item":"https:\/\/pppc.vsmdev.ca\/"},{"@type":"ListItem","position":2,"name":"Awards","item":"https:\/\/pppc.vsmdev.ca\/awards\/"},{"@type":"ListItem","position":3,"name":"Member Voted"}]},{"@type":"WebSite","@id":"https:\/\/pppc.vsmdev.ca\/#website","url":"https:\/\/pppc.vsmdev.ca\/","name":"Promotional Product Professionals of Canada Inc","description":"","potentialAction":[{"@type":"SearchAction","target":{"@type":"EntryPoint","urlTemplate":"https:\/\/pppc.vsmdev.ca\/?s={search_term_string}"},"query-input":{"@type":"PropertyValueSpecification","valueRequired":true,"valueName":"search_term_string"}}],"inLanguage":"fr-CA"}]}},"coauthors":[],"author_meta":{"author_link":"https:\/\/pppc.vsmdev.ca\/fr\/author\/vsmadmin\/","display_name":"vsmadmin"},"relative_dates":{"created":"Posted 4 ann\u00e9es ago","modified":"Updated 2 ann\u00e9es ago"},"absolute_dates":{"created":"Posted on 23 f\u00e9vrier 2022","modified":"Updated on 23 ao\u00fbt 2024"},"absolute_dates_time":{"created":"Posted on 23 f\u00e9vrier 2022 4:05 pm","modified":"Updated on 23 ao\u00fbt 2024 6:39 pm"},"featured_img_caption":"","featured_img":false,"series_order":"","_links":{"self":[{"href":"https:\/\/pppc.vsmdev.ca\/fr\/wp-json\/wp\/v2\/pages\/121","targetHints":{"allow":["GET"]}}],"collection":[{"href":"https:\/\/pppc.vsmdev.ca\/fr\/wp-json\/wp\/v2\/pages"}],"about":[{"href":"https:\/\/pppc.vsmdev.ca\/fr\/wp-json\/wp\/v2\/types\/page"}],"author":[{"embeddable":true,"href":"https:\/\/pppc.vsmdev.ca\/fr\/wp-json\/wp\/v2\/users\/1"}],"replies":[{"embeddable":true,"href":"https:\/\/pppc.vsmdev.ca\/fr\/wp-json\/wp\/v2\/comments?post=121"}],"version-history":[{"count":10,"href":"https:\/\/pppc.vsmdev.ca\/fr\/wp-json\/wp\/v2\/pages\/121\/revisions"}],"predecessor-version":[{"id":8266,"href":"https:\/\/pppc.vsmdev.ca\/fr\/wp-json\/wp\/v2\/pages\/121\/revisions\/8266"}],"up":[{"embeddable":true,"href":"https:\/\/pppc.vsmdev.ca\/fr\/wp-json\/wp\/v2\/pages\/29"}],"wp:attachment":[{"href":"https:\/\/pppc.vsmdev.ca\/fr\/wp-json\/wp\/v2\/media?parent=121"}],"curies":[{"name":"wp","href":"https:\/\/api.w.org\/{rel}","templated":true}]}}