{"id":110,"date":"2022-02-23T15:45:52","date_gmt":"2022-02-23T20:45:52","guid":{"rendered":"http:\/\/pppc.vsmdev.ca\/?page_id=110"},"modified":"2024-09-16T18:23:02","modified_gmt":"2024-09-16T22:23:02","slug":"hall-of-fame","status":"publish","type":"page","link":"https:\/\/pppc.vsmdev.ca\/fr\/awards\/hall-of-fame\/","title":{"rendered":"Le prix Hall of Fame de PPPC"},"content":{"rendered":"<p>Le&nbsp;<strong>prix Hall of Fame<\/strong>&nbsp;de PPPC est le prix de l'h\u00e9ritage de notre industrie qui reconna\u00eet les personnes qui ont eu un impact durable et positif sur notre association et notre industrie. C'est une fa\u00e7on d'honorer ceux qui ont accompli des choses extraordinaires et d'inspirer la prochaine g\u00e9n\u00e9ration de professionnels des produits promotionnels.<\/p>\n\n\n\n<p>Pour toute question, contactez&nbsp;<a href=\"mailto:awards@pppc.ca\" target=\"_blank\" rel=\"noreferrer noopener\">awards@pppc.ca<\/a><\/p>\n\n\n\n<hr class=\"wp-block-separator has-alpha-channel-opacity\"\/>\n\n\n<div class=\"wp-block-image\">\n<figure class=\"aligncenter size-large\"><img loading=\"lazy\" decoding=\"async\" width=\"682\" height=\"1024\" src=\"https:\/\/pppc.ca\/wp-content\/uploads\/2024\/09\/NATCON-Awards_13-1-682x1024.jpg\" alt=\"\" class=\"wp-image-8417\" srcset=\"https:\/\/pppc.vsmdev.ca\/wp-content\/uploads\/2024\/09\/NATCON-Awards_13-1-682x1024.jpg 682w, https:\/\/pppc.vsmdev.ca\/wp-content\/uploads\/2024\/09\/NATCON-Awards_13-1-200x300.jpg 200w, https:\/\/pppc.vsmdev.ca\/wp-content\/uploads\/2024\/09\/NATCON-Awards_13-1-768x1153.jpg 768w, https:\/\/pppc.vsmdev.ca\/wp-content\/uploads\/2024\/09\/NATCON-Awards_13-1-1023x1536.jpg 1023w, https:\/\/pppc.vsmdev.ca\/wp-content\/uploads\/2024\/09\/NATCON-Awards_13-1-8x12.jpg 8w, https:\/\/pppc.vsmdev.ca\/wp-content\/uploads\/2024\/09\/NATCON-Awards_13-1.jpg 1200w\" sizes=\"auto, (max-width: 682px) 100vw, 682px\" \/><\/figure>\n<\/div>\n\n\n<h2 class=\"wp-block-heading has-text-align-center\">Hall of Fame Award 2024<br><strong>David Lewenberg, Genumark<\/strong><\/h2>\n\n\n\n<hr class=\"wp-block-separator has-alpha-channel-opacity\"\/>\n\n\n\n<div class=\"wp-block-buttons is-content-justification-center is-layout-flex wp-container-core-buttons-is-layout-16018d1d wp-block-buttons-is-layout-flex\">\n<div class=\"wp-block-button\"><a class=\"wp-block-button__link wp-element-button\" href=\"https:\/\/pppc.ca\/awards\/hall-of-fame\/hall-of-fame-committee\/\">Hall of Fame Committee<\/a><\/div>\n\n\n\n<div class=\"wp-block-button\"><a class=\"wp-block-button__link wp-element-button\" href=\"https:\/\/pppc.vsmdev.ca\/fr\/awards\/hall-of-fame\/inductees\/\">Hall of Fame Inductees<\/a><\/div>\n<\/div>","protected":false},"excerpt":{"rendered":"<p>PPPC\u2019s&nbsp;Hall of Fame Award&nbsp;is our industry\u2019s legacy award that recognizes those individuals who have made a lasting and positive impact on our association and industry. It\u2019s a way to honour those who have accomplished extraordinary things, and to inspire our next generation of promotional product professionals. For any questions, contact&nbsp;awards@pppc.ca Hall of Fame Award 2024David <\/p>","protected":false},"author":1,"featured_media":0,"parent":29,"menu_order":2,"comment_status":"closed","ping_status":"closed","template":"","meta":{"_acf_changed":false,"advgb_blocks_editor_width":"","advgb_blocks_columns_visual_guide":"","episode_type":"","audio_file":"","cover_image":"","cover_image_id":"","duration":"","filesize":"","date_recorded":"","explicit":"","block":"","filesize_raw":"","footnotes":""},"class_list":["post-110","page","type-page","status-publish","hentry"],"acf":[],"yoast_head":"<!-- This site is optimized with the Yoast SEO plugin v23.5 - https:\/\/yoast.com\/wordpress\/plugins\/seo\/ -->\n<title>Hall of Fame - Promotional Product Professionals of Canada Inc<\/title>\n<meta name=\"description\" content=\"The Promotional Products industry has grown and prospered because of the creative spark and dedication of many. However, there are some individuals whose selfless efforts and devotion to the industry are monumental. It is these individuals to whom the Promotional Product Professionals of Canada give permanent recognition through induction into the Association\u2019s Hall of Fame.\" \/>\n<meta name=\"robots\" content=\"index, follow, max-snippet:-1, max-image-preview:large, max-video-preview:-1\" \/>\n<link rel=\"canonical\" href=\"https:\/\/pppc.vsmdev.ca\/fr\/awards\/hall-of-fame\/\" \/>\n<meta property=\"og:locale\" content=\"fr_CA\" \/>\n<meta property=\"og:type\" content=\"article\" \/>\n<meta property=\"og:title\" content=\"Hall of Fame - Promotional Product Professionals of Canada Inc\" \/>\n<meta property=\"og:description\" content=\"The Promotional Products industry has grown and prospered because of the creative spark and dedication of many. However, there are some individuals whose selfless efforts and devotion to the industry are monumental. It is these individuals to whom the Promotional Product Professionals of Canada give permanent recognition through induction into the Association\u2019s Hall of Fame.\" \/>\n<meta property=\"og:url\" content=\"https:\/\/pppc.vsmdev.ca\/fr\/awards\/hall-of-fame\/\" \/>\n<meta property=\"og:site_name\" content=\"Promotional Product Professionals of Canada Inc\" \/>\n<meta property=\"article:modified_time\" content=\"2024-09-16T22:23:02+00:00\" \/>\n<meta property=\"og:image\" content=\"https:\/\/pppc.ca\/wp-content\/uploads\/2024\/09\/NATCON-Awards_13-1-682x1024.jpg\" \/>\n<meta name=\"twitter:card\" content=\"summary_large_image\" \/>\n<meta name=\"twitter:label1\" content=\"Estimation du temps de lecture\" \/>\n\t<meta name=\"twitter:data1\" content=\"1 minute\" \/>\n<script type=\"application\/ld+json\" class=\"yoast-schema-graph\">{\"@context\":\"https:\/\/schema.org\",\"@graph\":[{\"@type\":\"WebPage\",\"@id\":\"http:\/\/pppc.vsmdev.ca\/awards\/hall-of-fame\/\",\"url\":\"http:\/\/pppc.vsmdev.ca\/awards\/hall-of-fame\/\",\"name\":\"Hall of Fame - Promotional Product Professionals of Canada Inc\",\"isPartOf\":{\"@id\":\"https:\/\/pppc.vsmdev.ca\/#website\"},\"primaryImageOfPage\":{\"@id\":\"http:\/\/pppc.vsmdev.ca\/awards\/hall-of-fame\/#primaryimage\"},\"image\":{\"@id\":\"http:\/\/pppc.vsmdev.ca\/awards\/hall-of-fame\/#primaryimage\"},\"thumbnailUrl\":\"https:\/\/pppc.ca\/wp-content\/uploads\/2024\/09\/NATCON-Awards_13-1-682x1024.jpg\",\"datePublished\":\"2022-02-23T20:45:52+00:00\",\"dateModified\":\"2024-09-16T22:23:02+00:00\",\"description\":\"The Promotional Products industry has grown and prospered because of the creative spark and dedication of many. However, there are some individuals whose selfless efforts and devotion to the industry are monumental. It is these individuals to whom the Promotional Product Professionals of Canada give permanent recognition through induction into the Association\u2019s Hall of Fame.\",\"breadcrumb\":{\"@id\":\"http:\/\/pppc.vsmdev.ca\/awards\/hall-of-fame\/#breadcrumb\"},\"inLanguage\":\"fr-CA\",\"potentialAction\":[{\"@type\":\"ReadAction\",\"target\":[\"http:\/\/pppc.vsmdev.ca\/awards\/hall-of-fame\/\"]}]},{\"@type\":\"ImageObject\",\"inLanguage\":\"fr-CA\",\"@id\":\"http:\/\/pppc.vsmdev.ca\/awards\/hall-of-fame\/#primaryimage\",\"url\":\"https:\/\/pppc.ca\/wp-content\/uploads\/2024\/09\/NATCON-Awards_13-1-682x1024.jpg\",\"contentUrl\":\"https:\/\/pppc.ca\/wp-content\/uploads\/2024\/09\/NATCON-Awards_13-1-682x1024.jpg\"},{\"@type\":\"BreadcrumbList\",\"@id\":\"http:\/\/pppc.vsmdev.ca\/awards\/hall-of-fame\/#breadcrumb\",\"itemListElement\":[{\"@type\":\"ListItem\",\"position\":1,\"name\":\"Home\",\"item\":\"https:\/\/pppc.vsmdev.ca\/\"},{\"@type\":\"ListItem\",\"position\":2,\"name\":\"Awards\",\"item\":\"https:\/\/pppc.vsmdev.ca\/awards\/\"},{\"@type\":\"ListItem\",\"position\":3,\"name\":\"Hall of Fame\"}]},{\"@type\":\"WebSite\",\"@id\":\"https:\/\/pppc.vsmdev.ca\/#website\",\"url\":\"https:\/\/pppc.vsmdev.ca\/\",\"name\":\"Promotional Product Professionals of Canada Inc\",\"description\":\"\",\"potentialAction\":[{\"@type\":\"SearchAction\",\"target\":{\"@type\":\"EntryPoint\",\"urlTemplate\":\"https:\/\/pppc.vsmdev.ca\/?s={search_term_string}\"},\"query-input\":{\"@type\":\"PropertyValueSpecification\",\"valueRequired\":true,\"valueName\":\"search_term_string\"}}],\"inLanguage\":\"fr-CA\"}]}<\/script>\n<!-- \/ Yoast SEO plugin. -->","yoast_head_json":{"title":"Hall of Fame - Promotional Product Professionals of Canada Inc","description":"The Promotional Products industry has grown and prospered because of the creative spark and dedication of many. However, there are some individuals whose selfless efforts and devotion to the industry are monumental. It is these individuals to whom the Promotional Product Professionals of Canada give permanent recognition through induction into the Association\u2019s Hall of Fame.","robots":{"index":"index","follow":"follow","max-snippet":"max-snippet:-1","max-image-preview":"max-image-preview:large","max-video-preview":"max-video-preview:-1"},"canonical":"https:\/\/pppc.vsmdev.ca\/fr\/awards\/hall-of-fame\/","og_locale":"fr_CA","og_type":"article","og_title":"Hall of Fame - Promotional Product Professionals of Canada Inc","og_description":"The Promotional Products industry has grown and prospered because of the creative spark and dedication of many. However, there are some individuals whose selfless efforts and devotion to the industry are monumental. It is these individuals to whom the Promotional Product Professionals of Canada give permanent recognition through induction into the Association\u2019s Hall of Fame.","og_url":"https:\/\/pppc.vsmdev.ca\/fr\/awards\/hall-of-fame\/","og_site_name":"Promotional Product Professionals of Canada Inc","article_modified_time":"2024-09-16T22:23:02+00:00","og_image":[{"url":"https:\/\/pppc.ca\/wp-content\/uploads\/2024\/09\/NATCON-Awards_13-1-682x1024.jpg"}],"twitter_card":"summary_large_image","twitter_misc":{"Estimation du temps de lecture":"1 minute"},"schema":{"@context":"https:\/\/schema.org","@graph":[{"@type":"WebPage","@id":"http:\/\/pppc.vsmdev.ca\/awards\/hall-of-fame\/","url":"http:\/\/pppc.vsmdev.ca\/awards\/hall-of-fame\/","name":"Hall of Fame - Promotional Product Professionals of Canada Inc","isPartOf":{"@id":"https:\/\/pppc.vsmdev.ca\/#website"},"primaryImageOfPage":{"@id":"http:\/\/pppc.vsmdev.ca\/awards\/hall-of-fame\/#primaryimage"},"image":{"@id":"http:\/\/pppc.vsmdev.ca\/awards\/hall-of-fame\/#primaryimage"},"thumbnailUrl":"https:\/\/pppc.ca\/wp-content\/uploads\/2024\/09\/NATCON-Awards_13-1-682x1024.jpg","datePublished":"2022-02-23T20:45:52+00:00","dateModified":"2024-09-16T22:23:02+00:00","description":"The Promotional Products industry has grown and prospered because of the creative spark and dedication of many. However, there are some individuals whose selfless efforts and devotion to the industry are monumental. It is these individuals to whom the Promotional Product Professionals of Canada give permanent recognition through induction into the Association\u2019s Hall of Fame.","breadcrumb":{"@id":"http:\/\/pppc.vsmdev.ca\/awards\/hall-of-fame\/#breadcrumb"},"inLanguage":"fr-CA","potentialAction":[{"@type":"ReadAction","target":["http:\/\/pppc.vsmdev.ca\/awards\/hall-of-fame\/"]}]},{"@type":"ImageObject","inLanguage":"fr-CA","@id":"http:\/\/pppc.vsmdev.ca\/awards\/hall-of-fame\/#primaryimage","url":"https:\/\/pppc.ca\/wp-content\/uploads\/2024\/09\/NATCON-Awards_13-1-682x1024.jpg","contentUrl":"https:\/\/pppc.ca\/wp-content\/uploads\/2024\/09\/NATCON-Awards_13-1-682x1024.jpg"},{"@type":"BreadcrumbList","@id":"http:\/\/pppc.vsmdev.ca\/awards\/hall-of-fame\/#breadcrumb","itemListElement":[{"@type":"ListItem","position":1,"name":"Home","item":"https:\/\/pppc.vsmdev.ca\/"},{"@type":"ListItem","position":2,"name":"Awards","item":"https:\/\/pppc.vsmdev.ca\/awards\/"},{"@type":"ListItem","position":3,"name":"Hall of Fame"}]},{"@type":"WebSite","@id":"https:\/\/pppc.vsmdev.ca\/#website","url":"https:\/\/pppc.vsmdev.ca\/","name":"Promotional Product Professionals of Canada Inc","description":"","potentialAction":[{"@type":"SearchAction","target":{"@type":"EntryPoint","urlTemplate":"https:\/\/pppc.vsmdev.ca\/?s={search_term_string}"},"query-input":{"@type":"PropertyValueSpecification","valueRequired":true,"valueName":"search_term_string"}}],"inLanguage":"fr-CA"}]}},"coauthors":[],"author_meta":{"author_link":"https:\/\/pppc.vsmdev.ca\/fr\/author\/vsmadmin\/","display_name":"vsmadmin"},"relative_dates":{"created":"Posted 4 ann\u00e9es ago","modified":"Updated 2 ann\u00e9es ago"},"absolute_dates":{"created":"Posted on 23 f\u00e9vrier 2022","modified":"Updated on 16 septembre 2024"},"absolute_dates_time":{"created":"Posted on 23 f\u00e9vrier 2022 3:45 pm","modified":"Updated on 16 septembre 2024 6:23 pm"},"featured_img_caption":"","featured_img":false,"series_order":"","_links":{"self":[{"href":"https:\/\/pppc.vsmdev.ca\/fr\/wp-json\/wp\/v2\/pages\/110","targetHints":{"allow":["GET"]}}],"collection":[{"href":"https:\/\/pppc.vsmdev.ca\/fr\/wp-json\/wp\/v2\/pages"}],"about":[{"href":"https:\/\/pppc.vsmdev.ca\/fr\/wp-json\/wp\/v2\/types\/page"}],"author":[{"embeddable":true,"href":"https:\/\/pppc.vsmdev.ca\/fr\/wp-json\/wp\/v2\/users\/1"}],"replies":[{"embeddable":true,"href":"https:\/\/pppc.vsmdev.ca\/fr\/wp-json\/wp\/v2\/comments?post=110"}],"version-history":[{"count":9,"href":"https:\/\/pppc.vsmdev.ca\/fr\/wp-json\/wp\/v2\/pages\/110\/revisions"}],"predecessor-version":[{"id":8425,"href":"https:\/\/pppc.vsmdev.ca\/fr\/wp-json\/wp\/v2\/pages\/110\/revisions\/8425"}],"up":[{"embeddable":true,"href":"https:\/\/pppc.vsmdev.ca\/fr\/wp-json\/wp\/v2\/pages\/29"}],"wp:attachment":[{"href":"https:\/\/pppc.vsmdev.ca\/fr\/wp-json\/wp\/v2\/media?parent=110"}],"curies":[{"name":"wp","href":"https:\/\/api.w.org\/{rel}","templated":true}]}}