{"id":87,"date":"2022-02-23T12:42:47","date_gmt":"2022-02-23T17:42:47","guid":{"rendered":"http:\/\/pppc.vsmdev.ca\/?page_id=87"},"modified":"2023-08-11T11:02:51","modified_gmt":"2023-08-11T15:02:51","slug":"our-partnership","status":"publish","type":"page","link":"http:\/\/pppc.vsmdev.ca\/fr\/about\/our-partnership\/","title":{"rendered":"Notre partenariat"},"content":{"rendered":"<div class=\"wp-block-image\">\n<figure class=\"aligncenter size-large\"><img loading=\"lazy\" decoding=\"async\" width=\"1024\" height=\"608\" src=\"http:\/\/pppc.vsmdev.ca\/wp-content\/uploads\/2022\/03\/PPPC-TriLogo-Colour-Vert-1024x608.jpg\" alt=\"\" class=\"wp-image-3565\" srcset=\"http:\/\/pppc.vsmdev.ca\/wp-content\/uploads\/2022\/03\/PPPC-TriLogo-Colour-Vert-1024x608.jpg 1024w, http:\/\/pppc.vsmdev.ca\/wp-content\/uploads\/2022\/03\/PPPC-TriLogo-Colour-Vert-300x178.jpg 300w, http:\/\/pppc.vsmdev.ca\/wp-content\/uploads\/2022\/03\/PPPC-TriLogo-Colour-Vert-768x456.jpg 768w, http:\/\/pppc.vsmdev.ca\/wp-content\/uploads\/2022\/03\/PPPC-TriLogo-Colour-Vert-18x12.jpg 18w, http:\/\/pppc.vsmdev.ca\/wp-content\/uploads\/2022\/03\/PPPC-TriLogo-Colour-Vert.jpg 1280w\" sizes=\"auto, (max-width: 1024px) 100vw, 1024px\" \/><\/figure>\n<\/div>\n\n\n<h2 class=\"wp-block-heading\" id=\"pppc-sage-ppai-cfb40072-98f2-4830-9168-b762d469831f\">PPPC, SAGE, et PPAI<\/h2>\n\n\n\n<p>PPPC is very pleased to announce a new strategic relationship between PPPC, SAGE, and PPAI that will deliver one comprehensive membership solution to promotional products distributors and suppliers in Canada.<\/p>\n\n\n\n<p>In addition to your existing PPPC membership benefits, this strategic relationship will provide new and existing members with the industry\u2019s leading technology solutions, provided by SAGE, as well as access to the trade shows, publications, education &amp; networking opportunities, business savings benefits, and legislative initiatives, provided by PPAI.<\/p>\n\n\n\n<p>Cette relation strat\u00e9gique fournira aux membres les outils et les services dont ils ont besoin pour faire croitre leur entreprise et la renforcer!<\/p>\n\n\n\n<h3 class=\"wp-block-heading\" id=\"contact-for-more-information-6557fe52-a8a2-4016-bcb2-aef17f7fb623\">Pour de plus amples renseignements :<\/h3>\n\n\n\n<div class=\"wp-block-columns is-layout-flex wp-container-core-columns-is-layout-9d6595d7 wp-block-columns-is-layout-flex\">\n<div class=\"wp-block-column is-layout-flow wp-block-column-is-layout-flow\">\n<h4 class=\"wp-block-heading\" id=\"pppc-260a4930-5576-4fe4-a888-a8e644ec3057\">PPPC<\/h4>\n\n\n\n<p><strong>Katrina Derksen<br><\/strong><em>Event &amp; Membership Manager<br><\/em>T: 866-450-7722 ext 209<br><a href=\"mailto:katrina@pppc.ca\">katrina@pppc.ca<\/a><\/p>\n<\/div>\n\n\n\n<div class=\"wp-block-column is-layout-flow wp-block-column-is-layout-flow\">\n<h4 class=\"wp-block-heading\" id=\"sage-1cb191d9-cfdc-4749-b3c6-298aa6f102d3\">SAGE<\/h4>\n\n\n\n<p><strong>Blake Bozeman<br><\/strong><em>Vice President of<\/em> <em>Sales<\/em><br>T: 800.925.7243<br><a href=\"mailto:Bille.Forman@sageworld.com\">Blake.Bozeman@sageworld.com<\/a><\/p>\n<\/div>\n\n\n\n<div class=\"wp-block-column is-layout-flow wp-block-column-is-layout-flow\">\n<h4 class=\"wp-block-heading\" id=\"ppai-79f03021-782c-4d05-ad45-5d21c8bf841b\">PPAI<\/h4>\n\n\n\n<p><strong>Mason Linn<\/strong><br><em>Membership Sales Leader<br><\/em>T: 888-426-7724<br><a href=\"mailto:mlinn@ppai.org\">mlinn@ppai.org<\/a><\/p>\n<\/div>\n<\/div>\n\n\n\n<hr class=\"wp-block-separator has-css-opacity\"\/>\n\n\n\n<p>PPPC is the leading not-for-profit organization for the Canadian promotional products industry with the most comprehensive networking and professional development offering. With PPPC\u2019s strategic relationship between SAGE and PPAI, their members will receive the industry\u2019s leading technology solutions, trade show opportunities, as well as education, networking opportunities, business savings benefits, and legislative initiatives.<\/p>\n\n\n\n<p>\u00ab\u00a0Nous avons pass\u00e9 les derniers mois \u00e0 \u00e9couter nos membres en pr\u00eatant une oreille attentive \u00e0 leurs demandes\u00a0\u00bb, explique Heidi Reimer-Epp, pr\u00e9sidente du conseil d\u2019administration des PPPC. \u00ab\u00a0\u00c0 partir de l\u00e0, nous avons formul\u00e9 nos trois objectifs pour cette ann\u00e9e\u00a0: fournir \u00e0 nos membres des solutions technologiques \u00e9prouv\u00e9es, am\u00e9liorer la valeur de l\u2019adh\u00e9sion \u00e0 notre association, et organiser des expositions commerciales qui valent le d\u00e9tour.\u00a0\u00bb<\/p>\n\n\n\n<p>Les distributeurs peuvent d\u00e9sormais b\u00e9n\u00e9ficier d\u2019un soutien aux membres et de puissantes capacit\u00e9s de recherche de produits gr\u00e2ce au prix avantageux de l\u2019adh\u00e9sion aux PPPC, soutenue par trois des organisations les plus solides du secteur des produits promotionnels. Les fournisseurs b\u00e9n\u00e9ficieront de tous les avantages d\u2019une adh\u00e9sion \u00e0 SAGE Advantage, qui leur permet de v\u00e9rifier leurs produits, de mettre \u00e0 jour les informations sur leurs produits et leurs activit\u00e9s, et de faire de la publicit\u00e9 sur toutes les plateformes de SAGE et sur les sites Web des distributeurs.<\/p>\n\n\n\n<p>\u00ab\u00a0C\u2019est exactement le partenariat que nous recherchions pour aider nos membres \u00e0 d\u00e9velopper leurs entreprises et \u00e0 renforcer l\u2019industrie des produits promotionnels au Canada\u00a0\u00bb, d\u00e9clare Jonathan Strauss, pr\u00e9sident et chef de la direction des PPPC. \u00ab\u00a0Nos membres nous disent qu\u2019ils ont besoin d\u2019une solution technologique qui fonctionne, et nous sommes ravis d\u2019avoir un partenaire \u00e9prouv\u00e9 avec SAGE. Nous sommes \u00e9galement impatients de continuer \u00e0 apprendre des nombreux succ\u00e8s de la Promotional Products Association International (PPAI) et de travailler avec elle pour d\u00e9velopper nos programmes et services.\u00a0\u00bb<\/p>\n\n\n\n<p>As part of this relationship, all new and renewing PPPC distributor members will receive a two-user subscription of SAGE Total Access, which includes SAGE Online, SAGE Web and SAGE Mobile, and provides distributors with a suite of product research, presentations, CRM, order management and virtual sampling solutions. In addition, distributor members will receive a PPAI membership, providing access to educational resources, networking opportunities, legislative initiatives, and various business-saving benefits. Also, as part of this relationship, all new and renewing PPPC supplier members will receive a SAGE Advantage Membership as part of their PPPC membership. These new PPPC member benefits will be issued each year upon payment of PPPC membership dues.<\/p>\n\n\n\n<p>In connection with the launch of this new relationship, PPPC is also offering all current PPPC distributor members who are not already SAGE Total Access subscribers access to SAGE Total Access plus PPAI membership until their next PPPC renewal date. PPPC supplier members who are not already SAGE Advantage Members will also have access to SAGE member benefits until their next PPPC renewal date. These complimentary subscriptions and memberships will be automatically activated by July 1, 2018. Each member will receive login instructions from SAGE via email when the member\u2019s service is active.<\/p>\n\n\n\n<p>\u00ab\u00a0SAGE est le chef de file dans l\u2019apport d\u2019outils de gestion d\u2019entreprise \u00e0 l\u2019industrie depuis plus de 26 ans\u00a0\u00bb, souligne David Natinsky, pr\u00e9sident de SAGE. \u00ab\u00a0Les membres des PPPC attendaient depuis longtemps une solution technologique qui fonctionnerait pour eux au Canada. Compte tenu de notre exp\u00e9rience dans l\u2019industrie et de notre connaissance approfondie du march\u00e9 canadien, nous sommes convaincus que nous pouvons fournir les outils et les services que les membres des PPPC recherchent pour les aider \u00e0 r\u00e9ussir sur le march\u00e9 canadien des produits promotionnels.\u00a0\u00bb<\/p>\n\n\n\n<p>In addition to many tailor-made features for the Canadian promotional products industry, SAGE has already implemented French language customer presentations in the recently released SAGE Online 14. A comprehensive development roadmap and implementation schedule, adding French language support to many of its services and client-facing materials are in progress, with new features being added as soon as July 1, 2018, and continuing into early 2019. These features will include a browser-based client for distributor research and business management as part of Total Access, client-facing email campaigns and distributor and company store websites, to name a few.<\/p>\n\n\n\n<p>H\u00e9bergeant la plus grande base de donn\u00e9es de l\u2019industrie, avec plus d\u2019un million de produits promotionnels et au-del\u00e0 de 4 300 fournisseurs, SAGE va lancer un effort pour int\u00e9grer toutes les donn\u00e9es des fournisseurs membres des PPPC qui ne font pas encore partie de sa base de donn\u00e9es. Avec le soutien d\u2019une adh\u00e9sion \u00e0 SAGE Advantage, les membres fournisseurs auront plusieurs options pour t\u00e9l\u00e9charger leurs donn\u00e9es et faire de la base de donn\u00e9es SAGE une solution encore plus compl\u00e8te pour tous ses utilisateurs.<\/p>\n\n\n\n<p>\u201cThis is the future of how you\u2019re seeing not-for-profit organizations collaborating together and working with for-profit companies that bring best-of-breed products and services to the industry,\u201d says Paul Bellantone, CAE, president and CEO of PPAI. \u201cI think this is really representative of how organizations are looking forward to what their members need today and what they need going forward. We think this is an opportunity for us to marshal our resources together, grow, and protect the industry in ways we haven\u2019t been able to do before.\u201d<\/p>\n\n\n\n<hr class=\"wp-block-separator has-css-opacity\"\/>\n\n\n\n<div class=\"wp-block-group impact-block\"><div class=\"wp-block-group__inner-container is-layout-flow wp-block-group-is-layout-flow\">\n<h3 class=\"wp-block-heading\" id=\"about-pppc-affe612f-c47d-4e71-be62-ed0b0cbbfa97\">\u00c0 propos des PPPC<\/h3>\n\n\n\n<p>Fond\u00e9e en 1956, les Professionnels en produits promotionnels du Canada (PPPC) constituent l\u2019association nationale sans but lucratif des fournisseurs et distributeurs de produits promotionnels pour les cadeaux d\u2019entreprise, les r\u00e9compenses, les incitatifs, les primes et les produits publicitaires sp\u00e9cialis\u00e9s. Leur mission consiste \u00e0 orienter, inspirer et faire progresser cette industrie de 1,8 milliard de dollars gr\u00e2ce \u00e0 la force d\u2019au-del\u00e0 de 6\u00a0000\u00a0entreprises actives dans l\u2019industrie et de leurs plus de 20 000 employ\u00e9s \u00e0 travers le Canada. Pour plus de d\u00e9tails, consultez le site www.pppc.ca\/fr\/.<\/p>\n<\/div><\/div>\n\n\n\n<div class=\"wp-block-group impact-block\"><div class=\"wp-block-group__inner-container is-layout-flow wp-block-group-is-layout-flow\">\n<h3 class=\"wp-block-heading\" id=\"about-sage-540355b8-26b9-41ba-96e7-fe47e90b8441\">\u00c0 propos de SAGE<\/h3>\n\n\n\n<p>Based in Addison, Texas, SAGE is the leading provider of information, marketing and business management solutions to the promotional products industry. In addition to SAGE\u2019s flagship SAGE Online\u2122, SAGE Mobile\u2122, and SAGE Web\u2122 research and business management services, SAGE also provides the industry with other research services, order management, website and email services, e-commerce solutions, end-buyer catalogs, artwork services, payment processing, tradeshows, tradeshow management services, and lead retrieval software. SAGE is also the exclusive technology partner of the Promotional Products Association International (PPAI) and of Promotional Product Professionals of Canada (PPPC). For more information, please visit www.sageworld.com or call 800-925-7243.<\/p>\n<\/div><\/div>\n\n\n\n<div class=\"wp-block-group impact-block\"><div class=\"wp-block-group__inner-container is-layout-flow wp-block-group-is-layout-flow\">\n<h3 class=\"wp-block-heading\" id=\"about-ppai-846cdb91-985a-4db9-a068-d1c47b15e5e6\">\u00c0 propos de la PPAI<\/h3>\n\n\n\n<p>Founded in 1903, the Promotional Products Association International is the world\u2019s largest and oldest not-for-profit association serving over 15,000 corporate members of the $23.3 billion promotional products industry, which comprises more than 40,500 businesses and a workforce of more than 500,000 professionals. PPAI represents the industry in Washington, D.C., and advocates on its behalf. PPAI operates The PPAI Expo, the industry\u2019s largest trade show; provides the leading promotional products safety and compliance program, a prestigious professional development and certification program; and publishes industry trade journals and publications. The multibillion-dollar industry includes wearables, writing instruments, calendars, drinkware and many other items, usually imprinted with a company\u2019s name, logo or message. For more information, visit PPAI.org.<\/p>\n\n\n\n<figure class=\"wp-block-embed is-type-video is-provider-youtube wp-block-embed-youtube wp-embed-aspect-16-9 wp-has-aspect-ratio\"><div class=\"wp-block-embed__wrapper\">\n<iframe loading=\"lazy\" title=\"PPPC, SAGE &amp; PPAI Announce Strategic Relationship\" width=\"500\" height=\"281\" src=\"https:\/\/www.youtube.com\/embed\/FwH1xtvqizI?feature=oembed\" frameborder=\"0\" allow=\"accelerometer; autoplay; clipboard-write; encrypted-media; gyroscope; picture-in-picture; web-share\" referrerpolicy=\"strict-origin-when-cross-origin\" allowfullscreen><\/iframe>\n<\/div><\/figure>\n<\/div><\/div>","protected":false},"excerpt":{"rendered":"<p>PPPC, SAGE, &amp; PPAI PPPC is very pleased to announce a new strategic relationship between PPPC, SAGE, and PPAI that will deliver one comprehensive membership solution to promotional products distributors and suppliers in Canada. In addition to your existing PPPC membership benefits, this strategic relationship will provide new and existing members with the industry\u2019s leading <\/p>","protected":false},"author":1,"featured_media":0,"parent":23,"menu_order":0,"comment_status":"closed","ping_status":"closed","template":"","meta":{"_acf_changed":false,"advgb_blocks_editor_width":"","advgb_blocks_columns_visual_guide":"","episode_type":"","audio_file":"","cover_image":"","cover_image_id":"","duration":"","filesize":"","date_recorded":"","explicit":"","block":"","filesize_raw":"","footnotes":""},"class_list":["post-87","page","type-page","status-publish","hentry"],"acf":[],"yoast_head":"<!-- This site is optimized with the Yoast SEO plugin v23.5 - https:\/\/yoast.com\/wordpress\/plugins\/seo\/ -->\n<title>Our Partnership - Promotional Product Professionals of Canada<\/title>\n<meta name=\"description\" content=\"PPPC is very pleased to announce a new strategic relationship between PPPC, SAGE, and PPAI, that will deliver one comprehensive membership solution to promotional products distributors and suppliers in Canada.\" \/>\n<meta name=\"robots\" content=\"index, follow, max-snippet:-1, max-image-preview:large, max-video-preview:-1\" \/>\n<link rel=\"canonical\" href=\"http:\/\/pppc.vsmdev.ca\/fr\/about\/our-partnership\/\" \/>\n<meta property=\"og:locale\" content=\"fr_CA\" \/>\n<meta property=\"og:type\" content=\"article\" \/>\n<meta property=\"og:title\" content=\"Our Partnership - Promotional Product Professionals of Canada\" \/>\n<meta property=\"og:description\" content=\"PPPC is very pleased to announce a new strategic relationship between PPPC, SAGE, and PPAI, that will deliver one comprehensive membership solution to promotional products distributors and suppliers in Canada.\" \/>\n<meta property=\"og:url\" content=\"http:\/\/pppc.vsmdev.ca\/fr\/about\/our-partnership\/\" \/>\n<meta property=\"og:site_name\" content=\"Promotional Product Professionals of Canada Inc\" \/>\n<meta property=\"article:modified_time\" content=\"2023-08-11T15:02:51+00:00\" \/>\n<meta property=\"og:image\" content=\"http:\/\/pppc.vsmdev.ca\/wp-content\/uploads\/2022\/03\/PPPC-TriLogo-Colour-Vert-1024x608.jpg\" \/>\n<meta name=\"twitter:card\" content=\"summary_large_image\" \/>\n<meta name=\"twitter:label1\" content=\"Estimation du temps de lecture\" \/>\n\t<meta name=\"twitter:data1\" content=\"6 minutes\" \/>\n<script type=\"application\/ld+json\" class=\"yoast-schema-graph\">{\"@context\":\"https:\/\/schema.org\",\"@graph\":[{\"@type\":\"WebPage\",\"@id\":\"http:\/\/pppc.vsmdev.ca\/fr\/about\/our-partnership\/\",\"url\":\"http:\/\/pppc.vsmdev.ca\/fr\/about\/our-partnership\/\",\"name\":\"Our Partnership - Promotional Product Professionals of Canada\",\"isPartOf\":{\"@id\":\"http:\/\/pppc.vsmdev.ca\/#website\"},\"primaryImageOfPage\":{\"@id\":\"http:\/\/pppc.vsmdev.ca\/fr\/about\/our-partnership\/#primaryimage\"},\"image\":{\"@id\":\"http:\/\/pppc.vsmdev.ca\/fr\/about\/our-partnership\/#primaryimage\"},\"thumbnailUrl\":\"http:\/\/pppc.vsmdev.ca\/wp-content\/uploads\/2022\/03\/PPPC-TriLogo-Colour-Vert-1024x608.jpg\",\"datePublished\":\"2022-02-23T17:42:47+00:00\",\"dateModified\":\"2023-08-11T15:02:51+00:00\",\"description\":\"PPPC is very pleased to announce a new strategic relationship between PPPC, SAGE, and PPAI, that will deliver one comprehensive membership solution to promotional products distributors and suppliers in Canada.\",\"breadcrumb\":{\"@id\":\"http:\/\/pppc.vsmdev.ca\/fr\/about\/our-partnership\/#breadcrumb\"},\"inLanguage\":\"fr-CA\",\"potentialAction\":[{\"@type\":\"ReadAction\",\"target\":[\"http:\/\/pppc.vsmdev.ca\/fr\/about\/our-partnership\/\"]}]},{\"@type\":\"ImageObject\",\"inLanguage\":\"fr-CA\",\"@id\":\"http:\/\/pppc.vsmdev.ca\/fr\/about\/our-partnership\/#primaryimage\",\"url\":\"http:\/\/pppc.vsmdev.ca\/wp-content\/uploads\/2022\/03\/PPPC-TriLogo-Colour-Vert-1024x608.jpg\",\"contentUrl\":\"http:\/\/pppc.vsmdev.ca\/wp-content\/uploads\/2022\/03\/PPPC-TriLogo-Colour-Vert-1024x608.jpg\"},{\"@type\":\"BreadcrumbList\",\"@id\":\"http:\/\/pppc.vsmdev.ca\/fr\/about\/our-partnership\/#breadcrumb\",\"itemListElement\":[{\"@type\":\"ListItem\",\"position\":1,\"name\":\"Home\",\"item\":\"http:\/\/pppc.vsmdev.ca\/fr\/\"},{\"@type\":\"ListItem\",\"position\":2,\"name\":\"About\",\"item\":\"http:\/\/pppc.vsmdev.ca\/fr\/about\/\"},{\"@type\":\"ListItem\",\"position\":3,\"name\":\"Our Partnership\"}]},{\"@type\":\"WebSite\",\"@id\":\"http:\/\/pppc.vsmdev.ca\/#website\",\"url\":\"http:\/\/pppc.vsmdev.ca\/\",\"name\":\"Promotional Product Professionals of Canada Inc\",\"description\":\"\",\"potentialAction\":[{\"@type\":\"SearchAction\",\"target\":{\"@type\":\"EntryPoint\",\"urlTemplate\":\"http:\/\/pppc.vsmdev.ca\/?s={search_term_string}\"},\"query-input\":{\"@type\":\"PropertyValueSpecification\",\"valueRequired\":true,\"valueName\":\"search_term_string\"}}],\"inLanguage\":\"fr-CA\"}]}<\/script>\n<!-- \/ Yoast SEO plugin. -->","yoast_head_json":{"title":"Our Partnership - Promotional Product Professionals of Canada","description":"PPPC is very pleased to announce a new strategic relationship between PPPC, SAGE, and PPAI, that will deliver one comprehensive membership solution to promotional products distributors and suppliers in Canada.","robots":{"index":"index","follow":"follow","max-snippet":"max-snippet:-1","max-image-preview":"max-image-preview:large","max-video-preview":"max-video-preview:-1"},"canonical":"http:\/\/pppc.vsmdev.ca\/fr\/about\/our-partnership\/","og_locale":"fr_CA","og_type":"article","og_title":"Our Partnership - Promotional Product Professionals of Canada","og_description":"PPPC is very pleased to announce a new strategic relationship between PPPC, SAGE, and PPAI, that will deliver one comprehensive membership solution to promotional products distributors and suppliers in Canada.","og_url":"http:\/\/pppc.vsmdev.ca\/fr\/about\/our-partnership\/","og_site_name":"Promotional Product Professionals of Canada Inc","article_modified_time":"2023-08-11T15:02:51+00:00","og_image":[{"url":"http:\/\/pppc.vsmdev.ca\/wp-content\/uploads\/2022\/03\/PPPC-TriLogo-Colour-Vert-1024x608.jpg"}],"twitter_card":"summary_large_image","twitter_misc":{"Estimation du temps de lecture":"6 minutes"},"schema":{"@context":"https:\/\/schema.org","@graph":[{"@type":"WebPage","@id":"http:\/\/pppc.vsmdev.ca\/fr\/about\/our-partnership\/","url":"http:\/\/pppc.vsmdev.ca\/fr\/about\/our-partnership\/","name":"Our Partnership - Promotional Product Professionals of Canada","isPartOf":{"@id":"http:\/\/pppc.vsmdev.ca\/#website"},"primaryImageOfPage":{"@id":"http:\/\/pppc.vsmdev.ca\/fr\/about\/our-partnership\/#primaryimage"},"image":{"@id":"http:\/\/pppc.vsmdev.ca\/fr\/about\/our-partnership\/#primaryimage"},"thumbnailUrl":"http:\/\/pppc.vsmdev.ca\/wp-content\/uploads\/2022\/03\/PPPC-TriLogo-Colour-Vert-1024x608.jpg","datePublished":"2022-02-23T17:42:47+00:00","dateModified":"2023-08-11T15:02:51+00:00","description":"PPPC is very pleased to announce a new strategic relationship between PPPC, SAGE, and PPAI, that will deliver one comprehensive membership solution to promotional products distributors and suppliers in Canada.","breadcrumb":{"@id":"http:\/\/pppc.vsmdev.ca\/fr\/about\/our-partnership\/#breadcrumb"},"inLanguage":"fr-CA","potentialAction":[{"@type":"ReadAction","target":["http:\/\/pppc.vsmdev.ca\/fr\/about\/our-partnership\/"]}]},{"@type":"ImageObject","inLanguage":"fr-CA","@id":"http:\/\/pppc.vsmdev.ca\/fr\/about\/our-partnership\/#primaryimage","url":"http:\/\/pppc.vsmdev.ca\/wp-content\/uploads\/2022\/03\/PPPC-TriLogo-Colour-Vert-1024x608.jpg","contentUrl":"http:\/\/pppc.vsmdev.ca\/wp-content\/uploads\/2022\/03\/PPPC-TriLogo-Colour-Vert-1024x608.jpg"},{"@type":"BreadcrumbList","@id":"http:\/\/pppc.vsmdev.ca\/fr\/about\/our-partnership\/#breadcrumb","itemListElement":[{"@type":"ListItem","position":1,"name":"Home","item":"http:\/\/pppc.vsmdev.ca\/fr\/"},{"@type":"ListItem","position":2,"name":"About","item":"http:\/\/pppc.vsmdev.ca\/fr\/about\/"},{"@type":"ListItem","position":3,"name":"Our Partnership"}]},{"@type":"WebSite","@id":"http:\/\/pppc.vsmdev.ca\/#website","url":"http:\/\/pppc.vsmdev.ca\/","name":"Promotional Product Professionals of Canada Inc","description":"","potentialAction":[{"@type":"SearchAction","target":{"@type":"EntryPoint","urlTemplate":"http:\/\/pppc.vsmdev.ca\/?s={search_term_string}"},"query-input":{"@type":"PropertyValueSpecification","valueRequired":true,"valueName":"search_term_string"}}],"inLanguage":"fr-CA"}]}},"coauthors":[],"author_meta":{"author_link":"http:\/\/pppc.vsmdev.ca\/fr\/author\/vsmadmin\/","display_name":"vsmadmin"},"relative_dates":{"created":"Posted 4 ann\u00e9es ago","modified":"Updated 3 ann\u00e9es ago"},"absolute_dates":{"created":"Posted on 23 f\u00e9vrier 2022","modified":"Updated on 11 ao\u00fbt 2023"},"absolute_dates_time":{"created":"Posted on 23 f\u00e9vrier 2022 12:42 pm","modified":"Updated on 11 ao\u00fbt 2023 11:02 am"},"featured_img_caption":"","featured_img":false,"series_order":"","_links":{"self":[{"href":"http:\/\/pppc.vsmdev.ca\/fr\/wp-json\/wp\/v2\/pages\/87","targetHints":{"allow":["GET"]}}],"collection":[{"href":"http:\/\/pppc.vsmdev.ca\/fr\/wp-json\/wp\/v2\/pages"}],"about":[{"href":"http:\/\/pppc.vsmdev.ca\/fr\/wp-json\/wp\/v2\/types\/page"}],"author":[{"embeddable":true,"href":"http:\/\/pppc.vsmdev.ca\/fr\/wp-json\/wp\/v2\/users\/1"}],"replies":[{"embeddable":true,"href":"http:\/\/pppc.vsmdev.ca\/fr\/wp-json\/wp\/v2\/comments?post=87"}],"version-history":[{"count":10,"href":"http:\/\/pppc.vsmdev.ca\/fr\/wp-json\/wp\/v2\/pages\/87\/revisions"}],"predecessor-version":[{"id":6549,"href":"http:\/\/pppc.vsmdev.ca\/fr\/wp-json\/wp\/v2\/pages\/87\/revisions\/6549"}],"up":[{"embeddable":true,"href":"http:\/\/pppc.vsmdev.ca\/fr\/wp-json\/wp\/v2\/pages\/23"}],"wp:attachment":[{"href":"http:\/\/pppc.vsmdev.ca\/fr\/wp-json\/wp\/v2\/media?parent=87"}],"curies":[{"name":"wp","href":"https:\/\/api.w.org\/{rel}","templated":true}]}}