{"id":7225,"date":"2023-12-18T21:01:33","date_gmt":"2023-12-19T02:01:33","guid":{"rendered":"https:\/\/pppc.ca\/?page_id=7225"},"modified":"2024-06-24T19:34:54","modified_gmt":"2024-06-24T23:34:54","slug":"head-office-staff","status":"publish","type":"page","link":"http:\/\/pppc.vsmdev.ca\/fr\/about\/head-office-staff\/","title":{"rendered":"Head Office Staff"},"content":{"rendered":"<div class=\"wp-block-columns is-layout-flex wp-container-core-columns-is-layout-9d6595d7 wp-block-columns-is-layout-flex\">\n<div class=\"wp-block-column is-layout-flow wp-block-column-is-layout-flow\">\n<figure class=\"wp-block-image size-full is-resized\"><img loading=\"lazy\" decoding=\"async\" width=\"408\" height=\"440\" src=\"https:\/\/pppc.ca\/wp-content\/uploads\/2023\/09\/PPPC_2023_HeadShots_-removebg-preview-e1695416646987.png\" alt=\"\" class=\"wp-image-6918\" style=\"object-fit:cover;width:250px;height:270px\" srcset=\"http:\/\/pppc.vsmdev.ca\/wp-content\/uploads\/2023\/09\/PPPC_2023_HeadShots_-removebg-preview-e1695416646987.png 408w, http:\/\/pppc.vsmdev.ca\/wp-content\/uploads\/2023\/09\/PPPC_2023_HeadShots_-removebg-preview-e1695416646987-278x300.png 278w, http:\/\/pppc.vsmdev.ca\/wp-content\/uploads\/2023\/09\/PPPC_2023_HeadShots_-removebg-preview-e1695416646987-11x12.png 11w\" sizes=\"auto, (max-width: 408px) 100vw, 408px\" \/><\/figure>\n\n\n\n<p><em>PR\u00c9SIDENT-DIRECTEUR G\u00c9N\u00c9RAL<\/em><br><strong>JONATHAN N. STRAUSS<\/strong><\/p>\n<\/div>\n\n\n\n<div class=\"wp-block-column is-layout-flow wp-block-column-is-layout-flow\">\n<figure class=\"wp-block-image size-large size-full\"><img decoding=\"async\" src=\"http:\/\/pppc.ca\/wp-content\/uploads\/2022\/03\/head-office-pam-forsyth.jpg\" alt=\"\"\/><\/figure>\n\n\n\n<p><em>DIRECTRICE DE LA COMPTABILIT\u00c9<\/em><br><strong>PAM FORSYTH<\/strong><\/p>\n<\/div>\n<\/div>\n\n\n\n<div class=\"wp-block-columns is-layout-flex wp-container-core-columns-is-layout-9d6595d7 wp-block-columns-is-layout-flex\">\n<div class=\"wp-block-column is-layout-flow wp-block-column-is-layout-flow\">\n<figure class=\"wp-block-image size-large size-full\"><img decoding=\"async\" src=\"http:\/\/pppc.ca\/wp-content\/uploads\/2022\/03\/head-office-katrina-derksen.jpg\" alt=\"\"\/><\/figure>\n\n\n\n<p><em>EVENT AND MEMBERSHIP MANAGER<\/em><br><strong>KATRINA A. DERKSEN<\/strong>, MAS<\/p>\n<\/div>\n\n\n\n<div class=\"wp-block-column is-layout-flow wp-block-column-is-layout-flow\">\n<figure class=\"wp-block-image size-full is-resized\"><img loading=\"lazy\" decoding=\"async\" width=\"220\" height=\"237\" src=\"https:\/\/pppc.ca\/wp-content\/uploads\/2023\/07\/Connie-Barbon-e1689189642235.jpg\" alt=\"\" class=\"wp-image-6398\" style=\"width:250px;height:270px\" srcset=\"http:\/\/pppc.vsmdev.ca\/wp-content\/uploads\/2023\/07\/Connie-Barbon-e1689189642235.jpg 220w, http:\/\/pppc.vsmdev.ca\/wp-content\/uploads\/2023\/07\/Connie-Barbon-e1689189642235-11x12.jpg 11w\" sizes=\"auto, (max-width: 220px) 100vw, 220px\" \/><\/figure>\n\n\n\n<p><em><em>EVENT COORDINATOR<\/em><br><\/em><strong><strong>CONNIE BARBON<\/strong><\/strong><\/p>\n<\/div>\n<\/div>\n\n\n\n<div class=\"wp-block-columns is-layout-flex wp-container-core-columns-is-layout-9d6595d7 wp-block-columns-is-layout-flex\">\n<div class=\"wp-block-column is-layout-flow wp-block-column-is-layout-flow\">\n<figure class=\"wp-block-image size-full is-resized\"><img loading=\"lazy\" decoding=\"async\" width=\"200\" height=\"216\" src=\"https:\/\/pppc.ca\/wp-content\/uploads\/2023\/07\/Headshot-Natalia-M-e1689189665441.png\" alt=\"\" class=\"wp-image-6399\" style=\"width:250px;height:270px\" srcset=\"http:\/\/pppc.vsmdev.ca\/wp-content\/uploads\/2023\/07\/Headshot-Natalia-M-e1689189665441.png 200w, http:\/\/pppc.vsmdev.ca\/wp-content\/uploads\/2023\/07\/Headshot-Natalia-M-e1689189665441-11x12.png 11w\" sizes=\"auto, (max-width: 200px) 100vw, 200px\" \/><\/figure>\n\n\n\n<p><em>GRAPHIC DESIGNER<br><\/em><strong>NATALIA M. MENDOZA<\/strong><\/p>\n<\/div>\n\n\n\n<div class=\"wp-block-column is-layout-flow wp-block-column-is-layout-flow\">\n<figure class=\"wp-block-image size-full is-resized\"><img loading=\"lazy\" decoding=\"async\" width=\"200\" height=\"216\" src=\"https:\/\/pppc.ca\/wp-content\/uploads\/2023\/07\/Katia-Headshot-e1689189684268.png\" alt=\"\" class=\"wp-image-6400\" style=\"width:250px;height:270px\" srcset=\"http:\/\/pppc.vsmdev.ca\/wp-content\/uploads\/2023\/07\/Katia-Headshot-e1689189684268.png 200w, http:\/\/pppc.vsmdev.ca\/wp-content\/uploads\/2023\/07\/Katia-Headshot-e1689189684268-11x12.png 11w\" sizes=\"auto, (max-width: 200px) 100vw, 200px\" \/><\/figure>\n\n\n\n<p><em>SP\u00c9CIALISTE DES COMMUNICATIONS<\/em><br><strong>KATIA RAMIREZ<\/strong><\/p>\n<\/div>\n<\/div>\n\n\n\n<div class=\"wp-block-columns is-layout-flex wp-container-core-columns-is-layout-9d6595d7 wp-block-columns-is-layout-flex\">\n<div class=\"wp-block-column is-layout-flow wp-block-column-is-layout-flow\">\n<figure class=\"wp-block-image size-full is-resized\"><img loading=\"lazy\" decoding=\"async\" width=\"200\" height=\"216\" src=\"https:\/\/pppc.ca\/wp-content\/uploads\/2024\/06\/image.png\" alt=\"This image has an empty alt attribute; its file name is MWB-e1689189703909.png\" class=\"wp-image-8069\" style=\"width:250px;height:270px\" srcset=\"http:\/\/pppc.vsmdev.ca\/wp-content\/uploads\/2024\/06\/image.png 200w, http:\/\/pppc.vsmdev.ca\/wp-content\/uploads\/2024\/06\/image-11x12.png 11w\" sizes=\"auto, (max-width: 200px) 100vw, 200px\" \/><\/figure>\n\n\n\n<p><em>MARKETING &amp; COMMUNICATIONS MANAGER<\/em><br><strong>MARGARET WILLIAMSON BATUSZKIN<\/strong><\/p>\n<\/div>\n\n\n\n<div class=\"wp-block-column is-layout-flow wp-block-column-is-layout-flow\">\n<figure class=\"wp-block-image size-full is-resized\"><img loading=\"lazy\" decoding=\"async\" width=\"408\" height=\"440\" src=\"https:\/\/pppc.ca\/wp-content\/uploads\/2023\/09\/PPPC_2023_HeadShots_2-min-removebg-preview-e1695342458266.png\" alt=\"\" class=\"wp-image-6915\" style=\"object-fit:cover;width:250px;height:270px\" srcset=\"http:\/\/pppc.vsmdev.ca\/wp-content\/uploads\/2023\/09\/PPPC_2023_HeadShots_2-min-removebg-preview-e1695342458266.png 408w, http:\/\/pppc.vsmdev.ca\/wp-content\/uploads\/2023\/09\/PPPC_2023_HeadShots_2-min-removebg-preview-e1695342458266-278x300.png 278w, http:\/\/pppc.vsmdev.ca\/wp-content\/uploads\/2023\/09\/PPPC_2023_HeadShots_2-min-removebg-preview-e1695342458266-11x12.png 11w\" sizes=\"auto, (max-width: 408px) 100vw, 408px\" \/><\/figure>\n\n\n\n<p><em>BILINGUAL ASSOCIATION COORDINATOR<\/em><br><strong>MARINA MUVIRA<\/strong><\/p>\n<\/div>\n<\/div>\n\n\n\n<div class=\"wp-block-columns is-layout-flex wp-container-core-columns-is-layout-9d6595d7 wp-block-columns-is-layout-flex\">\n<div class=\"wp-block-column is-layout-flow wp-block-column-is-layout-flow\"><\/div>\n\n\n\n<div class=\"wp-block-column is-layout-flow wp-block-column-is-layout-flow\"><\/div>\n<\/div>","protected":false},"excerpt":{"rendered":"<p>PRESIDENT &amp; CEOJONATHAN N. STRAUSS ACCOUNTING MANAGERPAM FORSYTH EVENT AND MEMBERSHIP MANAGERKATRINA A. DERKSEN, MAS EVENT COORDINATORCONNIE BARBON GRAPHIC DESIGNERNATALIA M. MENDOZA COMMUNICATIONS SPECIALISTKATIA RAMIREZ MARKETING &amp; COMMUNICATIONS MANAGERMARGARET WILLIAMSON BATUSZKIN BILINGUAL ASSOCIATION COORDINATORMARINA MUVIRA<\/p>","protected":false},"author":9,"featured_media":0,"parent":23,"menu_order":0,"comment_status":"closed","ping_status":"closed","template":"","meta":{"_acf_changed":false,"advgb_blocks_editor_width":"","advgb_blocks_columns_visual_guide":"","episode_type":"","audio_file":"","cover_image":"","cover_image_id":"","duration":"","filesize":"","date_recorded":"","explicit":"","block":"","filesize_raw":"","footnotes":""},"class_list":["post-7225","page","type-page","status-publish","hentry"],"acf":[],"yoast_head":"<!-- This site is optimized with the Yoast SEO plugin v23.5 - https:\/\/yoast.com\/wordpress\/plugins\/seo\/ -->\n<title>Head Office Staff - Promotional Product Professionals of Canada Inc<\/title>\n<meta name=\"robots\" content=\"index, follow, max-snippet:-1, max-image-preview:large, max-video-preview:-1\" \/>\n<link rel=\"canonical\" href=\"http:\/\/pppc.vsmdev.ca\/fr\/about\/head-office-staff\/\" \/>\n<meta property=\"og:locale\" content=\"fr_CA\" \/>\n<meta property=\"og:type\" content=\"article\" \/>\n<meta property=\"og:title\" content=\"Head Office Staff - Promotional Product Professionals of Canada Inc\" \/>\n<meta property=\"og:description\" content=\"PRESIDENT &amp; CEOJONATHAN N. STRAUSS ACCOUNTING MANAGERPAM FORSYTH EVENT AND MEMBERSHIP MANAGERKATRINA A. DERKSEN, MAS EVENT COORDINATORCONNIE BARBON GRAPHIC DESIGNERNATALIA M. MENDOZA COMMUNICATIONS SPECIALISTKATIA RAMIREZ MARKETING &amp; COMMUNICATIONS MANAGERMARGARET WILLIAMSON BATUSZKIN BILINGUAL ASSOCIATION COORDINATORMARINA MUVIRA\" \/>\n<meta property=\"og:url\" content=\"http:\/\/pppc.vsmdev.ca\/fr\/about\/head-office-staff\/\" \/>\n<meta property=\"og:site_name\" content=\"Promotional Product Professionals of Canada Inc\" \/>\n<meta property=\"article:modified_time\" content=\"2024-06-24T23:34:54+00:00\" \/>\n<meta property=\"og:image\" content=\"https:\/\/pppc.ca\/wp-content\/uploads\/2023\/09\/PPPC_2023_HeadShots_-removebg-preview-e1695416646987.png\" \/>\n<meta name=\"twitter:card\" content=\"summary_large_image\" \/>\n<meta name=\"twitter:label1\" content=\"Estimation du temps de lecture\" \/>\n\t<meta name=\"twitter:data1\" content=\"2 minutes\" \/>\n<script type=\"application\/ld+json\" class=\"yoast-schema-graph\">{\"@context\":\"https:\/\/schema.org\",\"@graph\":[{\"@type\":\"WebPage\",\"@id\":\"http:\/\/pppc.vsmdev.ca\/fr\/about\/head-office-staff\/\",\"url\":\"http:\/\/pppc.vsmdev.ca\/fr\/about\/head-office-staff\/\",\"name\":\"Head Office Staff - Promotional Product Professionals of Canada Inc\",\"isPartOf\":{\"@id\":\"http:\/\/pppc.vsmdev.ca\/#website\"},\"primaryImageOfPage\":{\"@id\":\"http:\/\/pppc.vsmdev.ca\/fr\/about\/head-office-staff\/#primaryimage\"},\"image\":{\"@id\":\"http:\/\/pppc.vsmdev.ca\/fr\/about\/head-office-staff\/#primaryimage\"},\"thumbnailUrl\":\"https:\/\/pppc.ca\/wp-content\/uploads\/2023\/09\/PPPC_2023_HeadShots_-removebg-preview-e1695416646987.png\",\"datePublished\":\"2023-12-19T02:01:33+00:00\",\"dateModified\":\"2024-06-24T23:34:54+00:00\",\"breadcrumb\":{\"@id\":\"http:\/\/pppc.vsmdev.ca\/fr\/about\/head-office-staff\/#breadcrumb\"},\"inLanguage\":\"fr-CA\",\"potentialAction\":[{\"@type\":\"ReadAction\",\"target\":[\"http:\/\/pppc.vsmdev.ca\/fr\/about\/head-office-staff\/\"]}]},{\"@type\":\"ImageObject\",\"inLanguage\":\"fr-CA\",\"@id\":\"http:\/\/pppc.vsmdev.ca\/fr\/about\/head-office-staff\/#primaryimage\",\"url\":\"https:\/\/pppc.ca\/wp-content\/uploads\/2023\/09\/PPPC_2023_HeadShots_-removebg-preview-e1695416646987.png\",\"contentUrl\":\"https:\/\/pppc.ca\/wp-content\/uploads\/2023\/09\/PPPC_2023_HeadShots_-removebg-preview-e1695416646987.png\"},{\"@type\":\"BreadcrumbList\",\"@id\":\"http:\/\/pppc.vsmdev.ca\/fr\/about\/head-office-staff\/#breadcrumb\",\"itemListElement\":[{\"@type\":\"ListItem\",\"position\":1,\"name\":\"Home\",\"item\":\"http:\/\/pppc.vsmdev.ca\/fr\/\"},{\"@type\":\"ListItem\",\"position\":2,\"name\":\"About\",\"item\":\"http:\/\/pppc.vsmdev.ca\/fr\/about\/\"},{\"@type\":\"ListItem\",\"position\":3,\"name\":\"Head Office Staff\"}]},{\"@type\":\"WebSite\",\"@id\":\"http:\/\/pppc.vsmdev.ca\/#website\",\"url\":\"http:\/\/pppc.vsmdev.ca\/\",\"name\":\"Promotional Product Professionals of Canada Inc\",\"description\":\"\",\"potentialAction\":[{\"@type\":\"SearchAction\",\"target\":{\"@type\":\"EntryPoint\",\"urlTemplate\":\"http:\/\/pppc.vsmdev.ca\/?s={search_term_string}\"},\"query-input\":{\"@type\":\"PropertyValueSpecification\",\"valueRequired\":true,\"valueName\":\"search_term_string\"}}],\"inLanguage\":\"fr-CA\"}]}<\/script>\n<!-- \/ Yoast SEO plugin. -->","yoast_head_json":{"title":"Head Office Staff - Promotional Product Professionals of Canada Inc","robots":{"index":"index","follow":"follow","max-snippet":"max-snippet:-1","max-image-preview":"max-image-preview:large","max-video-preview":"max-video-preview:-1"},"canonical":"http:\/\/pppc.vsmdev.ca\/fr\/about\/head-office-staff\/","og_locale":"fr_CA","og_type":"article","og_title":"Head Office Staff - Promotional Product Professionals of Canada Inc","og_description":"PRESIDENT &amp; CEOJONATHAN N. STRAUSS ACCOUNTING MANAGERPAM FORSYTH EVENT AND MEMBERSHIP MANAGERKATRINA A. DERKSEN, MAS EVENT COORDINATORCONNIE BARBON GRAPHIC DESIGNERNATALIA M. MENDOZA COMMUNICATIONS SPECIALISTKATIA RAMIREZ MARKETING &amp; COMMUNICATIONS MANAGERMARGARET WILLIAMSON BATUSZKIN BILINGUAL ASSOCIATION COORDINATORMARINA MUVIRA","og_url":"http:\/\/pppc.vsmdev.ca\/fr\/about\/head-office-staff\/","og_site_name":"Promotional Product Professionals of Canada Inc","article_modified_time":"2024-06-24T23:34:54+00:00","og_image":[{"url":"https:\/\/pppc.ca\/wp-content\/uploads\/2023\/09\/PPPC_2023_HeadShots_-removebg-preview-e1695416646987.png"}],"twitter_card":"summary_large_image","twitter_misc":{"Estimation du temps de lecture":"2 minutes"},"schema":{"@context":"https:\/\/schema.org","@graph":[{"@type":"WebPage","@id":"http:\/\/pppc.vsmdev.ca\/fr\/about\/head-office-staff\/","url":"http:\/\/pppc.vsmdev.ca\/fr\/about\/head-office-staff\/","name":"Head Office Staff - Promotional Product Professionals of Canada Inc","isPartOf":{"@id":"http:\/\/pppc.vsmdev.ca\/#website"},"primaryImageOfPage":{"@id":"http:\/\/pppc.vsmdev.ca\/fr\/about\/head-office-staff\/#primaryimage"},"image":{"@id":"http:\/\/pppc.vsmdev.ca\/fr\/about\/head-office-staff\/#primaryimage"},"thumbnailUrl":"https:\/\/pppc.ca\/wp-content\/uploads\/2023\/09\/PPPC_2023_HeadShots_-removebg-preview-e1695416646987.png","datePublished":"2023-12-19T02:01:33+00:00","dateModified":"2024-06-24T23:34:54+00:00","breadcrumb":{"@id":"http:\/\/pppc.vsmdev.ca\/fr\/about\/head-office-staff\/#breadcrumb"},"inLanguage":"fr-CA","potentialAction":[{"@type":"ReadAction","target":["http:\/\/pppc.vsmdev.ca\/fr\/about\/head-office-staff\/"]}]},{"@type":"ImageObject","inLanguage":"fr-CA","@id":"http:\/\/pppc.vsmdev.ca\/fr\/about\/head-office-staff\/#primaryimage","url":"https:\/\/pppc.ca\/wp-content\/uploads\/2023\/09\/PPPC_2023_HeadShots_-removebg-preview-e1695416646987.png","contentUrl":"https:\/\/pppc.ca\/wp-content\/uploads\/2023\/09\/PPPC_2023_HeadShots_-removebg-preview-e1695416646987.png"},{"@type":"BreadcrumbList","@id":"http:\/\/pppc.vsmdev.ca\/fr\/about\/head-office-staff\/#breadcrumb","itemListElement":[{"@type":"ListItem","position":1,"name":"Home","item":"http:\/\/pppc.vsmdev.ca\/fr\/"},{"@type":"ListItem","position":2,"name":"About","item":"http:\/\/pppc.vsmdev.ca\/fr\/about\/"},{"@type":"ListItem","position":3,"name":"Head Office Staff"}]},{"@type":"WebSite","@id":"http:\/\/pppc.vsmdev.ca\/#website","url":"http:\/\/pppc.vsmdev.ca\/","name":"Promotional Product Professionals of Canada Inc","description":"","potentialAction":[{"@type":"SearchAction","target":{"@type":"EntryPoint","urlTemplate":"http:\/\/pppc.vsmdev.ca\/?s={search_term_string}"},"query-input":{"@type":"PropertyValueSpecification","valueRequired":true,"valueName":"search_term_string"}}],"inLanguage":"fr-CA"}]}},"coauthors":[],"author_meta":{"author_link":"http:\/\/pppc.vsmdev.ca\/fr\/author\/wptangerine\/","display_name":"wptangerine"},"relative_dates":{"created":"Posted 2 ann\u00e9es ago","modified":"Updated 2 ann\u00e9es ago"},"absolute_dates":{"created":"Posted on 18 D\u00e9cembre 2023","modified":"Updated on 24 juin 2024"},"absolute_dates_time":{"created":"Posted on 18 D\u00e9cembre 2023 9:01 pm","modified":"Updated on 24 juin 2024 7:34 pm"},"featured_img_caption":"","featured_img":false,"series_order":"","_links":{"self":[{"href":"http:\/\/pppc.vsmdev.ca\/fr\/wp-json\/wp\/v2\/pages\/7225","targetHints":{"allow":["GET"]}}],"collection":[{"href":"http:\/\/pppc.vsmdev.ca\/fr\/wp-json\/wp\/v2\/pages"}],"about":[{"href":"http:\/\/pppc.vsmdev.ca\/fr\/wp-json\/wp\/v2\/types\/page"}],"author":[{"embeddable":true,"href":"http:\/\/pppc.vsmdev.ca\/fr\/wp-json\/wp\/v2\/users\/9"}],"replies":[{"embeddable":true,"href":"http:\/\/pppc.vsmdev.ca\/fr\/wp-json\/wp\/v2\/comments?post=7225"}],"version-history":[{"count":4,"href":"http:\/\/pppc.vsmdev.ca\/fr\/wp-json\/wp\/v2\/pages\/7225\/revisions"}],"predecessor-version":[{"id":8070,"href":"http:\/\/pppc.vsmdev.ca\/fr\/wp-json\/wp\/v2\/pages\/7225\/revisions\/8070"}],"up":[{"embeddable":true,"href":"http:\/\/pppc.vsmdev.ca\/fr\/wp-json\/wp\/v2\/pages\/23"}],"wp:attachment":[{"href":"http:\/\/pppc.vsmdev.ca\/fr\/wp-json\/wp\/v2\/media?parent=7225"}],"curies":[{"name":"wp","href":"https:\/\/api.w.org\/{rel}","templated":true}]}}