{"id":7222,"date":"2023-12-18T20:59:24","date_gmt":"2023-12-19T01:59:24","guid":{"rendered":"https:\/\/pppc.ca\/?page_id=7222"},"modified":"2024-09-23T22:01:19","modified_gmt":"2024-09-24T02:01:19","slug":"board-of-directors","status":"publish","type":"page","link":"http:\/\/pppc.vsmdev.ca\/fr\/about\/board-of-directors\/","title":{"rendered":"PPPC&#8217;s National Board of Directors"},"content":{"rendered":"<h3 class=\"wp-block-heading\">DIRECTION<\/h3>\n\n\n\n<div class=\"wp-block-columns is-layout-flex wp-container-core-columns-is-layout-9d6595d7 wp-block-columns-is-layout-flex\">\n<div class=\"wp-block-column is-layout-flow wp-block-column-is-layout-flow\">\n<figure class=\"wp-block-image size-large is-resized size-full\"><img loading=\"lazy\" decoding=\"async\" width=\"682\" height=\"1024\" src=\"https:\/\/pppc.ca\/wp-content\/uploads\/2023\/09\/Paul-Wieleba-min-682x1024.jpg\" alt=\"\" class=\"wp-image-6901\" style=\"aspect-ratio:3\/4;object-fit:cover;width:400px;height:undefinedpx\" srcset=\"http:\/\/pppc.vsmdev.ca\/wp-content\/uploads\/2023\/09\/Paul-Wieleba-min-682x1024.jpg 682w, http:\/\/pppc.vsmdev.ca\/wp-content\/uploads\/2023\/09\/Paul-Wieleba-min-200x300.jpg 200w, http:\/\/pppc.vsmdev.ca\/wp-content\/uploads\/2023\/09\/Paul-Wieleba-min-768x1152.jpg 768w, http:\/\/pppc.vsmdev.ca\/wp-content\/uploads\/2023\/09\/Paul-Wieleba-min-1024x1536.jpg 1024w, http:\/\/pppc.vsmdev.ca\/wp-content\/uploads\/2023\/09\/Paul-Wieleba-min-1365x2048.jpg 1365w, http:\/\/pppc.vsmdev.ca\/wp-content\/uploads\/2023\/09\/Paul-Wieleba-min-8x12.jpg 8w, http:\/\/pppc.vsmdev.ca\/wp-content\/uploads\/2023\/09\/Paul-Wieleba-min.jpg 1706w\" sizes=\"auto, (max-width: 682px) 100vw, 682px\" \/><\/figure>\n\n\n\n<p><strong>PAUL WIELEBA<br><\/strong>PR\u00c9SIDENTE<br>{WE} Promotional Advertising<\/p>\n<\/div>\n\n\n\n<div class=\"wp-block-column is-layout-flow wp-block-column-is-layout-flow\">\n<figure class=\"wp-block-image size-large is-resized size-full\"><img loading=\"lazy\" decoding=\"async\" width=\"682\" height=\"1024\" src=\"https:\/\/pppc.ca\/wp-content\/uploads\/2023\/09\/Jennifer-T-min-682x1024.jpg\" alt=\"\" class=\"wp-image-6898\" style=\"aspect-ratio:3\/4;object-fit:cover;width:400px;height:undefinedpx\" srcset=\"http:\/\/pppc.vsmdev.ca\/wp-content\/uploads\/2023\/09\/Jennifer-T-min-682x1024.jpg 682w, http:\/\/pppc.vsmdev.ca\/wp-content\/uploads\/2023\/09\/Jennifer-T-min-200x300.jpg 200w, http:\/\/pppc.vsmdev.ca\/wp-content\/uploads\/2023\/09\/Jennifer-T-min-768x1152.jpg 768w, http:\/\/pppc.vsmdev.ca\/wp-content\/uploads\/2023\/09\/Jennifer-T-min-1024x1536.jpg 1024w, http:\/\/pppc.vsmdev.ca\/wp-content\/uploads\/2023\/09\/Jennifer-T-min-1365x2048.jpg 1365w, http:\/\/pppc.vsmdev.ca\/wp-content\/uploads\/2023\/09\/Jennifer-T-min-8x12.jpg 8w, http:\/\/pppc.vsmdev.ca\/wp-content\/uploads\/2023\/09\/Jennifer-T-min.jpg 1706w\" sizes=\"auto, (max-width: 682px) 100vw, 682px\" \/><\/figure>\n\n\n\n<p><strong>JENNIFER TARNOPOLSKI<\/strong><br>VICE CHAIR<strong><br><\/strong>Outstanding Branding<\/p>\n<\/div>\n<\/div>\n\n\n\n<div class=\"wp-block-columns is-layout-flex wp-container-core-columns-is-layout-9d6595d7 wp-block-columns-is-layout-flex\">\n<div class=\"wp-block-column is-layout-flow wp-block-column-is-layout-flow\">\n<figure class=\"wp-block-image size-large is-resized size-full\"><img loading=\"lazy\" decoding=\"async\" width=\"682\" height=\"1024\" src=\"https:\/\/pppc.ca\/wp-content\/uploads\/2023\/09\/Jenny-Le-Bricon-min-682x1024.jpg\" alt=\"\" class=\"wp-image-6899\" style=\"aspect-ratio:3\/4;object-fit:cover;width:400px;height:undefinedpx\" srcset=\"http:\/\/pppc.vsmdev.ca\/wp-content\/uploads\/2023\/09\/Jenny-Le-Bricon-min-682x1024.jpg 682w, http:\/\/pppc.vsmdev.ca\/wp-content\/uploads\/2023\/09\/Jenny-Le-Bricon-min-200x300.jpg 200w, http:\/\/pppc.vsmdev.ca\/wp-content\/uploads\/2023\/09\/Jenny-Le-Bricon-min-768x1152.jpg 768w, http:\/\/pppc.vsmdev.ca\/wp-content\/uploads\/2023\/09\/Jenny-Le-Bricon-min-1024x1536.jpg 1024w, http:\/\/pppc.vsmdev.ca\/wp-content\/uploads\/2023\/09\/Jenny-Le-Bricon-min-1365x2048.jpg 1365w, http:\/\/pppc.vsmdev.ca\/wp-content\/uploads\/2023\/09\/Jenny-Le-Bricon-min-8x12.jpg 8w, http:\/\/pppc.vsmdev.ca\/wp-content\/uploads\/2023\/09\/Jenny-Le-Bricon-min.jpg 1706w\" sizes=\"auto, (max-width: 682px) 100vw, 682px\" \/><\/figure>\n\n\n\n<p><strong>JENNY LE BRICON<br><\/strong>PAST-CHAIR<br>Accolade Group | Salute by Level Wear<\/p>\n<\/div>\n\n\n\n<div class=\"wp-block-column is-layout-flow wp-block-column-is-layout-flow\"><\/div>\n<\/div>\n\n\n\n<h3 class=\"wp-block-heading\">ADMINISTRATEURS<\/h3>\n\n\n\n<div class=\"wp-block-columns is-layout-flex wp-container-core-columns-is-layout-9d6595d7 wp-block-columns-is-layout-flex\">\n<div class=\"wp-block-column is-layout-flow wp-block-column-is-layout-flow\">\n<figure class=\"wp-block-image size-large is-resized size-full\"><img loading=\"lazy\" decoding=\"async\" width=\"682\" height=\"1024\" src=\"https:\/\/pppc.ca\/wp-content\/uploads\/2023\/09\/Josee-min-682x1024.jpg\" alt=\"\" class=\"wp-image-6900\" style=\"aspect-ratio:3\/4;object-fit:cover;width:400px;height:undefinedpx\" srcset=\"http:\/\/pppc.vsmdev.ca\/wp-content\/uploads\/2023\/09\/Josee-min-682x1024.jpg 682w, http:\/\/pppc.vsmdev.ca\/wp-content\/uploads\/2023\/09\/Josee-min-200x300.jpg 200w, http:\/\/pppc.vsmdev.ca\/wp-content\/uploads\/2023\/09\/Josee-min-768x1152.jpg 768w, http:\/\/pppc.vsmdev.ca\/wp-content\/uploads\/2023\/09\/Josee-min-1024x1536.jpg 1024w, http:\/\/pppc.vsmdev.ca\/wp-content\/uploads\/2023\/09\/Josee-min-1365x2048.jpg 1365w, http:\/\/pppc.vsmdev.ca\/wp-content\/uploads\/2023\/09\/Josee-min-8x12.jpg 8w, http:\/\/pppc.vsmdev.ca\/wp-content\/uploads\/2023\/09\/Josee-min.jpg 1706w\" sizes=\"auto, (max-width: 682px) 100vw, 682px\" \/><\/figure>\n\n\n\n<p><strong>JOSEE DITOMASSO<br><\/strong>Lerner Promotions<\/p>\n<\/div>\n\n\n\n<div class=\"wp-block-column is-layout-flow wp-block-column-is-layout-flow\">\n<figure class=\"wp-block-image size-full is-resized\"><img loading=\"lazy\" decoding=\"async\" width=\"398\" height=\"481\" src=\"https:\/\/pppc.ca\/wp-content\/uploads\/2023\/07\/Erin-Harris-e1689113510370.png\" alt=\"\" class=\"wp-image-6375\" style=\"aspect-ratio:3\/4;object-fit:cover;width:400px;height:undefinedpx\" srcset=\"http:\/\/pppc.vsmdev.ca\/wp-content\/uploads\/2023\/07\/Erin-Harris-e1689113510370.png 398w, http:\/\/pppc.vsmdev.ca\/wp-content\/uploads\/2023\/07\/Erin-Harris-e1689113510370-248x300.png 248w, http:\/\/pppc.vsmdev.ca\/wp-content\/uploads\/2023\/07\/Erin-Harris-e1689113510370-10x12.png 10w\" sizes=\"auto, (max-width: 398px) 100vw, 398px\" \/><\/figure>\n\n\n\n<p><strong>ERIN HARRIS<br><\/strong>PCNA Canada\/TRIMARK<\/p>\n<\/div>\n<\/div>\n\n\n\n<div class=\"wp-block-columns is-layout-flex wp-container-core-columns-is-layout-9d6595d7 wp-block-columns-is-layout-flex\">\n<div class=\"wp-block-column is-layout-flow wp-block-column-is-layout-flow\">\n<figure class=\"wp-block-image size-large is-resized size-full\"><img loading=\"lazy\" decoding=\"async\" width=\"682\" height=\"1024\" src=\"https:\/\/pppc.ca\/wp-content\/uploads\/2023\/09\/Edward-Huang-min-682x1024.jpg\" alt=\"\" class=\"wp-image-6897\" style=\"aspect-ratio:3\/4;object-fit:cover;width:400px;height:undefinedpx\" srcset=\"http:\/\/pppc.vsmdev.ca\/wp-content\/uploads\/2023\/09\/Edward-Huang-min-682x1024.jpg 682w, http:\/\/pppc.vsmdev.ca\/wp-content\/uploads\/2023\/09\/Edward-Huang-min-200x300.jpg 200w, http:\/\/pppc.vsmdev.ca\/wp-content\/uploads\/2023\/09\/Edward-Huang-min-768x1152.jpg 768w, http:\/\/pppc.vsmdev.ca\/wp-content\/uploads\/2023\/09\/Edward-Huang-min-1024x1536.jpg 1024w, http:\/\/pppc.vsmdev.ca\/wp-content\/uploads\/2023\/09\/Edward-Huang-min-1365x2048.jpg 1365w, http:\/\/pppc.vsmdev.ca\/wp-content\/uploads\/2023\/09\/Edward-Huang-min-8x12.jpg 8w, http:\/\/pppc.vsmdev.ca\/wp-content\/uploads\/2023\/09\/Edward-Huang-min.jpg 1706w\" sizes=\"auto, (max-width: 682px) 100vw, 682px\" \/><\/figure>\n\n\n\n<p><strong>EDWARD HUANG<br><\/strong>Promobilia | St. Regis<\/p>\n<\/div>\n\n\n\n<div class=\"wp-block-column is-layout-flow wp-block-column-is-layout-flow\">\n<figure class=\"wp-block-image size-large is-resized size-full\"><img loading=\"lazy\" decoding=\"async\" width=\"682\" height=\"1024\" src=\"https:\/\/pppc.ca\/wp-content\/uploads\/2023\/09\/Pete-K-min-682x1024.jpg\" alt=\"\" class=\"wp-image-6902\" style=\"aspect-ratio:3\/4;object-fit:cover;width:400px;height:undefinedpx\" srcset=\"http:\/\/pppc.vsmdev.ca\/wp-content\/uploads\/2023\/09\/Pete-K-min-682x1024.jpg 682w, http:\/\/pppc.vsmdev.ca\/wp-content\/uploads\/2023\/09\/Pete-K-min-200x300.jpg 200w, http:\/\/pppc.vsmdev.ca\/wp-content\/uploads\/2023\/09\/Pete-K-min-768x1152.jpg 768w, http:\/\/pppc.vsmdev.ca\/wp-content\/uploads\/2023\/09\/Pete-K-min-1024x1536.jpg 1024w, http:\/\/pppc.vsmdev.ca\/wp-content\/uploads\/2023\/09\/Pete-K-min-1365x2048.jpg 1365w, http:\/\/pppc.vsmdev.ca\/wp-content\/uploads\/2023\/09\/Pete-K-min-8x12.jpg 8w, http:\/\/pppc.vsmdev.ca\/wp-content\/uploads\/2023\/09\/Pete-K-min.jpg 1706w\" sizes=\"auto, (max-width: 682px) 100vw, 682px\" \/><\/figure>\n\n\n\n<p><strong>PETE KMECH, MAS<br><\/strong>Creative Promotional Marketing Agency<\/p>\n<\/div>\n<\/div>\n\n\n\n<div class=\"wp-block-columns is-layout-flex wp-container-core-columns-is-layout-9d6595d7 wp-block-columns-is-layout-flex\">\n<div class=\"wp-block-column is-layout-flow wp-block-column-is-layout-flow\">\n<figure class=\"wp-block-image size-large is-resized size-full\"><img loading=\"lazy\" decoding=\"async\" width=\"682\" height=\"1024\" src=\"https:\/\/pppc.ca\/wp-content\/uploads\/2023\/09\/Sergio-Munoz-min-682x1024.jpg\" alt=\"\" class=\"wp-image-6905\" style=\"aspect-ratio:3\/4;object-fit:cover;width:400px;height:undefinedpx\" srcset=\"http:\/\/pppc.vsmdev.ca\/wp-content\/uploads\/2023\/09\/Sergio-Munoz-min-682x1024.jpg 682w, http:\/\/pppc.vsmdev.ca\/wp-content\/uploads\/2023\/09\/Sergio-Munoz-min-200x300.jpg 200w, http:\/\/pppc.vsmdev.ca\/wp-content\/uploads\/2023\/09\/Sergio-Munoz-min-768x1152.jpg 768w, http:\/\/pppc.vsmdev.ca\/wp-content\/uploads\/2023\/09\/Sergio-Munoz-min-1024x1536.jpg 1024w, http:\/\/pppc.vsmdev.ca\/wp-content\/uploads\/2023\/09\/Sergio-Munoz-min-1365x2048.jpg 1365w, http:\/\/pppc.vsmdev.ca\/wp-content\/uploads\/2023\/09\/Sergio-Munoz-min-8x12.jpg 8w, http:\/\/pppc.vsmdev.ca\/wp-content\/uploads\/2023\/09\/Sergio-Munoz-min.jpg 1706w\" sizes=\"auto, (max-width: 682px) 100vw, 682px\" \/><\/figure>\n\n\n\n<p><strong>SERGIO MUNOZ<br><\/strong>Add Impact Inc.<\/p>\n<\/div>\n\n\n\n<div class=\"wp-block-column is-layout-flow wp-block-column-is-layout-flow\">\n<figure class=\"wp-block-image size-large is-resized size-full\"><img loading=\"lazy\" decoding=\"async\" width=\"682\" height=\"1024\" src=\"https:\/\/pppc.ca\/wp-content\/uploads\/2023\/09\/Yoseuf-min-682x1024.jpg\" alt=\"\" class=\"wp-image-6907\" style=\"aspect-ratio:3\/4;object-fit:cover;width:400px;height:undefinedpx\" srcset=\"http:\/\/pppc.vsmdev.ca\/wp-content\/uploads\/2023\/09\/Yoseuf-min-682x1024.jpg 682w, http:\/\/pppc.vsmdev.ca\/wp-content\/uploads\/2023\/09\/Yoseuf-min-200x300.jpg 200w, http:\/\/pppc.vsmdev.ca\/wp-content\/uploads\/2023\/09\/Yoseuf-min-768x1152.jpg 768w, http:\/\/pppc.vsmdev.ca\/wp-content\/uploads\/2023\/09\/Yoseuf-min-1024x1536.jpg 1024w, http:\/\/pppc.vsmdev.ca\/wp-content\/uploads\/2023\/09\/Yoseuf-min-1365x2048.jpg 1365w, http:\/\/pppc.vsmdev.ca\/wp-content\/uploads\/2023\/09\/Yoseuf-min-8x12.jpg 8w, http:\/\/pppc.vsmdev.ca\/wp-content\/uploads\/2023\/09\/Yoseuf-min.jpg 1706w\" sizes=\"auto, (max-width: 682px) 100vw, 682px\" \/><\/figure>\n\n\n\n<p><strong>YOUSUF SANDEELA<br><\/strong>Fully Promoted Canada<\/p>\n<\/div>\n<\/div>\n\n\n\n<div class=\"wp-block-columns is-layout-flex wp-container-core-columns-is-layout-9d6595d7 wp-block-columns-is-layout-flex\">\n<div class=\"wp-block-column is-layout-flow wp-block-column-is-layout-flow\">\n<figure class=\"wp-block-image size-large is-resized size-full\"><img loading=\"lazy\" decoding=\"async\" width=\"683\" height=\"1024\" src=\"https:\/\/pppc.ca\/wp-content\/uploads\/2024\/04\/Brian-Leigh-1-683x1024.png\" alt=\"\" class=\"wp-image-7563\" style=\"aspect-ratio:3\/4;object-fit:cover;width:400px;height:undefinedpx\" srcset=\"http:\/\/pppc.vsmdev.ca\/wp-content\/uploads\/2024\/04\/Brian-Leigh-1-683x1024.png 683w, http:\/\/pppc.vsmdev.ca\/wp-content\/uploads\/2024\/04\/Brian-Leigh-1-200x300.png 200w, http:\/\/pppc.vsmdev.ca\/wp-content\/uploads\/2024\/04\/Brian-Leigh-1-8x12.png 8w, http:\/\/pppc.vsmdev.ca\/wp-content\/uploads\/2024\/04\/Brian-Leigh-1.png 768w\" sizes=\"auto, (max-width: 683px) 100vw, 683px\" \/><\/figure>\n\n\n\n<p><strong>BRIAN LEIGH<br><\/strong>Promotional Source<\/p>\n<\/div>\n\n\n\n<div class=\"wp-block-column is-layout-flow wp-block-column-is-layout-flow\">\n<figure class=\"wp-block-image size-large is-resized size-full\"><img loading=\"lazy\" decoding=\"async\" width=\"683\" height=\"1024\" src=\"https:\/\/pppc.ca\/wp-content\/uploads\/2024\/04\/Morgan-EdgeCombe-headshot-683x1024.png\" alt=\"\" class=\"wp-image-7461\" style=\"aspect-ratio:3\/4;object-fit:cover;width:400px;height:undefinedpx\" srcset=\"http:\/\/pppc.vsmdev.ca\/wp-content\/uploads\/2024\/04\/Morgan-EdgeCombe-headshot-683x1024.png 683w, http:\/\/pppc.vsmdev.ca\/wp-content\/uploads\/2024\/04\/Morgan-EdgeCombe-headshot-200x300.png 200w, http:\/\/pppc.vsmdev.ca\/wp-content\/uploads\/2024\/04\/Morgan-EdgeCombe-headshot-8x12.png 8w, http:\/\/pppc.vsmdev.ca\/wp-content\/uploads\/2024\/04\/Morgan-EdgeCombe-headshot.png 768w\" sizes=\"auto, (max-width: 683px) 100vw, 683px\" \/><\/figure>\n\n\n\n<p><strong>MORGAN EDGECOMBE<br><\/strong>Edgecombes Marketing &amp; Promotion<\/p>\n<\/div>\n<\/div>\n\n\n\n<div class=\"wp-block-columns is-layout-flex wp-container-core-columns-is-layout-9d6595d7 wp-block-columns-is-layout-flex\">\n<div class=\"wp-block-column is-layout-flow wp-block-column-is-layout-flow\">\n<figure class=\"wp-block-image size-large is-resized size-full\"><img loading=\"lazy\" decoding=\"async\" width=\"683\" height=\"1024\" src=\"https:\/\/pppc.ca\/wp-content\/uploads\/2024\/09\/Winston-L-683x1024.png\" alt=\"\" class=\"wp-image-8452\" style=\"aspect-ratio:0.75;object-fit:cover;width:400px;height:auto\" srcset=\"http:\/\/pppc.vsmdev.ca\/wp-content\/uploads\/2024\/09\/Winston-L-683x1024.png 683w, http:\/\/pppc.vsmdev.ca\/wp-content\/uploads\/2024\/09\/Winston-L-200x300.png 200w, http:\/\/pppc.vsmdev.ca\/wp-content\/uploads\/2024\/09\/Winston-L-8x12.png 8w, http:\/\/pppc.vsmdev.ca\/wp-content\/uploads\/2024\/09\/Winston-L.png 768w\" sizes=\"auto, (max-width: 683px) 100vw, 683px\" \/><\/figure>\n\n\n\n<p><strong>WINSTON LO<br><\/strong>Creative Boulevard<\/p>\n<\/div>\n\n\n\n<div class=\"wp-block-column is-layout-flow wp-block-column-is-layout-flow\"><\/div>\n<\/div>\n\n\n\n<div class=\"wp-block-columns is-layout-flex wp-container-core-columns-is-layout-9d6595d7 wp-block-columns-is-layout-flex\">\n<div class=\"wp-block-column is-layout-flow wp-block-column-is-layout-flow\"><\/div>\n\n\n\n<div class=\"wp-block-column is-layout-flow wp-block-column-is-layout-flow\"><\/div>\n<\/div>","protected":false},"excerpt":{"rendered":"<p>EXECUTIVE PAUL WIELEBACHAIR{WE} Promotional Advertising JENNIFER TARNOPOLSKIVICE CHAIROutstanding Branding JENNY LE BRICONPAST-CHAIRAccolade Group | Salute by Level Wear DIRECTORS JOSEE DITOMASSOLerner Promotions ERIN HARRISPCNA Canada\/TRIMARK EDWARD HUANGPromobilia | St. Regis PETE KMECH, MASCreative Promotional Marketing Agency SERGIO MUNOZAdd Impact Inc. YOUSUF SANDEELAFully Promoted Canada BRIAN LEIGHPromotional Source MORGAN EDGECOMBEEdgecombes Marketing &amp; Promotion WINSTON LOCreative Boulevard<\/p>","protected":false},"author":9,"featured_media":0,"parent":23,"menu_order":0,"comment_status":"closed","ping_status":"closed","template":"","meta":{"_acf_changed":false,"advgb_blocks_editor_width":"","advgb_blocks_columns_visual_guide":"","episode_type":"","audio_file":"","cover_image":"","cover_image_id":"","duration":"","filesize":"","date_recorded":"","explicit":"","block":"","filesize_raw":"","footnotes":""},"class_list":["post-7222","page","type-page","status-publish","hentry"],"acf":[],"yoast_head":"<!-- This site is optimized with the Yoast SEO plugin v23.5 - https:\/\/yoast.com\/wordpress\/plugins\/seo\/ -->\n<title>PPPC&#039;s National Board of Directors - Promotional Product Professionals of Canada Inc<\/title>\n<meta name=\"robots\" content=\"index, follow, max-snippet:-1, max-image-preview:large, max-video-preview:-1\" \/>\n<link rel=\"canonical\" href=\"http:\/\/pppc.vsmdev.ca\/fr\/about\/board-of-directors\/\" \/>\n<meta property=\"og:locale\" content=\"fr_CA\" \/>\n<meta property=\"og:type\" content=\"article\" \/>\n<meta property=\"og:title\" content=\"PPPC&#039;s National Board of Directors - Promotional Product Professionals of Canada Inc\" \/>\n<meta property=\"og:description\" content=\"EXECUTIVE PAUL WIELEBACHAIR{WE} Promotional Advertising JENNIFER TARNOPOLSKIVICE CHAIROutstanding Branding JENNY LE BRICONPAST-CHAIRAccolade Group | Salute by Level Wear DIRECTORS JOSEE DITOMASSOLerner Promotions ERIN HARRISPCNA Canada\/TRIMARK EDWARD HUANGPromobilia | St. Regis PETE KMECH, MASCreative Promotional Marketing Agency SERGIO MUNOZAdd Impact Inc. YOUSUF SANDEELAFully Promoted Canada BRIAN LEIGHPromotional Source MORGAN EDGECOMBEEdgecombes Marketing &amp; Promotion WINSTON LOCreative Boulevard\" \/>\n<meta property=\"og:url\" content=\"http:\/\/pppc.vsmdev.ca\/fr\/about\/board-of-directors\/\" \/>\n<meta property=\"og:site_name\" content=\"Promotional Product Professionals of Canada Inc\" \/>\n<meta property=\"article:modified_time\" content=\"2024-09-24T02:01:19+00:00\" \/>\n<meta property=\"og:image\" content=\"https:\/\/pppc.ca\/wp-content\/uploads\/2023\/09\/Paul-Wieleba-min-682x1024.jpg\" \/>\n<meta name=\"twitter:card\" content=\"summary_large_image\" \/>\n<meta name=\"twitter:label1\" content=\"Estimation du temps de lecture\" \/>\n\t<meta name=\"twitter:data1\" content=\"3 minutes\" \/>\n<script type=\"application\/ld+json\" class=\"yoast-schema-graph\">{\"@context\":\"https:\/\/schema.org\",\"@graph\":[{\"@type\":\"WebPage\",\"@id\":\"http:\/\/pppc.vsmdev.ca\/fr\/about\/board-of-directors\/\",\"url\":\"http:\/\/pppc.vsmdev.ca\/fr\/about\/board-of-directors\/\",\"name\":\"PPPC's National Board of Directors - Promotional Product Professionals of Canada Inc\",\"isPartOf\":{\"@id\":\"http:\/\/pppc.vsmdev.ca\/#website\"},\"primaryImageOfPage\":{\"@id\":\"http:\/\/pppc.vsmdev.ca\/fr\/about\/board-of-directors\/#primaryimage\"},\"image\":{\"@id\":\"http:\/\/pppc.vsmdev.ca\/fr\/about\/board-of-directors\/#primaryimage\"},\"thumbnailUrl\":\"https:\/\/pppc.ca\/wp-content\/uploads\/2023\/09\/Paul-Wieleba-min-682x1024.jpg\",\"datePublished\":\"2023-12-19T01:59:24+00:00\",\"dateModified\":\"2024-09-24T02:01:19+00:00\",\"breadcrumb\":{\"@id\":\"http:\/\/pppc.vsmdev.ca\/fr\/about\/board-of-directors\/#breadcrumb\"},\"inLanguage\":\"fr-CA\",\"potentialAction\":[{\"@type\":\"ReadAction\",\"target\":[\"http:\/\/pppc.vsmdev.ca\/fr\/about\/board-of-directors\/\"]}]},{\"@type\":\"ImageObject\",\"inLanguage\":\"fr-CA\",\"@id\":\"http:\/\/pppc.vsmdev.ca\/fr\/about\/board-of-directors\/#primaryimage\",\"url\":\"https:\/\/pppc.ca\/wp-content\/uploads\/2023\/09\/Paul-Wieleba-min-682x1024.jpg\",\"contentUrl\":\"https:\/\/pppc.ca\/wp-content\/uploads\/2023\/09\/Paul-Wieleba-min-682x1024.jpg\"},{\"@type\":\"BreadcrumbList\",\"@id\":\"http:\/\/pppc.vsmdev.ca\/fr\/about\/board-of-directors\/#breadcrumb\",\"itemListElement\":[{\"@type\":\"ListItem\",\"position\":1,\"name\":\"Home\",\"item\":\"http:\/\/pppc.vsmdev.ca\/fr\/\"},{\"@type\":\"ListItem\",\"position\":2,\"name\":\"About\",\"item\":\"http:\/\/pppc.vsmdev.ca\/fr\/about\/\"},{\"@type\":\"ListItem\",\"position\":3,\"name\":\"PPPC&#8217;s National Board of Directors\"}]},{\"@type\":\"WebSite\",\"@id\":\"http:\/\/pppc.vsmdev.ca\/#website\",\"url\":\"http:\/\/pppc.vsmdev.ca\/\",\"name\":\"Promotional Product Professionals of Canada Inc\",\"description\":\"\",\"potentialAction\":[{\"@type\":\"SearchAction\",\"target\":{\"@type\":\"EntryPoint\",\"urlTemplate\":\"http:\/\/pppc.vsmdev.ca\/?s={search_term_string}\"},\"query-input\":{\"@type\":\"PropertyValueSpecification\",\"valueRequired\":true,\"valueName\":\"search_term_string\"}}],\"inLanguage\":\"fr-CA\"}]}<\/script>\n<!-- \/ Yoast SEO plugin. -->","yoast_head_json":{"title":"PPPC's National Board of Directors - Promotional Product Professionals of Canada Inc","robots":{"index":"index","follow":"follow","max-snippet":"max-snippet:-1","max-image-preview":"max-image-preview:large","max-video-preview":"max-video-preview:-1"},"canonical":"http:\/\/pppc.vsmdev.ca\/fr\/about\/board-of-directors\/","og_locale":"fr_CA","og_type":"article","og_title":"PPPC's National Board of Directors - Promotional Product Professionals of Canada Inc","og_description":"EXECUTIVE PAUL WIELEBACHAIR{WE} Promotional Advertising JENNIFER TARNOPOLSKIVICE CHAIROutstanding Branding JENNY LE BRICONPAST-CHAIRAccolade Group | Salute by Level Wear DIRECTORS JOSEE DITOMASSOLerner Promotions ERIN HARRISPCNA Canada\/TRIMARK EDWARD HUANGPromobilia | St. Regis PETE KMECH, MASCreative Promotional Marketing Agency SERGIO MUNOZAdd Impact Inc. YOUSUF SANDEELAFully Promoted Canada BRIAN LEIGHPromotional Source MORGAN EDGECOMBEEdgecombes Marketing &amp; Promotion WINSTON LOCreative Boulevard","og_url":"http:\/\/pppc.vsmdev.ca\/fr\/about\/board-of-directors\/","og_site_name":"Promotional Product Professionals of Canada Inc","article_modified_time":"2024-09-24T02:01:19+00:00","og_image":[{"url":"https:\/\/pppc.ca\/wp-content\/uploads\/2023\/09\/Paul-Wieleba-min-682x1024.jpg"}],"twitter_card":"summary_large_image","twitter_misc":{"Estimation du temps de lecture":"3 minutes"},"schema":{"@context":"https:\/\/schema.org","@graph":[{"@type":"WebPage","@id":"http:\/\/pppc.vsmdev.ca\/fr\/about\/board-of-directors\/","url":"http:\/\/pppc.vsmdev.ca\/fr\/about\/board-of-directors\/","name":"PPPC's National Board of Directors - Promotional Product Professionals of Canada Inc","isPartOf":{"@id":"http:\/\/pppc.vsmdev.ca\/#website"},"primaryImageOfPage":{"@id":"http:\/\/pppc.vsmdev.ca\/fr\/about\/board-of-directors\/#primaryimage"},"image":{"@id":"http:\/\/pppc.vsmdev.ca\/fr\/about\/board-of-directors\/#primaryimage"},"thumbnailUrl":"https:\/\/pppc.ca\/wp-content\/uploads\/2023\/09\/Paul-Wieleba-min-682x1024.jpg","datePublished":"2023-12-19T01:59:24+00:00","dateModified":"2024-09-24T02:01:19+00:00","breadcrumb":{"@id":"http:\/\/pppc.vsmdev.ca\/fr\/about\/board-of-directors\/#breadcrumb"},"inLanguage":"fr-CA","potentialAction":[{"@type":"ReadAction","target":["http:\/\/pppc.vsmdev.ca\/fr\/about\/board-of-directors\/"]}]},{"@type":"ImageObject","inLanguage":"fr-CA","@id":"http:\/\/pppc.vsmdev.ca\/fr\/about\/board-of-directors\/#primaryimage","url":"https:\/\/pppc.ca\/wp-content\/uploads\/2023\/09\/Paul-Wieleba-min-682x1024.jpg","contentUrl":"https:\/\/pppc.ca\/wp-content\/uploads\/2023\/09\/Paul-Wieleba-min-682x1024.jpg"},{"@type":"BreadcrumbList","@id":"http:\/\/pppc.vsmdev.ca\/fr\/about\/board-of-directors\/#breadcrumb","itemListElement":[{"@type":"ListItem","position":1,"name":"Home","item":"http:\/\/pppc.vsmdev.ca\/fr\/"},{"@type":"ListItem","position":2,"name":"About","item":"http:\/\/pppc.vsmdev.ca\/fr\/about\/"},{"@type":"ListItem","position":3,"name":"PPPC&#8217;s National Board of Directors"}]},{"@type":"WebSite","@id":"http:\/\/pppc.vsmdev.ca\/#website","url":"http:\/\/pppc.vsmdev.ca\/","name":"Promotional Product Professionals of Canada Inc","description":"","potentialAction":[{"@type":"SearchAction","target":{"@type":"EntryPoint","urlTemplate":"http:\/\/pppc.vsmdev.ca\/?s={search_term_string}"},"query-input":{"@type":"PropertyValueSpecification","valueRequired":true,"valueName":"search_term_string"}}],"inLanguage":"fr-CA"}]}},"coauthors":[],"author_meta":{"author_link":"http:\/\/pppc.vsmdev.ca\/fr\/author\/wptangerine\/","display_name":"wptangerine"},"relative_dates":{"created":"Posted 2 ann\u00e9es ago","modified":"Updated 2 ann\u00e9es ago"},"absolute_dates":{"created":"Posted on 18 D\u00e9cembre 2023","modified":"Updated on 23 septembre 2024"},"absolute_dates_time":{"created":"Posted on 18 D\u00e9cembre 2023 8:59 pm","modified":"Updated on 23 septembre 2024 10:01 pm"},"featured_img_caption":"","featured_img":false,"series_order":"","_links":{"self":[{"href":"http:\/\/pppc.vsmdev.ca\/fr\/wp-json\/wp\/v2\/pages\/7222","targetHints":{"allow":["GET"]}}],"collection":[{"href":"http:\/\/pppc.vsmdev.ca\/fr\/wp-json\/wp\/v2\/pages"}],"about":[{"href":"http:\/\/pppc.vsmdev.ca\/fr\/wp-json\/wp\/v2\/types\/page"}],"author":[{"embeddable":true,"href":"http:\/\/pppc.vsmdev.ca\/fr\/wp-json\/wp\/v2\/users\/9"}],"replies":[{"embeddable":true,"href":"http:\/\/pppc.vsmdev.ca\/fr\/wp-json\/wp\/v2\/comments?post=7222"}],"version-history":[{"count":9,"href":"http:\/\/pppc.vsmdev.ca\/fr\/wp-json\/wp\/v2\/pages\/7222\/revisions"}],"predecessor-version":[{"id":8454,"href":"http:\/\/pppc.vsmdev.ca\/fr\/wp-json\/wp\/v2\/pages\/7222\/revisions\/8454"}],"up":[{"embeddable":true,"href":"http:\/\/pppc.vsmdev.ca\/fr\/wp-json\/wp\/v2\/pages\/23"}],"wp:attachment":[{"href":"http:\/\/pppc.vsmdev.ca\/fr\/wp-json\/wp\/v2\/media?parent=7222"}],"curies":[{"name":"wp","href":"https:\/\/api.w.org\/{rel}","templated":true}]}}