{"id":7134,"date":"2023-12-01T16:03:06","date_gmt":"2023-12-01T21:03:06","guid":{"rendered":"https:\/\/pppc.ca\/?page_id=7134"},"modified":"2023-12-07T16:47:10","modified_gmt":"2023-12-07T21:47:10","slug":"distributors","status":"publish","type":"page","link":"http:\/\/pppc.vsmdev.ca\/fr\/events\/tops\/distributors\/","title":{"rendered":"TOPS+ Distributors"},"content":{"rendered":"<p><em>L\u2019occasion pour les chefs de file de l\u2019industrie des produits promotionnels \u2013 comme vous \u2013 de se rassembler en un seul lieu pour profiter de votre ville et y faire des affaires de mani\u00e8re efficace avec vos principaux clients.<\/em><\/p>\n\n\n\n<h3 class=\"wp-block-heading has-text-align-center\">S'INSCRIRE AUJOURD'HUI<\/h3>\n\n\n\n<div class=\"wp-block-buttons is-layout-flex wp-block-buttons-is-layout-flex\">\n<div class=\"wp-block-button\"><a class=\"wp-block-button__link wp-element-button\" href=\"https:\/\/www.sagemember.com\/we\/we.dll\/ShowRegisterSaveType?UID=36133&amp;ShowID=1109&amp;CoType=1&amp;Submit=Continue\" target=\"_blank\" rel=\"noreferrer noopener\">Montr\u00e9al<\/a><\/div>\n\n\n\n<div class=\"wp-block-button\"><a class=\"wp-block-button__link wp-element-button\" href=\"https:\/\/www.sagemember.com\/we\/we.dll\/ShowRegisterSaveType?UID=36133&amp;ShowID=1110&amp;CoType=1&amp;Submit=Continue\" target=\"_blank\" rel=\"noreferrer noopener\">Toronto<\/a><\/div>\n\n\n\n<div class=\"wp-block-button\"><a class=\"wp-block-button__link wp-element-button\" href=\"https:\/\/www.sagemember.com\/we\/we.dll\/ShowRegisterSaveType?UID=36133&amp;ShowID=1111&amp;CoType=1&amp;Submit=Continue\" target=\"_blank\" rel=\"noreferrer noopener\">Calgary<\/a><\/div>\n\n\n\n<div class=\"wp-block-button\"><a class=\"wp-block-button__link wp-element-button\" href=\"https:\/\/www.sagemember.com\/we\/we.dll\/ShowRegisterSaveType?UID=36133&amp;ShowID=1112&amp;CoType=1&amp;Submit=Continue\" target=\"_blank\" rel=\"noreferrer noopener\">Winnipeg<\/a><\/div>\n\n\n\n<div class=\"wp-block-button\"><a class=\"wp-block-button__link wp-element-button\" href=\"https:\/\/www.sagemember.com\/we\/we.dll\/ShowRegisterSaveType?UID=36133&amp;ShowID=1113&amp;CoType=1&amp;Submit=Continue\" target=\"_blank\" rel=\"noreferrer noopener\">Vancouver<\/a><\/div>\n<\/div>\n\n\n\n<h2 class=\"wp-block-heading\" id=\"why-attend-abce6ec1-51f9-4dd3-83e6-4e63f7b55fa4\">Pourquoi y participer?<\/h2>\n\n\n\n<ul class=\"wp-block-list\">\n<li>Cr\u00e9er des liens avec les fournisseurs et pr\u00e9visualiser les nouveaux produits promotionnels les plus populaires pour 2024 dans une ville pr\u00e8s de chez vous<\/li>\n\n\n\n<li>Inspirer, instaurer un climat d\u2019enthousiasme, et favoriser votre cr\u00e9dibilit\u00e9 aupr\u00e8s de vos clients pour votre excellente connaissance et tout derniers produits promotionnels et des nouvelles tendances dans l\u2019industrie canadienne des produits promotionnels.<\/li>\n\n\n\n<li>Poser des questions, faire des affaires et rencontrer de nouveaux fournisseurs et des fournisseurs existants dans un seul lieu et dans un court d\u00e9lai qui est pratique pour vous et vos clients.<\/li>\n\n\n\n<li>Apprendre \u00e0 bien conna\u00eetre les nouveaut\u00e9s des produits promotionnels au Canada pour 2024.<\/li>\n\n\n\n<li>S\u2019amuser tout en faisant des affaires et reprendre connaissance avec d\u2019anciens contacts et en cr\u00e9er de nouveaux, tout en participant \u00e0 la plus longue tourn\u00e9e des salons des produits promotionnels du Canada qui offre \u00e0 vous et \u00e0 vos clients un acc\u00e8s exclusif et un aper\u00e7u de ce qu\u2019il y a de neuf dans l\u2019industrie. (En passant, vous pourrez aussi vous vanter d\u2019avoir particip\u00e9 \u00e0 l\u2019un de nos meilleurs salons de l\u2019industrie pour 2024!)<\/li>\n<\/ul>","protected":false},"excerpt":{"rendered":"<p>A chance for leaders in the promotional products industry \u2013 like you \u2013 to convene in one central place to enjoy and effectively do business in your city with your top clients. Register Today Why Attend?<\/p>","protected":false},"author":9,"featured_media":0,"parent":3394,"menu_order":0,"comment_status":"closed","ping_status":"closed","template":"","meta":{"_acf_changed":false,"advgb_blocks_editor_width":"","advgb_blocks_columns_visual_guide":"","episode_type":"","audio_file":"","cover_image":"","cover_image_id":"","duration":"","filesize":"","date_recorded":"","explicit":"","block":"","filesize_raw":"","footnotes":""},"class_list":["post-7134","page","type-page","status-publish","hentry"],"acf":[],"yoast_head":"<!-- This site is optimized with the Yoast SEO plugin v23.5 - https:\/\/yoast.com\/wordpress\/plugins\/seo\/ -->\n<title>TOPS+ Distributors - Promotional Product Professionals of Canada Inc<\/title>\n<meta name=\"robots\" content=\"index, follow, max-snippet:-1, max-image-preview:large, max-video-preview:-1\" \/>\n<link rel=\"canonical\" href=\"http:\/\/pppc.vsmdev.ca\/fr\/events\/tops\/distributors\/\" \/>\n<meta property=\"og:locale\" content=\"fr_CA\" \/>\n<meta property=\"og:type\" content=\"article\" \/>\n<meta property=\"og:title\" content=\"TOPS+ Distributors - Promotional Product Professionals of Canada Inc\" \/>\n<meta property=\"og:description\" content=\"A chance for leaders in the promotional products industry \u2013 like you \u2013 to convene in one central place to enjoy and effectively do business in your city with your top clients. Register Today Why Attend?\" \/>\n<meta property=\"og:url\" content=\"http:\/\/pppc.vsmdev.ca\/fr\/events\/tops\/distributors\/\" \/>\n<meta property=\"og:site_name\" content=\"Promotional Product Professionals of Canada Inc\" \/>\n<meta property=\"article:modified_time\" content=\"2023-12-07T21:47:10+00:00\" \/>\n<meta name=\"twitter:card\" content=\"summary_large_image\" \/>\n<meta name=\"twitter:label1\" content=\"Estimation du temps de lecture\" \/>\n\t<meta name=\"twitter:data1\" content=\"1 minute\" \/>\n<script type=\"application\/ld+json\" class=\"yoast-schema-graph\">{\"@context\":\"https:\/\/schema.org\",\"@graph\":[{\"@type\":\"WebPage\",\"@id\":\"http:\/\/pppc.vsmdev.ca\/events\/tops\/distributors\/\",\"url\":\"http:\/\/pppc.vsmdev.ca\/events\/tops\/distributors\/\",\"name\":\"TOPS+ Distributors - Promotional Product Professionals of Canada Inc\",\"isPartOf\":{\"@id\":\"https:\/\/pppc.vsmdev.ca\/#website\"},\"datePublished\":\"2023-12-01T21:03:06+00:00\",\"dateModified\":\"2023-12-07T21:47:10+00:00\",\"breadcrumb\":{\"@id\":\"http:\/\/pppc.vsmdev.ca\/events\/tops\/distributors\/#breadcrumb\"},\"inLanguage\":\"fr-CA\",\"potentialAction\":[{\"@type\":\"ReadAction\",\"target\":[\"http:\/\/pppc.vsmdev.ca\/events\/tops\/distributors\/\"]}]},{\"@type\":\"BreadcrumbList\",\"@id\":\"http:\/\/pppc.vsmdev.ca\/events\/tops\/distributors\/#breadcrumb\",\"itemListElement\":[{\"@type\":\"ListItem\",\"position\":1,\"name\":\"Home\",\"item\":\"https:\/\/pppc.vsmdev.ca\/\"},{\"@type\":\"ListItem\",\"position\":2,\"name\":\"Events\",\"item\":\"https:\/\/pppc.vsmdev.ca\/events\/\"},{\"@type\":\"ListItem\",\"position\":3,\"name\":\"TOPS+\",\"item\":\"http:\/\/pppc.vsmdev.ca\/fr\/events\/tops\/\"},{\"@type\":\"ListItem\",\"position\":4,\"name\":\"TOPS+ Distributors\"}]},{\"@type\":\"WebSite\",\"@id\":\"https:\/\/pppc.vsmdev.ca\/#website\",\"url\":\"https:\/\/pppc.vsmdev.ca\/\",\"name\":\"Promotional Product Professionals of Canada Inc\",\"description\":\"\",\"potentialAction\":[{\"@type\":\"SearchAction\",\"target\":{\"@type\":\"EntryPoint\",\"urlTemplate\":\"https:\/\/pppc.vsmdev.ca\/?s={search_term_string}\"},\"query-input\":{\"@type\":\"PropertyValueSpecification\",\"valueRequired\":true,\"valueName\":\"search_term_string\"}}],\"inLanguage\":\"fr-CA\"}]}<\/script>\n<!-- \/ Yoast SEO plugin. -->","yoast_head_json":{"title":"TOPS+ Distributors - Promotional Product Professionals of Canada Inc","robots":{"index":"index","follow":"follow","max-snippet":"max-snippet:-1","max-image-preview":"max-image-preview:large","max-video-preview":"max-video-preview:-1"},"canonical":"http:\/\/pppc.vsmdev.ca\/fr\/events\/tops\/distributors\/","og_locale":"fr_CA","og_type":"article","og_title":"TOPS+ Distributors - Promotional Product Professionals of Canada Inc","og_description":"A chance for leaders in the promotional products industry \u2013 like you \u2013 to convene in one central place to enjoy and effectively do business in your city with your top clients. Register Today Why Attend?","og_url":"http:\/\/pppc.vsmdev.ca\/fr\/events\/tops\/distributors\/","og_site_name":"Promotional Product Professionals of Canada Inc","article_modified_time":"2023-12-07T21:47:10+00:00","twitter_card":"summary_large_image","twitter_misc":{"Estimation du temps de lecture":"1 minute"},"schema":{"@context":"https:\/\/schema.org","@graph":[{"@type":"WebPage","@id":"http:\/\/pppc.vsmdev.ca\/events\/tops\/distributors\/","url":"http:\/\/pppc.vsmdev.ca\/events\/tops\/distributors\/","name":"TOPS+ Distributors - Promotional Product Professionals of Canada Inc","isPartOf":{"@id":"https:\/\/pppc.vsmdev.ca\/#website"},"datePublished":"2023-12-01T21:03:06+00:00","dateModified":"2023-12-07T21:47:10+00:00","breadcrumb":{"@id":"http:\/\/pppc.vsmdev.ca\/events\/tops\/distributors\/#breadcrumb"},"inLanguage":"fr-CA","potentialAction":[{"@type":"ReadAction","target":["http:\/\/pppc.vsmdev.ca\/events\/tops\/distributors\/"]}]},{"@type":"BreadcrumbList","@id":"http:\/\/pppc.vsmdev.ca\/events\/tops\/distributors\/#breadcrumb","itemListElement":[{"@type":"ListItem","position":1,"name":"Home","item":"https:\/\/pppc.vsmdev.ca\/"},{"@type":"ListItem","position":2,"name":"Events","item":"https:\/\/pppc.vsmdev.ca\/events\/"},{"@type":"ListItem","position":3,"name":"TOPS+","item":"http:\/\/pppc.vsmdev.ca\/fr\/events\/tops\/"},{"@type":"ListItem","position":4,"name":"TOPS+ Distributors"}]},{"@type":"WebSite","@id":"https:\/\/pppc.vsmdev.ca\/#website","url":"https:\/\/pppc.vsmdev.ca\/","name":"Promotional Product Professionals of Canada Inc","description":"","potentialAction":[{"@type":"SearchAction","target":{"@type":"EntryPoint","urlTemplate":"https:\/\/pppc.vsmdev.ca\/?s={search_term_string}"},"query-input":{"@type":"PropertyValueSpecification","valueRequired":true,"valueName":"search_term_string"}}],"inLanguage":"fr-CA"}]}},"coauthors":[],"author_meta":{"author_link":"http:\/\/pppc.vsmdev.ca\/fr\/author\/wptangerine\/","display_name":"wptangerine"},"relative_dates":{"created":"Posted 2 ann\u00e9es ago","modified":"Updated 2 ann\u00e9es ago"},"absolute_dates":{"created":"Posted on 1 D\u00e9cembre 2023","modified":"Updated on 7 D\u00e9cembre 2023"},"absolute_dates_time":{"created":"Posted on 1 D\u00e9cembre 2023 4:03 pm","modified":"Updated on 7 D\u00e9cembre 2023 4:47 pm"},"featured_img_caption":"","featured_img":false,"series_order":"","_links":{"self":[{"href":"http:\/\/pppc.vsmdev.ca\/fr\/wp-json\/wp\/v2\/pages\/7134","targetHints":{"allow":["GET"]}}],"collection":[{"href":"http:\/\/pppc.vsmdev.ca\/fr\/wp-json\/wp\/v2\/pages"}],"about":[{"href":"http:\/\/pppc.vsmdev.ca\/fr\/wp-json\/wp\/v2\/types\/page"}],"author":[{"embeddable":true,"href":"http:\/\/pppc.vsmdev.ca\/fr\/wp-json\/wp\/v2\/users\/9"}],"replies":[{"embeddable":true,"href":"http:\/\/pppc.vsmdev.ca\/fr\/wp-json\/wp\/v2\/comments?post=7134"}],"version-history":[{"count":3,"href":"http:\/\/pppc.vsmdev.ca\/fr\/wp-json\/wp\/v2\/pages\/7134\/revisions"}],"predecessor-version":[{"id":7166,"href":"http:\/\/pppc.vsmdev.ca\/fr\/wp-json\/wp\/v2\/pages\/7134\/revisions\/7166"}],"up":[{"embeddable":true,"href":"http:\/\/pppc.vsmdev.ca\/fr\/wp-json\/wp\/v2\/pages\/3394"}],"wp:attachment":[{"href":"http:\/\/pppc.vsmdev.ca\/fr\/wp-json\/wp\/v2\/media?parent=7134"}],"curies":[{"name":"wp","href":"https:\/\/api.w.org\/{rel}","templated":true}]}}