{"id":7132,"date":"2023-12-01T15:56:03","date_gmt":"2023-12-01T20:56:03","guid":{"rendered":"https:\/\/pppc.ca\/?page_id=7132"},"modified":"2023-12-18T21:15:23","modified_gmt":"2023-12-19T02:15:23","slug":"suppliers","status":"publish","type":"page","link":"http:\/\/pppc.vsmdev.ca\/fr\/events\/tops\/suppliers\/","title":{"rendered":"TOPS+ Suppliers"},"content":{"rendered":"<p><em>L\u2019occasion de faire conna\u00eetre vos nouveaux produits promotionnels pour 2024 \u00e0 un grand public de distributeurs et leurs clients dans un court d\u00e9lai, en un seul lieu.<\/em>.<\/p>\n\n\n\n<p>Don\u2019t delay in booking your booth and hotel room before the early bird deadline<br>Les membres peuvent choisir les prix de pr\u00e9inscription pour des villes individuelles ou r\u00e9server la trousse TOPS de tourn\u00e9e compl\u00e8te dans cinq villes (excellentes \u00e9conomies!).<br>Les non-membres peuvent aussi r\u00e9server leur place.<\/p>\n\n\n\n<div class=\"wp-block-buttons is-horizontal is-layout-flex wp-container-core-buttons-is-layout-8a84367c wp-block-buttons-is-layout-flex\">\n<div class=\"wp-block-button\"><a class=\"wp-block-button__link wp-element-button\" href=\"https:\/\/pppc.ca\/wp-content\/uploads\/2023\/12\/TOPS24-Booth-Form-MEMBER-1-1.pdf\" target=\"_blank\" rel=\"noreferrer noopener\">TARIFS ADH\u00c9RENTS<\/a><\/div>\n\n\n\n<div class=\"wp-block-button\"><a class=\"wp-block-button__link wp-element-button\" href=\"https:\/\/pppc.ca\/wp-content\/uploads\/2023\/11\/TOPS24-Booth-Form-NON-MEMBER.pdf\" target=\"_blank\" rel=\"noreferrer noopener\">Non-Member Pricing<\/a><\/div>\n<\/div>\n\n\n\n<h2 class=\"wp-block-heading\" id=\"why-exhibit-3f354978-7778-4710-a7ca-ae01dc7ead94\">Pourquoi exposer?<\/h2>\n\n\n\n<ul class=\"wp-block-list\">\n<li>TOPS+2024 des PPPC devrait attirer des centaines de distributeurs et leurs clients \u00e0 chacun des arr\u00eats de la tourn\u00e9e dans cinq villes.<\/li>\n\n\n\n<li>C\u2019est un moyen rentable et efficace de cr\u00e9er des liens avec des clients existants et de nouveaux clients potentiels en un seul endroit et dans une ville pr\u00e8s de chez vous.<\/li>\n\n\n\n<li>Rencontrer un grand groupe de clients en peu de temps afin de pr\u00e9senter les plus nouveaux produits promotionnels au Canada pour 2024.<\/li>\n\n\n\n<li>Produire de nouvelles pistes, propulser et faire cro\u00eetre votre entreprise.<\/li>\n<\/ul>\n\n\n\n<div class=\"wp-block-buttons is-layout-flex wp-block-buttons-is-layout-flex\">\n<div class=\"wp-block-button\"><a class=\"wp-block-button__link wp-element-button\" href=\"https:\/\/pppc.ca\/wp-content\/uploads\/2023\/12\/PPPC-TOPS-Exhibitor-Guide-2024-1.pdf\" target=\"_blank\" rel=\"noreferrer noopener\">Exhibitor\u2019s Guide<\/a><\/div>\n\n\n\n<div class=\"wp-block-button\"><a class=\"wp-block-button__link wp-element-button\" href=\"https:\/\/pppc.ca\/wp-content\/uploads\/2023\/12\/TOPS-2024-Sponsorship-Package.pdf\" target=\"_blank\" rel=\"noreferrer noopener\">Sponsorship Package<\/a><\/div>\n<\/div>","protected":false},"excerpt":{"rendered":"<p>An opportunity to promote your new promotional products for 2024 to a large audience of distributors and their clients in a short amount of time, in one central location. Don\u2019t delay in booking your booth and hotel room before the early bird deadlineMembers can select Early Bird Pricing for individual cities or book the full <\/p>","protected":false},"author":9,"featured_media":0,"parent":3394,"menu_order":0,"comment_status":"closed","ping_status":"closed","template":"","meta":{"_acf_changed":false,"advgb_blocks_editor_width":"","advgb_blocks_columns_visual_guide":"","episode_type":"","audio_file":"","cover_image":"","cover_image_id":"","duration":"","filesize":"","date_recorded":"","explicit":"","block":"","filesize_raw":"","footnotes":""},"class_list":["post-7132","page","type-page","status-publish","hentry"],"acf":[],"yoast_head":"<!-- This site is optimized with the Yoast SEO plugin v23.5 - https:\/\/yoast.com\/wordpress\/plugins\/seo\/ -->\n<title>TOPS+ Suppliers - Promotional Product Professionals of Canada Inc<\/title>\n<meta name=\"robots\" content=\"index, follow, max-snippet:-1, max-image-preview:large, max-video-preview:-1\" \/>\n<link rel=\"canonical\" href=\"http:\/\/pppc.vsmdev.ca\/fr\/events\/tops\/suppliers\/\" \/>\n<meta property=\"og:locale\" content=\"fr_CA\" \/>\n<meta property=\"og:type\" content=\"article\" \/>\n<meta property=\"og:title\" content=\"TOPS+ Suppliers - Promotional Product Professionals of Canada Inc\" \/>\n<meta property=\"og:description\" content=\"An opportunity to promote your new promotional products for 2024 to a large audience of distributors and their clients in a short amount of time, in one central location. Don\u2019t delay in booking your booth and hotel room before the early bird deadlineMembers can select Early Bird Pricing for individual cities or book the full\" \/>\n<meta property=\"og:url\" content=\"http:\/\/pppc.vsmdev.ca\/fr\/events\/tops\/suppliers\/\" \/>\n<meta property=\"og:site_name\" content=\"Promotional Product Professionals of Canada Inc\" \/>\n<meta property=\"article:modified_time\" content=\"2023-12-19T02:15:23+00:00\" \/>\n<meta name=\"twitter:card\" content=\"summary_large_image\" \/>\n<meta name=\"twitter:label1\" content=\"Estimation du temps de lecture\" \/>\n\t<meta name=\"twitter:data1\" content=\"1 minute\" \/>\n<script type=\"application\/ld+json\" class=\"yoast-schema-graph\">{\"@context\":\"https:\/\/schema.org\",\"@graph\":[{\"@type\":\"WebPage\",\"@id\":\"http:\/\/pppc.vsmdev.ca\/events\/tops\/suppliers\/\",\"url\":\"http:\/\/pppc.vsmdev.ca\/events\/tops\/suppliers\/\",\"name\":\"TOPS+ Suppliers - Promotional Product Professionals of Canada Inc\",\"isPartOf\":{\"@id\":\"https:\/\/pppc.vsmdev.ca\/#website\"},\"datePublished\":\"2023-12-01T20:56:03+00:00\",\"dateModified\":\"2023-12-19T02:15:23+00:00\",\"breadcrumb\":{\"@id\":\"http:\/\/pppc.vsmdev.ca\/events\/tops\/suppliers\/#breadcrumb\"},\"inLanguage\":\"fr-CA\",\"potentialAction\":[{\"@type\":\"ReadAction\",\"target\":[\"http:\/\/pppc.vsmdev.ca\/events\/tops\/suppliers\/\"]}]},{\"@type\":\"BreadcrumbList\",\"@id\":\"http:\/\/pppc.vsmdev.ca\/events\/tops\/suppliers\/#breadcrumb\",\"itemListElement\":[{\"@type\":\"ListItem\",\"position\":1,\"name\":\"Home\",\"item\":\"https:\/\/pppc.vsmdev.ca\/\"},{\"@type\":\"ListItem\",\"position\":2,\"name\":\"Events\",\"item\":\"https:\/\/pppc.vsmdev.ca\/events\/\"},{\"@type\":\"ListItem\",\"position\":3,\"name\":\"TOPS+\",\"item\":\"http:\/\/pppc.vsmdev.ca\/fr\/events\/tops\/\"},{\"@type\":\"ListItem\",\"position\":4,\"name\":\"TOPS+ Suppliers\"}]},{\"@type\":\"WebSite\",\"@id\":\"https:\/\/pppc.vsmdev.ca\/#website\",\"url\":\"https:\/\/pppc.vsmdev.ca\/\",\"name\":\"Promotional Product Professionals of Canada Inc\",\"description\":\"\",\"potentialAction\":[{\"@type\":\"SearchAction\",\"target\":{\"@type\":\"EntryPoint\",\"urlTemplate\":\"https:\/\/pppc.vsmdev.ca\/?s={search_term_string}\"},\"query-input\":{\"@type\":\"PropertyValueSpecification\",\"valueRequired\":true,\"valueName\":\"search_term_string\"}}],\"inLanguage\":\"fr-CA\"}]}<\/script>\n<!-- \/ Yoast SEO plugin. -->","yoast_head_json":{"title":"TOPS+ Suppliers - Promotional Product Professionals of Canada Inc","robots":{"index":"index","follow":"follow","max-snippet":"max-snippet:-1","max-image-preview":"max-image-preview:large","max-video-preview":"max-video-preview:-1"},"canonical":"http:\/\/pppc.vsmdev.ca\/fr\/events\/tops\/suppliers\/","og_locale":"fr_CA","og_type":"article","og_title":"TOPS+ Suppliers - Promotional Product Professionals of Canada Inc","og_description":"An opportunity to promote your new promotional products for 2024 to a large audience of distributors and their clients in a short amount of time, in one central location. Don\u2019t delay in booking your booth and hotel room before the early bird deadlineMembers can select Early Bird Pricing for individual cities or book the full","og_url":"http:\/\/pppc.vsmdev.ca\/fr\/events\/tops\/suppliers\/","og_site_name":"Promotional Product Professionals of Canada Inc","article_modified_time":"2023-12-19T02:15:23+00:00","twitter_card":"summary_large_image","twitter_misc":{"Estimation du temps de lecture":"1 minute"},"schema":{"@context":"https:\/\/schema.org","@graph":[{"@type":"WebPage","@id":"http:\/\/pppc.vsmdev.ca\/events\/tops\/suppliers\/","url":"http:\/\/pppc.vsmdev.ca\/events\/tops\/suppliers\/","name":"TOPS+ Suppliers - Promotional Product Professionals of Canada Inc","isPartOf":{"@id":"https:\/\/pppc.vsmdev.ca\/#website"},"datePublished":"2023-12-01T20:56:03+00:00","dateModified":"2023-12-19T02:15:23+00:00","breadcrumb":{"@id":"http:\/\/pppc.vsmdev.ca\/events\/tops\/suppliers\/#breadcrumb"},"inLanguage":"fr-CA","potentialAction":[{"@type":"ReadAction","target":["http:\/\/pppc.vsmdev.ca\/events\/tops\/suppliers\/"]}]},{"@type":"BreadcrumbList","@id":"http:\/\/pppc.vsmdev.ca\/events\/tops\/suppliers\/#breadcrumb","itemListElement":[{"@type":"ListItem","position":1,"name":"Home","item":"https:\/\/pppc.vsmdev.ca\/"},{"@type":"ListItem","position":2,"name":"Events","item":"https:\/\/pppc.vsmdev.ca\/events\/"},{"@type":"ListItem","position":3,"name":"TOPS+","item":"http:\/\/pppc.vsmdev.ca\/fr\/events\/tops\/"},{"@type":"ListItem","position":4,"name":"TOPS+ Suppliers"}]},{"@type":"WebSite","@id":"https:\/\/pppc.vsmdev.ca\/#website","url":"https:\/\/pppc.vsmdev.ca\/","name":"Promotional Product Professionals of Canada Inc","description":"","potentialAction":[{"@type":"SearchAction","target":{"@type":"EntryPoint","urlTemplate":"https:\/\/pppc.vsmdev.ca\/?s={search_term_string}"},"query-input":{"@type":"PropertyValueSpecification","valueRequired":true,"valueName":"search_term_string"}}],"inLanguage":"fr-CA"}]}},"coauthors":[],"author_meta":{"author_link":"http:\/\/pppc.vsmdev.ca\/fr\/author\/wptangerine\/","display_name":"wptangerine"},"relative_dates":{"created":"Posted 2 ann\u00e9es ago","modified":"Updated 2 ann\u00e9es ago"},"absolute_dates":{"created":"Posted on 1 D\u00e9cembre 2023","modified":"Updated on 18 D\u00e9cembre 2023"},"absolute_dates_time":{"created":"Posted on 1 D\u00e9cembre 2023 3:56 pm","modified":"Updated on 18 D\u00e9cembre 2023 9:15 pm"},"featured_img_caption":"","featured_img":false,"series_order":"","_links":{"self":[{"href":"http:\/\/pppc.vsmdev.ca\/fr\/wp-json\/wp\/v2\/pages\/7132","targetHints":{"allow":["GET"]}}],"collection":[{"href":"http:\/\/pppc.vsmdev.ca\/fr\/wp-json\/wp\/v2\/pages"}],"about":[{"href":"http:\/\/pppc.vsmdev.ca\/fr\/wp-json\/wp\/v2\/types\/page"}],"author":[{"embeddable":true,"href":"http:\/\/pppc.vsmdev.ca\/fr\/wp-json\/wp\/v2\/users\/9"}],"replies":[{"embeddable":true,"href":"http:\/\/pppc.vsmdev.ca\/fr\/wp-json\/wp\/v2\/comments?post=7132"}],"version-history":[{"count":6,"href":"http:\/\/pppc.vsmdev.ca\/fr\/wp-json\/wp\/v2\/pages\/7132\/revisions"}],"predecessor-version":[{"id":7241,"href":"http:\/\/pppc.vsmdev.ca\/fr\/wp-json\/wp\/v2\/pages\/7132\/revisions\/7241"}],"up":[{"embeddable":true,"href":"http:\/\/pppc.vsmdev.ca\/fr\/wp-json\/wp\/v2\/pages\/3394"}],"wp:attachment":[{"href":"http:\/\/pppc.vsmdev.ca\/fr\/wp-json\/wp\/v2\/media?parent=7132"}],"curies":[{"name":"wp","href":"https:\/\/api.w.org\/{rel}","templated":true}]}}