{"id":7106,"date":"2023-11-21T19:14:04","date_gmt":"2023-11-22T00:14:04","guid":{"rendered":"https:\/\/pppc.ca\/?page_id=7106"},"modified":"2023-12-15T18:52:27","modified_gmt":"2023-12-15T23:52:27","slug":"on-chapter-holiday-mixer","status":"publish","type":"page","link":"http:\/\/pppc.vsmdev.ca\/fr\/events\/chapter-events\/on-chapter-holiday-mixer\/","title":{"rendered":"ON Chapter Holiday Mixer"},"content":{"rendered":"<p><strong>Ontario Chapter Holiday Networking Event \u2013 PPPC Day of Giving!<\/strong>&nbsp;<\/p>\n\n\n\n<p>The PPPC Ontario Chapter Holiday Networking Event in December 2023 was a great success! Members gathered to enjoy some festive cheer and to give back as part of the Chapter\u2019s PPPC Day of Giving, where members brought food and clothing to donate to Canadians in need. Thanks to all those that attended and donated!<\/p>\n\n\n\n<p><strong>Date:<\/strong>&nbsp;Wednesday, November 29, 2023<br><strong>Time:<\/strong>&nbsp;6:30 p.m. EST<br><strong>Location:<\/strong>&nbsp;Wine Academy, 67 Richmond St. W., Toronto, ON <\/p>\n\n\n\n<p>Sponsored by:<\/p>\n\n\n\n<div class=\"wp-block-columns is-layout-flex wp-container-core-columns-is-layout-9d6595d7 wp-block-columns-is-layout-flex\">\n<div class=\"wp-block-column is-vertically-aligned-center is-layout-flow wp-block-column-is-layout-flow\">\n<figure class=\"wp-block-image size-full\"><img loading=\"lazy\" decoding=\"async\" width=\"591\" height=\"164\" src=\"https:\/\/pppc.ca\/wp-content\/uploads\/2023\/11\/score.png\" alt=\"\" class=\"wp-image-7109\" srcset=\"http:\/\/pppc.vsmdev.ca\/wp-content\/uploads\/2023\/11\/score.png 591w, http:\/\/pppc.vsmdev.ca\/wp-content\/uploads\/2023\/11\/score-300x83.png 300w, http:\/\/pppc.vsmdev.ca\/wp-content\/uploads\/2023\/11\/score-18x5.png 18w\" sizes=\"auto, (max-width: 591px) 100vw, 591px\" \/><\/figure>\n<\/div>\n\n\n\n<div class=\"wp-block-column is-vertically-aligned-center is-layout-flow wp-block-column-is-layout-flow\">\n<figure class=\"wp-block-image size-large\"><img loading=\"lazy\" decoding=\"async\" width=\"1024\" height=\"302\" src=\"https:\/\/pppc.ca\/wp-content\/uploads\/2023\/11\/PCNA-logo-only-1-e1700612456986-1024x302.png\" alt=\"\" class=\"wp-image-7112\" srcset=\"http:\/\/pppc.vsmdev.ca\/wp-content\/uploads\/2023\/11\/PCNA-logo-only-1-e1700612456986-1024x302.png 1024w, http:\/\/pppc.vsmdev.ca\/wp-content\/uploads\/2023\/11\/PCNA-logo-only-1-e1700612456986-300x89.png 300w, http:\/\/pppc.vsmdev.ca\/wp-content\/uploads\/2023\/11\/PCNA-logo-only-1-e1700612456986-768x227.png 768w, http:\/\/pppc.vsmdev.ca\/wp-content\/uploads\/2023\/11\/PCNA-logo-only-1-e1700612456986-1536x453.png 1536w, http:\/\/pppc.vsmdev.ca\/wp-content\/uploads\/2023\/11\/PCNA-logo-only-1-e1700612456986-2048x604.png 2048w, http:\/\/pppc.vsmdev.ca\/wp-content\/uploads\/2023\/11\/PCNA-logo-only-1-e1700612456986-18x5.png 18w\" sizes=\"auto, (max-width: 1024px) 100vw, 1024px\" \/><\/figure>\n<\/div>\n<\/div>\n\n\n\n<figure class=\"wp-block-gallery has-nested-images columns-3 is-cropped wp-block-gallery-1 is-layout-flex wp-block-gallery-is-layout-flex\">\n<figure class=\"wp-block-image size-large\"><img loading=\"lazy\" decoding=\"async\" width=\"768\" height=\"1024\" data-id=\"7205\" src=\"https:\/\/pppc.ca\/wp-content\/uploads\/2023\/12\/CHapter-events-768x1024.jpg\" alt=\"\" class=\"wp-image-7205\" srcset=\"http:\/\/pppc.vsmdev.ca\/wp-content\/uploads\/2023\/12\/CHapter-events-768x1023.jpg 768w, http:\/\/pppc.vsmdev.ca\/wp-content\/uploads\/2023\/12\/CHapter-events-225x300.jpg 225w, http:\/\/pppc.vsmdev.ca\/wp-content\/uploads\/2023\/12\/CHapter-events-1153x1536.jpg 1153w, http:\/\/pppc.vsmdev.ca\/wp-content\/uploads\/2023\/12\/CHapter-events-1537x2048.jpg 1537w, http:\/\/pppc.vsmdev.ca\/wp-content\/uploads\/2023\/12\/CHapter-events-9x12.jpg 9w, http:\/\/pppc.vsmdev.ca\/wp-content\/uploads\/2023\/12\/CHapter-events.jpg 1816w\" sizes=\"auto, (max-width: 768px) 100vw, 768px\" \/><\/figure>\n\n\n\n<figure class=\"wp-block-image size-large\"><img loading=\"lazy\" decoding=\"async\" width=\"1024\" height=\"769\" data-id=\"7206\" src=\"https:\/\/pppc.ca\/wp-content\/uploads\/2023\/12\/Chapter-events2-1024x769.jpg\" alt=\"\" class=\"wp-image-7206\" srcset=\"http:\/\/pppc.vsmdev.ca\/wp-content\/uploads\/2023\/12\/Chapter-events2-1024x769.jpg 1024w, http:\/\/pppc.vsmdev.ca\/wp-content\/uploads\/2023\/12\/Chapter-events2-300x225.jpg 300w, http:\/\/pppc.vsmdev.ca\/wp-content\/uploads\/2023\/12\/Chapter-events2-768x576.jpg 768w, http:\/\/pppc.vsmdev.ca\/wp-content\/uploads\/2023\/12\/Chapter-events2-1536x1153.jpg 1536w, http:\/\/pppc.vsmdev.ca\/wp-content\/uploads\/2023\/12\/Chapter-events2-16x12.jpg 16w, http:\/\/pppc.vsmdev.ca\/wp-content\/uploads\/2023\/12\/Chapter-events2.jpg 2000w\" sizes=\"auto, (max-width: 1024px) 100vw, 1024px\" \/><\/figure>\n\n\n\n<figure class=\"wp-block-image size-large\"><img loading=\"lazy\" decoding=\"async\" width=\"768\" height=\"1024\" data-id=\"7207\" src=\"https:\/\/pppc.ca\/wp-content\/uploads\/2023\/12\/Chapters-events-3-768x1024.jpg\" alt=\"\" class=\"wp-image-7207\" srcset=\"http:\/\/pppc.vsmdev.ca\/wp-content\/uploads\/2023\/12\/Chapters-events-3-768x1023.jpg 768w, http:\/\/pppc.vsmdev.ca\/wp-content\/uploads\/2023\/12\/Chapters-events-3-225x300.jpg 225w, http:\/\/pppc.vsmdev.ca\/wp-content\/uploads\/2023\/12\/Chapters-events-3-1153x1536.jpg 1153w, http:\/\/pppc.vsmdev.ca\/wp-content\/uploads\/2023\/12\/Chapters-events-3-1537x2048.jpg 1537w, http:\/\/pppc.vsmdev.ca\/wp-content\/uploads\/2023\/12\/Chapters-events-3-9x12.jpg 9w, http:\/\/pppc.vsmdev.ca\/wp-content\/uploads\/2023\/12\/Chapters-events-3.jpg 1816w\" sizes=\"auto, (max-width: 768px) 100vw, 768px\" \/><\/figure>\n\n\n\n<figure class=\"wp-block-image size-large\"><img loading=\"lazy\" decoding=\"async\" width=\"1024\" height=\"769\" data-id=\"7208\" src=\"https:\/\/pppc.ca\/wp-content\/uploads\/2023\/12\/Chapters-Events-4-1024x769.jpg\" alt=\"\" class=\"wp-image-7208\" srcset=\"http:\/\/pppc.vsmdev.ca\/wp-content\/uploads\/2023\/12\/Chapters-Events-4-1024x769.jpg 1024w, http:\/\/pppc.vsmdev.ca\/wp-content\/uploads\/2023\/12\/Chapters-Events-4-300x225.jpg 300w, http:\/\/pppc.vsmdev.ca\/wp-content\/uploads\/2023\/12\/Chapters-Events-4-768x576.jpg 768w, http:\/\/pppc.vsmdev.ca\/wp-content\/uploads\/2023\/12\/Chapters-Events-4-1536x1153.jpg 1536w, http:\/\/pppc.vsmdev.ca\/wp-content\/uploads\/2023\/12\/Chapters-Events-4-16x12.jpg 16w, http:\/\/pppc.vsmdev.ca\/wp-content\/uploads\/2023\/12\/Chapters-Events-4.jpg 2000w\" sizes=\"auto, (max-width: 1024px) 100vw, 1024px\" \/><\/figure>\n<\/figure>","protected":false},"excerpt":{"rendered":"<p>Ontario Chapter Holiday Networking Event \u2013 PPPC Day of Giving!&nbsp; The PPPC Ontario Chapter Holiday Networking Event in December 2023 was a great success! Members gathered to enjoy some festive cheer and to give back as part of the Chapter\u2019s PPPC Day of Giving, where members brought food and clothing to donate to Canadians in <\/p>","protected":false},"author":9,"featured_media":0,"parent":3934,"menu_order":0,"comment_status":"closed","ping_status":"closed","template":"","meta":{"_acf_changed":false,"advgb_blocks_editor_width":"","advgb_blocks_columns_visual_guide":"","episode_type":"","audio_file":"","cover_image":"","cover_image_id":"","duration":"","filesize":"","date_recorded":"","explicit":"","block":"","filesize_raw":"","footnotes":""},"class_list":["post-7106","page","type-page","status-publish","hentry"],"acf":[],"yoast_head":"<!-- This site is optimized with the Yoast SEO plugin v23.5 - https:\/\/yoast.com\/wordpress\/plugins\/seo\/ -->\n<title>ON Chapter Holiday Mixer - Promotional Product Professionals of Canada Inc<\/title>\n<meta name=\"robots\" content=\"index, follow, max-snippet:-1, max-image-preview:large, max-video-preview:-1\" \/>\n<link rel=\"canonical\" href=\"http:\/\/pppc.vsmdev.ca\/fr\/events\/chapter-events\/on-chapter-holiday-mixer\/\" \/>\n<meta property=\"og:locale\" content=\"fr_CA\" \/>\n<meta property=\"og:type\" content=\"article\" \/>\n<meta property=\"og:title\" content=\"ON Chapter Holiday Mixer - Promotional Product Professionals of Canada Inc\" \/>\n<meta property=\"og:description\" content=\"Ontario Chapter Holiday Networking Event \u2013 PPPC Day of Giving!&nbsp; The PPPC Ontario Chapter Holiday Networking Event in December 2023 was a great success! Members gathered to enjoy some festive cheer and to give back as part of the Chapter\u2019s PPPC Day of Giving, where members brought food and clothing to donate to Canadians in\" \/>\n<meta property=\"og:url\" content=\"http:\/\/pppc.vsmdev.ca\/fr\/events\/chapter-events\/on-chapter-holiday-mixer\/\" \/>\n<meta property=\"og:site_name\" content=\"Promotional Product Professionals of Canada Inc\" \/>\n<meta property=\"article:modified_time\" content=\"2023-12-15T23:52:27+00:00\" \/>\n<meta property=\"og:image\" content=\"https:\/\/pppc.ca\/wp-content\/uploads\/2023\/11\/score.png\" \/>\n<meta name=\"twitter:card\" content=\"summary_large_image\" \/>\n<meta name=\"twitter:label1\" content=\"Estimation du temps de lecture\" \/>\n\t<meta name=\"twitter:data1\" content=\"2 minutes\" \/>\n<script type=\"application\/ld+json\" class=\"yoast-schema-graph\">{\"@context\":\"https:\/\/schema.org\",\"@graph\":[{\"@type\":\"WebPage\",\"@id\":\"http:\/\/pppc.vsmdev.ca\/events\/chapter-events\/on-chapter-holiday-mixer\/\",\"url\":\"http:\/\/pppc.vsmdev.ca\/events\/chapter-events\/on-chapter-holiday-mixer\/\",\"name\":\"ON Chapter Holiday Mixer - Promotional Product Professionals of Canada Inc\",\"isPartOf\":{\"@id\":\"https:\/\/pppc.vsmdev.ca\/#website\"},\"primaryImageOfPage\":{\"@id\":\"http:\/\/pppc.vsmdev.ca\/events\/chapter-events\/on-chapter-holiday-mixer\/#primaryimage\"},\"image\":{\"@id\":\"http:\/\/pppc.vsmdev.ca\/events\/chapter-events\/on-chapter-holiday-mixer\/#primaryimage\"},\"thumbnailUrl\":\"https:\/\/pppc.ca\/wp-content\/uploads\/2023\/11\/score.png\",\"datePublished\":\"2023-11-22T00:14:04+00:00\",\"dateModified\":\"2023-12-15T23:52:27+00:00\",\"breadcrumb\":{\"@id\":\"http:\/\/pppc.vsmdev.ca\/events\/chapter-events\/on-chapter-holiday-mixer\/#breadcrumb\"},\"inLanguage\":\"fr-CA\",\"potentialAction\":[{\"@type\":\"ReadAction\",\"target\":[\"http:\/\/pppc.vsmdev.ca\/events\/chapter-events\/on-chapter-holiday-mixer\/\"]}]},{\"@type\":\"ImageObject\",\"inLanguage\":\"fr-CA\",\"@id\":\"http:\/\/pppc.vsmdev.ca\/events\/chapter-events\/on-chapter-holiday-mixer\/#primaryimage\",\"url\":\"https:\/\/pppc.ca\/wp-content\/uploads\/2023\/11\/score.png\",\"contentUrl\":\"https:\/\/pppc.ca\/wp-content\/uploads\/2023\/11\/score.png\"},{\"@type\":\"BreadcrumbList\",\"@id\":\"http:\/\/pppc.vsmdev.ca\/events\/chapter-events\/on-chapter-holiday-mixer\/#breadcrumb\",\"itemListElement\":[{\"@type\":\"ListItem\",\"position\":1,\"name\":\"Home\",\"item\":\"https:\/\/pppc.vsmdev.ca\/\"},{\"@type\":\"ListItem\",\"position\":2,\"name\":\"Events\",\"item\":\"https:\/\/pppc.vsmdev.ca\/events\/\"},{\"@type\":\"ListItem\",\"position\":3,\"name\":\"Chapter Events\",\"item\":\"https:\/\/pppc.vsmdev.ca\/events\/chapter-events\/\"},{\"@type\":\"ListItem\",\"position\":4,\"name\":\"ON Chapter Holiday Mixer\"}]},{\"@type\":\"WebSite\",\"@id\":\"https:\/\/pppc.vsmdev.ca\/#website\",\"url\":\"https:\/\/pppc.vsmdev.ca\/\",\"name\":\"Promotional Product Professionals of Canada Inc\",\"description\":\"\",\"potentialAction\":[{\"@type\":\"SearchAction\",\"target\":{\"@type\":\"EntryPoint\",\"urlTemplate\":\"https:\/\/pppc.vsmdev.ca\/?s={search_term_string}\"},\"query-input\":{\"@type\":\"PropertyValueSpecification\",\"valueRequired\":true,\"valueName\":\"search_term_string\"}}],\"inLanguage\":\"fr-CA\"}]}<\/script>\n<!-- \/ Yoast SEO plugin. -->","yoast_head_json":{"title":"ON Chapter Holiday Mixer - Promotional Product Professionals of Canada Inc","robots":{"index":"index","follow":"follow","max-snippet":"max-snippet:-1","max-image-preview":"max-image-preview:large","max-video-preview":"max-video-preview:-1"},"canonical":"http:\/\/pppc.vsmdev.ca\/fr\/events\/chapter-events\/on-chapter-holiday-mixer\/","og_locale":"fr_CA","og_type":"article","og_title":"ON Chapter Holiday Mixer - Promotional Product Professionals of Canada Inc","og_description":"Ontario Chapter Holiday Networking Event \u2013 PPPC Day of Giving!&nbsp; The PPPC Ontario Chapter Holiday Networking Event in December 2023 was a great success! Members gathered to enjoy some festive cheer and to give back as part of the Chapter\u2019s PPPC Day of Giving, where members brought food and clothing to donate to Canadians in","og_url":"http:\/\/pppc.vsmdev.ca\/fr\/events\/chapter-events\/on-chapter-holiday-mixer\/","og_site_name":"Promotional Product Professionals of Canada Inc","article_modified_time":"2023-12-15T23:52:27+00:00","og_image":[{"url":"https:\/\/pppc.ca\/wp-content\/uploads\/2023\/11\/score.png"}],"twitter_card":"summary_large_image","twitter_misc":{"Estimation du temps de lecture":"2 minutes"},"schema":{"@context":"https:\/\/schema.org","@graph":[{"@type":"WebPage","@id":"http:\/\/pppc.vsmdev.ca\/events\/chapter-events\/on-chapter-holiday-mixer\/","url":"http:\/\/pppc.vsmdev.ca\/events\/chapter-events\/on-chapter-holiday-mixer\/","name":"ON Chapter Holiday Mixer - Promotional Product Professionals of Canada Inc","isPartOf":{"@id":"https:\/\/pppc.vsmdev.ca\/#website"},"primaryImageOfPage":{"@id":"http:\/\/pppc.vsmdev.ca\/events\/chapter-events\/on-chapter-holiday-mixer\/#primaryimage"},"image":{"@id":"http:\/\/pppc.vsmdev.ca\/events\/chapter-events\/on-chapter-holiday-mixer\/#primaryimage"},"thumbnailUrl":"https:\/\/pppc.ca\/wp-content\/uploads\/2023\/11\/score.png","datePublished":"2023-11-22T00:14:04+00:00","dateModified":"2023-12-15T23:52:27+00:00","breadcrumb":{"@id":"http:\/\/pppc.vsmdev.ca\/events\/chapter-events\/on-chapter-holiday-mixer\/#breadcrumb"},"inLanguage":"fr-CA","potentialAction":[{"@type":"ReadAction","target":["http:\/\/pppc.vsmdev.ca\/events\/chapter-events\/on-chapter-holiday-mixer\/"]}]},{"@type":"ImageObject","inLanguage":"fr-CA","@id":"http:\/\/pppc.vsmdev.ca\/events\/chapter-events\/on-chapter-holiday-mixer\/#primaryimage","url":"https:\/\/pppc.ca\/wp-content\/uploads\/2023\/11\/score.png","contentUrl":"https:\/\/pppc.ca\/wp-content\/uploads\/2023\/11\/score.png"},{"@type":"BreadcrumbList","@id":"http:\/\/pppc.vsmdev.ca\/events\/chapter-events\/on-chapter-holiday-mixer\/#breadcrumb","itemListElement":[{"@type":"ListItem","position":1,"name":"Home","item":"https:\/\/pppc.vsmdev.ca\/"},{"@type":"ListItem","position":2,"name":"Events","item":"https:\/\/pppc.vsmdev.ca\/events\/"},{"@type":"ListItem","position":3,"name":"Chapter Events","item":"https:\/\/pppc.vsmdev.ca\/events\/chapter-events\/"},{"@type":"ListItem","position":4,"name":"ON Chapter Holiday Mixer"}]},{"@type":"WebSite","@id":"https:\/\/pppc.vsmdev.ca\/#website","url":"https:\/\/pppc.vsmdev.ca\/","name":"Promotional Product Professionals of Canada Inc","description":"","potentialAction":[{"@type":"SearchAction","target":{"@type":"EntryPoint","urlTemplate":"https:\/\/pppc.vsmdev.ca\/?s={search_term_string}"},"query-input":{"@type":"PropertyValueSpecification","valueRequired":true,"valueName":"search_term_string"}}],"inLanguage":"fr-CA"}]}},"coauthors":[],"author_meta":{"author_link":"http:\/\/pppc.vsmdev.ca\/fr\/author\/wptangerine\/","display_name":"wptangerine"},"relative_dates":{"created":"Posted 2 ann\u00e9es ago","modified":"Updated 2 ann\u00e9es ago"},"absolute_dates":{"created":"Posted on 21 novembre 2023","modified":"Updated on 15 D\u00e9cembre 2023"},"absolute_dates_time":{"created":"Posted on 21 novembre 2023 7:14 pm","modified":"Updated on 15 D\u00e9cembre 2023 6:52 pm"},"featured_img_caption":"","featured_img":false,"series_order":"","_links":{"self":[{"href":"http:\/\/pppc.vsmdev.ca\/fr\/wp-json\/wp\/v2\/pages\/7106","targetHints":{"allow":["GET"]}}],"collection":[{"href":"http:\/\/pppc.vsmdev.ca\/fr\/wp-json\/wp\/v2\/pages"}],"about":[{"href":"http:\/\/pppc.vsmdev.ca\/fr\/wp-json\/wp\/v2\/types\/page"}],"author":[{"embeddable":true,"href":"http:\/\/pppc.vsmdev.ca\/fr\/wp-json\/wp\/v2\/users\/9"}],"replies":[{"embeddable":true,"href":"http:\/\/pppc.vsmdev.ca\/fr\/wp-json\/wp\/v2\/comments?post=7106"}],"version-history":[{"count":5,"href":"http:\/\/pppc.vsmdev.ca\/fr\/wp-json\/wp\/v2\/pages\/7106\/revisions"}],"predecessor-version":[{"id":7209,"href":"http:\/\/pppc.vsmdev.ca\/fr\/wp-json\/wp\/v2\/pages\/7106\/revisions\/7209"}],"up":[{"embeddable":true,"href":"http:\/\/pppc.vsmdev.ca\/fr\/wp-json\/wp\/v2\/pages\/3934"}],"wp:attachment":[{"href":"http:\/\/pppc.vsmdev.ca\/fr\/wp-json\/wp\/v2\/media?parent=7106"}],"curies":[{"name":"wp","href":"https:\/\/api.w.org\/{rel}","templated":true}]}}