{"id":69,"date":"2022-02-23T11:25:22","date_gmt":"2022-02-23T16:25:22","guid":{"rendered":"http:\/\/pppc.vsmdev.ca\/?page_id=69"},"modified":"2024-06-14T17:20:03","modified_gmt":"2024-06-14T21:20:03","slug":"british-columbia-chapter","status":"publish","type":"page","link":"http:\/\/pppc.vsmdev.ca\/fr\/chapters\/british-columbia-chapter\/","title":{"rendered":"Colombie-britannique"},"content":{"rendered":"<h2 class=\"wp-block-heading\">Devenez membre d'une \u00e9quipe que vous aimez en vous joignant au chapitre de la Colombie-Britannique des PPPC.&nbsp;<\/h2>\n\n\n\n<p>Notre croissance est aliment\u00e9e par une solide r\u00e9putation fond\u00e9e sur des relations durables. Rejoignez une \u00e9quipe qui organise fr\u00e9quemment des activit\u00e9s de r\u00e9seautage pour cr\u00e9er et favoriser des liens dans l'industrie. Le chapitre de la Colombie-Britannique des Professionnels en produits promotionnels du Canada s'efforcera de d\u00e9velopper vos comp\u00e9tences et de vous aider \u00e0 atteindre vos objectifs \u00e9conomiques et sociaux.&nbsp;<\/p>\n\n\n\n<p><strong>Parlez-nous de la possibilit\u00e9 de rejoindre notre communaut\u00e9 de professionnels d\u00e9termin\u00e9s.<\/strong><\/p>\n\n\n\n<hr class=\"wp-block-separator has-css-opacity\"\/>\n\n\n\n<h2 class=\"wp-block-heading\">Membres du conseil<\/h2>\n\n\n\n<p><em>ADMINISTRATEURS<\/em><\/p>\n\n\n\n<div class=\"wp-block-columns is-layout-flex wp-container-core-columns-is-layout-9d6595d7 wp-block-columns-is-layout-flex\">\n<div class=\"wp-block-column is-layout-flow wp-block-column-is-layout-flow\">\n<p><strong>CHRIS RATHBORNE<br><\/strong>BAMKO INC<br>Richmond (Colombie-Britannique)<\/p>\n\n\n\n<p><strong>BARRY BUTLER<br><\/strong>TARGET SPECIALTY ADVERTISING INC.<br>Richmond (Colombie-Britannique)<\/p>\n\n\n\n<p><strong>RANDY HAGGSTROM<br><\/strong>OUT OF THE BLUE DESIGNS<br>Victoria (Colombie-Britannique)<\/p>\n\n\n\n<p><strong>SHIRLEY COUTURE, TAS<br><\/strong>CORPORATE GIFTS INC.<br>Surrey (Colombie-Britannique)<\/p>\n\n\n\n<p><strong>WINSTON LO<br><\/strong>BOULEVARD ADVERTISING INC.<br>Richmond (Colombie-Britannique)<\/p>\n\n\n\n<p><strong>JESSICA MCKINNON<br><\/strong>WHITERIDGE INC.<br>(Colombie-Britannique)<\/p>\n<\/div>\n\n\n\n<div class=\"wp-block-column is-layout-flow wp-block-column-is-layout-flow\">\n<p><strong>WARREN KINDELLAN<br><\/strong>SUDDEN IMPACT<br>Langley (Colombie-Britannique)<\/p>\n\n\n\n<p><strong>APRIL KENNEDY<br><\/strong>KANATA BLANKET COMPANY<br>Richmond (Colombie-Britannique)<\/p>\n\n\n\n<p><strong>SHANE ALLEN<br><\/strong>CUTTER &amp; BUCK<br>Richmond (Colombie-Britannique)<\/p>\n\n\n\n<p><strong>ROCKY SINGH \/ JOHN GILRLING<br><\/strong>FULL LINE SPECIALTIES<br>Surrey (Colombie-Britannique)<\/p>\n\n\n\n<p><strong>KARIM DHARAMAMSHI<br><\/strong>SIGNVISIONS PROMOTIONAL SOLUTIONS<br>Maple Ridge (Colombie-Britannique)<\/p>\n<\/div>\n<\/div>","protected":false},"excerpt":{"rendered":"<p>Become a member of a team you love when you join the PPPC British Columbia chapter.&nbsp; Our growth is driven by a strong reputation built on lasting relationships. Be a part of a team who often organizes networking events to create and foster connections in the industry. The British Columbia Promotional Product Professionals of Canada <\/p>","protected":false},"author":1,"featured_media":3481,"parent":27,"menu_order":0,"comment_status":"closed","ping_status":"closed","template":"","meta":{"_acf_changed":false,"advgb_blocks_editor_width":"","advgb_blocks_columns_visual_guide":"","episode_type":"","audio_file":"","cover_image":"","cover_image_id":"","duration":"","filesize":"","date_recorded":"","explicit":"","block":"","filesize_raw":"","footnotes":""},"class_list":["post-69","page","type-page","status-publish","has-post-thumbnail","hentry"],"acf":[],"yoast_head":"<!-- This site is optimized with the Yoast SEO plugin v23.5 - https:\/\/yoast.com\/wordpress\/plugins\/seo\/ -->\n<title>Promotional Product Professionals of Canada - British Columbia Chapter<\/title>\n<meta name=\"description\" content=\"Become a member of a team you love when you join the PPPC British Columbia chapter. The British Columbia Promotional Product Professionals of Canada chapter will work to develop your skills and help you reach your economic and social goals.\" \/>\n<meta name=\"robots\" content=\"index, follow, max-snippet:-1, max-image-preview:large, max-video-preview:-1\" \/>\n<link rel=\"canonical\" href=\"http:\/\/pppc.vsmdev.ca\/fr\/chapters\/british-columbia-chapter\/\" \/>\n<meta property=\"og:locale\" content=\"fr_CA\" \/>\n<meta property=\"og:type\" content=\"article\" \/>\n<meta property=\"og:title\" content=\"Promotional Product Professionals of Canada - British Columbia Chapter\" \/>\n<meta property=\"og:description\" content=\"Become a member of a team you love when you join the PPPC British Columbia chapter. The British Columbia Promotional Product Professionals of Canada chapter will work to develop your skills and help you reach your economic and social goals.\" \/>\n<meta property=\"og:url\" content=\"http:\/\/pppc.vsmdev.ca\/fr\/chapters\/british-columbia-chapter\/\" \/>\n<meta property=\"og:site_name\" content=\"Promotional Product Professionals of Canada Inc\" \/>\n<meta property=\"article:modified_time\" content=\"2024-06-14T21:20:03+00:00\" \/>\n<meta property=\"og:image\" content=\"https:\/\/pppc.vsmdev.ca\/wp-content\/uploads\/2022\/03\/British-Columbia.jpg\" \/>\n\t<meta property=\"og:image:width\" content=\"1920\" \/>\n\t<meta property=\"og:image:height\" content=\"1080\" \/>\n\t<meta property=\"og:image:type\" content=\"image\/jpeg\" \/>\n<meta name=\"twitter:card\" content=\"summary_large_image\" \/>\n<meta name=\"twitter:label1\" content=\"Estimation du temps de lecture\" \/>\n\t<meta name=\"twitter:data1\" content=\"1 minute\" \/>\n<script type=\"application\/ld+json\" class=\"yoast-schema-graph\">{\"@context\":\"https:\/\/schema.org\",\"@graph\":[{\"@type\":\"WebPage\",\"@id\":\"https:\/\/pppc.vsmdev.ca\/chapters\/british-columbia-chapter\/\",\"url\":\"https:\/\/pppc.vsmdev.ca\/chapters\/british-columbia-chapter\/\",\"name\":\"Promotional Product Professionals of Canada - British Columbia Chapter\",\"isPartOf\":{\"@id\":\"https:\/\/pppc.vsmdev.ca\/#website\"},\"primaryImageOfPage\":{\"@id\":\"https:\/\/pppc.vsmdev.ca\/chapters\/british-columbia-chapter\/#primaryimage\"},\"image\":{\"@id\":\"https:\/\/pppc.vsmdev.ca\/chapters\/british-columbia-chapter\/#primaryimage\"},\"thumbnailUrl\":\"http:\/\/pppc.vsmdev.ca\/wp-content\/uploads\/2022\/03\/British-Columbia.jpg\",\"datePublished\":\"2022-02-23T16:25:22+00:00\",\"dateModified\":\"2024-06-14T21:20:03+00:00\",\"description\":\"Become a member of a team you love when you join the PPPC British Columbia chapter. The British Columbia Promotional Product Professionals of Canada chapter will work to develop your skills and help you reach your economic and social goals.\",\"breadcrumb\":{\"@id\":\"https:\/\/pppc.vsmdev.ca\/chapters\/british-columbia-chapter\/#breadcrumb\"},\"inLanguage\":\"fr-CA\",\"potentialAction\":[{\"@type\":\"ReadAction\",\"target\":[\"https:\/\/pppc.vsmdev.ca\/chapters\/british-columbia-chapter\/\"]}]},{\"@type\":\"ImageObject\",\"inLanguage\":\"fr-CA\",\"@id\":\"https:\/\/pppc.vsmdev.ca\/chapters\/british-columbia-chapter\/#primaryimage\",\"url\":\"http:\/\/pppc.vsmdev.ca\/wp-content\/uploads\/2022\/03\/British-Columbia.jpg\",\"contentUrl\":\"http:\/\/pppc.vsmdev.ca\/wp-content\/uploads\/2022\/03\/British-Columbia.jpg\",\"width\":1920,\"height\":1080},{\"@type\":\"BreadcrumbList\",\"@id\":\"https:\/\/pppc.vsmdev.ca\/chapters\/british-columbia-chapter\/#breadcrumb\",\"itemListElement\":[{\"@type\":\"ListItem\",\"position\":1,\"name\":\"Home\",\"item\":\"https:\/\/pppc.vsmdev.ca\/\"},{\"@type\":\"ListItem\",\"position\":2,\"name\":\"Chapters\",\"item\":\"http:\/\/pppc.vsmdev.ca\/chapters\/\"},{\"@type\":\"ListItem\",\"position\":3,\"name\":\"British Columbia\"}]},{\"@type\":\"WebSite\",\"@id\":\"https:\/\/pppc.vsmdev.ca\/#website\",\"url\":\"https:\/\/pppc.vsmdev.ca\/\",\"name\":\"Promotional Product Professionals of Canada Inc\",\"description\":\"\",\"potentialAction\":[{\"@type\":\"SearchAction\",\"target\":{\"@type\":\"EntryPoint\",\"urlTemplate\":\"https:\/\/pppc.vsmdev.ca\/?s={search_term_string}\"},\"query-input\":{\"@type\":\"PropertyValueSpecification\",\"valueRequired\":true,\"valueName\":\"search_term_string\"}}],\"inLanguage\":\"fr-CA\"}]}<\/script>\n<!-- \/ Yoast SEO plugin. -->","yoast_head_json":{"title":"Promotional Product Professionals of Canada - British Columbia Chapter","description":"Become a member of a team you love when you join the PPPC British Columbia chapter. The British Columbia Promotional Product Professionals of Canada chapter will work to develop your skills and help you reach your economic and social goals.","robots":{"index":"index","follow":"follow","max-snippet":"max-snippet:-1","max-image-preview":"max-image-preview:large","max-video-preview":"max-video-preview:-1"},"canonical":"http:\/\/pppc.vsmdev.ca\/fr\/chapters\/british-columbia-chapter\/","og_locale":"fr_CA","og_type":"article","og_title":"Promotional Product Professionals of Canada - British Columbia Chapter","og_description":"Become a member of a team you love when you join the PPPC British Columbia chapter. The British Columbia Promotional Product Professionals of Canada chapter will work to develop your skills and help you reach your economic and social goals.","og_url":"http:\/\/pppc.vsmdev.ca\/fr\/chapters\/british-columbia-chapter\/","og_site_name":"Promotional Product Professionals of Canada Inc","article_modified_time":"2024-06-14T21:20:03+00:00","og_image":[{"width":1920,"height":1080,"url":"https:\/\/pppc.vsmdev.ca\/wp-content\/uploads\/2022\/03\/British-Columbia.jpg","type":"image\/jpeg"}],"twitter_card":"summary_large_image","twitter_misc":{"Estimation du temps de lecture":"1 minute"},"schema":{"@context":"https:\/\/schema.org","@graph":[{"@type":"WebPage","@id":"https:\/\/pppc.vsmdev.ca\/chapters\/british-columbia-chapter\/","url":"https:\/\/pppc.vsmdev.ca\/chapters\/british-columbia-chapter\/","name":"Promotional Product Professionals of Canada - British Columbia Chapter","isPartOf":{"@id":"https:\/\/pppc.vsmdev.ca\/#website"},"primaryImageOfPage":{"@id":"https:\/\/pppc.vsmdev.ca\/chapters\/british-columbia-chapter\/#primaryimage"},"image":{"@id":"https:\/\/pppc.vsmdev.ca\/chapters\/british-columbia-chapter\/#primaryimage"},"thumbnailUrl":"http:\/\/pppc.vsmdev.ca\/wp-content\/uploads\/2022\/03\/British-Columbia.jpg","datePublished":"2022-02-23T16:25:22+00:00","dateModified":"2024-06-14T21:20:03+00:00","description":"Become a member of a team you love when you join the PPPC British Columbia chapter. The British Columbia Promotional Product Professionals of Canada chapter will work to develop your skills and help you reach your economic and social goals.","breadcrumb":{"@id":"https:\/\/pppc.vsmdev.ca\/chapters\/british-columbia-chapter\/#breadcrumb"},"inLanguage":"fr-CA","potentialAction":[{"@type":"ReadAction","target":["https:\/\/pppc.vsmdev.ca\/chapters\/british-columbia-chapter\/"]}]},{"@type":"ImageObject","inLanguage":"fr-CA","@id":"https:\/\/pppc.vsmdev.ca\/chapters\/british-columbia-chapter\/#primaryimage","url":"http:\/\/pppc.vsmdev.ca\/wp-content\/uploads\/2022\/03\/British-Columbia.jpg","contentUrl":"http:\/\/pppc.vsmdev.ca\/wp-content\/uploads\/2022\/03\/British-Columbia.jpg","width":1920,"height":1080},{"@type":"BreadcrumbList","@id":"https:\/\/pppc.vsmdev.ca\/chapters\/british-columbia-chapter\/#breadcrumb","itemListElement":[{"@type":"ListItem","position":1,"name":"Home","item":"https:\/\/pppc.vsmdev.ca\/"},{"@type":"ListItem","position":2,"name":"Chapters","item":"http:\/\/pppc.vsmdev.ca\/chapters\/"},{"@type":"ListItem","position":3,"name":"British Columbia"}]},{"@type":"WebSite","@id":"https:\/\/pppc.vsmdev.ca\/#website","url":"https:\/\/pppc.vsmdev.ca\/","name":"Promotional Product Professionals of Canada Inc","description":"","potentialAction":[{"@type":"SearchAction","target":{"@type":"EntryPoint","urlTemplate":"https:\/\/pppc.vsmdev.ca\/?s={search_term_string}"},"query-input":{"@type":"PropertyValueSpecification","valueRequired":true,"valueName":"search_term_string"}}],"inLanguage":"fr-CA"}]}},"coauthors":[],"author_meta":{"author_link":"http:\/\/pppc.vsmdev.ca\/fr\/author\/vsmadmin\/","display_name":"vsmadmin"},"relative_dates":{"created":"Posted 4 ann\u00e9es ago","modified":"Updated 2 ann\u00e9es ago"},"absolute_dates":{"created":"Posted on 23 f\u00e9vrier 2022","modified":"Updated on 14 juin 2024"},"absolute_dates_time":{"created":"Posted on 23 f\u00e9vrier 2022 11:25 am","modified":"Updated on 14 juin 2024 5:20 pm"},"featured_img_caption":"","featured_img":"http:\/\/pppc.vsmdev.ca\/wp-content\/uploads\/2022\/03\/British-Columbia.jpg","series_order":"","_links":{"self":[{"href":"http:\/\/pppc.vsmdev.ca\/fr\/wp-json\/wp\/v2\/pages\/69","targetHints":{"allow":["GET"]}}],"collection":[{"href":"http:\/\/pppc.vsmdev.ca\/fr\/wp-json\/wp\/v2\/pages"}],"about":[{"href":"http:\/\/pppc.vsmdev.ca\/fr\/wp-json\/wp\/v2\/types\/page"}],"author":[{"embeddable":true,"href":"http:\/\/pppc.vsmdev.ca\/fr\/wp-json\/wp\/v2\/users\/1"}],"replies":[{"embeddable":true,"href":"http:\/\/pppc.vsmdev.ca\/fr\/wp-json\/wp\/v2\/comments?post=69"}],"version-history":[{"count":9,"href":"http:\/\/pppc.vsmdev.ca\/fr\/wp-json\/wp\/v2\/pages\/69\/revisions"}],"predecessor-version":[{"id":7981,"href":"http:\/\/pppc.vsmdev.ca\/fr\/wp-json\/wp\/v2\/pages\/69\/revisions\/7981"}],"up":[{"embeddable":true,"href":"http:\/\/pppc.vsmdev.ca\/fr\/wp-json\/wp\/v2\/pages\/27"}],"wp:featuredmedia":[{"embeddable":true,"href":"http:\/\/pppc.vsmdev.ca\/fr\/wp-json\/wp\/v2\/media\/3481"}],"wp:attachment":[{"href":"http:\/\/pppc.vsmdev.ca\/fr\/wp-json\/wp\/v2\/media?parent=69"}],"curies":[{"name":"wp","href":"https:\/\/api.w.org\/{rel}","templated":true}]}}