{"id":6480,"date":"2023-08-01T16:23:13","date_gmt":"2023-08-01T20:23:13","guid":{"rendered":"https:\/\/pppc.ca\/?page_id=6480"},"modified":"2023-08-01T16:24:28","modified_gmt":"2023-08-01T20:24:28","slug":"2019-awards-ceremony-video","status":"publish","type":"page","link":"http:\/\/pppc.vsmdev.ca\/fr\/awards\/pppc-awards-2022-archived\/2019-awards-ceremony-video\/","title":{"rendered":"2019 Awards Ceremony Video"},"content":{"rendered":"<figure class=\"wp-block-embed is-type-video is-provider-youtube wp-block-embed-youtube wp-embed-aspect-16-9 wp-has-aspect-ratio\"><div class=\"wp-block-embed__wrapper\">\n<iframe loading=\"lazy\" title=\"PPPC Award Ceremony\" width=\"500\" height=\"281\" src=\"https:\/\/www.youtube.com\/embed\/93u14RT4oUM?feature=oembed\" frameborder=\"0\" allow=\"accelerometer; autoplay; clipboard-write; encrypted-media; gyroscope; picture-in-picture; web-share\" referrerpolicy=\"strict-origin-when-cross-origin\" allowfullscreen><\/iframe>\n<\/div><\/figure>","protected":false},"excerpt":{"rendered":"","protected":false},"author":9,"featured_media":0,"parent":6419,"menu_order":0,"comment_status":"closed","ping_status":"closed","template":"","meta":{"_acf_changed":false,"advgb_blocks_editor_width":"","advgb_blocks_columns_visual_guide":"","episode_type":"","audio_file":"","cover_image":"","cover_image_id":"","duration":"","filesize":"","date_recorded":"","explicit":"","block":"","filesize_raw":"","footnotes":""},"class_list":["post-6480","page","type-page","status-publish","hentry"],"acf":[],"yoast_head":"<!-- This site is optimized with the Yoast SEO plugin v23.5 - https:\/\/yoast.com\/wordpress\/plugins\/seo\/ -->\n<title>2019 Awards Ceremony Video - Promotional Product Professionals of Canada Inc<\/title>\n<meta name=\"robots\" content=\"index, follow, max-snippet:-1, max-image-preview:large, max-video-preview:-1\" \/>\n<link rel=\"canonical\" href=\"http:\/\/pppc.vsmdev.ca\/fr\/awards\/pppc-awards-2022-archived\/2019-awards-ceremony-video\/\" \/>\n<meta property=\"og:locale\" content=\"fr_CA\" \/>\n<meta property=\"og:type\" content=\"article\" \/>\n<meta property=\"og:title\" content=\"2019 Awards Ceremony Video - Promotional Product Professionals of Canada Inc\" \/>\n<meta property=\"og:url\" content=\"http:\/\/pppc.vsmdev.ca\/fr\/awards\/pppc-awards-2022-archived\/2019-awards-ceremony-video\/\" \/>\n<meta property=\"og:site_name\" content=\"Promotional Product Professionals of Canada Inc\" \/>\n<meta property=\"article:modified_time\" content=\"2023-08-01T20:24:28+00:00\" \/>\n<meta name=\"twitter:card\" content=\"summary_large_image\" \/>\n<meta name=\"twitter:label1\" content=\"Estimation du temps de lecture\" \/>\n\t<meta name=\"twitter:data1\" content=\"1 minute\" \/>\n<script type=\"application\/ld+json\" class=\"yoast-schema-graph\">{\"@context\":\"https:\/\/schema.org\",\"@graph\":[{\"@type\":\"WebPage\",\"@id\":\"https:\/\/pppc.vsmdev.ca\/awards\/pppc-awards-2022-archived\/2019-awards-ceremony-video\/\",\"url\":\"https:\/\/pppc.vsmdev.ca\/awards\/pppc-awards-2022-archived\/2019-awards-ceremony-video\/\",\"name\":\"2019 Awards Ceremony Video - Promotional Product Professionals of Canada Inc\",\"isPartOf\":{\"@id\":\"https:\/\/pppc.vsmdev.ca\/#website\"},\"datePublished\":\"2023-08-01T20:23:13+00:00\",\"dateModified\":\"2023-08-01T20:24:28+00:00\",\"breadcrumb\":{\"@id\":\"https:\/\/pppc.vsmdev.ca\/awards\/pppc-awards-2022-archived\/2019-awards-ceremony-video\/#breadcrumb\"},\"inLanguage\":\"fr-CA\",\"potentialAction\":[{\"@type\":\"ReadAction\",\"target\":[\"https:\/\/pppc.vsmdev.ca\/awards\/pppc-awards-2022-archived\/2019-awards-ceremony-video\/\"]}]},{\"@type\":\"BreadcrumbList\",\"@id\":\"https:\/\/pppc.vsmdev.ca\/awards\/pppc-awards-2022-archived\/2019-awards-ceremony-video\/#breadcrumb\",\"itemListElement\":[{\"@type\":\"ListItem\",\"position\":1,\"name\":\"Home\",\"item\":\"https:\/\/pppc.vsmdev.ca\/\"},{\"@type\":\"ListItem\",\"position\":2,\"name\":\"Awards\",\"item\":\"https:\/\/pppc.vsmdev.ca\/awards\/\"},{\"@type\":\"ListItem\",\"position\":3,\"name\":\"PPPC Awards 2022 (archived)\",\"item\":\"https:\/\/pppc.vsmdev.ca\/?page_id=6419\"},{\"@type\":\"ListItem\",\"position\":4,\"name\":\"2019 Awards Ceremony Video\"}]},{\"@type\":\"WebSite\",\"@id\":\"https:\/\/pppc.vsmdev.ca\/#website\",\"url\":\"https:\/\/pppc.vsmdev.ca\/\",\"name\":\"Promotional Product Professionals of Canada Inc\",\"description\":\"\",\"potentialAction\":[{\"@type\":\"SearchAction\",\"target\":{\"@type\":\"EntryPoint\",\"urlTemplate\":\"https:\/\/pppc.vsmdev.ca\/?s={search_term_string}\"},\"query-input\":{\"@type\":\"PropertyValueSpecification\",\"valueRequired\":true,\"valueName\":\"search_term_string\"}}],\"inLanguage\":\"fr-CA\"}]}<\/script>\n<!-- \/ Yoast SEO plugin. -->","yoast_head_json":{"title":"2019 Awards Ceremony Video - Promotional Product Professionals of Canada Inc","robots":{"index":"index","follow":"follow","max-snippet":"max-snippet:-1","max-image-preview":"max-image-preview:large","max-video-preview":"max-video-preview:-1"},"canonical":"http:\/\/pppc.vsmdev.ca\/fr\/awards\/pppc-awards-2022-archived\/2019-awards-ceremony-video\/","og_locale":"fr_CA","og_type":"article","og_title":"2019 Awards Ceremony Video - Promotional Product Professionals of Canada Inc","og_url":"http:\/\/pppc.vsmdev.ca\/fr\/awards\/pppc-awards-2022-archived\/2019-awards-ceremony-video\/","og_site_name":"Promotional Product Professionals of Canada Inc","article_modified_time":"2023-08-01T20:24:28+00:00","twitter_card":"summary_large_image","twitter_misc":{"Estimation du temps de lecture":"1 minute"},"schema":{"@context":"https:\/\/schema.org","@graph":[{"@type":"WebPage","@id":"https:\/\/pppc.vsmdev.ca\/awards\/pppc-awards-2022-archived\/2019-awards-ceremony-video\/","url":"https:\/\/pppc.vsmdev.ca\/awards\/pppc-awards-2022-archived\/2019-awards-ceremony-video\/","name":"2019 Awards Ceremony Video - Promotional Product Professionals of Canada Inc","isPartOf":{"@id":"https:\/\/pppc.vsmdev.ca\/#website"},"datePublished":"2023-08-01T20:23:13+00:00","dateModified":"2023-08-01T20:24:28+00:00","breadcrumb":{"@id":"https:\/\/pppc.vsmdev.ca\/awards\/pppc-awards-2022-archived\/2019-awards-ceremony-video\/#breadcrumb"},"inLanguage":"fr-CA","potentialAction":[{"@type":"ReadAction","target":["https:\/\/pppc.vsmdev.ca\/awards\/pppc-awards-2022-archived\/2019-awards-ceremony-video\/"]}]},{"@type":"BreadcrumbList","@id":"https:\/\/pppc.vsmdev.ca\/awards\/pppc-awards-2022-archived\/2019-awards-ceremony-video\/#breadcrumb","itemListElement":[{"@type":"ListItem","position":1,"name":"Home","item":"https:\/\/pppc.vsmdev.ca\/"},{"@type":"ListItem","position":2,"name":"Awards","item":"https:\/\/pppc.vsmdev.ca\/awards\/"},{"@type":"ListItem","position":3,"name":"PPPC Awards 2022 (archived)","item":"https:\/\/pppc.vsmdev.ca\/?page_id=6419"},{"@type":"ListItem","position":4,"name":"2019 Awards Ceremony Video"}]},{"@type":"WebSite","@id":"https:\/\/pppc.vsmdev.ca\/#website","url":"https:\/\/pppc.vsmdev.ca\/","name":"Promotional Product Professionals of Canada Inc","description":"","potentialAction":[{"@type":"SearchAction","target":{"@type":"EntryPoint","urlTemplate":"https:\/\/pppc.vsmdev.ca\/?s={search_term_string}"},"query-input":{"@type":"PropertyValueSpecification","valueRequired":true,"valueName":"search_term_string"}}],"inLanguage":"fr-CA"}]}},"coauthors":[],"author_meta":{"author_link":"http:\/\/pppc.vsmdev.ca\/fr\/author\/wptangerine\/","display_name":"wptangerine"},"relative_dates":{"created":"Posted 3 ann\u00e9es ago","modified":"Updated 3 ann\u00e9es ago"},"absolute_dates":{"created":"Posted on 1 ao\u00fbt 2023","modified":"Updated on 1 ao\u00fbt 2023"},"absolute_dates_time":{"created":"Posted on 1 ao\u00fbt 2023 4:23 pm","modified":"Updated on 1 ao\u00fbt 2023 4:24 pm"},"featured_img_caption":"","featured_img":false,"series_order":"","_links":{"self":[{"href":"http:\/\/pppc.vsmdev.ca\/fr\/wp-json\/wp\/v2\/pages\/6480","targetHints":{"allow":["GET"]}}],"collection":[{"href":"http:\/\/pppc.vsmdev.ca\/fr\/wp-json\/wp\/v2\/pages"}],"about":[{"href":"http:\/\/pppc.vsmdev.ca\/fr\/wp-json\/wp\/v2\/types\/page"}],"author":[{"embeddable":true,"href":"http:\/\/pppc.vsmdev.ca\/fr\/wp-json\/wp\/v2\/users\/9"}],"replies":[{"embeddable":true,"href":"http:\/\/pppc.vsmdev.ca\/fr\/wp-json\/wp\/v2\/comments?post=6480"}],"version-history":[{"count":2,"href":"http:\/\/pppc.vsmdev.ca\/fr\/wp-json\/wp\/v2\/pages\/6480\/revisions"}],"predecessor-version":[{"id":6482,"href":"http:\/\/pppc.vsmdev.ca\/fr\/wp-json\/wp\/v2\/pages\/6480\/revisions\/6482"}],"up":[{"embeddable":true,"href":"http:\/\/pppc.vsmdev.ca\/fr\/wp-json\/wp\/v2\/pages\/6419"}],"wp:attachment":[{"href":"http:\/\/pppc.vsmdev.ca\/fr\/wp-json\/wp\/v2\/media?parent=6480"}],"curies":[{"name":"wp","href":"https:\/\/api.w.org\/{rel}","templated":true}]}}