{"id":6467,"date":"2023-07-24T19:23:38","date_gmt":"2023-07-24T23:23:38","guid":{"rendered":"https:\/\/pppc.ca\/?page_id=6467"},"modified":"2023-08-01T16:25:42","modified_gmt":"2023-08-01T20:25:42","slug":"2022-awards-ceremony-video","status":"publish","type":"page","link":"http:\/\/pppc.vsmdev.ca\/fr\/awards\/pppc-awards-2022-archived\/2022-awards-ceremony-video\/","title":{"rendered":"VID\u00c9O DE LA C\u00c9R\u00c9MONIE DE REMISE DES PRIX 2022"},"content":{"rendered":"<div style=\"padding:56.25% 0 0 0;position:relative;\"><iframe src=\"https:\/\/player.vimeo.com\/video\/824885458? badge=0&amp;autopause=0&amp;player_id=0&amp;app_id=58479\" frameborder=\"0\" allow=\"autoplay; fullscreen; picture-in-picture\" allowfullscreen style=\"position:absolute;top:0;left:0;width:100%;height:100%;\" title=\"NATCON 2022 - PPPC Awards-CB\"><\/iframe><\/div><script src=\"https:\/\/player.vimeo.com\/api\/player.js\"><\/script>","protected":false},"excerpt":{"rendered":"","protected":false},"author":9,"featured_media":0,"parent":6419,"menu_order":0,"comment_status":"closed","ping_status":"closed","template":"","meta":{"_acf_changed":false,"advgb_blocks_editor_width":"","advgb_blocks_columns_visual_guide":"","episode_type":"","audio_file":"","cover_image":"","cover_image_id":"","duration":"","filesize":"","date_recorded":"","explicit":"","block":"","filesize_raw":"","footnotes":""},"class_list":["post-6467","page","type-page","status-publish","hentry"],"acf":[],"yoast_head":"<!-- This site is optimized with the Yoast SEO plugin v23.5 - https:\/\/yoast.com\/wordpress\/plugins\/seo\/ -->\n<title>2022 Awards Ceremony Video - Promotional Product Professionals of Canada Inc<\/title>\n<meta name=\"robots\" content=\"index, follow, max-snippet:-1, max-image-preview:large, max-video-preview:-1\" \/>\n<link rel=\"canonical\" href=\"http:\/\/pppc.vsmdev.ca\/fr\/awards\/pppc-awards-2022-archived\/2022-awards-ceremony-video\/\" \/>\n<meta property=\"og:locale\" content=\"fr_CA\" \/>\n<meta property=\"og:type\" content=\"article\" \/>\n<meta property=\"og:title\" content=\"2022 Awards Ceremony Video - Promotional Product Professionals of Canada Inc\" \/>\n<meta property=\"og:url\" content=\"http:\/\/pppc.vsmdev.ca\/fr\/awards\/pppc-awards-2022-archived\/2022-awards-ceremony-video\/\" \/>\n<meta property=\"og:site_name\" content=\"Promotional Product Professionals of Canada Inc\" \/>\n<meta property=\"article:modified_time\" content=\"2023-08-01T20:25:42+00:00\" \/>\n<meta name=\"twitter:card\" content=\"summary_large_image\" \/>\n<meta name=\"twitter:label1\" content=\"Estimation du temps de lecture\" \/>\n\t<meta name=\"twitter:data1\" content=\"1 minute\" \/>\n<script type=\"application\/ld+json\" class=\"yoast-schema-graph\">{\"@context\":\"https:\/\/schema.org\",\"@graph\":[{\"@type\":\"WebPage\",\"@id\":\"http:\/\/pppc.vsmdev.ca\/fr\/awards\/pppc-awards-2022-archived\/2022-awards-ceremony-video\/\",\"url\":\"http:\/\/pppc.vsmdev.ca\/fr\/awards\/pppc-awards-2022-archived\/2022-awards-ceremony-video\/\",\"name\":\"2022 Awards Ceremony Video - Promotional Product Professionals of Canada Inc\",\"isPartOf\":{\"@id\":\"http:\/\/pppc.vsmdev.ca\/fr\/#website\"},\"datePublished\":\"2023-07-24T23:23:38+00:00\",\"dateModified\":\"2023-08-01T20:25:42+00:00\",\"breadcrumb\":{\"@id\":\"http:\/\/pppc.vsmdev.ca\/fr\/awards\/pppc-awards-2022-archived\/2022-awards-ceremony-video\/#breadcrumb\"},\"inLanguage\":\"fr-CA\",\"potentialAction\":[{\"@type\":\"ReadAction\",\"target\":[\"http:\/\/pppc.vsmdev.ca\/fr\/awards\/pppc-awards-2022-archived\/2022-awards-ceremony-video\/\"]}]},{\"@type\":\"BreadcrumbList\",\"@id\":\"http:\/\/pppc.vsmdev.ca\/fr\/awards\/pppc-awards-2022-archived\/2022-awards-ceremony-video\/#breadcrumb\",\"itemListElement\":[{\"@type\":\"ListItem\",\"position\":1,\"name\":\"Home\",\"item\":\"http:\/\/pppc.vsmdev.ca\/fr\/\"},{\"@type\":\"ListItem\",\"position\":2,\"name\":\"Awards\",\"item\":\"http:\/\/pppc.vsmdev.ca\/fr\/awards\/\"},{\"@type\":\"ListItem\",\"position\":3,\"name\":\"PPPC Awards 2022 (archived)\",\"item\":\"http:\/\/pppc.vsmdev.ca\/fr\/?page_id=6419\"},{\"@type\":\"ListItem\",\"position\":4,\"name\":\"2022 Awards Ceremony Video\"}]},{\"@type\":\"WebSite\",\"@id\":\"http:\/\/pppc.vsmdev.ca\/fr\/#website\",\"url\":\"http:\/\/pppc.vsmdev.ca\/fr\/\",\"name\":\"Promotional Product Professionals of Canada Inc\",\"description\":\"\",\"potentialAction\":[{\"@type\":\"SearchAction\",\"target\":{\"@type\":\"EntryPoint\",\"urlTemplate\":\"http:\/\/pppc.vsmdev.ca\/fr\/?s={search_term_string}\"},\"query-input\":{\"@type\":\"PropertyValueSpecification\",\"valueRequired\":true,\"valueName\":\"search_term_string\"}}],\"inLanguage\":\"fr-CA\"}]}<\/script>\n<!-- \/ Yoast SEO plugin. -->","yoast_head_json":{"title":"2022 Awards Ceremony Video - Promotional Product Professionals of Canada Inc","robots":{"index":"index","follow":"follow","max-snippet":"max-snippet:-1","max-image-preview":"max-image-preview:large","max-video-preview":"max-video-preview:-1"},"canonical":"http:\/\/pppc.vsmdev.ca\/fr\/awards\/pppc-awards-2022-archived\/2022-awards-ceremony-video\/","og_locale":"fr_CA","og_type":"article","og_title":"2022 Awards Ceremony Video - Promotional Product Professionals of Canada Inc","og_url":"http:\/\/pppc.vsmdev.ca\/fr\/awards\/pppc-awards-2022-archived\/2022-awards-ceremony-video\/","og_site_name":"Promotional Product Professionals of Canada Inc","article_modified_time":"2023-08-01T20:25:42+00:00","twitter_card":"summary_large_image","twitter_misc":{"Estimation du temps de lecture":"1 minute"},"schema":{"@context":"https:\/\/schema.org","@graph":[{"@type":"WebPage","@id":"http:\/\/pppc.vsmdev.ca\/fr\/awards\/pppc-awards-2022-archived\/2022-awards-ceremony-video\/","url":"http:\/\/pppc.vsmdev.ca\/fr\/awards\/pppc-awards-2022-archived\/2022-awards-ceremony-video\/","name":"2022 Awards Ceremony Video - Promotional Product Professionals of Canada Inc","isPartOf":{"@id":"http:\/\/pppc.vsmdev.ca\/fr\/#website"},"datePublished":"2023-07-24T23:23:38+00:00","dateModified":"2023-08-01T20:25:42+00:00","breadcrumb":{"@id":"http:\/\/pppc.vsmdev.ca\/fr\/awards\/pppc-awards-2022-archived\/2022-awards-ceremony-video\/#breadcrumb"},"inLanguage":"fr-CA","potentialAction":[{"@type":"ReadAction","target":["http:\/\/pppc.vsmdev.ca\/fr\/awards\/pppc-awards-2022-archived\/2022-awards-ceremony-video\/"]}]},{"@type":"BreadcrumbList","@id":"http:\/\/pppc.vsmdev.ca\/fr\/awards\/pppc-awards-2022-archived\/2022-awards-ceremony-video\/#breadcrumb","itemListElement":[{"@type":"ListItem","position":1,"name":"Home","item":"http:\/\/pppc.vsmdev.ca\/fr\/"},{"@type":"ListItem","position":2,"name":"Awards","item":"http:\/\/pppc.vsmdev.ca\/fr\/awards\/"},{"@type":"ListItem","position":3,"name":"PPPC Awards 2022 (archived)","item":"http:\/\/pppc.vsmdev.ca\/fr\/?page_id=6419"},{"@type":"ListItem","position":4,"name":"2022 Awards Ceremony Video"}]},{"@type":"WebSite","@id":"http:\/\/pppc.vsmdev.ca\/fr\/#website","url":"http:\/\/pppc.vsmdev.ca\/fr\/","name":"Promotional Product Professionals of Canada Inc","description":"","potentialAction":[{"@type":"SearchAction","target":{"@type":"EntryPoint","urlTemplate":"http:\/\/pppc.vsmdev.ca\/fr\/?s={search_term_string}"},"query-input":{"@type":"PropertyValueSpecification","valueRequired":true,"valueName":"search_term_string"}}],"inLanguage":"fr-CA"}]}},"coauthors":[],"author_meta":{"author_link":"http:\/\/pppc.vsmdev.ca\/fr\/author\/wptangerine\/","display_name":"wptangerine"},"relative_dates":{"created":"Posted 3 ann\u00e9es ago","modified":"Updated 3 ann\u00e9es ago"},"absolute_dates":{"created":"Posted on 24 juillet 2023","modified":"Updated on 1 ao\u00fbt 2023"},"absolute_dates_time":{"created":"Posted on 24 juillet 2023 7:23 pm","modified":"Updated on 1 ao\u00fbt 2023 4:25 pm"},"featured_img_caption":"","featured_img":false,"series_order":"","_links":{"self":[{"href":"http:\/\/pppc.vsmdev.ca\/fr\/wp-json\/wp\/v2\/pages\/6467","targetHints":{"allow":["GET"]}}],"collection":[{"href":"http:\/\/pppc.vsmdev.ca\/fr\/wp-json\/wp\/v2\/pages"}],"about":[{"href":"http:\/\/pppc.vsmdev.ca\/fr\/wp-json\/wp\/v2\/types\/page"}],"author":[{"embeddable":true,"href":"http:\/\/pppc.vsmdev.ca\/fr\/wp-json\/wp\/v2\/users\/9"}],"replies":[{"embeddable":true,"href":"http:\/\/pppc.vsmdev.ca\/fr\/wp-json\/wp\/v2\/comments?post=6467"}],"version-history":[{"count":3,"href":"http:\/\/pppc.vsmdev.ca\/fr\/wp-json\/wp\/v2\/pages\/6467\/revisions"}],"predecessor-version":[{"id":6483,"href":"http:\/\/pppc.vsmdev.ca\/fr\/wp-json\/wp\/v2\/pages\/6467\/revisions\/6483"}],"up":[{"embeddable":true,"href":"http:\/\/pppc.vsmdev.ca\/fr\/wp-json\/wp\/v2\/pages\/6419"}],"wp:attachment":[{"href":"http:\/\/pppc.vsmdev.ca\/fr\/wp-json\/wp\/v2\/media?parent=6467"}],"curies":[{"name":"wp","href":"https:\/\/api.w.org\/{rel}","templated":true}]}}