{"id":5458,"date":"2022-11-01T19:33:09","date_gmt":"2022-11-01T23:33:09","guid":{"rendered":"https:\/\/pppc.ca\/?page_id=5458"},"modified":"2024-09-12T19:53:04","modified_gmt":"2024-09-12T23:53:04","slug":"wee","status":"publish","type":"page","link":"http:\/\/pppc.vsmdev.ca\/fr\/events\/wee\/","title":{"rendered":"WEE 2025"},"content":{"rendered":"<h2 class=\"wp-block-heading\" id=\"engage-with-insightful-and-influential-leaders-at-pppcs-womens-empowerment-event--7cd629b2-99d7-477f-bbad-7875c67940f7\">Rencontrez des leaders perspicaces et influentes en prenant part \u00e0 l\u2019activit\u00e9 d\u2019autonomisation pour les femmes WEE (Women\u2019s Empowerment Event) des PPPC.<\/h2>\n\n\n\n<p><strong>L\u2019activit\u00e9 d\u2019autonomisation pour les femmes WEE est un \u00e9v\u00e9nement de r\u00e9seautage et une exp\u00e9rience d'apprentissage cr\u00e9\u00e9s par des femmes, pour des femmes, dans le but d\u2019\u00e9changer des connaissances et des id\u00e9es.<\/strong><\/p>\n\n\n\n<p>Build friendships and strengthen your contacts within the promotional products industry in an inviting atmosphere. Join other influential women in designing a new tomorrow!<\/p>\n\n\n\n<h3 class=\"wp-block-heading has-text-align-center\">WEE 2025 (Stay tuned!)<\/h3>\n\n\n<div class=\"wp-block-image\">\n<figure class=\"aligncenter size-large is-resized\"><img loading=\"lazy\" decoding=\"async\" width=\"1024\" height=\"768\" src=\"https:\/\/pppc.ca\/wp-content\/uploads\/2024\/05\/WEE-committee-1024x768.jpg\" alt=\"\" class=\"wp-image-7714\" style=\"width:600px\" srcset=\"http:\/\/pppc.vsmdev.ca\/wp-content\/uploads\/2024\/05\/WEE-committee-1024x768.jpg 1024w, http:\/\/pppc.vsmdev.ca\/wp-content\/uploads\/2024\/05\/WEE-committee-300x225.jpg 300w, http:\/\/pppc.vsmdev.ca\/wp-content\/uploads\/2024\/05\/WEE-committee-768x576.jpg 768w, http:\/\/pppc.vsmdev.ca\/wp-content\/uploads\/2024\/05\/WEE-committee-1536x1152.jpg 1536w, http:\/\/pppc.vsmdev.ca\/wp-content\/uploads\/2024\/05\/WEE-committee-16x12.jpg 16w, http:\/\/pppc.vsmdev.ca\/wp-content\/uploads\/2024\/05\/WEE-committee.jpg 1920w\" sizes=\"auto, (max-width: 1024px) 100vw, 1024px\" \/><figcaption class=\"wp-element-caption\">Thank you to all our members who attended this year\u2019s Promotional Product Professionals of Canada\u2019s (PPPC) Women\u2019s Empowerment Event (WEE 2024) at the beautiful White Oaks Resort &amp; Spa in Niagara-on-the-Lake, Ontario. WEE would also like to recognize and thank the amazing women behind the scenes at WEE who curated and implemented this amazing&nbsp; event including: (left to right) Jennifer Tarnopolski, CAS (PPPC Board, Vice Chair, Outstanding Branding Inc.), Bille Forman (VP of Marketing, SAGE), Carol de Ville, MAS (The Branding Co, PPPC Hall of Fame Inductee &amp; Past-Chair), Erin Harris (PCNA , PPPC Board, Director), Sandra Harssar, MAS (Bright Ideas, PPPC Board, Past-Chair), Kate Plummer, MAS (Debco HPG Brands ), Ann Baiden MASI (Innovatex Solutions Inc ), Alexandra (Alex) Parkes, MAS (PCNA), Katrina Derksen, MAS (PPPC Membership &amp; Event Manager), and not pictured, April Chu (Kanata Promo).<\/figcaption><\/figure>\n<\/div>\n\n\n\n\n\n\n<hr class=\"wp-block-separator has-alpha-channel-opacity\"\/>\n\n\n\n<p>Thank you to our generous WEE 2024 sponsors for helping to ensure WEE continues to be an empowering and exciting event for our female Promotional Professionals and Rising Stars!<\/p>\n\n\n<div class=\"wp-block-image\">\n<figure class=\"aligncenter size-large\"><img loading=\"lazy\" decoding=\"async\" width=\"896\" height=\"1024\" src=\"https:\/\/pppc.ca\/wp-content\/uploads\/2024\/05\/IMG_9895-896x1024.jpeg\" alt=\"\" class=\"wp-image-7692\" srcset=\"http:\/\/pppc.vsmdev.ca\/wp-content\/uploads\/2024\/05\/IMG_9895-896x1024.jpeg 896w, http:\/\/pppc.vsmdev.ca\/wp-content\/uploads\/2024\/05\/IMG_9895-263x300.jpeg 263w, http:\/\/pppc.vsmdev.ca\/wp-content\/uploads\/2024\/05\/IMG_9895-768x878.jpeg 768w, http:\/\/pppc.vsmdev.ca\/wp-content\/uploads\/2024\/05\/IMG_9895-1344x1536.jpeg 1344w, http:\/\/pppc.vsmdev.ca\/wp-content\/uploads\/2024\/05\/IMG_9895-1792x2048.jpeg 1792w, http:\/\/pppc.vsmdev.ca\/wp-content\/uploads\/2024\/05\/IMG_9895-11x12.jpeg 11w, http:\/\/pppc.vsmdev.ca\/wp-content\/uploads\/2024\/05\/IMG_9895.jpeg 2016w\" sizes=\"auto, (max-width: 896px) 100vw, 896px\" \/><\/figure>\n<\/div>\n\n\n<div style=\"height:20px\" aria-hidden=\"true\" class=\"wp-block-spacer\"><\/div>\n\n\n<div class=\"wp-block-image\">\n<figure class=\"aligncenter size-large\"><img loading=\"lazy\" decoding=\"async\" width=\"1024\" height=\"571\" src=\"https:\/\/pppc.ca\/wp-content\/uploads\/2024\/05\/Product-Sponsors-1024x571.png\" alt=\"\" class=\"wp-image-7717\" srcset=\"http:\/\/pppc.vsmdev.ca\/wp-content\/uploads\/2024\/05\/Product-Sponsors-1024x571.png 1024w, http:\/\/pppc.vsmdev.ca\/wp-content\/uploads\/2024\/05\/Product-Sponsors-300x167.png 300w, http:\/\/pppc.vsmdev.ca\/wp-content\/uploads\/2024\/05\/Product-Sponsors-768x428.png 768w, http:\/\/pppc.vsmdev.ca\/wp-content\/uploads\/2024\/05\/Product-Sponsors-1536x856.png 1536w, http:\/\/pppc.vsmdev.ca\/wp-content\/uploads\/2024\/05\/Product-Sponsors-18x10.png 18w, http:\/\/pppc.vsmdev.ca\/wp-content\/uploads\/2024\/05\/Product-Sponsors.png 1920w\" sizes=\"auto, (max-width: 1024px) 100vw, 1024px\" \/><\/figure>\n<\/div>\n\n\n<div style=\"height:20px\" aria-hidden=\"true\" class=\"wp-block-spacer\"><\/div>\n\n\n\n<figure class=\"wp-block-gallery has-nested-images columns-default wp-block-gallery-1 is-layout-flex wp-block-gallery-is-layout-flex\">\n<figure class=\"wp-block-image size-large\"><img loading=\"lazy\" decoding=\"async\" width=\"1024\" height=\"778\" data-id=\"7718\" src=\"https:\/\/pppc.ca\/wp-content\/uploads\/2024\/05\/WEE-swag-bag-1024x778.jpg\" alt=\"\" class=\"wp-image-7718\" srcset=\"http:\/\/pppc.vsmdev.ca\/wp-content\/uploads\/2024\/05\/WEE-swag-bag-1024x778.jpg 1024w, http:\/\/pppc.vsmdev.ca\/wp-content\/uploads\/2024\/05\/WEE-swag-bag-300x228.jpg 300w, http:\/\/pppc.vsmdev.ca\/wp-content\/uploads\/2024\/05\/WEE-swag-bag-768x584.jpg 768w, http:\/\/pppc.vsmdev.ca\/wp-content\/uploads\/2024\/05\/WEE-swag-bag-1536x1167.jpg 1536w, http:\/\/pppc.vsmdev.ca\/wp-content\/uploads\/2024\/05\/WEE-swag-bag-16x12.jpg 16w, http:\/\/pppc.vsmdev.ca\/wp-content\/uploads\/2024\/05\/WEE-swag-bag.jpg 1920w\" sizes=\"auto, (max-width: 1024px) 100vw, 1024px\" \/><\/figure>\n\n\n\n<figure class=\"wp-block-image size-large\"><img loading=\"lazy\" decoding=\"async\" width=\"1024\" height=\"1015\" data-id=\"7719\" src=\"https:\/\/pppc.ca\/wp-content\/uploads\/2024\/05\/WEE-Martini-Vispak-1024x1015.jpg\" alt=\"\" class=\"wp-image-7719\" srcset=\"http:\/\/pppc.vsmdev.ca\/wp-content\/uploads\/2024\/05\/WEE-Martini-Vispak-1024x1015.jpg 1024w, http:\/\/pppc.vsmdev.ca\/wp-content\/uploads\/2024\/05\/WEE-Martini-Vispak-300x298.jpg 300w, http:\/\/pppc.vsmdev.ca\/wp-content\/uploads\/2024\/05\/WEE-Martini-Vispak-150x150.jpg 150w, http:\/\/pppc.vsmdev.ca\/wp-content\/uploads\/2024\/05\/WEE-Martini-Vispak-768x762.jpg 768w, http:\/\/pppc.vsmdev.ca\/wp-content\/uploads\/2024\/05\/WEE-Martini-Vispak-1536x1523.jpg 1536w, http:\/\/pppc.vsmdev.ca\/wp-content\/uploads\/2024\/05\/WEE-Martini-Vispak-12x12.jpg 12w, http:\/\/pppc.vsmdev.ca\/wp-content\/uploads\/2024\/05\/WEE-Martini-Vispak.jpg 1920w\" sizes=\"auto, (max-width: 1024px) 100vw, 1024px\" \/><\/figure>\n\n\n\n<figure class=\"wp-block-image size-large\"><img loading=\"lazy\" decoding=\"async\" width=\"763\" height=\"1024\" data-id=\"7720\" src=\"https:\/\/pppc.ca\/wp-content\/uploads\/2024\/05\/Spector-and-Co-giveaway-at-Gretzky-w-AJ-quote-763x1024.jpg\" alt=\"\" class=\"wp-image-7720\" srcset=\"http:\/\/pppc.vsmdev.ca\/wp-content\/uploads\/2024\/05\/Spector-and-Co-giveaway-at-Gretzky-w-AJ-quote-763x1024.jpg 763w, http:\/\/pppc.vsmdev.ca\/wp-content\/uploads\/2024\/05\/Spector-and-Co-giveaway-at-Gretzky-w-AJ-quote-224x300.jpg 224w, http:\/\/pppc.vsmdev.ca\/wp-content\/uploads\/2024\/05\/Spector-and-Co-giveaway-at-Gretzky-w-AJ-quote-768x1030.jpg 768w, http:\/\/pppc.vsmdev.ca\/wp-content\/uploads\/2024\/05\/Spector-and-Co-giveaway-at-Gretzky-w-AJ-quote-1145x1536.jpg 1145w, http:\/\/pppc.vsmdev.ca\/wp-content\/uploads\/2024\/05\/Spector-and-Co-giveaway-at-Gretzky-w-AJ-quote-9x12.jpg 9w, http:\/\/pppc.vsmdev.ca\/wp-content\/uploads\/2024\/05\/Spector-and-Co-giveaway-at-Gretzky-w-AJ-quote.jpg 1431w\" sizes=\"auto, (max-width: 763px) 100vw, 763px\" \/><\/figure>\n<\/figure>\n\n\n\n<div class=\"wp-block-buttons is-layout-flex wp-block-buttons-is-layout-flex\">\n<div class=\"wp-block-button\"><a class=\"wp-block-button__link wp-element-button\" href=\"https:\/\/pppc.ca\/events\/wee\/wee-2024-highlights\/\">2024 Highlights<\/a><\/div>\n<\/div>\n\n\n\n\n<style class=\"advgb-styles-renderer\">figcaption {font-size: 16px;}.masthead {min-height: unset!important; height: 16vw;}<\/style>","protected":false},"excerpt":{"rendered":"<p>Engage with insightful and influential leaders at PPPC\u2019s Women\u2019s Empowerment Event. WEE is a networking event and learning experience created by women, for women to share knowledge and ideas. Build friendships and strengthen your contacts within the promotional products industry in an inviting atmosphere. Join other influential women in designing a new tomorrow! WEE 2025 <\/p>","protected":false},"author":9,"featured_media":0,"parent":25,"menu_order":4,"comment_status":"closed","ping_status":"closed","template":"","meta":{"_acf_changed":false,"advgb_blocks_editor_width":"","advgb_blocks_columns_visual_guide":"","episode_type":"","audio_file":"","cover_image":"","cover_image_id":"","duration":"","filesize":"","date_recorded":"","explicit":"","block":"","filesize_raw":"","footnotes":""},"class_list":["post-5458","page","type-page","status-publish","hentry"],"acf":[],"yoast_head":"<!-- This site is optimized with the Yoast SEO plugin v23.5 - https:\/\/yoast.com\/wordpress\/plugins\/seo\/ -->\n<title>WEE 2025 - Promotional Product Professionals of Canada Inc<\/title>\n<meta name=\"robots\" content=\"index, follow, max-snippet:-1, max-image-preview:large, max-video-preview:-1\" \/>\n<link rel=\"canonical\" href=\"http:\/\/pppc.vsmdev.ca\/fr\/events\/wee\/\" \/>\n<meta property=\"og:locale\" content=\"fr_CA\" \/>\n<meta property=\"og:type\" content=\"article\" \/>\n<meta property=\"og:title\" content=\"WEE 2025 - Promotional Product Professionals of Canada Inc\" \/>\n<meta property=\"og:description\" content=\"Engage with insightful and influential leaders at PPPC\u2019s Women\u2019s Empowerment Event. WEE is a networking event and learning experience created by women, for women to share knowledge and ideas. Build friendships and strengthen your contacts within the promotional products industry in an inviting atmosphere. Join other influential women in designing a new tomorrow! WEE 2025\" \/>\n<meta property=\"og:url\" content=\"http:\/\/pppc.vsmdev.ca\/fr\/events\/wee\/\" \/>\n<meta property=\"og:site_name\" content=\"Promotional Product Professionals of Canada Inc\" \/>\n<meta property=\"article:modified_time\" content=\"2024-09-12T23:53:04+00:00\" \/>\n<meta property=\"og:image\" content=\"https:\/\/pppc.ca\/wp-content\/uploads\/2024\/05\/WEE-committee-1024x768.jpg\" \/>\n<meta name=\"twitter:card\" content=\"summary_large_image\" \/>\n<meta name=\"twitter:label1\" content=\"Estimation du temps de lecture\" \/>\n\t<meta name=\"twitter:data1\" content=\"3 minutes\" \/>\n<script type=\"application\/ld+json\" class=\"yoast-schema-graph\">{\"@context\":\"https:\/\/schema.org\",\"@graph\":[{\"@type\":\"WebPage\",\"@id\":\"http:\/\/pppc.vsmdev.ca\/events\/wee\/\",\"url\":\"http:\/\/pppc.vsmdev.ca\/events\/wee\/\",\"name\":\"WEE 2025 - Promotional Product Professionals of Canada Inc\",\"isPartOf\":{\"@id\":\"http:\/\/pppc.vsmdev.ca\/#website\"},\"primaryImageOfPage\":{\"@id\":\"http:\/\/pppc.vsmdev.ca\/events\/wee\/#primaryimage\"},\"image\":{\"@id\":\"http:\/\/pppc.vsmdev.ca\/events\/wee\/#primaryimage\"},\"thumbnailUrl\":\"https:\/\/pppc.ca\/wp-content\/uploads\/2024\/05\/WEE-committee-1024x768.jpg\",\"datePublished\":\"2022-11-01T23:33:09+00:00\",\"dateModified\":\"2024-09-12T23:53:04+00:00\",\"breadcrumb\":{\"@id\":\"http:\/\/pppc.vsmdev.ca\/events\/wee\/#breadcrumb\"},\"inLanguage\":\"fr-CA\",\"potentialAction\":[{\"@type\":\"ReadAction\",\"target\":[\"http:\/\/pppc.vsmdev.ca\/events\/wee\/\"]}]},{\"@type\":\"ImageObject\",\"inLanguage\":\"fr-CA\",\"@id\":\"http:\/\/pppc.vsmdev.ca\/events\/wee\/#primaryimage\",\"url\":\"https:\/\/pppc.ca\/wp-content\/uploads\/2024\/05\/WEE-committee-1024x768.jpg\",\"contentUrl\":\"https:\/\/pppc.ca\/wp-content\/uploads\/2024\/05\/WEE-committee-1024x768.jpg\"},{\"@type\":\"BreadcrumbList\",\"@id\":\"http:\/\/pppc.vsmdev.ca\/events\/wee\/#breadcrumb\",\"itemListElement\":[{\"@type\":\"ListItem\",\"position\":1,\"name\":\"Home\",\"item\":\"http:\/\/pppc.vsmdev.ca\/\"},{\"@type\":\"ListItem\",\"position\":2,\"name\":\"Events\",\"item\":\"http:\/\/pppc.vsmdev.ca\/events\/\"},{\"@type\":\"ListItem\",\"position\":3,\"name\":\"WEE 2025\"}]},{\"@type\":\"WebSite\",\"@id\":\"http:\/\/pppc.vsmdev.ca\/#website\",\"url\":\"http:\/\/pppc.vsmdev.ca\/\",\"name\":\"Promotional Product Professionals of Canada Inc\",\"description\":\"\",\"potentialAction\":[{\"@type\":\"SearchAction\",\"target\":{\"@type\":\"EntryPoint\",\"urlTemplate\":\"http:\/\/pppc.vsmdev.ca\/?s={search_term_string}\"},\"query-input\":{\"@type\":\"PropertyValueSpecification\",\"valueRequired\":true,\"valueName\":\"search_term_string\"}}],\"inLanguage\":\"fr-CA\"}]}<\/script>\n<!-- \/ Yoast SEO plugin. -->","yoast_head_json":{"title":"WEE 2025 - Promotional Product Professionals of Canada Inc","robots":{"index":"index","follow":"follow","max-snippet":"max-snippet:-1","max-image-preview":"max-image-preview:large","max-video-preview":"max-video-preview:-1"},"canonical":"http:\/\/pppc.vsmdev.ca\/fr\/events\/wee\/","og_locale":"fr_CA","og_type":"article","og_title":"WEE 2025 - Promotional Product Professionals of Canada Inc","og_description":"Engage with insightful and influential leaders at PPPC\u2019s Women\u2019s Empowerment Event. WEE is a networking event and learning experience created by women, for women to share knowledge and ideas. Build friendships and strengthen your contacts within the promotional products industry in an inviting atmosphere. Join other influential women in designing a new tomorrow! WEE 2025","og_url":"http:\/\/pppc.vsmdev.ca\/fr\/events\/wee\/","og_site_name":"Promotional Product Professionals of Canada Inc","article_modified_time":"2024-09-12T23:53:04+00:00","og_image":[{"url":"https:\/\/pppc.ca\/wp-content\/uploads\/2024\/05\/WEE-committee-1024x768.jpg"}],"twitter_card":"summary_large_image","twitter_misc":{"Estimation du temps de lecture":"3 minutes"},"schema":{"@context":"https:\/\/schema.org","@graph":[{"@type":"WebPage","@id":"http:\/\/pppc.vsmdev.ca\/events\/wee\/","url":"http:\/\/pppc.vsmdev.ca\/events\/wee\/","name":"WEE 2025 - Promotional Product Professionals of Canada Inc","isPartOf":{"@id":"http:\/\/pppc.vsmdev.ca\/#website"},"primaryImageOfPage":{"@id":"http:\/\/pppc.vsmdev.ca\/events\/wee\/#primaryimage"},"image":{"@id":"http:\/\/pppc.vsmdev.ca\/events\/wee\/#primaryimage"},"thumbnailUrl":"https:\/\/pppc.ca\/wp-content\/uploads\/2024\/05\/WEE-committee-1024x768.jpg","datePublished":"2022-11-01T23:33:09+00:00","dateModified":"2024-09-12T23:53:04+00:00","breadcrumb":{"@id":"http:\/\/pppc.vsmdev.ca\/events\/wee\/#breadcrumb"},"inLanguage":"fr-CA","potentialAction":[{"@type":"ReadAction","target":["http:\/\/pppc.vsmdev.ca\/events\/wee\/"]}]},{"@type":"ImageObject","inLanguage":"fr-CA","@id":"http:\/\/pppc.vsmdev.ca\/events\/wee\/#primaryimage","url":"https:\/\/pppc.ca\/wp-content\/uploads\/2024\/05\/WEE-committee-1024x768.jpg","contentUrl":"https:\/\/pppc.ca\/wp-content\/uploads\/2024\/05\/WEE-committee-1024x768.jpg"},{"@type":"BreadcrumbList","@id":"http:\/\/pppc.vsmdev.ca\/events\/wee\/#breadcrumb","itemListElement":[{"@type":"ListItem","position":1,"name":"Home","item":"http:\/\/pppc.vsmdev.ca\/"},{"@type":"ListItem","position":2,"name":"Events","item":"http:\/\/pppc.vsmdev.ca\/events\/"},{"@type":"ListItem","position":3,"name":"WEE 2025"}]},{"@type":"WebSite","@id":"http:\/\/pppc.vsmdev.ca\/#website","url":"http:\/\/pppc.vsmdev.ca\/","name":"Promotional Product Professionals of Canada Inc","description":"","potentialAction":[{"@type":"SearchAction","target":{"@type":"EntryPoint","urlTemplate":"http:\/\/pppc.vsmdev.ca\/?s={search_term_string}"},"query-input":{"@type":"PropertyValueSpecification","valueRequired":true,"valueName":"search_term_string"}}],"inLanguage":"fr-CA"}]}},"coauthors":[],"author_meta":{"author_link":"http:\/\/pppc.vsmdev.ca\/fr\/author\/wptangerine\/","display_name":"wptangerine"},"relative_dates":{"created":"Posted 3 ann\u00e9es ago","modified":"Updated 2 ann\u00e9es ago"},"absolute_dates":{"created":"Posted on 1 novembre 2022","modified":"Updated on 12 septembre 2024"},"absolute_dates_time":{"created":"Posted on 1 novembre 2022 7:33 pm","modified":"Updated on 12 septembre 2024 7:53 pm"},"featured_img_caption":"","featured_img":false,"series_order":"","_links":{"self":[{"href":"http:\/\/pppc.vsmdev.ca\/fr\/wp-json\/wp\/v2\/pages\/5458","targetHints":{"allow":["GET"]}}],"collection":[{"href":"http:\/\/pppc.vsmdev.ca\/fr\/wp-json\/wp\/v2\/pages"}],"about":[{"href":"http:\/\/pppc.vsmdev.ca\/fr\/wp-json\/wp\/v2\/types\/page"}],"author":[{"embeddable":true,"href":"http:\/\/pppc.vsmdev.ca\/fr\/wp-json\/wp\/v2\/users\/9"}],"replies":[{"embeddable":true,"href":"http:\/\/pppc.vsmdev.ca\/fr\/wp-json\/wp\/v2\/comments?post=5458"}],"version-history":[{"count":10,"href":"http:\/\/pppc.vsmdev.ca\/fr\/wp-json\/wp\/v2\/pages\/5458\/revisions"}],"predecessor-version":[{"id":8348,"href":"http:\/\/pppc.vsmdev.ca\/fr\/wp-json\/wp\/v2\/pages\/5458\/revisions\/8348"}],"up":[{"embeddable":true,"href":"http:\/\/pppc.vsmdev.ca\/fr\/wp-json\/wp\/v2\/pages\/25"}],"wp:attachment":[{"href":"http:\/\/pppc.vsmdev.ca\/fr\/wp-json\/wp\/v2\/media?parent=5458"}],"curies":[{"name":"wp","href":"https:\/\/api.w.org\/{rel}","templated":true}]}}