{"id":5285,"date":"2022-10-12T18:34:17","date_gmt":"2022-10-12T22:34:17","guid":{"rendered":"https:\/\/pppc.ca\/?page_id=5285"},"modified":"2022-12-22T13:11:03","modified_gmt":"2022-12-22T18:11:03","slug":"calgary","status":"publish","type":"page","link":"http:\/\/pppc.vsmdev.ca\/fr\/events\/tops\/calgary\/","title":{"rendered":"Calgary"},"content":{"rendered":"<h2 class=\"has-text-align-center wp-block-heading\"><strong>CALGARY<\/strong><\/h2>\n\n\n\n<p>Join us at the Westin Calgary Airport as TOPS+2023 returns to the prairies! In it\u2019s fourth year on the TOPS+ tour. This tour stop promises to be a great day for collecting samples and ideas, closing deals, and connecting with your favourite Canadian suppliers as they showcase the hottest promotional products for 2023. Distributors will be able to bring their clients to enjoy in the fun and be among the first to preview these wares. Please share all the fun via your social media and don\u2019t forget to tag us!<\/p>\n\n\n\n<p>Tuesday January 31, 2023<\/p>\n\n\n\n<p>Westin Calgary Airport, 671 Aero Drive NE, Calgary, AB<\/p>\n\n\n\n<p>Exhibit Hall: Blackfoot Crossing Ballroom<\/p>\n\n\n\n<p>Show Hours: 9 a.m. \u2013 3 p.m.<\/p>\n\n\n\n<div class=\"wp-block-columns is-layout-flex wp-container-core-columns-is-layout-9d6595d7 wp-block-columns-is-layout-flex\">\n<div class=\"wp-block-column is-layout-flow wp-block-column-is-layout-flow\">\n<div class=\"wp-block-buttons is-layout-flex wp-block-buttons-is-layout-flex\">\n<div class=\"wp-block-button\"><a class=\"wp-block-button__link wp-element-button\" href=\"https:\/\/pppc.ca\/wp-content\/uploads\/2022\/11\/TOPPlus-2023-BoothForm-Member-Regular.pdf\" target=\"_blank\" rel=\"noreferrer noopener\">Members<\/a><\/div>\n\n\n\n<div class=\"wp-block-button\"><a class=\"wp-block-button__link wp-element-button\" href=\"https:\/\/pppc.ca\/wp-content\/uploads\/2022\/11\/TOPPlus-2023-BoothForm-NonMember-Regular.pdf\" target=\"_blank\" rel=\"noreferrer noopener\">Non-Members<\/a><\/div>\n<\/div>\n\n\n\n<p class=\"has-text-align-center\"><strong>Fournisseurs<\/strong><\/p>\n<\/div>\n\n\n\n<div class=\"wp-block-column is-layout-flow wp-block-column-is-layout-flow\">\n<div class=\"wp-block-buttons is-layout-flex wp-block-buttons-is-layout-flex\">\n<div class=\"wp-block-button\"><a class=\"wp-block-button__link wp-element-button\" href=\"https:\/\/www.sagemember.com\/we\/we.dll\/ShowRegister?UID=36133&amp;ShowID=1057\" target=\"_blank\" rel=\"noreferrer noopener\">Distributeurs<\/a><\/div>\n<\/div>\n<\/div>\n<\/div>\n\n\n\n<h3 class=\"wp-block-heading\">Accommodations<\/h3>\n\n\n\n<p><a href=\"https:\/\/www.marriott.com\/event-reservations\/reservation-link.mi?id=1664385124215&amp;key=GRP&amp;app=resvlink\" target=\"_blank\" rel=\"noreferrer noopener nofollow\">Book your group rate for Promotional Product Professionals of Canada TOPS Calgary 2023<\/a><\/p>\n\n\n\n<p><strong>Reservation Availability Start Date: Thursday, January 26, 2023<\/strong><\/p>\n\n\n\n<p><strong>Reservation Availability End Date: Tuesday January 31, 2023<\/strong><\/p>\n\n\n\n<hr class=\"wp-block-separator has-alpha-channel-opacity\" \/>\n\n\n\n<h3 class=\"wp-block-heading\">A\/V Services &amp; Power\/Electrical<\/h3>\n\n\n\n<p>Encore<\/p>\n\n\n\n<p>PH: &nbsp;403-278-1200<\/p>\n\n\n\n<p>Website: <a href=\"https:\/\/www.encore-can.com\">https:\/\/www.encore-can.com<\/a><\/p>\n\n\n\n<hr class=\"wp-block-separator has-alpha-channel-opacity\" \/>\n\n\n\n<h3 class=\"wp-block-heading\">Show Services<\/h3>\n\n\n\n<p>To show services from GES for Calgary, <a href=\"https:\/\/ordering.ges.com\/CA-00062791\">click here<\/a><\/p>\n\n\n\n<p>Order by January 10th, 2023 to receive discounted pricing!<\/p>\n\n\n\n<hr class=\"wp-block-separator has-alpha-channel-opacity\" \/>\n\n\n\n<h3 class=\"wp-block-heading\">Freight Services<\/h3>\n\n\n\n<p>RECALL Tradeshow Logistics<\/p>\n\n\n\n<p>Robert McCall <\/p>\n\n\n\n<p>PH: 416-509-6103<\/p>\n\n\n\n<p>Email: rmccall@rogers.com<\/p>\n\n\n\n<hr class=\"wp-block-separator has-alpha-channel-opacity\" \/>\n\n\n\n<h3 class=\"wp-block-heading\">Documents<\/h3>\n\n\n\n<div class=\"wp-block-file\"><a id=\"wp-block-file--media-33b91900-4793-4288-890d-f38efb55e343\" href=\"https:\/\/pppc.ca\/wp-content\/uploads\/2022\/12\/PPPC-TOPS-Exhibitor-Guide-2023-3.pdf\">PPPC-TOPS-Exhibitor-Guide-2023-3<\/a><a href=\"https:\/\/pppc.ca\/wp-content\/uploads\/2022\/12\/PPPC-TOPS-Exhibitor-Guide-2023-3.pdf\" class=\"wp-block-file__button wp-element-button\" download aria-describedby=\"wp-block-file--media-33b91900-4793-4288-890d-f38efb55e343\">T\u00e9l\u00e9charger<\/a><\/div>\n\n\n\n<div class=\"wp-block-file\"><a id=\"wp-block-file--media-1d961d23-2488-485d-a9d8-c052444c02c1\" href=\"https:\/\/pppc.ca\/wp-content\/uploads\/2022\/12\/Liability-Insurance-TOPS-2023-2.pdf\">Liability-Insurance-TOPS-2023-2<\/a><a href=\"https:\/\/pppc.ca\/wp-content\/uploads\/2022\/12\/Liability-Insurance-TOPS-2023-2.pdf\" class=\"wp-block-file__button wp-element-button\" download aria-describedby=\"wp-block-file--media-1d961d23-2488-485d-a9d8-c052444c02c1\">T\u00e9l\u00e9charger<\/a><\/div>","protected":false},"excerpt":{"rendered":"<p>CALGARY Join us at the Westin Calgary Airport as TOPS+2023 returns to the prairies! In it\u2019s fourth year on the TOPS+ tour. This tour stop promises to be a great day for collecting samples and ideas, closing deals, and connecting with your favourite Canadian suppliers as they showcase the hottest promotional products for 2023. Distributors <\/p>","protected":false},"author":9,"featured_media":0,"parent":3394,"menu_order":3,"comment_status":"closed","ping_status":"closed","template":"","meta":{"_acf_changed":false,"advgb_blocks_editor_width":"","advgb_blocks_columns_visual_guide":"","episode_type":"","audio_file":"","cover_image":"","cover_image_id":"","duration":"","filesize":"","date_recorded":"","explicit":"","block":"","filesize_raw":"","footnotes":""},"class_list":["post-5285","page","type-page","status-publish","hentry"],"acf":[],"yoast_head":"<!-- This site is optimized with the Yoast SEO plugin v23.5 - https:\/\/yoast.com\/wordpress\/plugins\/seo\/ -->\n<title>Calgary - Promotional Product Professionals of Canada Inc<\/title>\n<meta name=\"robots\" content=\"index, follow, max-snippet:-1, max-image-preview:large, max-video-preview:-1\" \/>\n<link rel=\"canonical\" href=\"http:\/\/pppc.vsmdev.ca\/fr\/events\/tops\/calgary\/\" \/>\n<meta property=\"og:locale\" content=\"fr_CA\" \/>\n<meta property=\"og:type\" content=\"article\" \/>\n<meta property=\"og:title\" content=\"Calgary - Promotional Product Professionals of Canada Inc\" \/>\n<meta property=\"og:description\" content=\"CALGARY Join us at the Westin Calgary Airport as TOPS+2023 returns to the prairies! In it\u2019s fourth year on the TOPS+ tour. This tour stop promises to be a great day for collecting samples and ideas, closing deals, and connecting with your favourite Canadian suppliers as they showcase the hottest promotional products for 2023. Distributors\" \/>\n<meta property=\"og:url\" content=\"http:\/\/pppc.vsmdev.ca\/fr\/events\/tops\/calgary\/\" \/>\n<meta property=\"og:site_name\" content=\"Promotional Product Professionals of Canada Inc\" \/>\n<meta property=\"article:modified_time\" content=\"2022-12-22T18:11:03+00:00\" \/>\n<meta name=\"twitter:card\" content=\"summary_large_image\" \/>\n<meta name=\"twitter:label1\" content=\"Estimation du temps de lecture\" \/>\n\t<meta name=\"twitter:data1\" content=\"1 minute\" \/>\n<script type=\"application\/ld+json\" class=\"yoast-schema-graph\">{\"@context\":\"https:\/\/schema.org\",\"@graph\":[{\"@type\":\"WebPage\",\"@id\":\"http:\/\/pppc.vsmdev.ca\/events\/tops\/calgary\/\",\"url\":\"http:\/\/pppc.vsmdev.ca\/events\/tops\/calgary\/\",\"name\":\"Calgary - Promotional Product Professionals of Canada Inc\",\"isPartOf\":{\"@id\":\"https:\/\/pppc.vsmdev.ca\/#website\"},\"datePublished\":\"2022-10-12T22:34:17+00:00\",\"dateModified\":\"2022-12-22T18:11:03+00:00\",\"breadcrumb\":{\"@id\":\"http:\/\/pppc.vsmdev.ca\/events\/tops\/calgary\/#breadcrumb\"},\"inLanguage\":\"fr-CA\",\"potentialAction\":[{\"@type\":\"ReadAction\",\"target\":[\"http:\/\/pppc.vsmdev.ca\/events\/tops\/calgary\/\"]}]},{\"@type\":\"BreadcrumbList\",\"@id\":\"http:\/\/pppc.vsmdev.ca\/events\/tops\/calgary\/#breadcrumb\",\"itemListElement\":[{\"@type\":\"ListItem\",\"position\":1,\"name\":\"Home\",\"item\":\"https:\/\/pppc.vsmdev.ca\/\"},{\"@type\":\"ListItem\",\"position\":2,\"name\":\"Events\",\"item\":\"https:\/\/pppc.vsmdev.ca\/events\/\"},{\"@type\":\"ListItem\",\"position\":3,\"name\":\"TOPS+\",\"item\":\"http:\/\/pppc.vsmdev.ca\/fr\/events\/tops\/\"},{\"@type\":\"ListItem\",\"position\":4,\"name\":\"Calgary\"}]},{\"@type\":\"WebSite\",\"@id\":\"https:\/\/pppc.vsmdev.ca\/#website\",\"url\":\"https:\/\/pppc.vsmdev.ca\/\",\"name\":\"Promotional Product Professionals of Canada Inc\",\"description\":\"\",\"potentialAction\":[{\"@type\":\"SearchAction\",\"target\":{\"@type\":\"EntryPoint\",\"urlTemplate\":\"https:\/\/pppc.vsmdev.ca\/?s={search_term_string}\"},\"query-input\":{\"@type\":\"PropertyValueSpecification\",\"valueRequired\":true,\"valueName\":\"search_term_string\"}}],\"inLanguage\":\"fr-CA\"}]}<\/script>\n<!-- \/ Yoast SEO plugin. -->","yoast_head_json":{"title":"Calgary - Promotional Product Professionals of Canada Inc","robots":{"index":"index","follow":"follow","max-snippet":"max-snippet:-1","max-image-preview":"max-image-preview:large","max-video-preview":"max-video-preview:-1"},"canonical":"http:\/\/pppc.vsmdev.ca\/fr\/events\/tops\/calgary\/","og_locale":"fr_CA","og_type":"article","og_title":"Calgary - Promotional Product Professionals of Canada Inc","og_description":"CALGARY Join us at the Westin Calgary Airport as TOPS+2023 returns to the prairies! In it\u2019s fourth year on the TOPS+ tour. This tour stop promises to be a great day for collecting samples and ideas, closing deals, and connecting with your favourite Canadian suppliers as they showcase the hottest promotional products for 2023. Distributors","og_url":"http:\/\/pppc.vsmdev.ca\/fr\/events\/tops\/calgary\/","og_site_name":"Promotional Product Professionals of Canada Inc","article_modified_time":"2022-12-22T18:11:03+00:00","twitter_card":"summary_large_image","twitter_misc":{"Estimation du temps de lecture":"1 minute"},"schema":{"@context":"https:\/\/schema.org","@graph":[{"@type":"WebPage","@id":"http:\/\/pppc.vsmdev.ca\/events\/tops\/calgary\/","url":"http:\/\/pppc.vsmdev.ca\/events\/tops\/calgary\/","name":"Calgary - Promotional Product Professionals of Canada Inc","isPartOf":{"@id":"https:\/\/pppc.vsmdev.ca\/#website"},"datePublished":"2022-10-12T22:34:17+00:00","dateModified":"2022-12-22T18:11:03+00:00","breadcrumb":{"@id":"http:\/\/pppc.vsmdev.ca\/events\/tops\/calgary\/#breadcrumb"},"inLanguage":"fr-CA","potentialAction":[{"@type":"ReadAction","target":["http:\/\/pppc.vsmdev.ca\/events\/tops\/calgary\/"]}]},{"@type":"BreadcrumbList","@id":"http:\/\/pppc.vsmdev.ca\/events\/tops\/calgary\/#breadcrumb","itemListElement":[{"@type":"ListItem","position":1,"name":"Home","item":"https:\/\/pppc.vsmdev.ca\/"},{"@type":"ListItem","position":2,"name":"Events","item":"https:\/\/pppc.vsmdev.ca\/events\/"},{"@type":"ListItem","position":3,"name":"TOPS+","item":"http:\/\/pppc.vsmdev.ca\/fr\/events\/tops\/"},{"@type":"ListItem","position":4,"name":"Calgary"}]},{"@type":"WebSite","@id":"https:\/\/pppc.vsmdev.ca\/#website","url":"https:\/\/pppc.vsmdev.ca\/","name":"Promotional Product Professionals of Canada Inc","description":"","potentialAction":[{"@type":"SearchAction","target":{"@type":"EntryPoint","urlTemplate":"https:\/\/pppc.vsmdev.ca\/?s={search_term_string}"},"query-input":{"@type":"PropertyValueSpecification","valueRequired":true,"valueName":"search_term_string"}}],"inLanguage":"fr-CA"}]}},"coauthors":[],"author_meta":{"author_link":"http:\/\/pppc.vsmdev.ca\/fr\/author\/wptangerine\/","display_name":"wptangerine"},"relative_dates":{"created":"Posted 4 ann\u00e9es ago","modified":"Updated 3 ann\u00e9es ago"},"absolute_dates":{"created":"Posted on 12 octobre 2022","modified":"Updated on 22 D\u00e9cembre 2022"},"absolute_dates_time":{"created":"Posted on 12 octobre 2022 6:34 pm","modified":"Updated on 22 D\u00e9cembre 2022 1:11 pm"},"featured_img_caption":"","featured_img":false,"series_order":"","_links":{"self":[{"href":"http:\/\/pppc.vsmdev.ca\/fr\/wp-json\/wp\/v2\/pages\/5285","targetHints":{"allow":["GET"]}}],"collection":[{"href":"http:\/\/pppc.vsmdev.ca\/fr\/wp-json\/wp\/v2\/pages"}],"about":[{"href":"http:\/\/pppc.vsmdev.ca\/fr\/wp-json\/wp\/v2\/types\/page"}],"author":[{"embeddable":true,"href":"http:\/\/pppc.vsmdev.ca\/fr\/wp-json\/wp\/v2\/users\/9"}],"replies":[{"embeddable":true,"href":"http:\/\/pppc.vsmdev.ca\/fr\/wp-json\/wp\/v2\/comments?post=5285"}],"version-history":[{"count":10,"href":"http:\/\/pppc.vsmdev.ca\/fr\/wp-json\/wp\/v2\/pages\/5285\/revisions"}],"predecessor-version":[{"id":5773,"href":"http:\/\/pppc.vsmdev.ca\/fr\/wp-json\/wp\/v2\/pages\/5285\/revisions\/5773"}],"up":[{"embeddable":true,"href":"http:\/\/pppc.vsmdev.ca\/fr\/wp-json\/wp\/v2\/pages\/3394"}],"wp:attachment":[{"href":"http:\/\/pppc.vsmdev.ca\/fr\/wp-json\/wp\/v2\/media?parent=5285"}],"curies":[{"name":"wp","href":"https:\/\/api.w.org\/{rel}","templated":true}]}}