{"id":5278,"date":"2022-10-12T18:15:35","date_gmt":"2022-10-12T22:15:35","guid":{"rendered":"https:\/\/pppc.ca\/?page_id=5278"},"modified":"2022-10-24T10:36:06","modified_gmt":"2022-10-24T14:36:06","slug":"full-schedule","status":"publish","type":"page","link":"http:\/\/pppc.vsmdev.ca\/fr\/events\/tops\/full-schedule\/","title":{"rendered":"Programme complet"},"content":{"rendered":"<figure class=\"wp-block-table\"><table><tbody><tr><td class=\"has-text-align-left\" data-align=\"left\"><strong>Ville<\/strong><\/td><td class=\"has-text-align-left\" data-align=\"left\"><strong>Installation<\/strong><\/td><td class=\"has-text-align-left\" data-align=\"left\"><strong>Horaires du salon<\/strong><\/td><td class=\"has-text-align-left\" data-align=\"left\"><strong>H\u00f4tel<\/strong><\/td><\/tr><tr><td class=\"has-text-align-left\" data-align=\"left\"><a href=\"https:\/\/www.marriott.com\/en-us\/hotels\/yulls-sheraton-laval-hotel\/overview\/?scid=f2ae0541-1279-4f24-b197-a979c79310b0\" target=\"_blank\" rel=\"noreferrer noopener nofollow\">Montr\u00e9al<br>Sheraton Laval, <br>2440 Autoroute des Laurentides, Laval, QC<\/a><\/td><td class=\"has-text-align-left\" data-align=\"left\"><strong>23 janvier,<\/strong>13h00-18h00<\/td><td class=\"has-text-align-left\" data-align=\"left\"><strong>24 janvier<\/strong> 9h00-15h00<\/td><td class=\"has-text-align-left\" data-align=\"left\"><a href=\"https:\/\/www.marriott.com\/event-reservations\/reservation-link.mi?id=1663708902406&amp;key=GRP&amp;app=resvlink\" target=\"_blank\" rel=\"noreferrer noopener nofollow\"><strong>Sheraton Laval<\/strong><br>2440, autoroute des Laurentides<\/a><br>Information sur les r\u00e9servations : Bloc de chambres du 22 au 25 janvier<br>Reserve prior to December 22, 2023, at 1-800-667-2440<\/td><\/tr><tr><td class=\"has-text-align-left\" data-align=\"left\"><a href=\"https:\/\/www.internationalcentre.com\/\" target=\"_blank\" rel=\"noreferrer noopener nofollow\">Toronto<br>The International Centre, <br>6900 Airport Road, Mississauga, ON<\/a><\/td><td class=\"has-text-align-left\" data-align=\"left\"><strong>25 janvier,<\/strong>13h00-18h00<\/td><td class=\"has-text-align-left\" data-align=\"left\"><strong>27 janvier<\/strong> 9h00-15h00<\/td><td class=\"has-text-align-left\" data-align=\"left\"><a href=\"https:\/\/www.marriott.com\/event-reservations\/reservation-link.mi?id=1652371326279&amp;key=GRP&amp;app=resvlink\" target=\"_blank\" rel=\"noreferrer noopener nofollow\"><strong>H\u00f4tel Marriott de l'a\u00e9roport de Toronto<\/strong><br>901 Dixon Rd Toronto, ON M9W 1J5<\/a><br>Information sur les r\u00e9servations : Bloc de chambres du 24 janvier au 27 janvier 2023.<br>R\u00e9servez avant le 5 janvier 2023<\/td><\/tr><tr><td class=\"has-text-align-left\" data-align=\"left\"><a href=\"https:\/\/www.marriott.com\/en-us\/hotels\/yycwa-the-westin-calgary-airport\/overview\/?scid=f2ae0541-1279-4f24-b197-a979c79310b0\" target=\"_blank\" rel=\"noreferrer noopener nofollow\">Calgary<br>The Westin Calgary Airport, <br>671 Aero Drive NE, Calgary, AB<\/a><\/td><td class=\"has-text-align-left\" data-align=\"left\"><strong>30 janvier<\/strong>13h00-18h00<\/td><td class=\"has-text-align-left\" data-align=\"left\"><strong>31 janvier<\/strong> 9h00-15h00<\/td><td class=\"has-text-align-left\" data-align=\"left\"><a href=\"https:\/\/www.marriott.com\/event-reservations\/reservation-link.mi?id=1664385124215&amp;key=GRP&amp;app=resvlink\" target=\"_blank\" rel=\"noreferrer noopener nofollow\"><strong>Le Westin Calgary Airport, <\/strong>671 Aero Drive NE, Calgary, AB<\/a><br>Information sur les r\u00e9servations : Bloc de chambres du 29 janvier au 31 janvier 2023.<br>R\u00e9servez avant le 14 janvier 2023<br>1-800-WESTIN1<\/td><\/tr><tr><td class=\"has-text-align-left\" data-align=\"left\"><a href=\"https:\/\/www.marriott.com\/en-us\/hotels\/yvrws-sheraton-vancouver-wall-centre\/overview\/?scid=f2ae0541-1279-4f24-b197-a979c79310b0\" target=\"_blank\" rel=\"noreferrer noopener nofollow\">Vancouver<br>Sheraton Vancouver Wall Centre<br>1000 Burrard St Vancouver, C-B<\/a><\/td><td class=\"has-text-align-left\" data-align=\"left\"><strong>2 f\u00e9vrier,<\/strong>13h00-18h00<\/td><td class=\"has-text-align-left\" data-align=\"left\"><strong>3 f\u00e9vrier,<\/strong> 9h00-15h00<\/td><td class=\"has-text-align-left\" data-align=\"left\"><a href=\"https:\/\/www.marriott.com\/event-reservations\/reservation-link.mi?id=1663613398849&amp;key=GRP&amp;app=resvlink\" target=\"_blank\" rel=\"noreferrer noopener nofollow\"><strong>Sheraton Vancouver Wall Centre<\/strong>1000 Burrard St., Vancouver, C-B<\/a><br>Information sur les r\u00e9servations : Bloc de chambres du 29 janvier au 7 f\u00e9vrier 2023.<br>R\u00e9servez avant le 11 janvier 2023<br>1-604-331-1000<\/td><\/tr><tr><td class=\"has-text-align-left\" data-align=\"left\"><a href=\"https:\/\/www.wcc.mb.ca\/\" target=\"_blank\" rel=\"noreferrer noopener nofollow\">Winnipeg<br>RBC Convention Centre, <br>375 York Ave, Winnipeg, MB<\/a><\/td><td class=\"has-text-align-left\" data-align=\"left\"><strong>7 f\u00e9vrier,<\/strong>13h00-18h00<\/td><td class=\"has-text-align-left\" data-align=\"left\"><strong>8 f\u00e9vrier,<\/strong> 9h00-15h00<\/td><td class=\"has-text-align-left\" data-align=\"left\"><a href=\"https:\/\/www.marriott.com\/event-reservations\/reservation-link.mi?id=1663685539020&amp;key=GRP&amp;app=resvlink\" target=\"_blank\" rel=\"noreferrer noopener nofollow\"><strong>Delta Hotel Winnipeg<\/strong>, 350 St Mary Ave, Winnipeg, MB<\/a><br>Booking information: room block February 4-13, 2023<br>R\u00e9servez avant le 17 janvier 2023<br>844-294-7309<\/td><\/tr><\/tbody><\/table><\/figure>","protected":false},"excerpt":{"rendered":"<p>City Setup Show Hours Hotel MontrealSheraton Laval, 2440 Laurentian Autoroute, Laval, QC Jan 23, 1:00-6:00 PM Jan 24 9:00 AM-3:00 PM Sheraton Laval2440 Laurentian AutorouteBooking Information: Room block Jan 22-25Reserve prior to December 22, 2023, at 1-800-667-2440 TorontoThe&nbsp; International Centre, 6900 Airport Road, Mississauga, ON Jan 25, 1:00-6:00 PM Jan 27 9:00 AM-3:00 PM Toronto <\/p>","protected":false},"author":9,"featured_media":0,"parent":3394,"menu_order":0,"comment_status":"closed","ping_status":"closed","template":"","meta":{"_acf_changed":false,"advgb_blocks_editor_width":"","advgb_blocks_columns_visual_guide":"","episode_type":"","audio_file":"","cover_image":"","cover_image_id":"","duration":"","filesize":"","date_recorded":"","explicit":"","block":"","filesize_raw":"","footnotes":""},"class_list":["post-5278","page","type-page","status-publish","hentry"],"acf":[],"yoast_head":"<!-- This site is optimized with the Yoast SEO plugin v23.5 - https:\/\/yoast.com\/wordpress\/plugins\/seo\/ -->\n<title>Full Schedule - Promotional Product Professionals of Canada Inc<\/title>\n<meta name=\"robots\" content=\"index, follow, max-snippet:-1, max-image-preview:large, max-video-preview:-1\" \/>\n<link rel=\"canonical\" href=\"http:\/\/pppc.vsmdev.ca\/fr\/events\/tops\/full-schedule\/\" \/>\n<meta property=\"og:locale\" content=\"fr_CA\" \/>\n<meta property=\"og:type\" content=\"article\" \/>\n<meta property=\"og:title\" content=\"Full Schedule - Promotional Product Professionals of Canada Inc\" \/>\n<meta property=\"og:description\" content=\"City Setup Show Hours Hotel MontrealSheraton Laval, 2440 Laurentian Autoroute, Laval, QC Jan 23, 1:00-6:00 PM Jan 24 9:00 AM-3:00 PM Sheraton Laval2440 Laurentian AutorouteBooking Information: Room block Jan 22-25Reserve prior to December 22, 2023, at 1-800-667-2440 TorontoThe&nbsp; International Centre, 6900 Airport Road, Mississauga, ON Jan 25, 1:00-6:00 PM Jan 27 9:00 AM-3:00 PM Toronto\" \/>\n<meta property=\"og:url\" content=\"http:\/\/pppc.vsmdev.ca\/fr\/events\/tops\/full-schedule\/\" \/>\n<meta property=\"og:site_name\" content=\"Promotional Product Professionals of Canada Inc\" \/>\n<meta property=\"article:modified_time\" content=\"2022-10-24T14:36:06+00:00\" \/>\n<meta name=\"twitter:card\" content=\"summary_large_image\" \/>\n<meta name=\"twitter:label1\" content=\"Estimation du temps de lecture\" \/>\n\t<meta name=\"twitter:data1\" content=\"1 minute\" \/>\n<script type=\"application\/ld+json\" class=\"yoast-schema-graph\">{\"@context\":\"https:\/\/schema.org\",\"@graph\":[{\"@type\":\"WebPage\",\"@id\":\"http:\/\/pppc.vsmdev.ca\/events\/tops\/full-schedule\/\",\"url\":\"http:\/\/pppc.vsmdev.ca\/events\/tops\/full-schedule\/\",\"name\":\"Full Schedule - Promotional Product Professionals of Canada Inc\",\"isPartOf\":{\"@id\":\"https:\/\/pppc.vsmdev.ca\/#website\"},\"datePublished\":\"2022-10-12T22:15:35+00:00\",\"dateModified\":\"2022-10-24T14:36:06+00:00\",\"breadcrumb\":{\"@id\":\"http:\/\/pppc.vsmdev.ca\/events\/tops\/full-schedule\/#breadcrumb\"},\"inLanguage\":\"fr-CA\",\"potentialAction\":[{\"@type\":\"ReadAction\",\"target\":[\"http:\/\/pppc.vsmdev.ca\/events\/tops\/full-schedule\/\"]}]},{\"@type\":\"BreadcrumbList\",\"@id\":\"http:\/\/pppc.vsmdev.ca\/events\/tops\/full-schedule\/#breadcrumb\",\"itemListElement\":[{\"@type\":\"ListItem\",\"position\":1,\"name\":\"Home\",\"item\":\"https:\/\/pppc.vsmdev.ca\/\"},{\"@type\":\"ListItem\",\"position\":2,\"name\":\"Events\",\"item\":\"https:\/\/pppc.vsmdev.ca\/events\/\"},{\"@type\":\"ListItem\",\"position\":3,\"name\":\"TOPS+\",\"item\":\"http:\/\/pppc.vsmdev.ca\/fr\/events\/tops\/\"},{\"@type\":\"ListItem\",\"position\":4,\"name\":\"Full Schedule\"}]},{\"@type\":\"WebSite\",\"@id\":\"https:\/\/pppc.vsmdev.ca\/#website\",\"url\":\"https:\/\/pppc.vsmdev.ca\/\",\"name\":\"Promotional Product Professionals of Canada Inc\",\"description\":\"\",\"potentialAction\":[{\"@type\":\"SearchAction\",\"target\":{\"@type\":\"EntryPoint\",\"urlTemplate\":\"https:\/\/pppc.vsmdev.ca\/?s={search_term_string}\"},\"query-input\":{\"@type\":\"PropertyValueSpecification\",\"valueRequired\":true,\"valueName\":\"search_term_string\"}}],\"inLanguage\":\"fr-CA\"}]}<\/script>\n<!-- \/ Yoast SEO plugin. -->","yoast_head_json":{"title":"Full Schedule - Promotional Product Professionals of Canada Inc","robots":{"index":"index","follow":"follow","max-snippet":"max-snippet:-1","max-image-preview":"max-image-preview:large","max-video-preview":"max-video-preview:-1"},"canonical":"http:\/\/pppc.vsmdev.ca\/fr\/events\/tops\/full-schedule\/","og_locale":"fr_CA","og_type":"article","og_title":"Full Schedule - Promotional Product Professionals of Canada Inc","og_description":"City Setup Show Hours Hotel MontrealSheraton Laval, 2440 Laurentian Autoroute, Laval, QC Jan 23, 1:00-6:00 PM Jan 24 9:00 AM-3:00 PM Sheraton Laval2440 Laurentian AutorouteBooking Information: Room block Jan 22-25Reserve prior to December 22, 2023, at 1-800-667-2440 TorontoThe&nbsp; International Centre, 6900 Airport Road, Mississauga, ON Jan 25, 1:00-6:00 PM Jan 27 9:00 AM-3:00 PM Toronto","og_url":"http:\/\/pppc.vsmdev.ca\/fr\/events\/tops\/full-schedule\/","og_site_name":"Promotional Product Professionals of Canada Inc","article_modified_time":"2022-10-24T14:36:06+00:00","twitter_card":"summary_large_image","twitter_misc":{"Estimation du temps de lecture":"1 minute"},"schema":{"@context":"https:\/\/schema.org","@graph":[{"@type":"WebPage","@id":"http:\/\/pppc.vsmdev.ca\/events\/tops\/full-schedule\/","url":"http:\/\/pppc.vsmdev.ca\/events\/tops\/full-schedule\/","name":"Full Schedule - Promotional Product Professionals of Canada Inc","isPartOf":{"@id":"https:\/\/pppc.vsmdev.ca\/#website"},"datePublished":"2022-10-12T22:15:35+00:00","dateModified":"2022-10-24T14:36:06+00:00","breadcrumb":{"@id":"http:\/\/pppc.vsmdev.ca\/events\/tops\/full-schedule\/#breadcrumb"},"inLanguage":"fr-CA","potentialAction":[{"@type":"ReadAction","target":["http:\/\/pppc.vsmdev.ca\/events\/tops\/full-schedule\/"]}]},{"@type":"BreadcrumbList","@id":"http:\/\/pppc.vsmdev.ca\/events\/tops\/full-schedule\/#breadcrumb","itemListElement":[{"@type":"ListItem","position":1,"name":"Home","item":"https:\/\/pppc.vsmdev.ca\/"},{"@type":"ListItem","position":2,"name":"Events","item":"https:\/\/pppc.vsmdev.ca\/events\/"},{"@type":"ListItem","position":3,"name":"TOPS+","item":"http:\/\/pppc.vsmdev.ca\/fr\/events\/tops\/"},{"@type":"ListItem","position":4,"name":"Full Schedule"}]},{"@type":"WebSite","@id":"https:\/\/pppc.vsmdev.ca\/#website","url":"https:\/\/pppc.vsmdev.ca\/","name":"Promotional Product Professionals of Canada Inc","description":"","potentialAction":[{"@type":"SearchAction","target":{"@type":"EntryPoint","urlTemplate":"https:\/\/pppc.vsmdev.ca\/?s={search_term_string}"},"query-input":{"@type":"PropertyValueSpecification","valueRequired":true,"valueName":"search_term_string"}}],"inLanguage":"fr-CA"}]}},"coauthors":[],"author_meta":{"author_link":"http:\/\/pppc.vsmdev.ca\/fr\/author\/wptangerine\/","display_name":"wptangerine"},"relative_dates":{"created":"Posted 4 ann\u00e9es ago","modified":"Updated 3 ann\u00e9es ago"},"absolute_dates":{"created":"Posted on 12 octobre 2022","modified":"Updated on 24 octobre 2022"},"absolute_dates_time":{"created":"Posted on 12 octobre 2022 6:15 pm","modified":"Updated on 24 octobre 2022 10:36 am"},"featured_img_caption":"","featured_img":false,"series_order":"","_links":{"self":[{"href":"http:\/\/pppc.vsmdev.ca\/fr\/wp-json\/wp\/v2\/pages\/5278","targetHints":{"allow":["GET"]}}],"collection":[{"href":"http:\/\/pppc.vsmdev.ca\/fr\/wp-json\/wp\/v2\/pages"}],"about":[{"href":"http:\/\/pppc.vsmdev.ca\/fr\/wp-json\/wp\/v2\/types\/page"}],"author":[{"embeddable":true,"href":"http:\/\/pppc.vsmdev.ca\/fr\/wp-json\/wp\/v2\/users\/9"}],"replies":[{"embeddable":true,"href":"http:\/\/pppc.vsmdev.ca\/fr\/wp-json\/wp\/v2\/comments?post=5278"}],"version-history":[{"count":8,"href":"http:\/\/pppc.vsmdev.ca\/fr\/wp-json\/wp\/v2\/pages\/5278\/revisions"}],"predecessor-version":[{"id":5437,"href":"http:\/\/pppc.vsmdev.ca\/fr\/wp-json\/wp\/v2\/pages\/5278\/revisions\/5437"}],"up":[{"embeddable":true,"href":"http:\/\/pppc.vsmdev.ca\/fr\/wp-json\/wp\/v2\/pages\/3394"}],"wp:attachment":[{"href":"http:\/\/pppc.vsmdev.ca\/fr\/wp-json\/wp\/v2\/media?parent=5278"}],"curies":[{"name":"wp","href":"https:\/\/api.w.org\/{rel}","templated":true}]}}