{"id":5,"date":"2022-02-22T11:12:05","date_gmt":"2022-02-22T16:12:05","guid":{"rendered":"http:\/\/pppc.viewsource.ca\/?page_id=5"},"modified":"2023-11-28T18:41:29","modified_gmt":"2023-11-28T23:41:29","slug":"home","status":"publish","type":"page","link":"http:\/\/pppc.vsmdev.ca\/fr\/","title":{"rendered":"Maison"},"content":{"rendered":"","protected":false},"excerpt":{"rendered":"","protected":false},"author":1,"featured_media":0,"parent":0,"menu_order":0,"comment_status":"closed","ping_status":"closed","template":"template-home.php","meta":{"_acf_changed":false,"advgb_blocks_editor_width":"","advgb_blocks_columns_visual_guide":"","episode_type":"","audio_file":"","cover_image":"","cover_image_id":"","duration":"","filesize":"","date_recorded":"","explicit":"","block":"","filesize_raw":"","footnotes":""},"class_list":["post-5","page","type-page","status-publish","hentry"],"acf":[],"yoast_head":"<!-- This site is optimized with the Yoast SEO plugin v23.5 - https:\/\/yoast.com\/wordpress\/plugins\/seo\/ -->\n<title>Promotional Product Professionals of Canada Inc.<\/title>\n<meta name=\"description\" content=\"PPPC is a not-for-profit association facilitating business and knowledge growth for the Canadian promotional Products community and to be the premier choice of advertising in Canada. Become a member today!\" \/>\n<meta name=\"robots\" content=\"index, follow, max-snippet:-1, max-image-preview:large, max-video-preview:-1\" \/>\n<link rel=\"canonical\" href=\"http:\/\/pppc.vsmdev.ca\/fr\/\" \/>\n<meta property=\"og:locale\" content=\"fr_CA\" \/>\n<meta property=\"og:type\" content=\"article\" \/>\n<meta property=\"og:title\" content=\"Promotional Product Professionals of Canada Inc.\" \/>\n<meta property=\"og:description\" content=\"PPPC is a not-for-profit association facilitating business and knowledge growth for the Canadian promotional Products community and to be the premier choice of advertising in Canada. Become a member today!\" \/>\n<meta property=\"og:url\" content=\"http:\/\/pppc.vsmdev.ca\/fr\/\" \/>\n<meta property=\"og:site_name\" content=\"Promotional Product Professionals of Canada Inc\" \/>\n<meta property=\"article:modified_time\" content=\"2023-11-28T23:41:29+00:00\" \/>\n<meta name=\"twitter:card\" content=\"summary_large_image\" \/>\n<script type=\"application\/ld+json\" class=\"yoast-schema-graph\">{\"@context\":\"https:\/\/schema.org\",\"@graph\":[{\"@type\":\"WebPage\",\"@id\":\"http:\/\/pppc.vsmdev.ca\/fr\/\",\"url\":\"http:\/\/pppc.vsmdev.ca\/fr\/\",\"name\":\"Promotional Product Professionals of Canada Inc.\",\"isPartOf\":{\"@id\":\"http:\/\/pppc.vsmdev.ca\/#website\"},\"datePublished\":\"2022-02-22T16:12:05+00:00\",\"dateModified\":\"2023-11-28T23:41:29+00:00\",\"description\":\"PPPC is a not-for-profit association facilitating business and knowledge growth for the Canadian promotional Products community and to be the premier choice of advertising in Canada. Become a member today!\",\"breadcrumb\":{\"@id\":\"http:\/\/pppc.vsmdev.ca\/fr\/#breadcrumb\"},\"inLanguage\":\"fr-CA\",\"potentialAction\":[{\"@type\":\"ReadAction\",\"target\":[\"http:\/\/pppc.vsmdev.ca\/fr\/\"]}]},{\"@type\":\"BreadcrumbList\",\"@id\":\"http:\/\/pppc.vsmdev.ca\/fr\/#breadcrumb\",\"itemListElement\":[{\"@type\":\"ListItem\",\"position\":1,\"name\":\"Home\",\"item\":\"http:\/\/pppc.vsmdev.ca\/fr\/\"},{\"@type\":\"ListItem\",\"position\":2,\"name\":\"Home\"}]},{\"@type\":\"WebSite\",\"@id\":\"http:\/\/pppc.vsmdev.ca\/#website\",\"url\":\"http:\/\/pppc.vsmdev.ca\/\",\"name\":\"Promotional Product Professionals of Canada Inc\",\"description\":\"\",\"potentialAction\":[{\"@type\":\"SearchAction\",\"target\":{\"@type\":\"EntryPoint\",\"urlTemplate\":\"http:\/\/pppc.vsmdev.ca\/?s={search_term_string}\"},\"query-input\":{\"@type\":\"PropertyValueSpecification\",\"valueRequired\":true,\"valueName\":\"search_term_string\"}}],\"inLanguage\":\"fr-CA\"}]}<\/script>\n<!-- \/ Yoast SEO plugin. -->","yoast_head_json":{"title":"Promotional Product Professionals of Canada Inc.","description":"PPPC is a not-for-profit association facilitating business and knowledge growth for the Canadian promotional Products community and to be the premier choice of advertising in Canada. Become a member today!","robots":{"index":"index","follow":"follow","max-snippet":"max-snippet:-1","max-image-preview":"max-image-preview:large","max-video-preview":"max-video-preview:-1"},"canonical":"http:\/\/pppc.vsmdev.ca\/fr\/","og_locale":"fr_CA","og_type":"article","og_title":"Promotional Product Professionals of Canada Inc.","og_description":"PPPC is a not-for-profit association facilitating business and knowledge growth for the Canadian promotional Products community and to be the premier choice of advertising in Canada. Become a member today!","og_url":"http:\/\/pppc.vsmdev.ca\/fr\/","og_site_name":"Promotional Product Professionals of Canada Inc","article_modified_time":"2023-11-28T23:41:29+00:00","twitter_card":"summary_large_image","schema":{"@context":"https:\/\/schema.org","@graph":[{"@type":"WebPage","@id":"http:\/\/pppc.vsmdev.ca\/fr\/","url":"http:\/\/pppc.vsmdev.ca\/fr\/","name":"Promotional Product Professionals of Canada Inc.","isPartOf":{"@id":"http:\/\/pppc.vsmdev.ca\/#website"},"datePublished":"2022-02-22T16:12:05+00:00","dateModified":"2023-11-28T23:41:29+00:00","description":"PPPC is a not-for-profit association facilitating business and knowledge growth for the Canadian promotional Products community and to be the premier choice of advertising in Canada. Become a member today!","breadcrumb":{"@id":"http:\/\/pppc.vsmdev.ca\/fr\/#breadcrumb"},"inLanguage":"fr-CA","potentialAction":[{"@type":"ReadAction","target":["http:\/\/pppc.vsmdev.ca\/fr\/"]}]},{"@type":"BreadcrumbList","@id":"http:\/\/pppc.vsmdev.ca\/fr\/#breadcrumb","itemListElement":[{"@type":"ListItem","position":1,"name":"Home","item":"http:\/\/pppc.vsmdev.ca\/fr\/"},{"@type":"ListItem","position":2,"name":"Home"}]},{"@type":"WebSite","@id":"http:\/\/pppc.vsmdev.ca\/#website","url":"http:\/\/pppc.vsmdev.ca\/","name":"Promotional Product Professionals of Canada Inc","description":"","potentialAction":[{"@type":"SearchAction","target":{"@type":"EntryPoint","urlTemplate":"http:\/\/pppc.vsmdev.ca\/?s={search_term_string}"},"query-input":{"@type":"PropertyValueSpecification","valueRequired":true,"valueName":"search_term_string"}}],"inLanguage":"fr-CA"}]}},"coauthors":[],"author_meta":{"author_link":"http:\/\/pppc.vsmdev.ca\/fr\/author\/vsmadmin\/","display_name":"vsmadmin"},"relative_dates":{"created":"Posted 4 ann\u00e9es ago","modified":"Updated 2 ann\u00e9es ago"},"absolute_dates":{"created":"Posted on 22 f\u00e9vrier 2022","modified":"Updated on 28 novembre 2023"},"absolute_dates_time":{"created":"Posted on 22 f\u00e9vrier 2022 11:12 am","modified":"Updated on 28 novembre 2023 6:41 pm"},"featured_img_caption":"","featured_img":false,"series_order":"","_links":{"self":[{"href":"http:\/\/pppc.vsmdev.ca\/fr\/wp-json\/wp\/v2\/pages\/5","targetHints":{"allow":["GET"]}}],"collection":[{"href":"http:\/\/pppc.vsmdev.ca\/fr\/wp-json\/wp\/v2\/pages"}],"about":[{"href":"http:\/\/pppc.vsmdev.ca\/fr\/wp-json\/wp\/v2\/types\/page"}],"author":[{"embeddable":true,"href":"http:\/\/pppc.vsmdev.ca\/fr\/wp-json\/wp\/v2\/users\/1"}],"replies":[{"embeddable":true,"href":"http:\/\/pppc.vsmdev.ca\/fr\/wp-json\/wp\/v2\/comments?post=5"}],"version-history":[{"count":9,"href":"http:\/\/pppc.vsmdev.ca\/fr\/wp-json\/wp\/v2\/pages\/5\/revisions"}],"predecessor-version":[{"id":7119,"href":"http:\/\/pppc.vsmdev.ca\/fr\/wp-json\/wp\/v2\/pages\/5\/revisions\/7119"}],"wp:attachment":[{"href":"http:\/\/pppc.vsmdev.ca\/fr\/wp-json\/wp\/v2\/media?parent=5"}],"curies":[{"name":"wp","href":"https:\/\/api.w.org\/{rel}","templated":true}]}}