{"id":46,"date":"2022-02-22T16:51:40","date_gmt":"2022-02-22T21:51:40","guid":{"rendered":"http:\/\/pppc.viewsource.ca\/?page_id=46"},"modified":"2024-06-24T13:35:46","modified_gmt":"2024-06-24T17:35:46","slug":"advertise","status":"publish","type":"page","link":"http:\/\/pppc.vsmdev.ca\/fr\/resources\/advertise\/","title":{"rendered":"Possibilit\u00e9s de publicit\u00e9"},"content":{"rendered":"<h2 class=\"wp-block-heading\">Vous cherchez \u00e0 vous faire conna\u00eetre du secteur ? Faites de la publicit\u00e9 avec PPPC !<\/h2>\n\n\n\n<p>Faites de la publicit\u00e9 avec PPPC pour b\u00e9n\u00e9ficier d'une exposition maximale gr\u00e2ce \u00e0 la lettre d'information aux membres de PPPC You've Got Promo Mail, aux produits du mois ou \u00e0 d'autres nouvelles fonctions publicitaires !<\/p>\n\n\n\n<p>Les Produits du mois offrent une approche cibl\u00e9e et focalis\u00e9e en pr\u00e9sentant uniquement vos offres sp\u00e9ciales, vos lignes, vos produits ou vos prospectus. Cette publication produira certainement un solide retour sur investissement puisque les fournisseurs sont la principale et unique attraction ! Pour en savoir plus sur les POTM, voir ci-dessous !<\/p>\n\n\n\n<p>La lettre d'information de PPPC You've Got Promo Mail offre des emplacements de banni\u00e8res r\u00e9guliers et en haut de page qui permettent une exposition pendant que les membres se tiennent au courant des derni\u00e8res nouvelles de l'industrie, des \u00e9v\u00e9nements \u00e0 venir, des articles pertinents et bien plus encore ! Consultez la section ci-dessous pour en savoir plus sur les possibilit\u00e9s de publicit\u00e9 avec le bulletin d'information pour les membres You've Got Promo Mail.<\/p>\n\n\n\n<p>Vous trouverez ci-dessous les dates de distribution du nouveau bulletin PPPC You've Got Promo Mail qui est distribu\u00e9 \u00e0 l'ensemble de nos membres deux fois par mois tout au long de l'ann\u00e9e et aux membres anglophones et francophones.<\/p>\n\n\n\n<p>Si vous avez des questions, n'h\u00e9sitez pas \u00e0 contacter notre responsable du marketing et de la communication \u2013<br>Margaret Williamson Batuszkin \u00e0 l'adresse suivante :&nbsp;<a href=\"mailto:margaret@pppc.ca\" target=\"_blank\" rel=\"noreferrer noopener\">margaret@pppc.ca<\/a><\/p>\n\n\n\n<figure class=\"wp-block-table\"><table><tbody><tr><td><strong>2024 Date de distribution<\/strong><\/td><td><strong>2024 Date limite pour les mat\u00e9riaux<\/strong><\/td><td><strong>Notes<\/strong><\/td><\/tr><tr><td><strong>June 27<\/strong><\/td><td>June 20<\/td><td><\/td><\/tr><tr><td><strong>11 juillet<\/strong><\/td><td>4 julliet<\/td><td><\/td><\/tr><tr><td><strong>25 juillet<\/strong><\/td><td>18 julliet<\/td><td><\/td><\/tr><tr><td><strong>15 ao\u00fbt<\/strong><\/td><td>8 ao\u00fbt<\/td><td><\/td><\/tr><tr><td><strong>29 ao\u00fbt<\/strong><\/td><td>22 ao\u00fbt<\/td><td><\/td><\/tr><tr><td><strong>12 septembre<\/strong><\/td><td>5 septembre<\/td><td><\/td><\/tr><tr><td><strong>26 septembre<\/strong><\/td><td>19 septembre<\/td><td><\/td><\/tr><tr><td><strong>10 octobre<\/strong><\/td><td>3 octobre<\/td><td><\/td><\/tr><tr><td><strong>24 octobre<\/strong><\/td><td>17 octobre<\/td><td><\/td><\/tr><tr><td><strong>14 novembre<\/strong><\/td><td>7 novembre<\/td><td><\/td><\/tr><tr><td><strong>28 novembre<\/strong><\/td><td>21 novembre<\/td><td><\/td><\/tr><tr><td><strong>13 d\u00e9cembre<\/strong><\/td><td>2 d\u00e9cembre<\/td><td><\/td><\/tr><\/tbody><\/table><figcaption class=\"wp-element-caption\"><em>*Le dernier num\u00e9ro de l'ann\u00e9e para\u00eetra le 13 d\u00e9cembre 2024, puis nous reprendrons le bulletin et sa distribution en janvier et fournirons aux annonceurs un nouveau calendrier pour 2025 le 30 novembre 2024.<\/em><\/figcaption><\/figure>\n\n\n\n<hr class=\"wp-block-separator has-alpha-channel-opacity\"\/>\n\n\n\n<h2 class=\"wp-block-heading has-text-align-center\"><strong>Possibilit\u00e9s de publicit\u00e9 pour la lettre d'information de PPPC You've Got Promo Mail<\/strong><\/h2>\n\n\n\n<h3 class=\"wp-block-heading\"><strong>Banni\u00e8re \u00e0 la une et banni\u00e8res r\u00e9guli\u00e8res<\/strong><\/h3>\n\n\n\n<p>Une excellente occasion de prendre la premi\u00e8re place et d'accro\u00eetre votre visibilit\u00e9 parmi les membres et de contribuer \u00e0 l'augmentation de vos ventes. La banni\u00e8re \u00e0 la une est disponible dans chaque num\u00e9ro de notre bulletin d'information qui est envoy\u00e9 \u00e0 l'ensemble de nos membres anglophones et francophones et est disponible sur la base du premier arriv\u00e9, premier confirm\u00e9. Plus vous achetez d'emplacements, plus vous \u00e9conomisez !<\/p>\n\n\n\n<p>Si la premi\u00e8re place n'est pas disponible, optez pour notre banni\u00e8re r\u00e9guli\u00e8re pour une visibilit\u00e9 accrue parmi les membres et une excellente occasion de pr\u00e9senter votre entreprise, de mettre en avant un nouveau produit ou une innovation.<\/p>\n\n\n\n<p><strong>Prix de la banni\u00e8re \u00e0 la une \/ de la banni\u00e8re ordinaire :<\/strong><\/p>\n\n\n\n<figure class=\"wp-block-table is-style-stripes\"><table><thead><tr><th class=\"has-text-align-left\" data-align=\"left\">Fr\u00e9quence<\/th><th class=\"has-text-align-left\" data-align=\"left\">Prix par AD<\/th><\/tr><\/thead><tbody><tr><td class=\"has-text-align-left\" data-align=\"left\">2-5 x<\/td><td class=\"has-text-align-left\" data-align=\"left\">TOP $275 \/REG $200<\/td><\/tr><tr><td class=\"has-text-align-left\" data-align=\"left\">6-10 x<\/td><td class=\"has-text-align-left\" data-align=\"left\">VED 250 $ \/ REG 175 $<\/td><\/tr><tr><td class=\"has-text-align-left\" data-align=\"left\">11-14 x<\/td><td class=\"has-text-align-left\" data-align=\"left\">VED 200 $ \/ REG 150 $&nbsp;<\/td><\/tr><tr><td class=\"has-text-align-left\" data-align=\"left\">15-24 x<\/td><td class=\"has-text-align-left\" data-align=\"left\">VED 150 $ \/ REG 125 $<\/td><\/tr><\/tbody><\/table><figcaption class=\"wp-element-caption\">*Bas\u00e9 sur le nombre d'annonces que vous achetez pour l'ann\u00e9e pour chaque num\u00e9ro deux fois par mois.<\/figcaption><\/figure>\n\n\n\n<p><strong>Sp\u00e9cifications des annonces<\/strong><\/p>\n\n\n\n<ul class=\"wp-block-list\">\n<li>Taille de l'annonce : 555px x 80px<\/li>\n\n\n\n<li>Format de l'annonce : JPG ou PNG<\/li>\n<\/ul>\n\n\n\n<h3 class=\"wp-block-heading\"><strong>Produit du mois<\/strong><\/h3>\n\n\n\n<figure class=\"wp-block-table is-style-stripes\"><table><thead><tr><th class=\"has-text-align-left\" data-align=\"left\">Fr\u00e9quence<\/th><th class=\"has-text-align-left\" data-align=\"left\">Prix par POTM<\/th><\/tr><\/thead><tbody><tr><td class=\"has-text-align-left\" data-align=\"left\">1-3 x<\/td><td class=\"has-text-align-left\" data-align=\"left\">$350<\/td><\/tr><tr><td class=\"has-text-align-left\" data-align=\"left\">4-7 x<\/td><td class=\"has-text-align-left\" data-align=\"left\">$300<\/td><\/tr><tr><td class=\"has-text-align-left\" data-align=\"left\">8-11 x <\/td><td class=\"has-text-align-left\" data-align=\"left\">$250<\/td><\/tr><\/tbody><\/table><\/figure>\n\n\n\n<p><strong>Sp\u00e9cifications de l'annonce du produit du mois (POTM)<\/strong><\/p>\n\n\n\n<ul class=\"wp-block-list\">\n<li>Taille de l'annonce : 350 p. x 450 p.<\/li>\n\n\n\n<li>Format de l'annonce : JPG ou PNG<\/li>\n<\/ul>\n\n\n\n<p><strong>Sp\u00e9cifications du logo<\/strong><\/p>\n\n\n\n<ul class=\"wp-block-list\">\n<li>Taille du logo : 250px x 150px<\/li>\n\n\n\n<li>Format du logo : JPG ou PNG<\/li>\n<\/ul>\n\n\n\n<h3 class=\"wp-block-heading\"><strong>Pleins feux sur l'entreprise<\/strong><\/h3>\n\n\n\n<p>Voici l'occasion de raconter l'histoire de votre marque, de pr\u00e9senter une nouvelle innovation ou un nouveau produit, ou encore de mettre en valeur un article promotionnel embl\u00e9matique. Nous offrons ce spot passionnant sur la base de la premi\u00e8re confirmation. Il peut arriver que nous en organisions deux en m\u00eame temps, mais soyez assur\u00e9 que chacun aura son propre spot.<\/p>\n\n\n\n<p><strong>Exigences<\/strong><\/p>\n\n\n\n<ul class=\"wp-block-list\">\n<li>Un texte pr\u00eat \u00e0 imprimer (150-200 mots) fourni par le membre et qui doit respecter les lignes directrices de notre association et s'aligner sur notre mission et nos valeurs.<\/li>\n\n\n\n<li>Logo ou image haute r\u00e9solution fourni par le membre.<\/li>\n<\/ul>\n\n\n\n<p><strong>Co\u00fbt :<\/strong>&nbsp;500 $ par placement et par num\u00e9ro. (hors taxes).<\/p>","protected":false},"excerpt":{"rendered":"<p>Looking to Gain Industry Exposure? Advertise with PPPC! Advertise with PPPC to gain maximum exposure through the PPPC You\u2019ve Got Promo Mail member newsletter or the Products of the Month or other new advertising features! The Products of the Month offers a targeted and focused approach by solely featuring your specials, lines, products or flyers. <\/p>","protected":false},"author":1,"featured_media":0,"parent":31,"menu_order":4,"comment_status":"closed","ping_status":"closed","template":"","meta":{"_acf_changed":false,"advgb_blocks_editor_width":"","advgb_blocks_columns_visual_guide":"","episode_type":"","audio_file":"","cover_image":"","cover_image_id":"","duration":"","filesize":"","date_recorded":"","explicit":"","block":"","filesize_raw":"","footnotes":""},"class_list":["post-46","page","type-page","status-publish","hentry"],"acf":[],"yoast_head":"<!-- This site is optimized with the Yoast SEO plugin v23.5 - https:\/\/yoast.com\/wordpress\/plugins\/seo\/ -->\n<title>Advertise - Promotional Product Professionals of Canada Inc<\/title>\n<meta name=\"robots\" content=\"index, follow, max-snippet:-1, max-image-preview:large, max-video-preview:-1\" \/>\n<link rel=\"canonical\" href=\"http:\/\/pppc.vsmdev.ca\/fr\/resources\/advertise\/\" \/>\n<meta property=\"og:locale\" content=\"fr_CA\" \/>\n<meta property=\"og:type\" content=\"article\" \/>\n<meta property=\"og:title\" content=\"Advertise - Promotional Product Professionals of Canada Inc\" \/>\n<meta property=\"og:description\" content=\"Looking to Gain Industry Exposure? Advertise with PPPC! Advertise with PPPC to gain maximum exposure through the PPPC You\u2019ve Got Promo Mail member newsletter or the Products of the Month or other new advertising features! The Products of the Month offers a targeted and focused approach by solely featuring your specials, lines, products or flyers.\" \/>\n<meta property=\"og:url\" content=\"http:\/\/pppc.vsmdev.ca\/fr\/resources\/advertise\/\" \/>\n<meta property=\"og:site_name\" content=\"Promotional Product Professionals of Canada Inc\" \/>\n<meta property=\"article:modified_time\" content=\"2024-06-24T17:35:46+00:00\" \/>\n<meta name=\"twitter:card\" content=\"summary_large_image\" \/>\n<meta name=\"twitter:label1\" content=\"Estimation du temps de lecture\" \/>\n\t<meta name=\"twitter:data1\" content=\"3 minutes\" \/>\n<script type=\"application\/ld+json\" class=\"yoast-schema-graph\">{\"@context\":\"https:\/\/schema.org\",\"@graph\":[{\"@type\":\"WebPage\",\"@id\":\"https:\/\/pppc.vsmdev.ca\/resources\/advertise\/\",\"url\":\"https:\/\/pppc.vsmdev.ca\/resources\/advertise\/\",\"name\":\"Advertise - Promotional Product Professionals of Canada Inc\",\"isPartOf\":{\"@id\":\"http:\/\/pppc.vsmdev.ca\/#website\"},\"datePublished\":\"2022-02-22T21:51:40+00:00\",\"dateModified\":\"2024-06-24T17:35:46+00:00\",\"breadcrumb\":{\"@id\":\"https:\/\/pppc.vsmdev.ca\/resources\/advertise\/#breadcrumb\"},\"inLanguage\":\"fr-CA\",\"potentialAction\":[{\"@type\":\"ReadAction\",\"target\":[\"https:\/\/pppc.vsmdev.ca\/resources\/advertise\/\"]}]},{\"@type\":\"BreadcrumbList\",\"@id\":\"https:\/\/pppc.vsmdev.ca\/resources\/advertise\/#breadcrumb\",\"itemListElement\":[{\"@type\":\"ListItem\",\"position\":1,\"name\":\"Home\",\"item\":\"http:\/\/pppc.vsmdev.ca\/\"},{\"@type\":\"ListItem\",\"position\":2,\"name\":\"Resources\",\"item\":\"http:\/\/pppc.vsmdev.ca\/fr\/resources\/\"},{\"@type\":\"ListItem\",\"position\":3,\"name\":\"Advertise\"}]},{\"@type\":\"WebSite\",\"@id\":\"http:\/\/pppc.vsmdev.ca\/#website\",\"url\":\"http:\/\/pppc.vsmdev.ca\/\",\"name\":\"Promotional Product Professionals of Canada Inc\",\"description\":\"\",\"potentialAction\":[{\"@type\":\"SearchAction\",\"target\":{\"@type\":\"EntryPoint\",\"urlTemplate\":\"http:\/\/pppc.vsmdev.ca\/?s={search_term_string}\"},\"query-input\":{\"@type\":\"PropertyValueSpecification\",\"valueRequired\":true,\"valueName\":\"search_term_string\"}}],\"inLanguage\":\"fr-CA\"}]}<\/script>\n<!-- \/ Yoast SEO plugin. -->","yoast_head_json":{"title":"Advertise - Promotional Product Professionals of Canada Inc","robots":{"index":"index","follow":"follow","max-snippet":"max-snippet:-1","max-image-preview":"max-image-preview:large","max-video-preview":"max-video-preview:-1"},"canonical":"http:\/\/pppc.vsmdev.ca\/fr\/resources\/advertise\/","og_locale":"fr_CA","og_type":"article","og_title":"Advertise - Promotional Product Professionals of Canada Inc","og_description":"Looking to Gain Industry Exposure? Advertise with PPPC! Advertise with PPPC to gain maximum exposure through the PPPC You\u2019ve Got Promo Mail member newsletter or the Products of the Month or other new advertising features! The Products of the Month offers a targeted and focused approach by solely featuring your specials, lines, products or flyers.","og_url":"http:\/\/pppc.vsmdev.ca\/fr\/resources\/advertise\/","og_site_name":"Promotional Product Professionals of Canada Inc","article_modified_time":"2024-06-24T17:35:46+00:00","twitter_card":"summary_large_image","twitter_misc":{"Estimation du temps de lecture":"3 minutes"},"schema":{"@context":"https:\/\/schema.org","@graph":[{"@type":"WebPage","@id":"https:\/\/pppc.vsmdev.ca\/resources\/advertise\/","url":"https:\/\/pppc.vsmdev.ca\/resources\/advertise\/","name":"Advertise - Promotional Product Professionals of Canada Inc","isPartOf":{"@id":"http:\/\/pppc.vsmdev.ca\/#website"},"datePublished":"2022-02-22T21:51:40+00:00","dateModified":"2024-06-24T17:35:46+00:00","breadcrumb":{"@id":"https:\/\/pppc.vsmdev.ca\/resources\/advertise\/#breadcrumb"},"inLanguage":"fr-CA","potentialAction":[{"@type":"ReadAction","target":["https:\/\/pppc.vsmdev.ca\/resources\/advertise\/"]}]},{"@type":"BreadcrumbList","@id":"https:\/\/pppc.vsmdev.ca\/resources\/advertise\/#breadcrumb","itemListElement":[{"@type":"ListItem","position":1,"name":"Home","item":"http:\/\/pppc.vsmdev.ca\/"},{"@type":"ListItem","position":2,"name":"Resources","item":"http:\/\/pppc.vsmdev.ca\/fr\/resources\/"},{"@type":"ListItem","position":3,"name":"Advertise"}]},{"@type":"WebSite","@id":"http:\/\/pppc.vsmdev.ca\/#website","url":"http:\/\/pppc.vsmdev.ca\/","name":"Promotional Product Professionals of Canada Inc","description":"","potentialAction":[{"@type":"SearchAction","target":{"@type":"EntryPoint","urlTemplate":"http:\/\/pppc.vsmdev.ca\/?s={search_term_string}"},"query-input":{"@type":"PropertyValueSpecification","valueRequired":true,"valueName":"search_term_string"}}],"inLanguage":"fr-CA"}]}},"coauthors":[],"author_meta":{"author_link":"http:\/\/pppc.vsmdev.ca\/fr\/author\/vsmadmin\/","display_name":"vsmadmin"},"relative_dates":{"created":"Posted 4 ann\u00e9es ago","modified":"Updated 2 ann\u00e9es ago"},"absolute_dates":{"created":"Posted on 22 f\u00e9vrier 2022","modified":"Updated on 24 juin 2024"},"absolute_dates_time":{"created":"Posted on 22 f\u00e9vrier 2022 4:51 pm","modified":"Updated on 24 juin 2024 1:35 pm"},"featured_img_caption":"","featured_img":false,"series_order":"","_links":{"self":[{"href":"http:\/\/pppc.vsmdev.ca\/fr\/wp-json\/wp\/v2\/pages\/46","targetHints":{"allow":["GET"]}}],"collection":[{"href":"http:\/\/pppc.vsmdev.ca\/fr\/wp-json\/wp\/v2\/pages"}],"about":[{"href":"http:\/\/pppc.vsmdev.ca\/fr\/wp-json\/wp\/v2\/types\/page"}],"author":[{"embeddable":true,"href":"http:\/\/pppc.vsmdev.ca\/fr\/wp-json\/wp\/v2\/users\/1"}],"replies":[{"embeddable":true,"href":"http:\/\/pppc.vsmdev.ca\/fr\/wp-json\/wp\/v2\/comments?post=46"}],"version-history":[{"count":10,"href":"http:\/\/pppc.vsmdev.ca\/fr\/wp-json\/wp\/v2\/pages\/46\/revisions"}],"predecessor-version":[{"id":8067,"href":"http:\/\/pppc.vsmdev.ca\/fr\/wp-json\/wp\/v2\/pages\/46\/revisions\/8067"}],"up":[{"embeddable":true,"href":"http:\/\/pppc.vsmdev.ca\/fr\/wp-json\/wp\/v2\/pages\/31"}],"wp:attachment":[{"href":"http:\/\/pppc.vsmdev.ca\/fr\/wp-json\/wp\/v2\/media?parent=46"}],"curies":[{"name":"wp","href":"https:\/\/api.w.org\/{rel}","templated":true}]}}