{"id":4144,"date":"2022-06-17T17:31:28","date_gmt":"2022-06-17T21:31:28","guid":{"rendered":"https:\/\/wealthy-parakeet.mysites.io\/?page_id=4144"},"modified":"2022-06-17T17:31:31","modified_gmt":"2022-06-17T21:31:31","slug":"tournoi-de-golf-du-chapitre-du-quebec","status":"publish","type":"page","link":"http:\/\/pppc.vsmdev.ca\/fr\/events\/chapter-events\/tournoi-de-golf-du-chapitre-du-quebec\/","title":{"rendered":"Tournoi de golf du Chapitre du Qu\u00e9bec"},"content":{"rendered":"<p>Tournoi de golf du Chapitre du Qu\u00e9bec<\/p>\n\n\n\n<p>This event is no longer active.Wednesday, June 15, 2022 10:00 AM &#8211; 6:00 PM&nbsp;EST201 chemin de la Montagne<br>Piedmont, QC J0R 1K0<\/p>\n\n\n\n<p>Cela fait bien trop longtemps que nous n&#8217;avons pas vu le chapitre du Qu\u00e9bec et nous sommes ravis d&#8217;organiser un tournoi de golf&nbsp;<strong>le 15 juin au Club de Golf Piedmont<\/strong>. Soyez des n\u00f4tres pour une journ\u00e9e sur le vert afin de vous reconnecter OU joignez-vous \u00e0 nous pour une soir\u00e9e de r\u00e9seautage si le golf ne vous int\u00e9resse pas.<\/p>\n\n\n\n<p>Golfeurs, r\u00e9jouissez-vous de ces concours&nbsp;:<\/p>\n\n\n\n<p>Longue distance<\/p>\n\n\n\n<p>Putting<\/p>\n\n\n\n<p>Le plus proche du trou<\/p>\n\n\n\n<p>En outre, voici un apercu de quelques prix<\/p>\n\n\n\n<p><strong>VOYAGE de 2500$<\/strong>** commandit\u00e9 par&nbsp;: Groupe ASD 800$, Promogroup 600$, S &amp; S Active Wear 500$ et Busrel 600$ = 2,500$<\/p>\n\n\n\n<p><strong>T\u00e9l\u00e9vision 65 pouces<\/strong>&nbsp;commandit\u00e9 par; Agence Nordik et Agence Alain Gailloux<\/p>\n\n\n\n<p>Ce rassemblement est ouvert \u00e0 tous les niveaux d&#8217;exp\u00e9rience du golf. Vous n\u2019avez qu\u2019\u00e0 apporter votre sourire et votre bonne humeur. Entretemps, rendez-vous au champ de pratique ou au mini-golf afin de pratiquer votre \u00e9lan!<\/p>","protected":false},"excerpt":{"rendered":"<p>Tournoi de golf du Chapitre du Qu\u00e9bec This event is no longer active.Wednesday, June 15, 2022 10:00 AM &#8211; 6:00 PM&nbsp;EST201 chemin de la MontagnePiedmont, QC J0R 1K0 Cela fait bien trop longtemps que nous n&#8217;avons pas vu le chapitre du Qu\u00e9bec et nous sommes ravis d&#8217;organiser un tournoi de golf&nbsp;le 15 juin au Club <\/p>","protected":false},"author":1,"featured_media":0,"parent":3934,"menu_order":1,"comment_status":"closed","ping_status":"closed","template":"","meta":{"_acf_changed":false,"advgb_blocks_editor_width":"","advgb_blocks_columns_visual_guide":"","episode_type":"","audio_file":"","cover_image":"","cover_image_id":"","duration":"","filesize":"","date_recorded":"","explicit":"","block":"","filesize_raw":"","footnotes":""},"class_list":["post-4144","page","type-page","status-publish","hentry"],"acf":[],"yoast_head":"<!-- This site is optimized with the Yoast SEO plugin v23.5 - https:\/\/yoast.com\/wordpress\/plugins\/seo\/ -->\n<title>Tournoi de golf du Chapitre du Qu\u00e9bec - Promotional Product Professionals of Canada Inc<\/title>\n<meta name=\"robots\" content=\"index, follow, max-snippet:-1, max-image-preview:large, max-video-preview:-1\" \/>\n<link rel=\"canonical\" href=\"http:\/\/pppc.vsmdev.ca\/fr\/events\/chapter-events\/tournoi-de-golf-du-chapitre-du-quebec\/\" \/>\n<meta property=\"og:locale\" content=\"fr_CA\" \/>\n<meta property=\"og:type\" content=\"article\" \/>\n<meta property=\"og:title\" content=\"Tournoi de golf du Chapitre du Qu\u00e9bec - Promotional Product Professionals of Canada Inc\" \/>\n<meta property=\"og:description\" content=\"Tournoi de golf du Chapitre du Qu\u00e9bec This event is no longer active.Wednesday, June 15, 2022 10:00 AM &#8211; 6:00 PM&nbsp;EST201 chemin de la MontagnePiedmont, QC J0R 1K0 Cela fait bien trop longtemps que nous n&#8217;avons pas vu le chapitre du Qu\u00e9bec et nous sommes ravis d&#8217;organiser un tournoi de golf&nbsp;le 15 juin au Club\" \/>\n<meta property=\"og:url\" content=\"http:\/\/pppc.vsmdev.ca\/fr\/events\/chapter-events\/tournoi-de-golf-du-chapitre-du-quebec\/\" \/>\n<meta property=\"og:site_name\" content=\"Promotional Product Professionals of Canada Inc\" \/>\n<meta property=\"article:modified_time\" content=\"2022-06-17T21:31:31+00:00\" \/>\n<meta name=\"twitter:card\" content=\"summary_large_image\" \/>\n<meta name=\"twitter:label1\" content=\"Estimation du temps de lecture\" \/>\n\t<meta name=\"twitter:data1\" content=\"1 minute\" \/>\n<script type=\"application\/ld+json\" class=\"yoast-schema-graph\">{\"@context\":\"https:\/\/schema.org\",\"@graph\":[{\"@type\":\"WebPage\",\"@id\":\"http:\/\/pppc.vsmdev.ca\/fr\/events\/chapter-events\/tournoi-de-golf-du-chapitre-du-quebec\/\",\"url\":\"http:\/\/pppc.vsmdev.ca\/fr\/events\/chapter-events\/tournoi-de-golf-du-chapitre-du-quebec\/\",\"name\":\"Tournoi de golf du Chapitre du Qu\u00e9bec - Promotional Product Professionals of Canada Inc\",\"isPartOf\":{\"@id\":\"https:\/\/pppc.vsmdev.ca\/#website\"},\"datePublished\":\"2022-06-17T21:31:28+00:00\",\"dateModified\":\"2022-06-17T21:31:31+00:00\",\"breadcrumb\":{\"@id\":\"http:\/\/pppc.vsmdev.ca\/fr\/events\/chapter-events\/tournoi-de-golf-du-chapitre-du-quebec\/#breadcrumb\"},\"inLanguage\":\"fr-CA\",\"potentialAction\":[{\"@type\":\"ReadAction\",\"target\":[\"http:\/\/pppc.vsmdev.ca\/fr\/events\/chapter-events\/tournoi-de-golf-du-chapitre-du-quebec\/\"]}]},{\"@type\":\"BreadcrumbList\",\"@id\":\"http:\/\/pppc.vsmdev.ca\/fr\/events\/chapter-events\/tournoi-de-golf-du-chapitre-du-quebec\/#breadcrumb\",\"itemListElement\":[{\"@type\":\"ListItem\",\"position\":1,\"name\":\"Home\",\"item\":\"https:\/\/pppc.vsmdev.ca\/\"},{\"@type\":\"ListItem\",\"position\":2,\"name\":\"Events\",\"item\":\"http:\/\/pppc.vsmdev.ca\/events\/\"},{\"@type\":\"ListItem\",\"position\":3,\"name\":\"Chapter Events\",\"item\":\"http:\/\/pppc.vsmdev.ca\/events\/chapter-events\/\"},{\"@type\":\"ListItem\",\"position\":4,\"name\":\"Tournoi de golf du Chapitre du Qu\u00e9bec\"}]},{\"@type\":\"WebSite\",\"@id\":\"https:\/\/pppc.vsmdev.ca\/#website\",\"url\":\"https:\/\/pppc.vsmdev.ca\/\",\"name\":\"Promotional Product Professionals of Canada Inc\",\"description\":\"\",\"potentialAction\":[{\"@type\":\"SearchAction\",\"target\":{\"@type\":\"EntryPoint\",\"urlTemplate\":\"https:\/\/pppc.vsmdev.ca\/?s={search_term_string}\"},\"query-input\":{\"@type\":\"PropertyValueSpecification\",\"valueRequired\":true,\"valueName\":\"search_term_string\"}}],\"inLanguage\":\"fr-CA\"}]}<\/script>\n<!-- \/ Yoast SEO plugin. -->","yoast_head_json":{"title":"Tournoi de golf du Chapitre du Qu\u00e9bec - Promotional Product Professionals of Canada Inc","robots":{"index":"index","follow":"follow","max-snippet":"max-snippet:-1","max-image-preview":"max-image-preview:large","max-video-preview":"max-video-preview:-1"},"canonical":"http:\/\/pppc.vsmdev.ca\/fr\/events\/chapter-events\/tournoi-de-golf-du-chapitre-du-quebec\/","og_locale":"fr_CA","og_type":"article","og_title":"Tournoi de golf du Chapitre du Qu\u00e9bec - Promotional Product Professionals of Canada Inc","og_description":"Tournoi de golf du Chapitre du Qu\u00e9bec This event is no longer active.Wednesday, June 15, 2022 10:00 AM &#8211; 6:00 PM&nbsp;EST201 chemin de la MontagnePiedmont, QC J0R 1K0 Cela fait bien trop longtemps que nous n&#8217;avons pas vu le chapitre du Qu\u00e9bec et nous sommes ravis d&#8217;organiser un tournoi de golf&nbsp;le 15 juin au Club","og_url":"http:\/\/pppc.vsmdev.ca\/fr\/events\/chapter-events\/tournoi-de-golf-du-chapitre-du-quebec\/","og_site_name":"Promotional Product Professionals of Canada Inc","article_modified_time":"2022-06-17T21:31:31+00:00","twitter_card":"summary_large_image","twitter_misc":{"Estimation du temps de lecture":"1 minute"},"schema":{"@context":"https:\/\/schema.org","@graph":[{"@type":"WebPage","@id":"http:\/\/pppc.vsmdev.ca\/fr\/events\/chapter-events\/tournoi-de-golf-du-chapitre-du-quebec\/","url":"http:\/\/pppc.vsmdev.ca\/fr\/events\/chapter-events\/tournoi-de-golf-du-chapitre-du-quebec\/","name":"Tournoi de golf du Chapitre du Qu\u00e9bec - Promotional Product Professionals of Canada Inc","isPartOf":{"@id":"https:\/\/pppc.vsmdev.ca\/#website"},"datePublished":"2022-06-17T21:31:28+00:00","dateModified":"2022-06-17T21:31:31+00:00","breadcrumb":{"@id":"http:\/\/pppc.vsmdev.ca\/fr\/events\/chapter-events\/tournoi-de-golf-du-chapitre-du-quebec\/#breadcrumb"},"inLanguage":"fr-CA","potentialAction":[{"@type":"ReadAction","target":["http:\/\/pppc.vsmdev.ca\/fr\/events\/chapter-events\/tournoi-de-golf-du-chapitre-du-quebec\/"]}]},{"@type":"BreadcrumbList","@id":"http:\/\/pppc.vsmdev.ca\/fr\/events\/chapter-events\/tournoi-de-golf-du-chapitre-du-quebec\/#breadcrumb","itemListElement":[{"@type":"ListItem","position":1,"name":"Home","item":"https:\/\/pppc.vsmdev.ca\/"},{"@type":"ListItem","position":2,"name":"Events","item":"http:\/\/pppc.vsmdev.ca\/events\/"},{"@type":"ListItem","position":3,"name":"Chapter Events","item":"http:\/\/pppc.vsmdev.ca\/events\/chapter-events\/"},{"@type":"ListItem","position":4,"name":"Tournoi de golf du Chapitre du Qu\u00e9bec"}]},{"@type":"WebSite","@id":"https:\/\/pppc.vsmdev.ca\/#website","url":"https:\/\/pppc.vsmdev.ca\/","name":"Promotional Product Professionals of Canada Inc","description":"","potentialAction":[{"@type":"SearchAction","target":{"@type":"EntryPoint","urlTemplate":"https:\/\/pppc.vsmdev.ca\/?s={search_term_string}"},"query-input":{"@type":"PropertyValueSpecification","valueRequired":true,"valueName":"search_term_string"}}],"inLanguage":"fr-CA"}]}},"coauthors":[],"author_meta":{"author_link":"http:\/\/pppc.vsmdev.ca\/fr\/author\/vsmadmin\/","display_name":"vsmadmin"},"relative_dates":{"created":"Posted 4 ann\u00e9es ago","modified":"Updated 4 ann\u00e9es ago"},"absolute_dates":{"created":"Posted on 17 juin 2022","modified":"Updated on 17 juin 2022"},"absolute_dates_time":{"created":"Posted on 17 juin 2022 5:31 pm","modified":"Updated on 17 juin 2022 5:31 pm"},"featured_img_caption":"","featured_img":false,"series_order":"","_links":{"self":[{"href":"http:\/\/pppc.vsmdev.ca\/fr\/wp-json\/wp\/v2\/pages\/4144","targetHints":{"allow":["GET"]}}],"collection":[{"href":"http:\/\/pppc.vsmdev.ca\/fr\/wp-json\/wp\/v2\/pages"}],"about":[{"href":"http:\/\/pppc.vsmdev.ca\/fr\/wp-json\/wp\/v2\/types\/page"}],"author":[{"embeddable":true,"href":"http:\/\/pppc.vsmdev.ca\/fr\/wp-json\/wp\/v2\/users\/1"}],"replies":[{"embeddable":true,"href":"http:\/\/pppc.vsmdev.ca\/fr\/wp-json\/wp\/v2\/comments?post=4144"}],"version-history":[{"count":1,"href":"http:\/\/pppc.vsmdev.ca\/fr\/wp-json\/wp\/v2\/pages\/4144\/revisions"}],"predecessor-version":[{"id":4145,"href":"http:\/\/pppc.vsmdev.ca\/fr\/wp-json\/wp\/v2\/pages\/4144\/revisions\/4145"}],"up":[{"embeddable":true,"href":"http:\/\/pppc.vsmdev.ca\/fr\/wp-json\/wp\/v2\/pages\/3934"}],"wp:attachment":[{"href":"http:\/\/pppc.vsmdev.ca\/fr\/wp-json\/wp\/v2\/media?parent=4144"}],"curies":[{"name":"wp","href":"https:\/\/api.w.org\/{rel}","templated":true}]}}