{"id":29,"date":"2022-02-22T14:38:58","date_gmt":"2022-02-22T19:38:58","guid":{"rendered":"http:\/\/pppc.viewsource.ca\/?page_id=29"},"modified":"2024-10-22T10:20:33","modified_gmt":"2024-10-22T14:20:33","slug":"awards","status":"publish","type":"page","link":"http:\/\/pppc.vsmdev.ca\/fr\/awards\/","title":{"rendered":"Prix"},"content":{"rendered":"<div class=\"wp-block-image\">\n<figure class=\"aligncenter size-large is-resized\"><img loading=\"lazy\" decoding=\"async\" width=\"1024\" height=\"723\" src=\"https:\/\/pppc.ca\/wp-content\/uploads\/2023\/07\/AWARDS-logo-variations-1-e1695153855605-1024x723.png\" alt=\"\" class=\"wp-image-6459\" style=\"aspect-ratio:4\/3;object-fit:contain;width:300px;height:undefinedpx\" srcset=\"http:\/\/pppc.vsmdev.ca\/wp-content\/uploads\/2023\/07\/AWARDS-logo-variations-1-e1695153855605-1024x723.png 1024w, http:\/\/pppc.vsmdev.ca\/wp-content\/uploads\/2023\/07\/AWARDS-logo-variations-1-e1695153855605-300x212.png 300w, http:\/\/pppc.vsmdev.ca\/wp-content\/uploads\/2023\/07\/AWARDS-logo-variations-1-e1695153855605-768x542.png 768w, http:\/\/pppc.vsmdev.ca\/wp-content\/uploads\/2023\/07\/AWARDS-logo-variations-1-e1695153855605-1536x1085.png 1536w, http:\/\/pppc.vsmdev.ca\/wp-content\/uploads\/2023\/07\/AWARDS-logo-variations-1-e1695153855605-2048x1447.png 2048w, http:\/\/pppc.vsmdev.ca\/wp-content\/uploads\/2023\/07\/AWARDS-logo-variations-1-e1695153855605-18x12.png 18w\" sizes=\"auto, (max-width: 1024px) 100vw, 1024px\" \/><\/figure>\n<\/div>\n\n\n<p class=\"has-text-align-center\">Les prix PPPC sont une tradition de longue date pour nous ! Il s'agit de notre \u00e9v\u00e9nement social le plus attendu de l'ann\u00e9e, au cours duquel nous reconnaissons et r\u00e9compensons les meilleurs de notre secteur. Il y a des opportunit\u00e9s pour tout le monde d'\u00eatre reconnu.<\/p>\n\n\n\n<h2 class=\"wp-block-heading\"><strong>The 2024 PPPC Awards Season is Now Closed<\/strong><\/h2>\n\n\n\n<p>Thank you to all our members for your entries, nominations and votes! We would also like to thank the PPPC Awards Task Force, PPPC Board, Hall of Fame Committee Chaired by Merrick Falkenstein (37th HOF Inductee) and our member judges for helping to make this year\u2019s award season an amazing one. We can\u2019t wait to share the winners soon!<\/p>\n\n\n\n<p>Depuis 1979, PPPC cherche \u00e0 reconna\u00eetre les meilleurs de l'industrie des produits promotionnels gr\u00e2ce \u00e0 son programme annuel de prix PPPC. Ces prix ont \u00e9t\u00e9 cr\u00e9\u00e9s pour r\u00e9compenser nos membres pour leur travail acharn\u00e9, leur cr\u00e9ativit\u00e9 et leur impact sur l'industrie canadienne des produits promotionnels. Depuis son inauguration, nous avons d\u00e9cern\u00e9 des milliers de troph\u00e9es et reconnu des centaines de membres m\u00e9ritants. Faites de cette ann\u00e9e votre ann\u00e9e de reconnaissance ! Inscrivez-vous d\u00e8s aujourd'hui.<\/p>\n\n\n\n<p>Nous avons trois principaux piliers de prix, notamment<\/p>\n\n\n\n<ul class=\"wp-block-list\">\n<li><strong>Prix des produits<\/strong>&nbsp;\u2013 recognizing your top products and campaigns for the year and offering 7 distributor and 7 supplier &amp; multi-line product award categories.<\/li>\n\n\n\n<li><strong>Les prix vot\u00e9s par les membres<\/strong>&nbsp;\u2013 celebrating our top achievers with our distributor, multi-line, and supplier \u201cof the year\u201d awards<\/li>\n\n\n\n<li><strong>Prix sp\u00e9cialis\u00e9s<\/strong>&nbsp;\u2013 r\u00e9compensant le travail extraordinaire de nos membres par le biais de nos prix Hall of Fame, Humanitarian et Momentum.<\/li>\n<\/ul>\n\n\n\n<div class=\"wp-block-buttons disable is-layout-flex wp-block-buttons-is-layout-flex\">\n<div class=\"wp-block-button\"><a class=\"wp-block-button__link wp-element-button\" href=\"https:\/\/pppc.awardsplatform.com\/\" target=\"_blank\" rel=\"noreferrer noopener\">Awards Force<\/a><\/div>\n\n\n\n<div class=\"wp-block-button\"><a class=\"wp-block-button__link wp-element-button\" href=\"https:\/\/survey.alchemer-ca.com\/s3\/50262124\/PPPC-Awards-Suppliers-MLRs-of-2024-Prix-PPPC-Fournisseurs-MLRs-de-2024\" target=\"_blank\" rel=\"noreferrer noopener\">Supplier &amp; MLR Member-Voted<\/a><\/div>\n\n\n\n<div class=\"wp-block-button\"><a class=\"wp-block-button__link wp-element-button\" href=\"https:\/\/survey.alchemer-ca.com\/s3\/50262109\/PPPC-Awards-Distributors-of-2024-Prix-PPPC-Distributeurs-de-2024\" target=\"_blank\" rel=\"noreferrer noopener\">Distributor Member-Voted<\/a><\/div>\n<\/div>\n\n\n\n<p>En remportant un prix PPPC, vous et votre travail vous distinguez des autres. C'est un excellent moyen de promouvoir votre marque et de mettre en avant l'excellence de votre secteur.<\/p>\n\n\n\n<p>La proc\u00e9dure d'inscription est plus simple que jamais et se fait enti\u00e8rement en ligne par l'interm\u00e9diaire d'Awards Force. L'\u00e9valuation se fait \u00e9galement en ligne.<\/p>\n\n\n\n<hr class=\"wp-block-separator has-alpha-channel-opacity\"\/>\n\n\n\n<div class=\"wp-block-buttons is-content-justification-center is-layout-flex wp-container-core-buttons-is-layout-16018d1d wp-block-buttons-is-layout-flex\">\n<div class=\"wp-block-button\"><a class=\"wp-block-button__link wp-element-button\" href=\"https:\/\/pppc.ca\/awards\/2024-award-winners-portraits\/\">2024 PPPC AWARD<br>WINNERS PORTRAITS<\/a><\/div>\n\n\n\n<div class=\"wp-block-button\"><a class=\"wp-block-button__link wp-element-button\" href=\"https:\/\/www.flipsnack.com\/CB875CDD75E\/awards-winners-booklet-en-2024\/full-view.html\" target=\"_blank\" rel=\"noreferrer noopener\">PPPC Award Winners <br>Booklet (EN)<\/a><\/div>\n\n\n\n<div class=\"wp-block-button\"><a class=\"wp-block-button__link wp-element-button\" href=\"https:\/\/pppc.ca\/awards\/pppc-awards-2024\/2024-pppc-awards-ceremony-video\/\">2024 PPPC Awards <br>Ceremony Video<\/a><\/div>\n<\/div>\n\n\n\n\n<style class=\"advgb-styles-renderer\">.masthead {min-height: unset!important; height: 30vw;background-position-y: 30%!important;} article:nth-child(n+4) {background-position-y: 25%!important;}<\/style>","protected":false},"excerpt":{"rendered":"<p>The PPPC Awards are a longstanding tradition for us! It is our most-anticipated annual social event of the year, where we recognize and award the best of the best in our industry. There are opportunities for everyone to be recognized. The 2024 PPPC Awards Season is Now Closed Thank you to all our members for <\/p>","protected":false},"author":1,"featured_media":0,"parent":0,"menu_order":5,"comment_status":"closed","ping_status":"closed","template":"","meta":{"_acf_changed":false,"advgb_blocks_editor_width":"","advgb_blocks_columns_visual_guide":"","episode_type":"","audio_file":"","cover_image":"","cover_image_id":"","duration":"","filesize":"","date_recorded":"","explicit":"","block":"","filesize_raw":"","footnotes":""},"class_list":["post-29","page","type-page","status-publish","hentry"],"acf":[],"yoast_head":"<!-- This site is optimized with the Yoast SEO plugin v23.5 - https:\/\/yoast.com\/wordpress\/plugins\/seo\/ -->\n<title>PPPC Awards - Promotional Product Professionals of Canada<\/title>\n<meta name=\"description\" content=\"The PPPC Awards are a longstanding tradition for us! There are opportunities for everyone to be recognized. Check out the list to see which Awards are currently open to members.\" \/>\n<meta name=\"robots\" content=\"index, follow, max-snippet:-1, max-image-preview:large, max-video-preview:-1\" \/>\n<link rel=\"canonical\" href=\"http:\/\/pppc.vsmdev.ca\/fr\/awards\/\" \/>\n<meta property=\"og:locale\" content=\"fr_CA\" \/>\n<meta property=\"og:type\" content=\"article\" \/>\n<meta property=\"og:title\" content=\"PPPC Awards - Promotional Product Professionals of Canada\" \/>\n<meta property=\"og:description\" content=\"The PPPC Awards are a longstanding tradition for us! There are opportunities for everyone to be recognized. Check out the list to see which Awards are currently open to members.\" \/>\n<meta property=\"og:url\" content=\"http:\/\/pppc.vsmdev.ca\/fr\/awards\/\" \/>\n<meta property=\"og:site_name\" content=\"Promotional Product Professionals of Canada Inc\" \/>\n<meta property=\"article:modified_time\" content=\"2024-10-22T14:20:33+00:00\" \/>\n<meta property=\"og:image\" content=\"https:\/\/pppc.ca\/wp-content\/uploads\/2023\/07\/AWARDS-logo-variations-1-e1695153855605-1024x723.png\" \/>\n<meta name=\"twitter:card\" content=\"summary_large_image\" \/>\n<meta name=\"twitter:label1\" content=\"Estimation du temps de lecture\" \/>\n\t<meta name=\"twitter:data1\" content=\"2 minutes\" \/>\n<script type=\"application\/ld+json\" class=\"yoast-schema-graph\">{\"@context\":\"https:\/\/schema.org\",\"@graph\":[{\"@type\":\"WebPage\",\"@id\":\"http:\/\/pppc.vsmdev.ca\/awards\/\",\"url\":\"http:\/\/pppc.vsmdev.ca\/awards\/\",\"name\":\"PPPC Awards - Promotional Product Professionals of Canada\",\"isPartOf\":{\"@id\":\"http:\/\/pppc.vsmdev.ca\/#website\"},\"primaryImageOfPage\":{\"@id\":\"http:\/\/pppc.vsmdev.ca\/awards\/#primaryimage\"},\"image\":{\"@id\":\"http:\/\/pppc.vsmdev.ca\/awards\/#primaryimage\"},\"thumbnailUrl\":\"https:\/\/pppc.ca\/wp-content\/uploads\/2023\/07\/AWARDS-logo-variations-1-e1695153855605-1024x723.png\",\"datePublished\":\"2022-02-22T19:38:58+00:00\",\"dateModified\":\"2024-10-22T14:20:33+00:00\",\"description\":\"The PPPC Awards are a longstanding tradition for us! There are opportunities for everyone to be recognized. Check out the list to see which Awards are currently open to members.\",\"breadcrumb\":{\"@id\":\"http:\/\/pppc.vsmdev.ca\/awards\/#breadcrumb\"},\"inLanguage\":\"fr-CA\",\"potentialAction\":[{\"@type\":\"ReadAction\",\"target\":[\"http:\/\/pppc.vsmdev.ca\/awards\/\"]}]},{\"@type\":\"ImageObject\",\"inLanguage\":\"fr-CA\",\"@id\":\"http:\/\/pppc.vsmdev.ca\/awards\/#primaryimage\",\"url\":\"https:\/\/pppc.ca\/wp-content\/uploads\/2023\/07\/AWARDS-logo-variations-1-e1695153855605-1024x723.png\",\"contentUrl\":\"https:\/\/pppc.ca\/wp-content\/uploads\/2023\/07\/AWARDS-logo-variations-1-e1695153855605-1024x723.png\"},{\"@type\":\"BreadcrumbList\",\"@id\":\"http:\/\/pppc.vsmdev.ca\/awards\/#breadcrumb\",\"itemListElement\":[{\"@type\":\"ListItem\",\"position\":1,\"name\":\"Home\",\"item\":\"http:\/\/pppc.vsmdev.ca\/\"},{\"@type\":\"ListItem\",\"position\":2,\"name\":\"Awards\"}]},{\"@type\":\"WebSite\",\"@id\":\"http:\/\/pppc.vsmdev.ca\/#website\",\"url\":\"http:\/\/pppc.vsmdev.ca\/\",\"name\":\"Promotional Product Professionals of Canada Inc\",\"description\":\"\",\"potentialAction\":[{\"@type\":\"SearchAction\",\"target\":{\"@type\":\"EntryPoint\",\"urlTemplate\":\"http:\/\/pppc.vsmdev.ca\/?s={search_term_string}\"},\"query-input\":{\"@type\":\"PropertyValueSpecification\",\"valueRequired\":true,\"valueName\":\"search_term_string\"}}],\"inLanguage\":\"fr-CA\"}]}<\/script>\n<!-- \/ Yoast SEO plugin. -->","yoast_head_json":{"title":"PPPC Awards - Promotional Product Professionals of Canada","description":"The PPPC Awards are a longstanding tradition for us! There are opportunities for everyone to be recognized. Check out the list to see which Awards are currently open to members.","robots":{"index":"index","follow":"follow","max-snippet":"max-snippet:-1","max-image-preview":"max-image-preview:large","max-video-preview":"max-video-preview:-1"},"canonical":"http:\/\/pppc.vsmdev.ca\/fr\/awards\/","og_locale":"fr_CA","og_type":"article","og_title":"PPPC Awards - Promotional Product Professionals of Canada","og_description":"The PPPC Awards are a longstanding tradition for us! There are opportunities for everyone to be recognized. Check out the list to see which Awards are currently open to members.","og_url":"http:\/\/pppc.vsmdev.ca\/fr\/awards\/","og_site_name":"Promotional Product Professionals of Canada Inc","article_modified_time":"2024-10-22T14:20:33+00:00","og_image":[{"url":"https:\/\/pppc.ca\/wp-content\/uploads\/2023\/07\/AWARDS-logo-variations-1-e1695153855605-1024x723.png"}],"twitter_card":"summary_large_image","twitter_misc":{"Estimation du temps de lecture":"2 minutes"},"schema":{"@context":"https:\/\/schema.org","@graph":[{"@type":"WebPage","@id":"http:\/\/pppc.vsmdev.ca\/awards\/","url":"http:\/\/pppc.vsmdev.ca\/awards\/","name":"PPPC Awards - Promotional Product Professionals of Canada","isPartOf":{"@id":"http:\/\/pppc.vsmdev.ca\/#website"},"primaryImageOfPage":{"@id":"http:\/\/pppc.vsmdev.ca\/awards\/#primaryimage"},"image":{"@id":"http:\/\/pppc.vsmdev.ca\/awards\/#primaryimage"},"thumbnailUrl":"https:\/\/pppc.ca\/wp-content\/uploads\/2023\/07\/AWARDS-logo-variations-1-e1695153855605-1024x723.png","datePublished":"2022-02-22T19:38:58+00:00","dateModified":"2024-10-22T14:20:33+00:00","description":"The PPPC Awards are a longstanding tradition for us! There are opportunities for everyone to be recognized. Check out the list to see which Awards are currently open to members.","breadcrumb":{"@id":"http:\/\/pppc.vsmdev.ca\/awards\/#breadcrumb"},"inLanguage":"fr-CA","potentialAction":[{"@type":"ReadAction","target":["http:\/\/pppc.vsmdev.ca\/awards\/"]}]},{"@type":"ImageObject","inLanguage":"fr-CA","@id":"http:\/\/pppc.vsmdev.ca\/awards\/#primaryimage","url":"https:\/\/pppc.ca\/wp-content\/uploads\/2023\/07\/AWARDS-logo-variations-1-e1695153855605-1024x723.png","contentUrl":"https:\/\/pppc.ca\/wp-content\/uploads\/2023\/07\/AWARDS-logo-variations-1-e1695153855605-1024x723.png"},{"@type":"BreadcrumbList","@id":"http:\/\/pppc.vsmdev.ca\/awards\/#breadcrumb","itemListElement":[{"@type":"ListItem","position":1,"name":"Home","item":"http:\/\/pppc.vsmdev.ca\/"},{"@type":"ListItem","position":2,"name":"Awards"}]},{"@type":"WebSite","@id":"http:\/\/pppc.vsmdev.ca\/#website","url":"http:\/\/pppc.vsmdev.ca\/","name":"Promotional Product Professionals of Canada Inc","description":"","potentialAction":[{"@type":"SearchAction","target":{"@type":"EntryPoint","urlTemplate":"http:\/\/pppc.vsmdev.ca\/?s={search_term_string}"},"query-input":{"@type":"PropertyValueSpecification","valueRequired":true,"valueName":"search_term_string"}}],"inLanguage":"fr-CA"}]}},"coauthors":[],"author_meta":{"author_link":"http:\/\/pppc.vsmdev.ca\/fr\/author\/vsmadmin\/","display_name":"vsmadmin"},"relative_dates":{"created":"Posted 4 ann\u00e9es ago","modified":"Updated 2 ann\u00e9es ago"},"absolute_dates":{"created":"Posted on 22 f\u00e9vrier 2022","modified":"Updated on 22 octobre 2024"},"absolute_dates_time":{"created":"Posted on 22 f\u00e9vrier 2022 2:38 pm","modified":"Updated on 22 octobre 2024 10:20 am"},"featured_img_caption":"","featured_img":false,"series_order":"","_links":{"self":[{"href":"http:\/\/pppc.vsmdev.ca\/fr\/wp-json\/wp\/v2\/pages\/29","targetHints":{"allow":["GET"]}}],"collection":[{"href":"http:\/\/pppc.vsmdev.ca\/fr\/wp-json\/wp\/v2\/pages"}],"about":[{"href":"http:\/\/pppc.vsmdev.ca\/fr\/wp-json\/wp\/v2\/types\/page"}],"author":[{"embeddable":true,"href":"http:\/\/pppc.vsmdev.ca\/fr\/wp-json\/wp\/v2\/users\/1"}],"replies":[{"embeddable":true,"href":"http:\/\/pppc.vsmdev.ca\/fr\/wp-json\/wp\/v2\/comments?post=29"}],"version-history":[{"count":11,"href":"http:\/\/pppc.vsmdev.ca\/fr\/wp-json\/wp\/v2\/pages\/29\/revisions"}],"predecessor-version":[{"id":8516,"href":"http:\/\/pppc.vsmdev.ca\/fr\/wp-json\/wp\/v2\/pages\/29\/revisions\/8516"}],"wp:attachment":[{"href":"http:\/\/pppc.vsmdev.ca\/fr\/wp-json\/wp\/v2\/media?parent=29"}],"curies":[{"name":"wp","href":"https:\/\/api.w.org\/{rel}","templated":true}]}}