{"id":27,"date":"2022-02-22T14:38:26","date_gmt":"2022-02-22T19:38:26","guid":{"rendered":"http:\/\/pppc.viewsource.ca\/?page_id=27"},"modified":"2025-11-12T12:26:21","modified_gmt":"2025-11-12T17:26:21","slug":"chapters","status":"publish","type":"page","link":"http:\/\/pppc.vsmdev.ca\/fr\/chapters\/","title":{"rendered":"Chapitres"},"content":{"rendered":"","protected":false},"excerpt":{"rendered":"","protected":false},"author":1,"featured_media":0,"parent":0,"menu_order":3,"comment_status":"closed","ping_status":"closed","template":"","meta":{"_acf_changed":false,"advgb_blocks_editor_width":"","advgb_blocks_columns_visual_guide":"","episode_type":"","audio_file":"","cover_image":"","cover_image_id":"","duration":"","filesize":"","date_recorded":"","explicit":"","block":"","filesize_raw":"","footnotes":""},"class_list":["post-27","page","type-page","status-publish","hentry"],"acf":[],"yoast_head":"<!-- This site is optimized with the Yoast SEO plugin v23.5 - https:\/\/yoast.com\/wordpress\/plugins\/seo\/ -->\n<title>Promotional Product Professionals of Canada Provincial Chapters<\/title>\n<meta name=\"description\" content=\"The strategic relationship between PPPC, SAGE, and PPAI delivers one comprehensive membership solution to promotional products distributors and suppliers in Canada. Together we strive to make the member experience and value one that cannot be beat. Join one of our chapters today!\" \/>\n<meta name=\"robots\" content=\"index, follow, max-snippet:-1, max-image-preview:large, max-video-preview:-1\" \/>\n<link rel=\"canonical\" href=\"https:\/\/pppc.vsmdev.ca\/fr\/chapters\/\" \/>\n<meta property=\"og:locale\" content=\"fr_CA\" \/>\n<meta property=\"og:type\" content=\"article\" \/>\n<meta property=\"og:title\" content=\"Promotional Product Professionals of Canada Provincial Chapters\" \/>\n<meta property=\"og:description\" content=\"The strategic relationship between PPPC, SAGE, and PPAI delivers one comprehensive membership solution to promotional products distributors and suppliers in Canada. Together we strive to make the member experience and value one that cannot be beat. Join one of our chapters today!\" \/>\n<meta property=\"og:url\" content=\"https:\/\/pppc.vsmdev.ca\/fr\/chapters\/\" \/>\n<meta property=\"og:site_name\" content=\"Promotional Product Professionals of Canada Inc\" \/>\n<meta property=\"article:modified_time\" content=\"2025-11-12T17:26:21+00:00\" \/>\n<meta name=\"twitter:card\" content=\"summary_large_image\" \/>\n<meta name=\"twitter:label1\" content=\"Estimation du temps de lecture\" \/>\n\t<meta name=\"twitter:data1\" content=\"1 minute\" \/>\n<script type=\"application\/ld+json\" class=\"yoast-schema-graph\">{\"@context\":\"https:\/\/schema.org\",\"@graph\":[{\"@type\":\"WebPage\",\"@id\":\"https:\/\/pppc.vsmdev.ca\/fr\/chapters\/\",\"url\":\"https:\/\/pppc.vsmdev.ca\/fr\/chapters\/\",\"name\":\"Promotional Product Professionals of Canada Provincial Chapters\",\"isPartOf\":{\"@id\":\"http:\/\/pppc.vsmdev.ca\/fr\/#website\"},\"datePublished\":\"2022-02-22T19:38:26+00:00\",\"dateModified\":\"2025-11-12T17:26:21+00:00\",\"description\":\"The strategic relationship between PPPC, SAGE, and PPAI delivers one comprehensive membership solution to promotional products distributors and suppliers in Canada. Together we strive to make the member experience and value one that cannot be beat. Join one of our chapters today!\",\"breadcrumb\":{\"@id\":\"https:\/\/pppc.vsmdev.ca\/fr\/chapters\/#breadcrumb\"},\"inLanguage\":\"fr-CA\",\"potentialAction\":[{\"@type\":\"ReadAction\",\"target\":[\"https:\/\/pppc.vsmdev.ca\/fr\/chapters\/\"]}]},{\"@type\":\"BreadcrumbList\",\"@id\":\"https:\/\/pppc.vsmdev.ca\/fr\/chapters\/#breadcrumb\",\"itemListElement\":[{\"@type\":\"ListItem\",\"position\":1,\"name\":\"Home\",\"item\":\"http:\/\/pppc.vsmdev.ca\/fr\/\"},{\"@type\":\"ListItem\",\"position\":2,\"name\":\"Chapters\"}]},{\"@type\":\"WebSite\",\"@id\":\"http:\/\/pppc.vsmdev.ca\/fr\/#website\",\"url\":\"http:\/\/pppc.vsmdev.ca\/fr\/\",\"name\":\"Promotional Product Professionals of Canada Inc\",\"description\":\"\",\"potentialAction\":[{\"@type\":\"SearchAction\",\"target\":{\"@type\":\"EntryPoint\",\"urlTemplate\":\"http:\/\/pppc.vsmdev.ca\/fr\/?s={search_term_string}\"},\"query-input\":{\"@type\":\"PropertyValueSpecification\",\"valueRequired\":true,\"valueName\":\"search_term_string\"}}],\"inLanguage\":\"fr-CA\"}]}<\/script>\n<!-- \/ Yoast SEO plugin. -->","yoast_head_json":{"title":"Promotional Product Professionals of Canada Provincial Chapters","description":"The strategic relationship between PPPC, SAGE, and PPAI delivers one comprehensive membership solution to promotional products distributors and suppliers in Canada. Together we strive to make the member experience and value one that cannot be beat. Join one of our chapters today!","robots":{"index":"index","follow":"follow","max-snippet":"max-snippet:-1","max-image-preview":"max-image-preview:large","max-video-preview":"max-video-preview:-1"},"canonical":"https:\/\/pppc.vsmdev.ca\/fr\/chapters\/","og_locale":"fr_CA","og_type":"article","og_title":"Promotional Product Professionals of Canada Provincial Chapters","og_description":"The strategic relationship between PPPC, SAGE, and PPAI delivers one comprehensive membership solution to promotional products distributors and suppliers in Canada. Together we strive to make the member experience and value one that cannot be beat. Join one of our chapters today!","og_url":"https:\/\/pppc.vsmdev.ca\/fr\/chapters\/","og_site_name":"Promotional Product Professionals of Canada Inc","article_modified_time":"2025-11-12T17:26:21+00:00","twitter_card":"summary_large_image","twitter_misc":{"Estimation du temps de lecture":"1 minute"},"schema":{"@context":"https:\/\/schema.org","@graph":[{"@type":"WebPage","@id":"https:\/\/pppc.vsmdev.ca\/fr\/chapters\/","url":"https:\/\/pppc.vsmdev.ca\/fr\/chapters\/","name":"Promotional Product Professionals of Canada Provincial Chapters","isPartOf":{"@id":"http:\/\/pppc.vsmdev.ca\/fr\/#website"},"datePublished":"2022-02-22T19:38:26+00:00","dateModified":"2025-11-12T17:26:21+00:00","description":"The strategic relationship between PPPC, SAGE, and PPAI delivers one comprehensive membership solution to promotional products distributors and suppliers in Canada. Together we strive to make the member experience and value one that cannot be beat. Join one of our chapters today!","breadcrumb":{"@id":"https:\/\/pppc.vsmdev.ca\/fr\/chapters\/#breadcrumb"},"inLanguage":"fr-CA","potentialAction":[{"@type":"ReadAction","target":["https:\/\/pppc.vsmdev.ca\/fr\/chapters\/"]}]},{"@type":"BreadcrumbList","@id":"https:\/\/pppc.vsmdev.ca\/fr\/chapters\/#breadcrumb","itemListElement":[{"@type":"ListItem","position":1,"name":"Home","item":"http:\/\/pppc.vsmdev.ca\/fr\/"},{"@type":"ListItem","position":2,"name":"Chapters"}]},{"@type":"WebSite","@id":"http:\/\/pppc.vsmdev.ca\/fr\/#website","url":"http:\/\/pppc.vsmdev.ca\/fr\/","name":"Promotional Product Professionals of Canada Inc","description":"","potentialAction":[{"@type":"SearchAction","target":{"@type":"EntryPoint","urlTemplate":"http:\/\/pppc.vsmdev.ca\/fr\/?s={search_term_string}"},"query-input":{"@type":"PropertyValueSpecification","valueRequired":true,"valueName":"search_term_string"}}],"inLanguage":"fr-CA"}]}},"coauthors":[],"author_meta":{"author_link":"http:\/\/pppc.vsmdev.ca\/fr\/author\/vsmadmin\/","display_name":"vsmadmin"},"relative_dates":{"created":"Posted 4 ann\u00e9es ago","modified":"Updated 5 mois ago"},"absolute_dates":{"created":"Posted on 22 f\u00e9vrier 2022","modified":"Updated on 12 novembre 2025"},"absolute_dates_time":{"created":"Posted on 22 f\u00e9vrier 2022 2:38 pm","modified":"Updated on 12 novembre 2025 12:26 pm"},"featured_img_caption":"","featured_img":false,"series_order":"","_links":{"self":[{"href":"http:\/\/pppc.vsmdev.ca\/fr\/wp-json\/wp\/v2\/pages\/27","targetHints":{"allow":["GET"]}}],"collection":[{"href":"http:\/\/pppc.vsmdev.ca\/fr\/wp-json\/wp\/v2\/pages"}],"about":[{"href":"http:\/\/pppc.vsmdev.ca\/fr\/wp-json\/wp\/v2\/types\/page"}],"author":[{"embeddable":true,"href":"http:\/\/pppc.vsmdev.ca\/fr\/wp-json\/wp\/v2\/users\/1"}],"replies":[{"embeddable":true,"href":"http:\/\/pppc.vsmdev.ca\/fr\/wp-json\/wp\/v2\/comments?post=27"}],"version-history":[{"count":10,"href":"http:\/\/pppc.vsmdev.ca\/fr\/wp-json\/wp\/v2\/pages\/27\/revisions"}],"predecessor-version":[{"id":7348,"href":"http:\/\/pppc.vsmdev.ca\/fr\/wp-json\/wp\/v2\/pages\/27\/revisions\/7348"}],"wp:attachment":[{"href":"http:\/\/pppc.vsmdev.ca\/fr\/wp-json\/wp\/v2\/media?parent=27"}],"curies":[{"name":"wp","href":"https:\/\/api.w.org\/{rel}","templated":true}]}}