{"id":23,"date":"2022-02-22T13:17:37","date_gmt":"2022-02-22T18:17:37","guid":{"rendered":"http:\/\/pppc.viewsource.ca\/?page_id=23"},"modified":"2025-11-12T12:25:28","modified_gmt":"2025-11-12T17:25:28","slug":"about","status":"publish","type":"page","link":"http:\/\/pppc.vsmdev.ca\/fr\/about\/","title":{"rendered":"\u00c0 propos du temple de la renomm\u00e9e"},"content":{"rendered":"<h2 class=\"wp-block-heading\">Qu\u2019est-ce que les PPPC?<\/h2>\n\n\n\n<p>La relation strat\u00e9gique entre les PPPC, SAGE et la PPAI offre une solution d\u2019adh\u00e9sion compl\u00e8te aux distributeurs et fournisseurs de produits promotionnels au Canada. Ensemble, nous nous effor\u00e7ons de faire en sorte que l'exp\u00e9rience et la valeur des membres soient in\u00e9galables.<\/p>\n\n\n\n<hr class=\"wp-block-separator has-css-opacity\"\/>\n\n\n\n<div class=\"wp-block-group impact-block\"><div class=\"wp-block-group__inner-container is-layout-flow wp-block-group-is-layout-flow\">\n<h3 class=\"wp-block-heading has-text-align-center\"><strong>Vision<\/strong><\/h3>\n\n\n\n<p class=\"has-text-align-center\">\u00catre la voix des meilleures solutions en mati\u00e8re d\u2019image de marque au Canada.<\/p>\n<\/div><\/div>\n\n\n\n<div class=\"wp-block-group impact-block\"><div class=\"wp-block-group__inner-container is-layout-flow wp-block-group-is-layout-flow\">\n<h3 class=\"wp-block-heading has-text-align-center\"><strong>Mission<\/strong><\/h3>\n\n\n\n<p class=\"has-text-align-center\">Faciliter la croissance des affaires et du savoir pour la communaut\u00e9 canadienne des produits promotionnels.<\/p>\n<\/div><\/div>\n\n\n\n<div class=\"wp-block-group impact-block\"><div class=\"wp-block-group__inner-container is-layout-flow wp-block-group-is-layout-flow\">\n<h3 class=\"wp-block-heading has-text-align-center\"><strong>Valeurs<\/strong><\/h3>\n\n\n\n<ul class=\"wp-block-list\">\n<li>Nous respecterons les opinions de toutes les cat\u00e9gories de membres de l\u2019association des produits promotionnels et les repr\u00e9senterons \u00e9quitablement.<\/li>\n\n\n\n<li>Nous devons mettre l\u2019accent sur la communication, l\u2019\u00e9ducation, la reconnaissance et la mise en valeur de nos membres au sein de l\u2019association et de la collectivit\u00e9.<\/li>\n\n\n\n<li>Nous aiderons nos membres \u00e0 d\u00e9velopper leurs entreprises canadiennes.<\/li>\n\n\n\n<li>Nous devons mettre l\u2019accent sur la communication, l\u2019\u00e9ducation, la reconnaissance et la mise en valeur de nos membres au sein de l\u2019association et de la collectivit\u00e9.<\/li>\n\n\n\n<li>Nous devons mener nos affaires avec une int\u00e9grit\u00e9 sans compromis.<\/li>\n\n\n\n<li>We shall conduct our business affairs with uncompromising integrity.<\/li>\n\n\n\n<li>Nous renforcerons les relations commerciales entre les fournisseurs, les distributeurs, les repr\u00e9sentants de fournisseur multi gammes et les clients en fournissant des produits et des services de la valeur la plus \u00e9lev\u00e9e, faisant appel \u00e0 la cr\u00e9ativit\u00e9, l\u2019innovation et la qualit\u00e9.<\/li>\n\n\n\n<li>Nous respecterons les droits de tous nos membres avec dignit\u00e9 et \u00e9galit\u00e9, ind\u00e9pendamment de leur diversit\u00e9 d\u00e9mographique*, exp\u00e9rientielle** ou cognitive.<\/li>\n\n\n\n<li>Nous habilitons et c\u00e9l\u00e9brons la diversit\u00e9, l\u2019\u00e9quit\u00e9 et l\u2019inclusion, en soutenant la mission des PPPC qui est d\u2019orienter, d\u2019inspirer et de faire progresser. Nous visons \u00e0 \u00e9duquer et \u00e0 \u00e9quiper les membres, \u00e0 valoriser les groupes sous-repr\u00e9sent\u00e9s et \u00e0 favoriser la diversit\u00e9 au sein de notre association.<\/li>\n<\/ul>\n<\/div><\/div>\n\n\n\n<p><br><em>*Diversit\u00e9 d\u00e9mographique\u00a0: ethnie, couleur, religion, sexe, identit\u00e9 ou expression de genre, orientation sexuelle, origine nationale, g\u00e9n\u00e9tique, statut familial, niveau de capacit\u00e9 et \u00e2ge.<\/em><\/p>\n\n\n\n<p><em>** Diversit\u00e9 exp\u00e9rientielle\u00a0: r\u00f4les professionnels, comp\u00e9tences, capacit\u00e9s, loisirs, \u00e9ducation, ant\u00e9c\u00e9dents dans l\u2019industrie ou en dehors de l\u2019industrie.<\/em><\/p>\n\n\n\n<hr class=\"wp-block-separator has-css-opacity\"\/>\n\n\n\n<h2 class=\"wp-block-heading\">Notre association<\/h2>\n\n\n\n<p>En 1956, un groupe de sp\u00e9cialistes de la vente d\u2019articles publicitaires fonde \u00e0 Montr\u00e9al une association \u00e0 but non lucratif et \u00e0 charte f\u00e9d\u00e9rale portant le nom de Conseillers en sp\u00e9cialit\u00e9s publicitaires du Canada. L\u2019organisme change de nom en 1982 pour devenir l\u2019Association des conseillers en sp\u00e9cialit\u00e9s publicitaires du Canada, puis en 1992 pour l\u2019Association de la publicit\u00e9 par l\u2019objet du Canada Inc. (APOC). Le nom actuel, Professionnels en produits promotionnels du Canada (PPPC), a \u00e9t\u00e9 adopt\u00e9 le 1er\u00a0novembre 2007.<\/p>\n\n\n\n<p>Le si\u00e8ge social des PPPC est maintenant situ\u00e9 \u00e0 Winnipeg, au Manitoba. Il est compos\u00e9 de huit employ\u00e9s, tous des professionnels dans leur domaine respectif, qui desservent 1\u00a0300\u00a0membres dans les deux langues officielles. Refl\u00e9tant la structure de l\u2019industrie, les PPPC comprennent deux groupes principaux de membres : les fournisseurs et les distributeurs.<\/p>\n\n\n\n<hr class=\"wp-block-separator has-css-opacity\"\/>\n\n\n\n<div class=\"wp-block-buttons is-layout-flex wp-block-buttons-is-layout-flex\">\n<div class=\"wp-block-button\"><a class=\"wp-block-button__link wp-element-button\" href=\"https:\/\/pppc.ca\/about\/board-of-directors\/\">Board of Directors<\/a><\/div>\n\n\n\n<div class=\"wp-block-button\"><a class=\"wp-block-button__link wp-element-button\" href=\"https:\/\/pppc.ca\/about\/head-office-staff\/\">Head Office Staff<\/a><\/div>\n\n\n\n<div class=\"wp-block-button\"><a class=\"wp-block-button__link wp-element-button\" href=\"https:\/\/pppc.ca\/about\/past-presidents-chairs\/\">Past Presidents\/Chairs<\/a><\/div>\n<\/div>\n\n\n\n<hr class=\"wp-block-separator has-css-opacity\"\/>\n\n\n\n<p><strong>Le si\u00e8ge social des PPPC est situ\u00e9 au 386 Broadway, pi\u00e8ce 503, Winnipeg (Manitoba), R3C 3R6<\/strong><\/p>\n\n\n\n<p>T\u00e9l. (sans frais) : 1-866-450-7722<br>T\u00e9l. : 514-489-5359<br>T\u00e9l\u00e9c. (sans frais) : 1-877-947-9767<\/p>\n\n\n\n<p>Our central E-mail address is: <a href=\"mailto:info@pppc.ca\">info@pppc.ca<\/a><\/p>","protected":false},"excerpt":{"rendered":"<p>What is PPPC? The strategic relationship between PPPC, SAGE, and PPAI delivers one comprehensive membership solution to promotional products distributors and suppliers in Canada. Together we strive to make the member experience and value one that cannot be beat. Vision For promotional products to be the premier choice of advertising in Canada. Mission Facilitating business <\/p>","protected":false},"author":1,"featured_media":0,"parent":0,"menu_order":1,"comment_status":"closed","ping_status":"closed","template":"","meta":{"_acf_changed":false,"advgb_blocks_editor_width":"","advgb_blocks_columns_visual_guide":"","episode_type":"","audio_file":"","cover_image":"","cover_image_id":"","duration":"","filesize":"","date_recorded":"","explicit":"","block":"","filesize_raw":"","footnotes":""},"class_list":["post-23","page","type-page","status-publish","hentry"],"acf":[],"yoast_head":"<!-- This site is optimized with the Yoast SEO plugin v23.5 - https:\/\/yoast.com\/wordpress\/plugins\/seo\/ -->\n<title>About Promotional Product Professionals of Canada<\/title>\n<meta name=\"description\" content=\"The strategic relationship between PPPC, SAGE, and PPAI delivers one comprehensive membership solution to promotional products distributors and suppliers in Canada. Together we strive to make the member experience and value one that cannot be beat.\" \/>\n<meta name=\"robots\" content=\"index, follow, max-snippet:-1, max-image-preview:large, max-video-preview:-1\" \/>\n<link rel=\"canonical\" href=\"http:\/\/pppc.vsmdev.ca\/fr\/about\/\" \/>\n<meta property=\"og:locale\" content=\"fr_CA\" \/>\n<meta property=\"og:type\" content=\"article\" \/>\n<meta property=\"og:title\" content=\"About Promotional Product Professionals of Canada\" \/>\n<meta property=\"og:description\" content=\"The strategic relationship between PPPC, SAGE, and PPAI delivers one comprehensive membership solution to promotional products distributors and suppliers in Canada. Together we strive to make the member experience and value one that cannot be beat.\" \/>\n<meta property=\"og:url\" content=\"http:\/\/pppc.vsmdev.ca\/fr\/about\/\" \/>\n<meta property=\"og:site_name\" content=\"Promotional Product Professionals of Canada Inc\" \/>\n<meta property=\"article:modified_time\" content=\"2025-11-12T17:25:28+00:00\" \/>\n<meta name=\"twitter:card\" content=\"summary_large_image\" \/>\n<meta name=\"twitter:label1\" content=\"Estimation du temps de lecture\" \/>\n\t<meta name=\"twitter:data1\" content=\"2 minutes\" \/>\n<script type=\"application\/ld+json\" class=\"yoast-schema-graph\">{\"@context\":\"https:\/\/schema.org\",\"@graph\":[{\"@type\":\"WebPage\",\"@id\":\"http:\/\/pppc.vsmdev.ca\/about\/\",\"url\":\"http:\/\/pppc.vsmdev.ca\/about\/\",\"name\":\"About Promotional Product Professionals of Canada\",\"isPartOf\":{\"@id\":\"http:\/\/pppc.vsmdev.ca\/#website\"},\"datePublished\":\"2022-02-22T18:17:37+00:00\",\"dateModified\":\"2025-11-12T17:25:28+00:00\",\"description\":\"The strategic relationship between PPPC, SAGE, and PPAI delivers one comprehensive membership solution to promotional products distributors and suppliers in Canada. Together we strive to make the member experience and value one that cannot be beat.\",\"breadcrumb\":{\"@id\":\"http:\/\/pppc.vsmdev.ca\/about\/#breadcrumb\"},\"inLanguage\":\"fr-CA\",\"potentialAction\":[{\"@type\":\"ReadAction\",\"target\":[\"http:\/\/pppc.vsmdev.ca\/about\/\"]}]},{\"@type\":\"BreadcrumbList\",\"@id\":\"http:\/\/pppc.vsmdev.ca\/about\/#breadcrumb\",\"itemListElement\":[{\"@type\":\"ListItem\",\"position\":1,\"name\":\"Home\",\"item\":\"http:\/\/pppc.vsmdev.ca\/\"},{\"@type\":\"ListItem\",\"position\":2,\"name\":\"About\"}]},{\"@type\":\"WebSite\",\"@id\":\"http:\/\/pppc.vsmdev.ca\/#website\",\"url\":\"http:\/\/pppc.vsmdev.ca\/\",\"name\":\"Promotional Product Professionals of Canada Inc\",\"description\":\"\",\"potentialAction\":[{\"@type\":\"SearchAction\",\"target\":{\"@type\":\"EntryPoint\",\"urlTemplate\":\"http:\/\/pppc.vsmdev.ca\/?s={search_term_string}\"},\"query-input\":{\"@type\":\"PropertyValueSpecification\",\"valueRequired\":true,\"valueName\":\"search_term_string\"}}],\"inLanguage\":\"fr-CA\"}]}<\/script>\n<!-- \/ Yoast SEO plugin. -->","yoast_head_json":{"title":"About Promotional Product Professionals of Canada","description":"The strategic relationship between PPPC, SAGE, and PPAI delivers one comprehensive membership solution to promotional products distributors and suppliers in Canada. Together we strive to make the member experience and value one that cannot be beat.","robots":{"index":"index","follow":"follow","max-snippet":"max-snippet:-1","max-image-preview":"max-image-preview:large","max-video-preview":"max-video-preview:-1"},"canonical":"http:\/\/pppc.vsmdev.ca\/fr\/about\/","og_locale":"fr_CA","og_type":"article","og_title":"About Promotional Product Professionals of Canada","og_description":"The strategic relationship between PPPC, SAGE, and PPAI delivers one comprehensive membership solution to promotional products distributors and suppliers in Canada. Together we strive to make the member experience and value one that cannot be beat.","og_url":"http:\/\/pppc.vsmdev.ca\/fr\/about\/","og_site_name":"Promotional Product Professionals of Canada Inc","article_modified_time":"2025-11-12T17:25:28+00:00","twitter_card":"summary_large_image","twitter_misc":{"Estimation du temps de lecture":"2 minutes"},"schema":{"@context":"https:\/\/schema.org","@graph":[{"@type":"WebPage","@id":"http:\/\/pppc.vsmdev.ca\/about\/","url":"http:\/\/pppc.vsmdev.ca\/about\/","name":"About Promotional Product Professionals of Canada","isPartOf":{"@id":"http:\/\/pppc.vsmdev.ca\/#website"},"datePublished":"2022-02-22T18:17:37+00:00","dateModified":"2025-11-12T17:25:28+00:00","description":"The strategic relationship between PPPC, SAGE, and PPAI delivers one comprehensive membership solution to promotional products distributors and suppliers in Canada. Together we strive to make the member experience and value one that cannot be beat.","breadcrumb":{"@id":"http:\/\/pppc.vsmdev.ca\/about\/#breadcrumb"},"inLanguage":"fr-CA","potentialAction":[{"@type":"ReadAction","target":["http:\/\/pppc.vsmdev.ca\/about\/"]}]},{"@type":"BreadcrumbList","@id":"http:\/\/pppc.vsmdev.ca\/about\/#breadcrumb","itemListElement":[{"@type":"ListItem","position":1,"name":"Home","item":"http:\/\/pppc.vsmdev.ca\/"},{"@type":"ListItem","position":2,"name":"About"}]},{"@type":"WebSite","@id":"http:\/\/pppc.vsmdev.ca\/#website","url":"http:\/\/pppc.vsmdev.ca\/","name":"Promotional Product Professionals of Canada Inc","description":"","potentialAction":[{"@type":"SearchAction","target":{"@type":"EntryPoint","urlTemplate":"http:\/\/pppc.vsmdev.ca\/?s={search_term_string}"},"query-input":{"@type":"PropertyValueSpecification","valueRequired":true,"valueName":"search_term_string"}}],"inLanguage":"fr-CA"}]}},"coauthors":[],"author_meta":{"author_link":"http:\/\/pppc.vsmdev.ca\/fr\/author\/vsmadmin\/","display_name":"vsmadmin"},"relative_dates":{"created":"Posted 4 ann\u00e9es ago","modified":"Updated 5 mois ago"},"absolute_dates":{"created":"Posted on 22 f\u00e9vrier 2022","modified":"Updated on 12 novembre 2025"},"absolute_dates_time":{"created":"Posted on 22 f\u00e9vrier 2022 1:17 pm","modified":"Updated on 12 novembre 2025 12:25 pm"},"featured_img_caption":"","featured_img":false,"series_order":"","_links":{"self":[{"href":"http:\/\/pppc.vsmdev.ca\/fr\/wp-json\/wp\/v2\/pages\/23","targetHints":{"allow":["GET"]}}],"collection":[{"href":"http:\/\/pppc.vsmdev.ca\/fr\/wp-json\/wp\/v2\/pages"}],"about":[{"href":"http:\/\/pppc.vsmdev.ca\/fr\/wp-json\/wp\/v2\/types\/page"}],"author":[{"embeddable":true,"href":"http:\/\/pppc.vsmdev.ca\/fr\/wp-json\/wp\/v2\/users\/1"}],"replies":[{"embeddable":true,"href":"http:\/\/pppc.vsmdev.ca\/fr\/wp-json\/wp\/v2\/comments?post=23"}],"version-history":[{"count":10,"href":"http:\/\/pppc.vsmdev.ca\/fr\/wp-json\/wp\/v2\/pages\/23\/revisions"}],"predecessor-version":[{"id":8515,"href":"http:\/\/pppc.vsmdev.ca\/fr\/wp-json\/wp\/v2\/pages\/23\/revisions\/8515"}],"wp:attachment":[{"href":"http:\/\/pppc.vsmdev.ca\/fr\/wp-json\/wp\/v2\/media?parent=23"}],"curies":[{"name":"wp","href":"https:\/\/api.w.org\/{rel}","templated":true}]}}